{"id":1320,"date":"2020-07-23T16:09:33","date_gmt":"2020-07-23T16:09:33","guid":{"rendered":"https:\/\/www.cca-acc.com\/sred-credit-proposal-service\/download-confirmation\/"},"modified":"2020-09-09T13:16:38","modified_gmt":"2020-09-09T13:16:38","slug":"sred-download-confirmation","status":"publish","type":"page","link":"https:\/\/www.cca-acc.com\/fr\/sred-download-confirmation\/","title":{"rendered":"SR&#038;ED Confirmation de t\u00e9l\u00e9chargement"},"content":{"rendered":"\n<h1>SR&amp;ED &#8211; Merci<\/h1>\n<p>Merci de remplir le formulaire. Veuillez v\u00e9rifier votre bo\u00eete de r\u00e9ception et nous vous contacterons sous peu. Si vous n&#8217;avez pas re\u00e7u d&#8217;e-mail dans les minutes qui suivent, v\u00e9rifiez votre bo\u00eete de courrier ind\u00e9sirable.\n<br><br>\nVous pouvez \u00e9galement t\u00e9l\u00e9charger le guide ici.<\/p>\n<a class=\"rounded-btn solid-white\" target=\"_blank\" href=\"\/wp-content\/themes\/cca\/images\/sred\/CCA_SRED-Guide_French.pdf\" rel=\"noopener noreferrer\">t\u00e9l\u00e9charger<\/a>\n","protected":false},"excerpt":{"rendered":"<p>SR&amp;ED &#8211; Merci Merci de remplir le formulaire. Veuillez v\u00e9rifier votre bo\u00eete de r\u00e9ception et nous vous contacterons sous peu. Si vous n&#8217;avez pas re\u00e7u d&#8217;e-mail dans les minutes qui suivent, v\u00e9rifiez votre bo\u00eete de courrier ind\u00e9sirable. Vous pouvez \u00e9galement t\u00e9l\u00e9charger le guide ici. t\u00e9l\u00e9charger<\/p>\n","protected":false},"author":1,"featured_media":0,"parent":0,"menu_order":0,"comment_status":"closed","ping_status":"closed","template":"templates\/template-sred-thankyou.php","meta":{"_acf_changed":false,"footnotes":""},"class_list":["post-1320","page","type-page","status-publish","hentry"],"acf":[],"_links":{"self":[{"href":"https:\/\/www.cca-acc.com\/fr\/wp-json\/wp\/v2\/pages\/1320","targetHints":{"allow":["GET"]}}],"collection":[{"href":"https:\/\/www.cca-acc.com\/fr\/wp-json\/wp\/v2\/pages"}],"about":[{"href":"https:\/\/www.cca-acc.com\/fr\/wp-json\/wp\/v2\/types\/page"}],"author":[{"embeddable":true,"href":"https:\/\/www.cca-acc.com\/fr\/wp-json\/wp\/v2\/users\/1"}],"replies":[{"embeddable":true,"href":"https:\/\/www.cca-acc.com\/fr\/wp-json\/wp\/v2\/comments?post=1320"}],"version-history":[{"count":0,"href":"https:\/\/www.cca-acc.com\/fr\/wp-json\/wp\/v2\/pages\/1320\/revisions"}],"wp:attachment":[{"href":"https:\/\/www.cca-acc.com\/fr\/wp-json\/wp\/v2\/media?parent=1320"}],"curies":[{"name":"wp","href":"https:\/\/api.w.org\/{rel}","templated":true}]}}