{"id":15804,"date":"2020-04-20T17:26:25","date_gmt":"2020-04-20T17:26:25","guid":{"rendered":"https:\/\/www.cca-acc.com\/about-us\/"},"modified":"2026-03-10T11:09:09","modified_gmt":"2026-03-10T15:09:09","slug":"a-propos-de-nous","status":"publish","type":"page","link":"https:\/\/www.cca-acc.com\/fr\/a-propos-de-nous\/","title":{"rendered":"\u00c0 propos de nous"},"content":{"rendered":"\n<div class=\"is-layout-flow wp-block-group alignfull block-cards block-cards--white-motif\">\n\n    <div class=\"block-cards__motif\">\n    <svg xmlns=\"http:\/\/www.w3.org\/2000\/svg\" width=\"598.293\" height=\"518.136\" viewBox=\"0 0 598.293 518.136\">\n      <path d=\"M448.721,0H149.574L0,259.068,149.574,518.136H448.721L598.294,259.068Zm-.24.413L597.817,259.068,523.268,388.189,299.386.413Zm74.287,387.735H75.526L299.146.826ZM149.813.413h149.1L75.025,388.189.478,259.068ZM448.482,517.724H149.813L75.242,388.561H523.053Z\" transform=\"translate(-0.001)\" fill=\"#582c83\"\/>\n    <\/svg>\n  <\/div>\n  \n    <div class=\"container\">\n    <div class=\"col\">\n      <div class=\"block-cards__intro\"><p data-pm-slice=\"1 1 []\">Soutenue par 18 000 entreprises membres qui font partie d\u2019une structure int\u00e9gr\u00e9e regroupant 57 associations partenaires locales et provinciales, l\u2019Association canadienne de la construction (ACC) fait entendre la voix des entrepreneurs, des fournisseurs et des professionnels des secteurs connexes travaillant dans l\u2019industrie canadienne de la construction institutionnelle, commerciale, industrielle, civile et multir\u00e9sidentielle ou aupr\u00e8s de celle-ci, en mati\u00e8re de politiques publiques, de questions juridiques et d\u2019\u00e9laboration de normes.<\/p>\n<h2>Apprenez \u00e0 nous conna\u00eetre!<\/h2>\n<\/div>\n    <\/div>\n  <\/div>\n    <div class=\"container\">\n    <div class=\"col\">\n      <div class=\"block-cards__grid block-cards__grid--3\">\n              \n<div class=\"module-cards bucket-cards card-grey card-type-images\">\n    <a target=\"\" href=\"\/fr\/a-propos-de-nous\/valeur-de-lindustrie\/\"><\/a>    <div class=\"bucket-cards-inner\">\n\n            <div class=\"bucket-cards-image\">\n        <img decoding=\"async\" src=\"https:\/\/www.cca-acc.com\/wp-content\/uploads\/2023\/12\/bucket_value-of-industry.jpg\" alt=\"\" \/>\n      <\/div>\n      \n      <div class=\"bucket-cards-content\">\n        <div class=\"bucket-cards-content-inner\">\n          <p class=\"card-content\">Valeur de l\u2019industrie<\/p>\n                    <p class=\"card-description\">Alimenter l\u2019\u00e9conomie canadienne et am\u00e9liorer notre qualit\u00e9 de vie gr\u00e2ce \u00e0 des infrastructures essentielles.<\/p>\n                          \n                <\/div>\n\n    <\/div>\n  <\/div>\n<\/div>              \n<div class=\"module-cards bucket-cards card-grey card-type-images\">\n    <a target=\"_blank\" href=\"https:\/\/plan.cca-acc.com\/fr.html\"><\/a>    <div class=\"bucket-cards-inner\">\n\n            <div class=\"bucket-cards-image\">\n        <img decoding=\"async\" src=\"https:\/\/www.cca-acc.com\/wp-content\/uploads\/2026\/03\/acc-strategic-plan-fr-2026-2029-e1773155319173.png\" alt=\"\" \/>\n      <\/div>\n      \n      <div class=\"bucket-cards-content\">\n        <div class=\"bucket-cards-content-inner\">\n          <p class=\"card-content\">Plan strat\u00e9gique<\/p>\n                    <p class=\"card-description\">REPR\u00c9SENTER \u2013 ENGAGER \u2013 FAIRE AVANCER. \u00c9lever l\u2019industrie canadienne de la construction par la d\u00e9fense d\u2019int\u00e9r\u00eats, l\u2019innovation et la collaboration.<\/p>\n                          \n                <\/div>\n\n    <\/div>\n  <\/div>\n<\/div>              \n<div class=\"module-cards bucket-cards card-grey card-type-images\">\n    <a target=\"\" href=\"https:\/\/www.cca-acc.com\/fr\/a-propos-de-nous\/revue-annuelle-2025\/\"><\/a>    <div class=\"bucket-cards-inner\">\n\n            <div class=\"bucket-cards-image\">\n        <img decoding=\"async\" src=\"https:\/\/www.cca-acc.com\/wp-content\/uploads\/2023\/12\/bucket_annual-review.jpg\" alt=\"\" \/>\n      <\/div>\n      \n      <div class=\"bucket-cards-content\">\n        <div class=\"bucket-cards-content-inner\">\n          <p class=\"card-content\">Rapport annuel<\/p>\n                    <p class=\"card-description\">CHAMPION, CONSEILLER et PARTENAIRE de confiance. Agir dans le contexte \u00e9volutif de l\u2019industrie et r\u00e9pondre aux besoins de nos membres en 2025.<\/p>\n                          \n                <\/div>\n\n    <\/div>\n  <\/div>\n<\/div>            <\/div>\n    <\/div>\n  <\/div>\n<\/div>\n\n\n<div class=\"is-layout-flow wp-block-group alignfull block-cards block-cards--grey\">\n\n  \n    <div class=\"container\">\n    <div class=\"col\">\n      <div class=\"block-cards__intro\"><h2>Gouvernance<\/h2>\n<\/div>\n    <\/div>\n  <\/div>\n    <div class=\"container\">\n    <div class=\"col\">\n      <div class=\"block-cards__grid block-cards__grid--3\">\n              \n<div class=\"module-cards bucket-cards  card-type-images\">\n    <a target=\"\" href=\"\/fr\/a-propos-de-nous\/governance\/conseil-dadministration\/\"><\/a>    <div class=\"bucket-cards-inner\">\n\n            <div class=\"bucket-cards-image\">\n        <img decoding=\"async\" src=\"https:\/\/www.cca-acc.com\/wp-content\/uploads\/2025\/04\/New-board-members-home-img-300x169-1.jpg\" alt=\"\" \/>\n      <\/div>\n      \n      <div class=\"bucket-cards-content\">\n        <div class=\"bucket-cards-content-inner\">\n          <p class=\"card-content\">Conseil d\u2019administration<\/p>\n                    <p class=\"card-description\">Rencontrez le conseil d\u2019administration de 2025-2026 qui veille \u00e0 la la gouvernance de l\u2019association. <\/p>\n                          \n                <\/div>\n\n    <\/div>\n  <\/div>\n<\/div>              \n<div class=\"module-cards bucket-cards  card-type-images\">\n    <a target=\"\" href=\"\/fr\/a-propos-de-nous\/governance\/conseils-consultatifs-nationaux\/\"><\/a>    <div class=\"bucket-cards-inner\">\n\n            <div class=\"bucket-cards-image\">\n        <img decoding=\"async\" src=\"https:\/\/www.cca-acc.com\/wp-content\/uploads\/2023\/12\/bucket_national-advisory-council.jpg\" alt=\"\" \/>\n      <\/div>\n      \n      <div class=\"bucket-cards-content\">\n        <div class=\"bucket-cards-content-inner\">\n          <p class=\"card-content\">Conseils consultatifs nationaux<\/p>\n                    <p class=\"card-description\">L\u2019ACC a cinq conseils consultatifs nationaux qui fournissent leur r\u00e9troaction au conseil d\u2019administration sur des enjeux d\u2019importance nationale. <\/p>\n                          \n                <\/div>\n\n    <\/div>\n  <\/div>\n<\/div>              \n<div class=\"module-cards bucket-cards  card-type-images\">\n    <a target=\"\" href=\"\/fr\/a-propos-de-nous\/governance\/comites-du-conseil-dadministration\/\"><\/a>    <div class=\"bucket-cards-inner\">\n\n            <div class=\"bucket-cards-image\">\n        <img decoding=\"async\" src=\"https:\/\/www.cca-acc.com\/wp-content\/uploads\/2023\/12\/bucket_board-committees.jpg\" alt=\"\" \/>\n      <\/div>\n      \n      <div class=\"bucket-cards-content\">\n        <div class=\"bucket-cards-content-inner\">\n          <p class=\"card-content\">Comit\u00e9 du conseil d\u2019administration<\/p>\n                    <p class=\"card-description\">Les comit\u00e9s du conseil d\u2019administration veillent au respect des pratiques exemplaires en mati\u00e8re de gouvernance.<\/p>\n                          \n                <\/div>\n\n    <\/div>\n  <\/div>\n<\/div>              \n<div class=\"module-cards bucket-cards  card-type-images\">\n    <a target=\"\" href=\"\/fr\/a-propos-de-nous\/governance\/comment-simpliquer\/\"><\/a>    <div class=\"bucket-cards-inner\">\n\n            <div class=\"bucket-cards-image\">\n        <img decoding=\"async\" src=\"https:\/\/www.cca-acc.com\/wp-content\/uploads\/2023\/12\/bucket_get-involved.jpg\" alt=\"\" \/>\n      <\/div>\n      \n      <div class=\"bucket-cards-content\">\n        <div class=\"bucket-cards-content-inner\">\n          <p class=\"card-content\">Comment s\u2019impliquer<\/p>\n                    <p class=\"card-description\">Devenez b\u00e9n\u00e9vole \u00e0 l\u2019ACC. Faites une diff\u00e9rence. \u00c9largissez votre r\u00e9seau national. Perfectionnez vos comp\u00e9tences en leadership.<\/p>\n                          \n                <\/div>\n\n    <\/div>\n  <\/div>\n<\/div>              \n<div class=\"module-cards bucket-cards  card-type-images\">\n    <a target=\"\" href=\"\/fr\/a-propos-de-nous\/governance\/anciennes-presidentes-du-conseil\/\"><\/a>    <div class=\"bucket-cards-inner\">\n\n            <div class=\"bucket-cards-image\">\n        <img decoding=\"async\" src=\"https:\/\/www.cca-acc.com\/wp-content\/uploads\/2023\/12\/bucket_past-chairs.jpg\" alt=\"\" \/>\n      <\/div>\n      \n      <div class=\"bucket-cards-content\">\n        <div class=\"bucket-cards-content-inner\">\n          <p class=\"card-content\">Anciens pr\u00e9sidents du conseil de l\u2019ACC<\/p>\n                    <p class=\"card-description\">Hommage aux personnes qui ont dirig\u00e9 la gouvernance de l\u2019ACC depuis 1918.<\/p>\n                          \n                <\/div>\n\n    <\/div>\n  <\/div>\n<\/div>            <\/div>\n    <\/div>\n  <\/div>\n<\/div>\n\n\n<div class=\"is-layout-flow wp-block-group alignfull block-cards block-cards--white\">\n\n  \n    <div class=\"container\">\n    <div class=\"col\">\n      <div class=\"block-cards__grid block-cards__grid--2\">\n              \n<div class=\"module-cards bucket-cards card-grey card-type-text\">\n    <a target=\"\" href=\"\/fr\/a-propos-de-nous\/enonces-de-principes\/\"><\/a>    <div class=\"bucket-cards-inner\">\n\n      \n      <div class=\"bucket-cards-content\">\n        <div class=\"bucket-cards-content-inner\">\n          <p class=\"card-content\">\u00c9nonc\u00e9s de principes &nbsp;&nbsp;&nbsp;&nbsp;<span class=\"card-content-arrow\"><\/span><\/p>\n                    <p class=\"card-description\">Parcourez nos \u00e9nonc\u00e9s de principes pour conna\u00eetre nos positions en faveur d\u2019un processus d\u2019approvisionnement ouvert, \u00e9quitable et transparent et d\u2019une industrie prosp\u00e8re et florissante.<\/p>\n                          \n                <\/div>\n\n    <\/div>\n  <\/div>\n<\/div>              \n<div class=\"module-cards bucket-cards card-grey card-type-text\">\n    <a target=\"_blank\" href=\"https:\/\/www.cca-acc.com\/fr\/a-propos-de-nous\/reglements-administratifs\/\"><\/a>    <div class=\"bucket-cards-inner\">\n\n      \n      <div class=\"bucket-cards-content\">\n        <div class=\"bucket-cards-content-inner\">\n          <p class=\"card-content\">R\u00e8glement administratif&nbsp;&nbsp;&nbsp;&nbsp;<span class=\"card-content-arrow\"><\/span><\/p>\n                    <p class=\"card-description\">Notre r\u00e8glement administratif, approuv\u00e9 par les membres, pr\u00e9voit un cadre de gouvernance conforme \u00e0 la <em>Loi canadienne sur les organisations \u00e0 but non lucratif<\/em>.<\/p>\n                          \n                <\/div>\n\n    <\/div>\n  <\/div>\n<\/div>            <\/div>\n    <\/div>\n  <\/div>\n<\/div>","protected":false},"excerpt":{"rendered":"","protected":false},"author":1,"featured_media":46810,"parent":0,"menu_order":0,"comment_status":"closed","ping_status":"closed","template":"","meta":{"_acf_changed":false,"footnotes":""},"class_list":["post-15804","page","type-page","status-publish","has-post-thumbnail","hentry"],"acf":[],"_links":{"self":[{"href":"https:\/\/www.cca-acc.com\/fr\/wp-json\/wp\/v2\/pages\/15804","targetHints":{"allow":["GET"]}}],"collection":[{"href":"https:\/\/www.cca-acc.com\/fr\/wp-json\/wp\/v2\/pages"}],"about":[{"href":"https:\/\/www.cca-acc.com\/fr\/wp-json\/wp\/v2\/types\/page"}],"author":[{"embeddable":true,"href":"https:\/\/www.cca-acc.com\/fr\/wp-json\/wp\/v2\/users\/1"}],"replies":[{"embeddable":true,"href":"https:\/\/www.cca-acc.com\/fr\/wp-json\/wp\/v2\/comments?post=15804"}],"version-history":[{"count":34,"href":"https:\/\/www.cca-acc.com\/fr\/wp-json\/wp\/v2\/pages\/15804\/revisions"}],"predecessor-version":[{"id":77698,"href":"https:\/\/www.cca-acc.com\/fr\/wp-json\/wp\/v2\/pages\/15804\/revisions\/77698"}],"wp:featuredmedia":[{"embeddable":true,"href":"https:\/\/www.cca-acc.com\/fr\/wp-json\/wp\/v2\/media\/46810"}],"wp:attachment":[{"href":"https:\/\/www.cca-acc.com\/fr\/wp-json\/wp\/v2\/media?parent=15804"}],"curies":[{"name":"wp","href":"https:\/\/api.w.org\/{rel}","templated":true}]}}