{"id":15807,"date":"2020-06-09T13:58:45","date_gmt":"2020-06-09T13:58:45","guid":{"rendered":"https:\/\/www.cca-acc.com\/a-propos-de-lacc\/value-of-industry\/"},"modified":"2025-05-14T12:21:58","modified_gmt":"2025-05-14T16:21:58","slug":"valeur-de-lindustrie","status":"publish","type":"page","link":"https:\/\/www.cca-acc.com\/fr\/a-propos-de-nous\/valeur-de-lindustrie\/","title":{"rendered":"Valeur de l\u2019industrie"},"content":{"rendered":"\n<p>L\u2019industrie de la construction veille \u00e0 la conception, la construction et l\u2019entretien de nos infrastructures, lesquelles touchent tous les aspects de notre vie moderne.<\/p>\n\n\n\n<p>Il s\u2019agit, entre autres, des \u00e9coles que fr\u00e9quentent nos enfants et des h\u00f4pitaux qui nous prodiguent des soins. Ces infrastructures alimentent \u00e9galement nos foyers et nos entreprises en eau potable et en \u00e9lectricit\u00e9. Ce sont aussi les routes, les ponts et les corridors commerciaux qui relient nos collectivit\u00e9s non seulement entre elles, mais au march\u00e9 mondial.&nbsp;<\/p>\n\n\n\n<p>Votre qualit\u00e9 de vie d\u00e9pend de la construction.<\/p>\n\n\n\n<h2 class=\"wp-block-heading\">Alimenter le moteur \u00e9conomique du Canada<\/h2>\n\n\n\n<p>L\u2019industrie de la construction est un moteur \u00e9conomique qui stimule la cr\u00e9ation d\u2019emplois, renforce les cha\u00eenes d\u2019approvisionnement, soutient les investissements et alimente la croissance d\u2019autres secteurs \u00e9conomiques.<\/p>\n\n\n\n<p>La construction emploie plus de 1,6 million de personnes au Canada, produisant un effet d\u2019entra\u00eenement qui favorise la cr\u00e9ation d\u2019emplois dans d\u2019autres secteurs tels que l\u2019ing\u00e9nierie, la fabrication, la technologie et le commerce de d\u00e9tail. L\u2019industrie contribue environ 162 milliards de dollars \u00e0 l\u2019\u00e9conomie annuellement, repr\u00e9sentant 7,5 % du produit int\u00e9rieur brut (PIB) du Canada.<\/p>\n\n\n\n<h2 class=\"wp-block-heading\">Relier les Canadiens \u00e0 tout ce dont ils ont besoin<\/h2>\n\n\n\n<p>Les infrastructures visent \u00e0 prot\u00e9ger et \u00e0 relier les Canadiens et constituent les piliers de notre \u00e9conomie. Les routes, les autoroutes, les ponts, les a\u00e9roports et le transport en commun permettent de relier les gens entre eux, \u00e0 leur lieu de travail ainsi qu\u2019aux biens et services dont ils ont besoin pour participer \u00e0 la soci\u00e9t\u00e9 et prosp\u00e9rer.<\/p>\n\n\n\n<h2 class=\"wp-block-heading\">B\u00e2tir un avenir plus propre et plus vert<\/h2>\n\n\n\n<p>L\u2019industrie de la construction accueille favorablement son r\u00f4le dans la mission du Canada visant la carboneutralit\u00e9. Les b\u00e2timents repr\u00e9sentant pr\u00e8s de 40 % des \u00e9missions mondiales de gaz \u00e0 effet de serre, le secteur canadien de la construction est d\u00e9termin\u00e9 \u00e0 agir pour cr\u00e9er un impact r\u00e9el en mati\u00e8re de r\u00e9duction des \u00e9missions de carbone.<\/p>\n\n\n\n<p>L\u2019adoption de technologies, de mat\u00e9riaux et de m\u00e9thodes de construction \u00e0 faible \u00e9mission de carbone et \u00e0 haut rendement, le respect de lignes directrices en mati\u00e8re de b\u00e2timents r\u00e9silients aux changements climatiques et l\u2019int\u00e9gration du cycle de vie du carbone dans les \u00e9valuations de projets ne sont que quelques-uns des moyens sur lesquelles l\u2019industrie mise son attention pour assurer un avenir plus propre et plus vert.<\/p>\n\n\n\n<h2 class=\"wp-block-heading\">Enrichir les communaut\u00e9s<\/h2>\n\n\n\n<p>La construction insuffle la vie dans les quartiers. Les personnes qui travaillent dans la construction cr\u00e9ent des espaces de rassemblement, des \u00e9coles, des h\u00f4pitaux et des centres culturels, enrichissant ainsi la vie des citoyens et favorisant un sentiment d\u2019appartenance. Tout aussi importants sont les besoins fondamentaux que la construction satisfait gr\u00e2ce \u00e0 des services publics importants comme les r\u00e9seaux de t\u00e9l\u00e9communications et \u00e0 large bande, l\u2019\u00e9lectricit\u00e9 et l\u2019alimentation en eau.<\/p>\n","protected":false},"excerpt":{"rendered":"<p>L\u2019industrie de la construction veille \u00e0 la conception, la construction et l\u2019entretien de nos infrastructures, lesquelles touchent tous les aspects de notre vie moderne. Il s\u2019agit, entre autres, des \u00e9coles que fr\u00e9quentent nos enfants et des h\u00f4pitaux qui nous prodiguent des soins. Ces infrastructures alimentent \u00e9galement nos foyers et nos entreprises en eau potable et [&hellip;]<\/p>\n","protected":false},"author":1,"featured_media":0,"parent":15804,"menu_order":0,"comment_status":"closed","ping_status":"closed","template":"","meta":{"_acf_changed":false,"footnotes":""},"class_list":["post-15807","page","type-page","status-publish","hentry"],"acf":[],"_links":{"self":[{"href":"https:\/\/www.cca-acc.com\/fr\/wp-json\/wp\/v2\/pages\/15807","targetHints":{"allow":["GET"]}}],"collection":[{"href":"https:\/\/www.cca-acc.com\/fr\/wp-json\/wp\/v2\/pages"}],"about":[{"href":"https:\/\/www.cca-acc.com\/fr\/wp-json\/wp\/v2\/types\/page"}],"author":[{"embeddable":true,"href":"https:\/\/www.cca-acc.com\/fr\/wp-json\/wp\/v2\/users\/1"}],"replies":[{"embeddable":true,"href":"https:\/\/www.cca-acc.com\/fr\/wp-json\/wp\/v2\/comments?post=15807"}],"version-history":[{"count":8,"href":"https:\/\/www.cca-acc.com\/fr\/wp-json\/wp\/v2\/pages\/15807\/revisions"}],"predecessor-version":[{"id":66538,"href":"https:\/\/www.cca-acc.com\/fr\/wp-json\/wp\/v2\/pages\/15807\/revisions\/66538"}],"up":[{"embeddable":true,"href":"https:\/\/www.cca-acc.com\/fr\/wp-json\/wp\/v2\/pages\/15804"}],"wp:attachment":[{"href":"https:\/\/www.cca-acc.com\/fr\/wp-json\/wp\/v2\/media?parent=15807"}],"curies":[{"name":"wp","href":"https:\/\/api.w.org\/{rel}","templated":true}]}}