{"id":15812,"date":"2020-06-09T14:02:17","date_gmt":"2020-06-09T14:02:17","guid":{"rendered":"https:\/\/www.cca-acc.com\/a-propos-de-lacc\/governance\/"},"modified":"2026-04-07T11:52:46","modified_gmt":"2026-04-07T15:52:46","slug":"governance","status":"publish","type":"page","link":"https:\/\/www.cca-acc.com\/fr\/a-propos-de-nous\/governance\/","title":{"rendered":"Gouvernance"},"content":{"rendered":"\n<h2 class=\"wp-block-heading\">Les rouages de l\u2019ACC<\/h2>\n\n\n\n<p>L\u2019Association canadienne de la construction (ACC) a \u00e9t\u00e9 fond\u00e9e en 1918 en tant qu\u2019association de professionnels de la construction repr\u00e9sentant l\u2019industrie de la construction institutionnelle, commerciale et industrielle (ICI) du Canada.<\/p>\n\n\n<div class=\"button_left\"><a href=\"\/fr\/a-propos-de-nous\/reglements-administratifs\/\"  class=\" cca_purple btn_outlined\" target=\"\">R\u00e8glement administratif de l\u2019ACC<\/a>\n<\/div>\n\n\n\n\n\n<h3 class=\"wp-block-heading\">Conseil d\u2019administration<\/h3>\n\n\n\n<p>Les affaires de l\u2019association sont r\u00e9gies par un conseil d\u2019administration qui est \u00e9lu chaque ann\u00e9e et qui, conform\u00e9ment au r\u00e8glement administratif de l\u2019ACC, est compos\u00e9 d\u2019un maximum de vingt administrateurs qui refl\u00e8tent la diversit\u00e9 de l\u2019industrie.<\/p>\n\n\n\n<p>Les exigences en mati\u00e8re de diversit\u00e9 comprennent :<\/p>\n\n\n\n<div class=\"wp-block-columns is-layout-flex wp-container-core-columns-is-layout-9d6595d7 wp-block-columns-is-layout-flex\">\n<div class=\"wp-block-column is-layout-flow wp-block-column-is-layout-flow\">\n<p><strong><strong>Exigences sectorielles<\/strong><\/strong><\/p>\n\n\n\n<ul class=\"wp-block-list\">\n<li>deux administrateurs du secteur de l\u2019infrastructure civile;<\/li>\n\n\n\n<li>deux administrateurs du secteur des entrepreneurs g\u00e9n\u00e9raux;<\/li>\n\n\n\n<li>deux administrateurs du secteur des entrepreneurs sp\u00e9cialis\u00e9s;<\/li>\n\n\n\n<li>deux administrateurs du secteur des manufacturiers, fournisseurs et services;<\/li>\n\n\n\n<li>au plus trois administrateurs qui ne sont pas membres (administrateurs ind\u00e9pendants), dont deux doivent \u00eatre les plus hauts dirigeants d\u2019une association locale de la construction.<\/li>\n<\/ul>\n<\/div>\n\n\n\n<div class=\"wp-block-column is-layout-flow wp-block-column-is-layout-flow\">\n<p><strong><strong>Exigences g\u00e9ographiques<\/strong><\/strong><\/p>\n\n\n\n<ul class=\"wp-block-list\">\n<li>deux administrateurs r\u00e9sidant dans l\u2019ouest du Canada;<\/li>\n\n\n\n<li>un administrateur r\u00e9sidant au Qu\u00e9bec;<\/li>\n\n\n\n<li>un administrateur r\u00e9sidant en Ontario;<\/li>\n\n\n\n<li>un administrateur r\u00e9sidant dans le centre du Canada;<\/li>\n\n\n\n<li>deux administrateurs r\u00e9sidant dans l\u2019est du Canada.<\/li>\n<\/ul>\n<\/div>\n<\/div>\n\n\n\n<figure class=\"wp-block-image size-full\"><img loading=\"lazy\" decoding=\"async\" width=\"1600\" height=\"1067\" src=\"https:\/\/www.cca-acc.com\/wp-content\/uploads\/2023\/11\/CCA-Board-members2023.jpg\" alt=\"\" class=\"wp-image-45065\" srcset=\"https:\/\/www.cca-acc.com\/wp-content\/uploads\/2023\/11\/CCA-Board-members2023.jpg 1600w, https:\/\/www.cca-acc.com\/wp-content\/uploads\/2023\/11\/CCA-Board-members2023-600x400.jpg 600w, https:\/\/www.cca-acc.com\/wp-content\/uploads\/2023\/11\/CCA-Board-members2023-300x200.jpg 300w, https:\/\/www.cca-acc.com\/wp-content\/uploads\/2023\/11\/CCA-Board-members2023-1024x683.jpg 1024w, https:\/\/www.cca-acc.com\/wp-content\/uploads\/2023\/11\/CCA-Board-members2023-768x512.jpg 768w, https:\/\/www.cca-acc.com\/wp-content\/uploads\/2023\/11\/CCA-Board-members2023-1536x1024.jpg 1536w, https:\/\/www.cca-acc.com\/wp-content\/uploads\/2023\/11\/CCA-Board-members2023-1200x800.jpg 1200w\" sizes=\"auto, (max-width: 1600px) 100vw, 1600px\" \/><\/figure>\n\n\n\n<h3 class=\"wp-block-heading\">Dirigeants<\/h3>\n\n\n\n<p>Les dirigeants doivent \u00eatre des administrateurs. Les administrateurs ind\u00e9pendants ne peuvent pas \u00eatre des dirigeants. Les dirigeants comprennent le pr\u00e9sident du conseil d\u2019administration, le premier vice-pr\u00e9sident du conseil d\u2019administration et le deuxi\u00e8me vice-pr\u00e9sident du conseil d\u2019administration. Les dirigeants doivent d\u2019abord \u00eatre \u00e9lus au conseil par les membres. Ils sont ensuite \u00e9lus \u00e0 un poste de dirigeant parmi les administrateurs du conseil d\u2019administration.<\/p>\n\n\n\n<h3 class=\"wp-block-heading\">Comit\u00e9s<\/h3>\n\n\n\n<p><strong>Comit\u00e9 des finances et de la v\u00e9rification<\/strong><\/p>\n\n\n\n<p>Ce comit\u00e9 permanent est pr\u00e9sid\u00e9 par le premier vice-pr\u00e9sident et a pour mandat de veiller \u00e0 ce que les politiques et les pratiques financi\u00e8res de l\u2019ACC appuient la mission de l\u2019association.<\/p>\n\n\n\n<p><strong><strong>Comit\u00e9 de la gouvernance et des mises en candidature<\/strong><\/strong><\/p>\n\n\n\n<p>Ce comit\u00e9 permanent est pr\u00e9sid\u00e9 par le pr\u00e9sident du conseil d\u2019administration et a pour mandat de veiller \u00e0 ce que la gouvernance soit fond\u00e9e sur des pratiques exemplaires. Un sous-comit\u00e9 est charg\u00e9 du processus annuel de mises en candidature et de la s\u00e9lection des candidats pour le conseil d\u2019administration.<\/p>\n\n\n\n<h2 class=\"wp-block-heading\">Conseils consultatifs nationaux<\/h2>\n\n\n\n<p>Pour faciliter la r\u00e9alisation des objets de l\u2019association et accro\u00eetre la participation, l\u2019ACC a cr\u00e9\u00e9 cinq conseils consultatifs nationaux qui ont pour mandat de fournir au conseil d\u2019administration leurs commentaires et leur r\u00e9troaction sur des questions d\u2019importance nationale. Ces conseils consultatifs sont les suivants&nbsp;:<\/p>\n\n\n\n<ul class=\"wp-block-list\">\n<li>Infrastructure civile<\/li>\n\n\n\n<li>Entrepreneurs g\u00e9n\u00e9raux<\/li>\n\n\n\n<li>Associations locales de la construction<\/li>\n\n\n\n<li>Manufacturiers, fournisseurs et services<\/li>\n\n\n\n<li>Entrepreneurs sp\u00e9cialis\u00e9s<\/li>\n<\/ul>\n\n\n\n<p>Le conseil d\u2019administration nomme le pr\u00e9sident de chaque conseil consultatif parmi les membres \u00e9lus du conseil d\u2019administration et nomme \u00e9galement les membres des conseils consultatifs. Chaque conseil consultatif est compos\u00e9 d\u2019un maximum de quinze membres, y compris le pr\u00e9sident.<\/p>\n\n\n<div class=\"button_left\"><a href=\"\/fr\/a-propos-de-nous\/governance\/conseils-consultatifs-nationaux\/\"  class=\" cca_purple btn_outlined\" target=\"\">Plus de renseignements au sujet des CCN<\/a>\n<\/div>\n\n\n\n\n\n<h2 class=\"wp-block-heading\">Direction<\/h2>\n\n\n\n<p>La direction de l\u2019association et la gestion des activit\u00e9s rel\u00e8vent de la pr\u00e9sidente de l\u2019association qui rend des comptes directement au conseil d\u2019administration.<\/p>\n\n\n\n<p>L\u2019ACC emploie du personnel \u00e0 Ottawa qui est responsable de mettre en \u0153uvre le plan strat\u00e9gique et d\u2019appuyer la gouvernance de l\u2019association ainsi que ses activit\u00e9s. Des membres du personnel de l\u2019ACC agissent \u00e9galement \u00e0 titre de personnel de liaison pour le compte du conseil d\u2019administration, des comit\u00e9s et des conseils consultatifs.<\/p>\n\n\n<div class=\"button_left\"><a href=\"\/fr\/repertoire-du-personnel\/\"  class=\" cca_purple btn_outlined\" target=\"\">R\u00e9pertoire du personnel de l\u2019ACC<\/a>\n<\/div>\n\n\n","protected":false},"excerpt":{"rendered":"<p>Les rouages de l\u2019ACC L\u2019Association canadienne de la construction (ACC) a \u00e9t\u00e9 fond\u00e9e en 1918 en tant qu\u2019association de professionnels de la construction repr\u00e9sentant l\u2019industrie de la construction institutionnelle, commerciale et industrielle (ICI) du Canada. Conseil d\u2019administration Les affaires de l\u2019association sont r\u00e9gies par un conseil d\u2019administration qui est \u00e9lu chaque ann\u00e9e et qui, conform\u00e9ment [&hellip;]<\/p>\n","protected":false},"author":1,"featured_media":0,"parent":15804,"menu_order":3,"comment_status":"closed","ping_status":"closed","template":"","meta":{"_acf_changed":false,"footnotes":""},"class_list":["post-15812","page","type-page","status-publish","hentry"],"acf":[],"_links":{"self":[{"href":"https:\/\/www.cca-acc.com\/fr\/wp-json\/wp\/v2\/pages\/15812","targetHints":{"allow":["GET"]}}],"collection":[{"href":"https:\/\/www.cca-acc.com\/fr\/wp-json\/wp\/v2\/pages"}],"about":[{"href":"https:\/\/www.cca-acc.com\/fr\/wp-json\/wp\/v2\/types\/page"}],"author":[{"embeddable":true,"href":"https:\/\/www.cca-acc.com\/fr\/wp-json\/wp\/v2\/users\/1"}],"replies":[{"embeddable":true,"href":"https:\/\/www.cca-acc.com\/fr\/wp-json\/wp\/v2\/comments?post=15812"}],"version-history":[{"count":4,"href":"https:\/\/www.cca-acc.com\/fr\/wp-json\/wp\/v2\/pages\/15812\/revisions"}],"predecessor-version":[{"id":78838,"href":"https:\/\/www.cca-acc.com\/fr\/wp-json\/wp\/v2\/pages\/15812\/revisions\/78838"}],"up":[{"embeddable":true,"href":"https:\/\/www.cca-acc.com\/fr\/wp-json\/wp\/v2\/pages\/15804"}],"wp:attachment":[{"href":"https:\/\/www.cca-acc.com\/fr\/wp-json\/wp\/v2\/media?parent=15812"}],"curies":[{"name":"wp","href":"https:\/\/api.w.org\/{rel}","templated":true}]}}