{"id":15814,"date":"2020-06-09T14:03:13","date_gmt":"2020-06-09T18:03:13","guid":{"rendered":"https:\/\/www.cca-acc.com\/a-propos-de-lacc\/governance\/board-of-directors\/"},"modified":"2026-03-10T08:54:30","modified_gmt":"2026-03-10T12:54:30","slug":"conseil-dadministration","status":"publish","type":"page","link":"https:\/\/www.cca-acc.com\/fr\/a-propos-de-nous\/governance\/conseil-dadministration\/","title":{"rendered":"Conseil d\u2019administration"},"content":{"rendered":"\n<p>L\u2019ACC est dirig\u00e9e par un conseil d\u2019administration compos\u00e9 de membres b\u00e9n\u00e9voles. Jusqu\u2019\u00e0 20 administrateurs sont s\u00e9lectionn\u00e9s pour r\u00e9gir les affaires de l\u2019association et faire avancer ses objectifs strat\u00e9giques. L\u2019ACC veille \u00e0 ce que toutes les r\u00e9gions du Canada soient repr\u00e9sent\u00e9es au sein de son conseil d\u2019administration et s\u2019efforce de favoriser la diversit\u00e9, notamment l\u2019\u00e9quilibre entre les r\u00e9gions, les cultures, les sexes, les langues et les secteurs.<\/p>\n\n\n\n<div style=\"height:60px\" aria-hidden=\"true\" class=\"wp-block-spacer\"><\/div>\n","protected":false},"excerpt":{"rendered":"<p>L\u2019ACC est dirig\u00e9e par un conseil d\u2019administration compos\u00e9 de membres b\u00e9n\u00e9voles. Jusqu\u2019\u00e0 20 administrateurs sont s\u00e9lectionn\u00e9s pour r\u00e9gir les affaires de l\u2019association et faire avancer ses objectifs strat\u00e9giques. L\u2019ACC veille \u00e0 ce que toutes les r\u00e9gions du Canada soient repr\u00e9sent\u00e9es au sein de son conseil d\u2019administration et s\u2019efforce de favoriser la diversit\u00e9, notamment l\u2019\u00e9quilibre entre [&hellip;]<\/p>\n","protected":false},"author":1,"featured_media":0,"parent":15812,"menu_order":0,"comment_status":"closed","ping_status":"closed","template":"templates\/template-boardofdirectors.php","meta":{"_acf_changed":false,"footnotes":""},"class_list":["post-15814","page","type-page","status-publish","hentry"],"acf":[],"_links":{"self":[{"href":"https:\/\/www.cca-acc.com\/fr\/wp-json\/wp\/v2\/pages\/15814","targetHints":{"allow":["GET"]}}],"collection":[{"href":"https:\/\/www.cca-acc.com\/fr\/wp-json\/wp\/v2\/pages"}],"about":[{"href":"https:\/\/www.cca-acc.com\/fr\/wp-json\/wp\/v2\/types\/page"}],"author":[{"embeddable":true,"href":"https:\/\/www.cca-acc.com\/fr\/wp-json\/wp\/v2\/users\/1"}],"replies":[{"embeddable":true,"href":"https:\/\/www.cca-acc.com\/fr\/wp-json\/wp\/v2\/comments?post=15814"}],"version-history":[{"count":17,"href":"https:\/\/www.cca-acc.com\/fr\/wp-json\/wp\/v2\/pages\/15814\/revisions"}],"predecessor-version":[{"id":77668,"href":"https:\/\/www.cca-acc.com\/fr\/wp-json\/wp\/v2\/pages\/15814\/revisions\/77668"}],"up":[{"embeddable":true,"href":"https:\/\/www.cca-acc.com\/fr\/wp-json\/wp\/v2\/pages\/15812"}],"wp:attachment":[{"href":"https:\/\/www.cca-acc.com\/fr\/wp-json\/wp\/v2\/media?parent=15814"}],"curies":[{"name":"wp","href":"https:\/\/api.w.org\/{rel}","templated":true}]}}