{"id":15820,"date":"2020-06-23T18:01:04","date_gmt":"2020-06-23T18:01:04","guid":{"rendered":"https:\/\/www.cca-acc.com\/a-propos-de-lacc\/governance\/board-committees\/"},"modified":"2026-03-10T12:24:33","modified_gmt":"2026-03-10T16:24:33","slug":"comites-du-conseil-dadministration","status":"publish","type":"page","link":"https:\/\/www.cca-acc.com\/fr\/a-propos-de-nous\/governance\/comites-du-conseil-dadministration\/","title":{"rendered":"Comit\u00e9s du conseil d\u2019administration"},"content":{"rendered":"\n<p>L\u2019ACC a deux comit\u00e9s du conseil d\u2019administration charg\u00e9s de veiller au respect de pratiques exemplaires en mati\u00e8re de gouvernance et d\u2019op\u00e9rations financi\u00e8res.<\/p>\n\n\n\n<h2 class=\"wp-block-heading\">Comit\u00e9 des finances et de la v\u00e9rification<\/h2>\n\n\n\n<p>Ce comit\u00e9 permanent a pour mandat de veiller \u00e0 ce que les politiques et les pratiques financi\u00e8res de l\u2019ACC appuient la mission de l\u2019association et respectent les meilleures pratiques comptables.<\/p>\n\n\n\n<p><strong>Membres du comit\u00e9 des finances et de la v\u00e9rification :<\/strong><\/p>\n\n\n\n<ul class=\"wp-block-list\">\n<li>Brad Scott, pr\u00e9sident (Basin Contracting Limited)<\/li>\n\n\n\n<li>Carla Milne (MNP)<\/li>\n\n\n\n<li>Peter Grose (Westland Construction Ltd.)<\/li>\n\n\n\n<li>Ali Torabi (Ed Brunet et Associ\u00e9s)<\/li>\n\n\n\n<li>Morley Wilkins (Method Chartered Professional Accounting)<\/li>\n<\/ul>\n\n\n<div class=\"button_left\"><a href=\"\/wp-content\/uploads\/2023\/06\/Mandat-FR-FA.pdf\"  class=\" cca_purple btn_outlined\" target=\"_blank\">Mandat<\/a>\n<\/div>\n\n\n\n\n\n<h2 class=\"wp-block-heading\">Comit\u00e9 de la gouvernance et des mises en candidature<\/h2>\n\n\n\n<p>Ce comit\u00e9 permanent a pour mandat de veiller \u00e0 ce que la gouvernance soit fond\u00e9e sur des pratiques exemplaires. Un sous-comit\u00e9 est charg\u00e9 du processus annuel de mises en candidature et de la s\u00e9lection des candidats pour le conseil d\u2019administration, les comit\u00e9s et les conseils consultatifs.<\/p>\n\n\n\n<p><strong>Nomination des membres du sous-comit\u00e9&nbsp;:<\/strong><\/p>\n\n\n\n<ul class=\"wp-block-list\">\n<li>Cory Richter, pr\u00e9sident (Quorex Construction Services)<\/li>\n\n\n\n<li>Laura Delemere (BLG)<\/li>\n\n\n\n<li>Steve Drummond (Capilano Highway Services Company)<\/li>\n\n\n\n<li>Shannon Friesen (Construction Association of Saskatchewan)<\/li>\n\n\n\n<li>Pierre Hamel (Pierre Hamel Avocat)<\/li>\n\n\n\n<li>Laura Lomow (Ellement Consulting Group)<\/li>\n\n\n\n<li>Weston Rudd (Graham)<\/li>\n\n\n\n<li>Amber Sandhu (Liberty Mutual Canada)<\/li>\n\n\n\n<li>Vivek Tomar (Englobe)<\/li>\n<\/ul>\n\n\n\n<!-- Membres du sous-comit\u00e9 des mises en candidature :\nCharles Caza, pr\u00e9sident (Bird)\n\nRay Bassett (La Compagnie d\u2019Assurance Travelers du canada)\n\nHeather Cruickshanks (L.E.Cruickshanks Sheet Metal Ltd.)\n\nBrendan Nobes (RCS Construction)\n\nFrancis Roy (Humaco)\n\nAndy Trewick (Graham)\n\nJoe Wrobel (JPW Road & Bridge Inc)\n\nlink!!\n\n\/wp-content\/uploads\/2023\/06\/Mandat-FR-GN.pdf\n\n-->\n\n\n<div class=\"button_left\"><a href=\"https:\/\/www.cca-acc.com\/wp-content\/uploads\/2025\/09\/GNC_TOR_AMENDED-fr.pdf\"  class=\" cca_purple btn_outlined\" target=\"_blank\">Mandat &#8211; Comit\u00e9 de la gouvernance et des mises en candidature<\/a>\n<\/div>\n\n\n\n\n<div class=\"button_left\"><a href=\"https:\/\/www.cca-acc.com\/wp-content\/uploads\/2025\/09\/SUBCOMMITTEE_TOR_AMENDED-fr.pdf\"  class=\" cca_purple btn_outlined\" target=\"_blank\">Mandat &#8211; Sous-comit\u00e9 de nomination<\/a>\n<\/div>\n\n\n","protected":false},"excerpt":{"rendered":"<p>L\u2019ACC a deux comit\u00e9s du conseil d\u2019administration charg\u00e9s de veiller au respect de pratiques exemplaires en mati\u00e8re de gouvernance et d\u2019op\u00e9rations financi\u00e8res. Comit\u00e9 des finances et de la v\u00e9rification Ce comit\u00e9 permanent a pour mandat de veiller \u00e0 ce que les politiques et les pratiques financi\u00e8res de l\u2019ACC appuient la mission de l\u2019association et respectent [&hellip;]<\/p>\n","protected":false},"author":1,"featured_media":0,"parent":15812,"menu_order":1,"comment_status":"closed","ping_status":"closed","template":"","meta":{"_acf_changed":false,"footnotes":""},"class_list":["post-15820","page","type-page","status-publish","hentry"],"acf":[],"_links":{"self":[{"href":"https:\/\/www.cca-acc.com\/fr\/wp-json\/wp\/v2\/pages\/15820","targetHints":{"allow":["GET"]}}],"collection":[{"href":"https:\/\/www.cca-acc.com\/fr\/wp-json\/wp\/v2\/pages"}],"about":[{"href":"https:\/\/www.cca-acc.com\/fr\/wp-json\/wp\/v2\/types\/page"}],"author":[{"embeddable":true,"href":"https:\/\/www.cca-acc.com\/fr\/wp-json\/wp\/v2\/users\/1"}],"replies":[{"embeddable":true,"href":"https:\/\/www.cca-acc.com\/fr\/wp-json\/wp\/v2\/comments?post=15820"}],"version-history":[{"count":17,"href":"https:\/\/www.cca-acc.com\/fr\/wp-json\/wp\/v2\/pages\/15820\/revisions"}],"predecessor-version":[{"id":77705,"href":"https:\/\/www.cca-acc.com\/fr\/wp-json\/wp\/v2\/pages\/15820\/revisions\/77705"}],"up":[{"embeddable":true,"href":"https:\/\/www.cca-acc.com\/fr\/wp-json\/wp\/v2\/pages\/15812"}],"wp:attachment":[{"href":"https:\/\/www.cca-acc.com\/fr\/wp-json\/wp\/v2\/media?parent=15820"}],"curies":[{"name":"wp","href":"https:\/\/api.w.org\/{rel}","templated":true}]}}