{"id":15824,"date":"2020-06-09T14:03:48","date_gmt":"2020-06-09T14:03:48","guid":{"rendered":"https:\/\/www.cca-acc.com\/a-propos-de-lacc\/governance\/how-to-get-involved\/"},"modified":"2025-11-04T11:45:28","modified_gmt":"2025-11-04T16:45:28","slug":"comment-simpliquer","status":"publish","type":"page","link":"https:\/\/www.cca-acc.com\/fr\/a-propos-de-nous\/governance\/comment-simpliquer\/","title":{"rendered":"Comment s\u2019impliquer"},"content":{"rendered":"\n<h2 class=\"wp-block-heading\">Faites une diff\u00e9rence. <br>\u00c9largissez votre r\u00e9seau national. <br>Perfectionnez vos comp\u00e9tences en leadership.<\/h2>\n\n\n\n<p>Notre appel de candidatures pour si\u00e9ger au conseil d\u2019administration, aux comit\u00e9s et aux conseils consultatifs nationaux est lanc\u00e9 chaque ann\u00e9e \u00e0 la fin du mois de septembre.<\/p>\n\n\n\n<h3 class=\"wp-block-heading\">LES CANDIDATURES SONT TERMIN\u00c9ES<\/h3>\n\n\n\n<p>La structure de gouvernance de l\u2019ACC offre aux membres de partout au Canada et de tous les secteurs de l\u2019industrie la possibilit\u00e9 de participer \u00e0 l\u2019\u00e9tablissement et \u00e0 l\u2019orientation des priorit\u00e9s de l\u2019association. Nous nous engageons \u00e0 favoriser la diversit\u00e9 au sein de notre conseil d\u2019administration, de nos comit\u00e9s et de nos conseils consultatifs nationaux en assurant une repr\u00e9sentation \u00e9quilibr\u00e9e en fonction de la r\u00e9gion, de la culture, du sexe, de la langue et du secteur.<\/p>\n\n\n\n<p>Que vous ayez un int\u00e9r\u00eat pour les pratiques normalis\u00e9es, la d\u00e9fense des int\u00e9r\u00eats, l\u2019innovation, la main-d\u2019\u0153uvre ou les pratiques exemplaires en mati\u00e8re de gouvernance et que vous soyez un jeune professionnel ou un expert chevronn\u00e9, il y a probablement un r\u00f4le pour vous \u00e0 l\u2019ACC! Forts de nos plus de 100 ans d\u2019histoire en tant que porte-parole nationale \u0153uvrant au service de l\u2019industrie, nous sommes fiers des nombreux leaders exceptionnels qui ont contribu\u00e9 \u00e0 notre succ\u00e8s.<\/p>\n\n\n\n<div style=\"height:35px\" aria-hidden=\"true\" class=\"wp-block-spacer\"><\/div>\n\n\n\n<div class=\"is-layout-flow wp-block-group alignfull block-cards block-cards--grey\">\n\n  \n    <div class=\"container\">\n    <div class=\"col\">\n      <div class=\"block-cards__intro\"><h2 class=\"wp-block-heading\">Vous aimeriez en savoir plus?<\/h2>\n<p>Laissez-vous inspirer par notre <a href=\"\/wp-content\/uploads\/2022\/09\/CCA-2023-2025-Strategic-Plan-FR.pdf\" target=\"_blank\" rel=\"noopener\">plan strat\u00e9gique<\/a>.<\/p>\n<p>Lisez notre <a href=\"\/wp-content\/uploads\/2023\/06\/ACC-Bylaws-no-1-March-2023-Fr.pdf\" target=\"_blank\" rel=\"noopener\">r\u00e8glement administratif<\/a> pour apprendre comment fonctionne l\u2019ACC.<\/p>\n<p>Travaillez avec des coll\u00e8gues qui sont anim\u00e9s des m\u00eames intentions et se consacrent \u00e0 faire avancer l\u2019industrie de la construction. D\u00e9couvrez nos b\u00e9n\u00e9voles et consultez le mandat de chaque groupe.<\/p>\n<\/div>\n    <\/div>\n  <\/div>\n    <div class=\"container\">\n    <div class=\"col\">\n      <div class=\"block-cards__grid block-cards__grid--2\">\n              \n<div class=\"module-cards bucket-cards  card-type-text\">\n    <a target=\"\" href=\"\/fr\/a-propos-de-nous\/governance\/conseil-dadministration\/\"><\/a>    <div class=\"bucket-cards-inner\">\n\n      \n      <div class=\"bucket-cards-content\">\n        <div class=\"bucket-cards-content-inner\">\n          <p class=\"card-content\">Conseil d\u2019administration&nbsp;&nbsp;&nbsp;&nbsp;<span class=\"card-content-arrow\"><\/span><\/p>\n                          \n                <\/div>\n\n    <\/div>\n  <\/div>\n<\/div>              \n<div class=\"module-cards bucket-cards  card-type-text\">\n    <a target=\"\" href=\"\/fr\/a-propos-de-nous\/governance\/conseils-consultatifs-nationaux\/\"><\/a>    <div class=\"bucket-cards-inner\">\n\n      \n      <div class=\"bucket-cards-content\">\n        <div class=\"bucket-cards-content-inner\">\n          <p class=\"card-content\">Conseils consultatifs nationaux&nbsp;&nbsp;&nbsp;&nbsp;<span class=\"card-content-arrow\"><\/span><\/p>\n                          \n                <\/div>\n\n    <\/div>\n  <\/div>\n<\/div>              \n<div class=\"module-cards bucket-cards  card-type-text\">\n    <a target=\"\" href=\"\/fr\/a-propos-de-nous\/governance\/comites-du-conseil-dadministration\/\"><\/a>    <div class=\"bucket-cards-inner\">\n\n      \n      <div class=\"bucket-cards-content\">\n        <div class=\"bucket-cards-content-inner\">\n          <p class=\"card-content\">Comit\u00e9 de la gouvernance et des mises en candidature&nbsp;&nbsp;&nbsp;&nbsp;<span class=\"card-content-arrow\"><\/span><\/p>\n                          \n                <\/div>\n\n    <\/div>\n  <\/div>\n<\/div>              \n<div class=\"module-cards bucket-cards  card-type-text\">\n    <a target=\"\" href=\"\/fr\/a-propos-de-nous\/governance\/comites-du-conseil-dadministration\/\"><\/a>    <div class=\"bucket-cards-inner\">\n\n      \n      <div class=\"bucket-cards-content\">\n        <div class=\"bucket-cards-content-inner\">\n          <p class=\"card-content\">Comit\u00e9 des finances et de la v\u00e9rification&nbsp;&nbsp;&nbsp;&nbsp;<span class=\"card-content-arrow\"><\/span><\/p>\n                          \n                <\/div>\n\n    <\/div>\n  <\/div>\n<\/div>            <\/div>\n    <\/div>\n  <\/div>\n<\/div>","protected":false},"excerpt":{"rendered":"<p>Faites une diff\u00e9rence. \u00c9largissez votre r\u00e9seau national. Perfectionnez vos comp\u00e9tences en leadership. Notre appel de candidatures pour si\u00e9ger au conseil d\u2019administration, aux comit\u00e9s et aux conseils consultatifs nationaux est lanc\u00e9 chaque ann\u00e9e \u00e0 la fin du mois de septembre. LES CANDIDATURES SONT TERMIN\u00c9ES La structure de gouvernance de l\u2019ACC offre aux membres de partout au [&hellip;]<\/p>\n","protected":false},"author":1,"featured_media":0,"parent":15812,"menu_order":4,"comment_status":"closed","ping_status":"closed","template":"","meta":{"_acf_changed":false,"footnotes":""},"class_list":["post-15824","page","type-page","status-publish","hentry"],"acf":[],"_links":{"self":[{"href":"https:\/\/www.cca-acc.com\/fr\/wp-json\/wp\/v2\/pages\/15824","targetHints":{"allow":["GET"]}}],"collection":[{"href":"https:\/\/www.cca-acc.com\/fr\/wp-json\/wp\/v2\/pages"}],"about":[{"href":"https:\/\/www.cca-acc.com\/fr\/wp-json\/wp\/v2\/types\/page"}],"author":[{"embeddable":true,"href":"https:\/\/www.cca-acc.com\/fr\/wp-json\/wp\/v2\/users\/1"}],"replies":[{"embeddable":true,"href":"https:\/\/www.cca-acc.com\/fr\/wp-json\/wp\/v2\/comments?post=15824"}],"version-history":[{"count":24,"href":"https:\/\/www.cca-acc.com\/fr\/wp-json\/wp\/v2\/pages\/15824\/revisions"}],"predecessor-version":[{"id":74121,"href":"https:\/\/www.cca-acc.com\/fr\/wp-json\/wp\/v2\/pages\/15824\/revisions\/74121"}],"up":[{"embeddable":true,"href":"https:\/\/www.cca-acc.com\/fr\/wp-json\/wp\/v2\/pages\/15812"}],"wp:attachment":[{"href":"https:\/\/www.cca-acc.com\/fr\/wp-json\/wp\/v2\/media?parent=15824"}],"curies":[{"name":"wp","href":"https:\/\/api.w.org\/{rel}","templated":true}]}}