{"id":15833,"date":"2020-06-23T18:02:16","date_gmt":"2020-06-23T22:02:16","guid":{"rendered":"https:\/\/www.cca-acc.com\/a-propos-de-lacc\/governance\/national-advisory-council\/"},"modified":"2026-03-10T12:38:12","modified_gmt":"2026-03-10T16:38:12","slug":"conseils-consultatifs-nationaux","status":"publish","type":"page","link":"https:\/\/www.cca-acc.com\/fr\/a-propos-de-nous\/governance\/conseils-consultatifs-nationaux\/","title":{"rendered":"Conseils consultatifs nationaux"},"content":{"rendered":"\n<p>L\u2019ACC a cinq conseils consultatifs nationaux qui favorisent l\u2019engagement et la participation des membres, assurent une repr\u00e9sentation \u00e9quitable de l\u2019industrie et fournissent leur r\u00e9troaction au conseil d\u2019administration sur les enjeux d\u2019importance nationale.&nbsp;<\/p>\n\n\n\n<div class=\"is-layout-flow wp-block-group alignfull block-cards block-cards--white\">\n\n  \n    <div class=\"container\">\n    <div class=\"col\">\n      <div class=\"block-cards__grid block-cards__grid--3\">\n              \n<div class=\"module-cards bucket-cards card-grey card-type-text\">\n    <a target=\"\" href=\"#ic\"><\/a>    <div class=\"bucket-cards-inner\">\n\n      \n      <div class=\"bucket-cards-content\">\n        <div class=\"bucket-cards-content-inner\">\n          <p class=\"card-content\">Conseil de l\u2019Infrastructure civile&nbsp;&nbsp;&nbsp;&nbsp;<span class=\"card-content-arrow\"><\/span><\/p>\n                          \n                <\/div>\n\n    <\/div>\n  <\/div>\n<\/div>              \n<div class=\"module-cards bucket-cards card-grey card-type-text\">\n    <a target=\"\" href=\"#eg\"><\/a>    <div class=\"bucket-cards-inner\">\n\n      \n      <div class=\"bucket-cards-content\">\n        <div class=\"bucket-cards-content-inner\">\n          <p class=\"card-content\">Conseil des entrepreneurs g\u00e9n\u00e9raux&nbsp;&nbsp;&nbsp;&nbsp;<span class=\"card-content-arrow\"><\/span><\/p>\n                          \n                <\/div>\n\n    <\/div>\n  <\/div>\n<\/div>              \n<div class=\"module-cards bucket-cards card-grey card-type-text\">\n    <a target=\"\" href=\"#alc\"><\/a>    <div class=\"bucket-cards-inner\">\n\n      \n      <div class=\"bucket-cards-content\">\n        <div class=\"bucket-cards-content-inner\">\n          <p class=\"card-content\">Conseil des associations locales de la construction\u00a0&nbsp;&nbsp;&nbsp;&nbsp;<span class=\"card-content-arrow\"><\/span><\/p>\n                          \n                <\/div>\n\n    <\/div>\n  <\/div>\n<\/div>              \n<div class=\"module-cards bucket-cards card-grey card-type-text\">\n    <a target=\"\" href=\"#mfs\"><\/a>    <div class=\"bucket-cards-inner\">\n\n      \n      <div class=\"bucket-cards-content\">\n        <div class=\"bucket-cards-content-inner\">\n          <p class=\"card-content\">Conseil des manufacturiers, fournisseurs et services&nbsp;&nbsp;&nbsp;&nbsp;<span class=\"card-content-arrow\"><\/span><\/p>\n                          \n                <\/div>\n\n    <\/div>\n  <\/div>\n<\/div>              \n<div class=\"module-cards bucket-cards card-grey card-type-text\">\n    <a target=\"\" href=\"#es\"><\/a>    <div class=\"bucket-cards-inner\">\n\n      \n      <div class=\"bucket-cards-content\">\n        <div class=\"bucket-cards-content-inner\">\n          <p class=\"card-content\">Conseil des entrepreneurs sp\u00e9cialis\u00e9s&nbsp;&nbsp;&nbsp;&nbsp;<span class=\"card-content-arrow\"><\/span><\/p>\n                          \n                <\/div>\n\n    <\/div>\n  <\/div>\n<\/div>            <\/div>\n    <\/div>\n  <\/div>\n<\/div>\n\n\n<p>Les cinq conseils consultatifs se r\u00e9unissent r\u00e9guli\u00e8rement tout au long de l\u2019ann\u00e9e. Les membres de l\u2019ACC sont invit\u00e9s \u00e0 assister aux r\u00e9unions de ces conseils en tant qu\u2019observateurs. Vous devez vous inscrire pour participer aux r\u00e9unions.<\/p>\n\n\n<div class=\"button_left\"><a href=\"\/fr\/evenements\/calendrier-des-evenements\/\"  class=\" cca_purple btn_outlined\" target=\"\">Consultez notre calendrier<\/a>\n<\/div>\n\n\n\n\n\n<h2 class=\"wp-block-heading\" id=\"civil\">Conseil de l\u2019Infrastructure civile<\/h2>\n\n\n\n<p>Le secteur de l\u2019infrastructure civile comprend les entreprises qui assument le risque et la responsabilit\u00e9 d\u2019une partie ou de la totalit\u00e9 des projets de travaux civils, y compris la fabrication et le transport de mat\u00e9riaux en vrac (asphalte, b\u00e9ton, gravier, etc.). Les entreprises de ce secteur assurent la conception, la construction, la r\u00e9paration et\/ou l\u2019entretien des infrastructures de base, lesquelles sont g\u00e9n\u00e9ralement d\u00e9finies comme les routes, les autoroutes, les pistes d\u2019atterrissage, les ponts et les structures, les syst\u00e8mes de traitement et de distribution de l\u2019eau potable et des eaux us\u00e9es, le drainage des terres, les structures de contr\u00f4le des eaux et les canalisations.<\/p>\n\n\n\n<p>Membres&nbsp;:<\/p>\n\n\n\n<ul class=\"wp-block-list\">\n<li>Marty Harris, pr\u00e9sident (Aecon) <\/li>\n\n\n\n<li>Geoff Capelle (Bird Construction)<\/li>\n\n\n\n<li>Nicole Chabot (L. Chabot Enterprises)<\/li>\n\n\n\n<li>Dennis Cruise (Bituminex Paving)<\/li>\n\n\n\n<li>Alisdair Dickinson (Graham)<\/li>\n\n\n\n<li>J.P. Gauthier (Peter Kiewit Sons ULC)<\/li>\n\n\n\n<li>Jesse Henwood (Miller Paving Ltd. a Colas Company)<\/li>\n\n\n\n<li>Lyle&nbsp;Johnson (Coquitlam Ridge Constructors)<\/li>\n\n\n\n<li>Derek Love (EllisDon)<\/li>\n\n\n\n<li>Brandon J. MacDonald (Pennecon)<\/li>\n\n\n\n<li>Brian Maksymetz (Colliers Project Leaders and Better Projects Inc.)<\/li>\n\n\n\n<li>Matt Pitcairn (BC Road Builders and Heavy Construction Association)<\/li>\n\n\n\n<li>Darrel\u00a0Searles (Anchor Concrete Products Ltd.\/Lodestar Structures Inc.)<\/li>\n\n\n\n<li>Pierre Tremblay (Association des constructeurs de routes et grands travaux du Qu\u00e9bec)<\/li>\n\n\n\n<li>Felicia Wiltshire (Manitoba Heavy Construction Association)<\/li>\n\n\n\n<li>Bruce Wood (Atlantic Road Construction and Paving Ltd.)<\/li>\n<\/ul>\n\n\n\n<h2 class=\"wp-block-heading\" id=\"general\">Conseil des entrepreneurs g\u00e9n\u00e9raux&nbsp;<\/h2>\n\n\n\n<p>Ce secteur comprend les entrepreneurs g\u00e9n\u00e9raux, les design-constructeurs, les directeurs de la construction et autres entreprises qui assument r\u00e9guli\u00e8rement le risque et la responsabilit\u00e9 li\u00e9s \u00e0 la construction d\u2019un projet au complet, en vertu d\u2019un contrat principal conclu avec un propri\u00e9taire, un locataire, une personne similaire, une entreprise, un organisme gouvernemental ou une autre entit\u00e9.<\/p>\n\n\n\n<p>Membres&nbsp;:<\/p>\n\n\n\n<ul class=\"wp-block-list\">\n<li>Bruce Thomas, pr\u00e9sident (Ron Eastern Construction Ltd.)<\/li>\n\n\n\n<li>Ian Boyd (Iron Maple Constructors)<\/li>\n\n\n\n<li>Lewis Cowan (BDA Inc.)<\/li>\n\n\n\n<li>Brittany Deziel (Bird Construction)<\/li>\n\n\n\n<li>Craig Enns (EllisDon)<\/li>\n\n\n\n<li>Jeff Hagerty (Westridge Construction Ltd.)<\/li>\n\n\n\n<li>Andrew Hill (Graham)<\/li>\n\n\n\n<li>Michel Khouday (SAJO)<\/li>\n\n\n\n<li>Soo Lee (Bockstael Construction Limited)<\/li>\n\n\n\n<li>Matthew Mallam (Olympic Construction Limited)<\/li>\n\n\n\n<li>Alistair McKnight (PCL Constructors Inc.)<\/li>\n\n\n\n<li>Alan McNee (EBC Inc.)<\/li>\n\n\n\n<li>Stacey Norman (Ledcor Industries)<\/li>\n\n\n\n<li>Marilou Savoie (Acadian Construction Ltd.)<\/li>\n\n\n\n<li>Jessica Sidhu (Kinetic Construction Ltd.)<\/li>\n<\/ul>\n\n\n\n<h2 class=\"wp-block-heading\" id=\"alc\">Conseil des associations locales de la construction&nbsp;<\/h2>\n\n\n\n<p>Ce conseil est compos\u00e9 de repr\u00e9sentants des associations partenaires int\u00e9gr\u00e9es de l\u2019ACC, lesquelles sont des associations locales, r\u00e9gionales et provinciales de la construction qui per\u00e7oivent et versent une cotisation \u00e0 l\u2019ACC au nom de chacun de leurs membres afin que ceux-ci soient membres de l\u2019ACC.<\/p>\n\n\n\n<p>Membres&nbsp;:<\/p>\n\n\n\n<ul class=\"wp-block-list\">\n<li>Bill Black, pr\u00e9sident (Calgary Construction Association)<\/li>\n\n\n\n<li>Chris Atchison (British Columbia Construction Association)<\/li>\n\n\n\n<li>Nicole Bryant (Northern Regional Construction Association)<\/li>\n\n\n\n<li>Bill Ferreira (Ottawa Construction Association)<\/li>\n\n\n\n<li>Shannon Friesen (Construction Association of Saskatchewan)<\/li>\n\n\n\n<li>Gary Gies (Red Deer Construction Association)<\/li>\n\n\n\n<li>Ron Glen (Alberta Roadbuilders &amp; Heavy Construction Association)<\/li>\n\n\n\n<li>Fr\u00e9d\u00e9ric Houde (Association de la construction du Qu\u00e9bec)<\/li>\n\n\n\n<li>David Johnson (Edmonton Construction Association)<\/li>\n\n\n\n<li>Rory Kulmala (Vancouver Island Construction Association)<\/li>\n\n\n\n<li>Jeannine Martin (Vancouver Regional Construction Association)<\/li>\n\n\n\n<li>Patrick McManus (Ontario Sewer and Watermain Construction Association)<\/li>\n\n\n\n<li>John-Ryan Morrison (Construction Association of New Brunswick)<\/li>\n\n\n\n<li>Rhonda Neary (Newfoundland and Labrador Construction Association)<\/li>\n\n\n\n<li>Caroline Potvin (Association de la construction du Qu\u00e9bec &#8211; Qu\u00e9bec)<\/li>\n\n\n\n<li>Carol Simpson (Moncton Northeast Construction Association of New Brunswick)<\/li>\n\n\n\n<li>Warren Singh (Alberta Construction Association)<\/li>\n\n\n\n<li>Duncan Williams (Construction Association of Nova Scotia)<\/li>\n\n\n\n<li>Shawn Wood (Construction Association of Rural Manitoba)<\/li>\n<\/ul>\n\n\n\n<h2 class=\"wp-block-heading\" id=\"mfs\">Conseil des manufacturiers, fournisseurs et services&nbsp;<\/h2>\n\n\n\n<p>Ce secteur comprend les entreprises qui fabriquent et\/ou fournissent des produits ou de l\u2019\u00e9quipement, ou qui fournissent des services tels que des services d\u2019experts-conseils, de conception, de technologie, des services juridiques, etc. \u00e0 l\u2019industrie de la construction.<\/p>\n\n\n\n<p>Membres&nbsp;:<\/p>\n\n\n\n<ul class=\"wp-block-list\">\n<li>Amber Sandhu, pr\u00e9sidente (Liberty Mutual Canada)<\/li>\n\n\n\n<li>Geza Banfai (McMillan LLP)<\/li>\n\n\n\n<li>Justin Campisi (Marsh Canada)<\/li>\n\n\n\n<li>Connor Chow (Ankura)<\/li>\n\n\n\n<li>Kyle Davis (SitePartners)<\/li>\n\n\n\n<li>Lisa Gibson (Colliers Project Leaders)<\/li>\n\n\n\n<li>Jean-Philippe Gilbert (BMA Avocats inc.)<\/li>\n\n\n\n<li>Nikki Keith (Wilson M. Beck Insurance Services)<\/li>\n\n\n\n<li>Carla Milne (MNP)<\/li>\n\n\n\n<li>Ellowyn Nadeau (Red River College)<\/li>\n\n\n\n<li>Guillaume Roy (Blackware Tech)<\/li>\n\n\n\n<li>Michael Sali (Aon Construction and Infrastructure)<\/li>\n\n\n\n<li>Stephen Short (Cargocan Agency Ltd.)<\/li>\n\n\n\n<li>Jordan Thomson (KPMG)<\/li>\n\n\n\n<li>Gerrit Westland (Quality Sound Alarm Ltd.)<\/li>\n<\/ul>\n\n\n\n<h2 class=\"wp-block-heading\" id=\"trade\">Conseil des entrepreneurs sp\u00e9cialis\u00e9s&nbsp;<\/h2>\n\n\n\n<p>Ce secteur comprend les entreprises de construction qui assument r\u00e9guli\u00e8rement le risque et la responsabilit\u00e9 li\u00e9s \u00e0 la construction d\u2019une partie ou de la totalit\u00e9 d\u2019un projet, g\u00e9n\u00e9ralement mais pas n\u00e9cessairement en vertu d\u2019un contrat de sous-traitance conclu avec un entrepreneur principal ou un autre entrepreneur sp\u00e9cialis\u00e9. Tous les membres de ce secteur doivent faire partie des corps de m\u00e9tier \u00e9num\u00e9r\u00e9s dans le Devis directeur national de la construction au Canada.<\/p>\n\n\n\n<p>Membres&nbsp;:<\/p>\n\n\n\n<ul class=\"wp-block-list\">\n<li>Sara Becker, pr\u00e9sidente (Ideal Contract Services)<\/li>\n\n\n\n<li>Justin Beaulieu (Beaulieu Plumbing and Mechanical Inc.)<\/li>\n\n\n\n<li>Maxime Dallaire (Groupe Humaco\/Humaco Acoustique Inc.)<\/li>\n\n\n\n<li>Laura Delemere (BLG)<\/li>\n\n\n\n<li>Barclay Ellis (Blue Anvil Labour Leasing Services Ltd.)<\/li>\n\n\n\n<li>Allan Andrew Ferguson (Ace Mechanical Ltd. &amp; EFP Engineering Ltd.)<\/li>\n\n\n\n<li>Justyn&nbsp;Gehon (Graham Construction)<\/li>\n\n\n\n<li>Gregory Jones (OCL Group)<\/li>\n\n\n\n<li>Russ Kerr (Vipond Fire Protection)<\/li>\n\n\n\n<li>Chad Leverick (Alliance Energy)<\/li>\n\n\n\n<li>Blair\u00a0Nickerson (Black &amp; McDonald Ltd.)<\/li>\n\n\n\n<li>Cory Pittman (Allstar Rebar Ltd.)<\/li>\n\n\n\n<li>Amir Shami (Rotaflow Group)<\/li>\n\n\n\n<li>Joel Simard (Claude Simard Metal Systems Ltd.)<\/li>\n<\/ul>\n\n\n\n<div class=\"is-layout-flow wp-block-group alignfull block-cta block-cta--purple\">\n\n  \n  <div class=\"wp-block-group__inner-container\">\n    <p class=\"text-center\"><\/p>\n    <div class=\"button_center\"><a class=\"btn-white outlined\" href=\"https:\/\/www.cca-acc.com\/wp-content\/uploads\/2025\/09\/NAC_TOR_AMENDED-fr.pdf\">Mandat<\/a><\/div>\n  <\/div>\n<\/div>","protected":false},"excerpt":{"rendered":"<p>L\u2019ACC a cinq conseils consultatifs nationaux qui favorisent l\u2019engagement et la participation des membres, assurent une repr\u00e9sentation \u00e9quitable de l\u2019industrie et fournissent leur r\u00e9troaction au conseil d\u2019administration sur les enjeux d\u2019importance nationale.&nbsp; Les cinq conseils consultatifs se r\u00e9unissent r\u00e9guli\u00e8rement tout au long de l\u2019ann\u00e9e. Les membres de l\u2019ACC sont invit\u00e9s \u00e0 assister aux r\u00e9unions de [&hellip;]<\/p>\n","protected":false},"author":1,"featured_media":0,"parent":15812,"menu_order":2,"comment_status":"closed","ping_status":"closed","template":"","meta":{"_acf_changed":false,"footnotes":""},"class_list":["post-15833","page","type-page","status-publish","hentry"],"acf":[],"_links":{"self":[{"href":"https:\/\/www.cca-acc.com\/fr\/wp-json\/wp\/v2\/pages\/15833","targetHints":{"allow":["GET"]}}],"collection":[{"href":"https:\/\/www.cca-acc.com\/fr\/wp-json\/wp\/v2\/pages"}],"about":[{"href":"https:\/\/www.cca-acc.com\/fr\/wp-json\/wp\/v2\/types\/page"}],"author":[{"embeddable":true,"href":"https:\/\/www.cca-acc.com\/fr\/wp-json\/wp\/v2\/users\/1"}],"replies":[{"embeddable":true,"href":"https:\/\/www.cca-acc.com\/fr\/wp-json\/wp\/v2\/comments?post=15833"}],"version-history":[{"count":44,"href":"https:\/\/www.cca-acc.com\/fr\/wp-json\/wp\/v2\/pages\/15833\/revisions"}],"predecessor-version":[{"id":77707,"href":"https:\/\/www.cca-acc.com\/fr\/wp-json\/wp\/v2\/pages\/15833\/revisions\/77707"}],"up":[{"embeddable":true,"href":"https:\/\/www.cca-acc.com\/fr\/wp-json\/wp\/v2\/pages\/15812"}],"wp:attachment":[{"href":"https:\/\/www.cca-acc.com\/fr\/wp-json\/wp\/v2\/media?parent=15833"}],"curies":[{"name":"wp","href":"https:\/\/api.w.org\/{rel}","templated":true}]}}