{"id":15866,"date":"2020-06-24T17:22:47","date_gmt":"2020-06-24T17:22:47","guid":{"rendered":"https:\/\/www.cca-acc.com\/adhesion\/get-involved\/"},"modified":"2026-01-05T13:29:12","modified_gmt":"2026-01-05T18:29:12","slug":"impliquez-vous","status":"publish","type":"page","link":"https:\/\/www.cca-acc.com\/fr\/adhesion\/impliquez-vous\/","title":{"rendered":"Devenir membre de l\u2019ACC"},"content":{"rendered":"\n<h2 class=\"wp-block-heading\">Vous ne savez pas quel type d&#8217;adh\u00e9sion convient le mieux \u00e0 votre entreprise ?<\/h2>\n\n\n<div class=\"\"><a href=\"\/fr\/membership-self-assessment\/\"  class=\" cca_purple btn_outlined\" target=\"_blank\">Trouver la bonne affiliation<\/a>\n<\/div>\n\n\n\n\n\n<p>Il y a diff\u00e9rentes fa\u00e7ons de devenir membre de l\u2019Association canadienne de la construction (ACC) et de vous impliquer.<\/p>\n\n\n\n<h5 class=\"wp-block-heading\">Vous aimeriez devenir un membre int\u00e9gr\u00e9 de l\u2019ACC?<\/h5>\n\n\n\n<p>Les membres int\u00e9gr\u00e9s constituent la majorit\u00e9 des membres de l\u2019ACC. Il s\u2019agit d\u2019entreprises qui ont adh\u00e9r\u00e9 \u00e0 l\u2019une des associations partenaires de l\u2019ACC. En devenant membres de leur association locale ou provinciale, ces entreprises deviennent automatiquement membres int\u00e9gr\u00e9s de l\u2019ACC.&nbsp;<\/p>\n\n\n\n<h5 class=\"wp-block-heading\">Vous aimeriez devenir un membre corporatif de l\u2019ACC?<\/h5>\n\n\n\n<p>Les membres corporatifs sont des entreprises qui adh\u00e8rent directement \u00e0 l\u2019ACC et qui renouvellent leur adh\u00e9sion chaque ann\u00e9e. La majorit\u00e9 de nos membres corporatifs sont d\u00e9j\u00e0 des membres int\u00e9gr\u00e9s, b\u00e9n\u00e9ficiant ainsi d\u2019une repr\u00e9sentation locale, provinciale et nationale, et souhaitent avoir un impact plus important au niveau national.&nbsp;<\/p>\n\n\n\n<p><strong><strong>Droits d\u2019adh\u00e9sion \u00e0 titre de membre corporatif de 2026<\/strong><\/strong><\/p>\n\n\n\n<ul class=\"wp-block-list\">\n<li>Cat\u00e9gorie A : 2 054 $ + la TPS\/TVH\/TVQ* pour les entreprises dont les revenus annuels li\u00e9s \u00e0 la construction sont de moins de 10 millions de dollars;\u00a0<\/li>\n\n\n\n<li>Cat\u00e9gorie AA : 3 689 $ + la TPS\/TVH\/TVQ* pour les entreprises dont les revenus annuels li\u00e9s \u00e0 la construction sont de 10 millions de dollars ou plus.\u00a0<\/li>\n<\/ul>\n\n\n\n<h5 class=\"wp-block-heading\">Vous aimeriez devenir une association partenaire de l\u2019ACC?<\/h5>\n\n\n\n<p>Colleen Sullivan <a href=\"mailto:csullivan@cca-acc.com\" target=\"_blank\" rel=\"noreferrer noopener\">csullivan@cca-acc.com<\/a>&nbsp;ou 613-236-9455<\/p>\n\n\n\n<div style=\"height:35px\" aria-hidden=\"true\" class=\"wp-block-spacer\"><\/div>\n\n\n\n<div class=\"wp-block-group alignfull has-ccp-light-gray-background-color has-background\"><div class=\"wp-block-group__inner-container is-layout-flow wp-block-group-is-layout-flow\">\n<h4 class=\"wp-block-heading\">Vous avez des questions?<\/h4>\n\n\n\n<p>Colleen Sullivan&nbsp;<a href=\"mailto:csullivan@cca-acc.com\" target=\"_blank\" rel=\"noreferrer noopener\">csullivan@cca-acc.com<\/a>&nbsp;ou 613-236-9455<\/p>\n<\/div><\/div>\n","protected":false},"excerpt":{"rendered":"<p>Vous ne savez pas quel type d&#8217;adh\u00e9sion convient le mieux \u00e0 votre entreprise ? Il y a diff\u00e9rentes fa\u00e7ons de devenir membre de l\u2019Association canadienne de la construction (ACC) et de vous impliquer. Vous aimeriez devenir un membre int\u00e9gr\u00e9 de l\u2019ACC? Les membres int\u00e9gr\u00e9s constituent la majorit\u00e9 des membres de l\u2019ACC. Il s\u2019agit d\u2019entreprises qui [&hellip;]<\/p>\n","protected":false},"author":1,"featured_media":0,"parent":15838,"menu_order":3,"comment_status":"closed","ping_status":"closed","template":"","meta":{"_acf_changed":false,"footnotes":""},"class_list":["post-15866","page","type-page","status-publish","hentry"],"acf":[],"_links":{"self":[{"href":"https:\/\/www.cca-acc.com\/fr\/wp-json\/wp\/v2\/pages\/15866","targetHints":{"allow":["GET"]}}],"collection":[{"href":"https:\/\/www.cca-acc.com\/fr\/wp-json\/wp\/v2\/pages"}],"about":[{"href":"https:\/\/www.cca-acc.com\/fr\/wp-json\/wp\/v2\/types\/page"}],"author":[{"embeddable":true,"href":"https:\/\/www.cca-acc.com\/fr\/wp-json\/wp\/v2\/users\/1"}],"replies":[{"embeddable":true,"href":"https:\/\/www.cca-acc.com\/fr\/wp-json\/wp\/v2\/comments?post=15866"}],"version-history":[{"count":17,"href":"https:\/\/www.cca-acc.com\/fr\/wp-json\/wp\/v2\/pages\/15866\/revisions"}],"predecessor-version":[{"id":75917,"href":"https:\/\/www.cca-acc.com\/fr\/wp-json\/wp\/v2\/pages\/15866\/revisions\/75917"}],"up":[{"embeddable":true,"href":"https:\/\/www.cca-acc.com\/fr\/wp-json\/wp\/v2\/pages\/15838"}],"wp:attachment":[{"href":"https:\/\/www.cca-acc.com\/fr\/wp-json\/wp\/v2\/media?parent=15866"}],"curies":[{"name":"wp","href":"https:\/\/api.w.org\/{rel}","templated":true}]}}