{"id":15874,"date":"2020-06-09T14:08:06","date_gmt":"2020-06-09T14:08:06","guid":{"rendered":"https:\/\/www.cca-acc.com\/advocacy\/"},"modified":"2025-10-12T17:04:42","modified_gmt":"2025-10-12T21:04:42","slug":"defense-des-interets","status":"publish","type":"page","link":"https:\/\/www.cca-acc.com\/fr\/defense-des-interets\/","title":{"rendered":"D\u00e9fense des int\u00e9r\u00eats"},"content":{"rendered":"\n<div class=\"is-layout-flow wp-block-group alignfull block-cards block-cards--white-motif\">\n\n    <div class=\"block-cards__motif\">\n    <svg xmlns=\"http:\/\/www.w3.org\/2000\/svg\" width=\"598.293\" height=\"518.136\" viewBox=\"0 0 598.293 518.136\">\n      <path d=\"M448.721,0H149.574L0,259.068,149.574,518.136H448.721L598.294,259.068Zm-.24.413L597.817,259.068,523.268,388.189,299.386.413Zm74.287,387.735H75.526L299.146.826ZM149.813.413h149.1L75.025,388.189.478,259.068ZM448.482,517.724H149.813L75.242,388.561H523.053Z\" transform=\"translate(-0.001)\" fill=\"#582c83\"\/>\n    <\/svg>\n  <\/div>\n  \n    <div class=\"container\">\n    <div class=\"col\">\n      <div class=\"block-cards__intro\"><p>L\u2019industrie de la construction fa\u00e7onne le paysage physique du Canada, stimule la croissance \u00e9conomique, favorise le d\u00e9veloppement des collectivit\u00e9s et a un impact positif durable sur la vie des Canadiens. Gr\u00e2ce \u00e0 l\u2019innovation, \u00e0 la durabilit\u00e9 et \u00e0 un engagement envers la qualit\u00e9, l\u2019industrie joue un r\u00f4le essentiel en contribuant \u00e0 b\u00e2tir un pays prosp\u00e8re et r\u00e9silient.\u00a0<\/p>\n<p>En misant sur la puissance et la taille de nos membres, l\u2019ACC d\u00e9fend les int\u00e9r\u00eats de l\u2019industrie \u00e0 l\u2019\u00e9chelle nationale en veillant \u00e0 ce que le secteur dispose des outils, des ressources, des conditions et du soutien l\u00e9gislatif n\u00e9cessaires pour continuer \u00e0 b\u00e2tir un Canada meilleur.<\/p>\n<h2>Nos priorit\u00e9s<\/h2>\n<\/div>\n    <\/div>\n  <\/div>\n    <div class=\"container\">\n    <div class=\"col\">\n      <div class=\"block-cards__grid block-cards__grid--3\">\n              \n<div class=\"module-cards bucket-cards card-grey card-type-images\">\n    <a target=\"\" href=\"https:\/\/www.cca-acc.com\/fr\/defense-des-interets\/investissements-dans-les-infrastructures\/\"><\/a>    <div class=\"bucket-cards-inner\">\n\n            <div class=\"bucket-cards-image\">\n        <img decoding=\"async\" src=\"https:\/\/www.cca-acc.com\/wp-content\/uploads\/2023\/12\/bucket_infrastructure-investment.jpg\" alt=\"\" \/>\n      <\/div>\n      \n      <div class=\"bucket-cards-content\">\n        <div class=\"bucket-cards-content-inner\">\n          <p class=\"card-content\">Investissements dans les infrastructures<\/p>\n                    <p class=\"card-description\">\u200bUn plan d\u2019infrastructure coh\u00e9rent et \u00e0 long terme qui profite \u00e0 tous les Canadiens et qui tient compte des besoins actuels et futurs des provinces.<\/p>\n                          \n                <\/div>\n\n    <\/div>\n  <\/div>\n<\/div>              \n<div class=\"module-cards bucket-cards card-grey card-type-images\">\n    <a target=\"\" href=\"https:\/\/www.cca-acc.com\/fr\/defense-des-interets\/developpement-de-la-main-doeuvre\/\"><\/a>    <div class=\"bucket-cards-inner\">\n\n            <div class=\"bucket-cards-image\">\n        <img decoding=\"async\" src=\"https:\/\/www.cca-acc.com\/wp-content\/uploads\/2023\/12\/bucket_workforce-development.jpg\" alt=\"\" \/>\n      <\/div>\n      \n      <div class=\"bucket-cards-content\">\n        <div class=\"bucket-cards-content-inner\">\n          <p class=\"card-content\">D\u00e9veloppement de la main-d\u2019\u0153uvre<\/p>\n                    <p class=\"card-description\">Des politiques soutenues par des mesures concr\u00e8tes pour attirer, d\u00e9velopper et retenir les meilleurs talents dans le secteur de la construction.<\/p>\n                          \n                <\/div>\n\n    <\/div>\n  <\/div>\n<\/div>              \n<div class=\"module-cards bucket-cards card-grey card-type-images\">\n    <a target=\"\" href=\"https:\/\/www.cca-acc.com\/fr\/defense-des-interets\/modernisation-de-lapprovisionnement\/\"><\/a>    <div class=\"bucket-cards-inner\">\n\n            <div class=\"bucket-cards-image\">\n        <img decoding=\"async\" src=\"https:\/\/www.cca-acc.com\/wp-content\/uploads\/2023\/12\/bucket_procurement-modernization.jpg\" alt=\"\" \/>\n      <\/div>\n      \n      <div class=\"bucket-cards-content\">\n        <div class=\"bucket-cards-content-inner\">\n          <p class=\"card-content\">Modernisation de l\u2019approvisionnement<\/p>\n                    <p class=\"card-description\">Un processus d\u2019approvisionnement \u00e9quitable pour appuyer l\u2019innovation et le partage des risques.<\/p>\n                          \n                <\/div>\n\n    <\/div>\n  <\/div>\n<\/div>            <\/div>\n    <\/div>\n  <\/div>\n<\/div>\n\n\n<div class=\"is-layout-flow wp-block-group alignfull block-recent-articles\">\n  <div class=\"section section-post-slider\">\n\t\t<div class=\"container header-info\">\n\t\t\t<div class=\"col\">\n\t\t\t\t<h2>D\u00e9veloppements r\u00e9cents<\/h2>        <a class=\"btn desktop\" href=\"\/fr\/plus\/\/?date=all&#038;pluscats=160\">Voir toutes les mises \u00e0 jour<\/a>\n\t\t\t<\/div>\n\t\t<\/div>\n\t\t<div class=\"container\">\n\t\t\t<div class=\"col\">\n\t\t\t\t<div class=\"post-slider\">\n\t\t\t\t<div class=\"swiper-wrapper\">\n\n\t\t\t\t<div class=\"swiper-slide module-cards bucket-cards homepage-posts\"><a href=\"https:\/\/www.cca-acc.com\/fr\/plus\/les-donnees-economiques-indiquent-une-croissance-et-le-budget-2025-laisse-presager-de-nouveaux-investissements-dans-le-secteur-de-la-construction\/\"><\/a><div class=\"bucket-cards-inner\"><div class=\"bucket-cards-image\"><img decoding=\"async\" src=\"https:\/\/www.cca-acc.com\/wp-content\/uploads\/2026\/01\/Econ-report-images6-1.jpg\" alt=\"\" \/><\/div><div class=\"bucket-cards-content\"><div class=\"bucket-cards-content-inner\"><div class=\"bucket-cards-content-details\"><div class=\"card-category-tag\"><p>Advocacy ALERT<\/p><p>ALERTE \u00e0 la d\u00e9fense des int\u00e9r\u00eats<\/p><\/div><div class=\"card-category-date\"><p>January 2026<\/p><\/div><\/div><p class=\"card-content\">Les donn\u00e9es \u00e9conomiques indiquent une croissance et le budget\u00a02025 laisse pr\u00e9sager de nouveaux investissements dans le secteur de la construction<\/p><\/div><\/div><\/div><\/div><div class=\"swiper-slide module-cards bucket-cards homepage-posts\"><a href=\"https:\/\/www.cca-acc.com\/fr\/plus\/retour-au-parlement-ce-que-reserve-lannee-2026-pour-la-construction\/\"><\/a><div class=\"bucket-cards-inner\"><div class=\"bucket-cards-image\"><img decoding=\"async\" src=\"https:\/\/www.cca-acc.com\/wp-content\/uploads\/2026\/01\/GR-note-T.jpg\" alt=\"\" \/><\/div><div class=\"bucket-cards-content\"><div class=\"bucket-cards-content-inner\"><div class=\"bucket-cards-content-details\"><div class=\"card-category-tag\"><p>ALERTE \u00e0 la d\u00e9fense des int\u00e9r\u00eats<\/p><\/div><div class=\"card-category-date\"><p>January 2026<\/p><\/div><\/div><p class=\"card-content\">Retour au Parlement\u00a0: ce que r\u00e9serve l\u2019ann\u00e9e\u00a02026 pour la construction<\/p><\/div><\/div><\/div><\/div><div class=\"swiper-slide module-cards bucket-cards homepage-posts\"><a href=\"https:\/\/www.cca-acc.com\/fr\/plus\/lacc-mobilise-lindustrie-lors-dune-journee-sur-la-colline-qui-bat-tous-les-records\/\"><\/a><div class=\"bucket-cards-inner\"><div class=\"bucket-cards-image\"><img decoding=\"async\" src=\"https:\/\/www.cca-acc.com\/wp-content\/uploads\/2025\/12\/Hill-Day-T-2.jpg\" alt=\"\" \/><\/div><div class=\"bucket-cards-content\"><div class=\"bucket-cards-content-inner\"><div class=\"bucket-cards-content-details\"><div class=\"card-category-tag\"><p>Advocacy ALERT<\/p><p>ALERTE \u00e0 la d\u00e9fense des int\u00e9r\u00eats<\/p><\/div><div class=\"card-category-date\"><p>December 2025<\/p><\/div><\/div><p class=\"card-content\">L\u2019ACC mobilise l\u2019industrie lors d\u2019une Journ\u00e9e sur la Colline qui bat tous les records<\/p><\/div><\/div><\/div><\/div><div class=\"swiper-slide module-cards bucket-cards homepage-posts\"><a href=\"https:\/\/www.cca-acc.com\/fr\/plus\/lacc-renforce-son-engagement-aupres-des-maitres-douvrage-federaux-lors-de-la-premiere-journee-de-lindustrie-mdn-cdc\/\"><\/a><div class=\"bucket-cards-inner\"><div class=\"bucket-cards-image\"><img decoding=\"async\" src=\"https:\/\/www.cca-acc.com\/wp-content\/uploads\/2025\/11\/Industry-day-T.2.jpg\" alt=\"\" \/><\/div><div class=\"bucket-cards-content\"><div class=\"bucket-cards-content-inner\"><div class=\"bucket-cards-content-details\"><div class=\"card-category-tag\"><p>Advocacy ALERT<\/p><p>ALERTE \u00e0 la d\u00e9fense des int\u00e9r\u00eats<\/p><\/div><div class=\"card-category-date\"><p>November 2025<\/p><\/div><\/div><p class=\"card-content\">L\u2019ACC renforce son engagement aupr\u00e8s des ma\u00eetres d\u2019ouvrage f\u00e9d\u00e9raux lors de la premi\u00e8re Journ\u00e9e de l\u2019industrie MDN-CDC<\/p><\/div><\/div><\/div><\/div><div class=\"swiper-slide module-cards bucket-cards homepage-posts\"><a href=\"https:\/\/www.cca-acc.com\/fr\/plus\/la-construction-au-coeur-de-la-croissance-economique-du-canada-lindustrie-accueille-le-budget-2025\/\"><\/a><div class=\"bucket-cards-inner\"><div class=\"bucket-cards-image\"><img decoding=\"async\" src=\"https:\/\/www.cca-acc.com\/wp-content\/uploads\/2025\/11\/Federal-Budget-T.jpg\" alt=\"\" \/><\/div><div class=\"bucket-cards-content\"><div class=\"bucket-cards-content-inner\"><div class=\"bucket-cards-content-details\"><div class=\"card-category-tag\"><p>Advocacy ALERT<\/p><p>ALERTE \u00e0 la d\u00e9fense des int\u00e9r\u00eats<\/p><\/div><div class=\"card-category-date\"><p>November 2025<\/p><\/div><\/div><p class=\"card-content\">La construction au c\u0153ur de la croissance \u00e9conomique du Canada\u00a0: l\u2019industrie accueille le budget\u00a02025<\/p><\/div><\/div><\/div><\/div><div class=\"swiper-slide module-cards bucket-cards homepage-posts\"><a href=\"https:\/\/www.cca-acc.com\/fr\/plus\/des-chaines-dapprovisionnement-aux-enquetes-de-securite-lacc-rencontre-la-fonction-publique-federale\/\"><\/a><div class=\"bucket-cards-inner\"><div class=\"bucket-cards-image\"><img decoding=\"async\" src=\"https:\/\/www.cca-acc.com\/wp-content\/uploads\/2025\/10\/Meech-Lake-T.jpg\" alt=\"\" \/><\/div><div class=\"bucket-cards-content\"><div class=\"bucket-cards-content-inner\"><div class=\"bucket-cards-content-details\"><div class=\"card-category-tag\"><p>Advocacy ALERT<\/p><p>ALERTE \u00e0 la d\u00e9fense des int\u00e9r\u00eats<\/p><\/div><div class=\"card-category-date\"><p>October 2025<\/p><\/div><\/div><p class=\"card-content\">Des cha\u00eenes d&#8217;approvisionnement aux enqu\u00eates de s\u00e9curit\u00e9: l&#8217;ACC rencontre la fonction publique f\u00e9d\u00e9rale<\/p><\/div><\/div><\/div><\/div><div class=\"swiper-slide module-cards bucket-cards homepage-posts\"><a href=\"https:\/\/www.cca-acc.com\/fr\/plus\/point-de-mire-sur-la-construction-la-session-dautomne-du-parlement-prete-a-soutenir-lindustrie\/\"><\/a><div class=\"bucket-cards-inner\"><div class=\"bucket-cards-image\"><img decoding=\"async\" src=\"https:\/\/www.cca-acc.com\/wp-content\/uploads\/2025\/09\/parliament-tile-img-1.jpg\" alt=\"\" \/><\/div><div class=\"bucket-cards-content\"><div class=\"bucket-cards-content-inner\"><div class=\"bucket-cards-content-details\"><div class=\"card-category-tag\"><p>Advocacy ALERT<\/p><p>ALERTE \u00e0 la d\u00e9fense des int\u00e9r\u00eats<\/p><\/div><div class=\"card-category-date\"><p>September 2025<\/p><\/div><\/div><p class=\"card-content\">Point de mire sur la construction\u00a0: la session d\u2019automne du Parlement pr\u00eate \u00e0 soutenir l\u2019industrie\u00a0<\/p><\/div><\/div><\/div><\/div><div class=\"swiper-slide module-cards bucket-cards homepage-posts\"><a href=\"https:\/\/www.cca-acc.com\/fr\/plus\/lindustrie-de-la-construction-estime-que-resoudre-les-problemes-lies-a-la-chaine-dapprovisionnement-aux-marches-publics-et-a-la-main-doeuvre-est-essentiel-a-la-croissance-d\/\"><\/a><div class=\"bucket-cards-inner\"><div class=\"bucket-cards-image\"><img decoding=\"async\" src=\"https:\/\/www.cca-acc.com\/wp-content\/uploads\/2025\/08\/CCA-recommendations-tile-img.jpg\" alt=\"\" \/><\/div><div class=\"bucket-cards-content\"><div class=\"bucket-cards-content-inner\"><div class=\"bucket-cards-content-details\"><div class=\"card-category-tag\"><p>Advocacy ALERT<\/p><p>ALERTE \u00e0 la d\u00e9fense des int\u00e9r\u00eats<\/p><\/div><div class=\"card-category-date\"><p>August 2025<\/p><\/div><\/div><p class=\"card-content\">L\u2019industrie de la construction estime que r\u00e9soudre les probl\u00e8mes li\u00e9s \u00e0 la cha\u00eene d\u2019approvisionnement, aux march\u00e9s publics et \u00e0 la main-d\u2019\u0153uvre est essentiel \u00e0 la croissance du Canada<\/p><\/div><\/div><\/div><\/div><div class=\"swiper-slide module-cards bucket-cards homepage-posts\"><a href=\"https:\/\/www.cca-acc.com\/fr\/plus\/le-cabinet-restructure-et-le-discours-du-trone-indiquent-une-nouvelle-orientation-pour-le-gouvernement\/\"><\/a><div class=\"bucket-cards-inner\"><div class=\"bucket-cards-image\"><img decoding=\"async\" src=\"https:\/\/www.cca-acc.com\/wp-content\/uploads\/2025\/05\/Government-transition-tile-1.jpg\" alt=\"\" \/><\/div><div class=\"bucket-cards-content\"><div class=\"bucket-cards-content-inner\"><div class=\"bucket-cards-content-details\"><div class=\"card-category-tag\"><p>ALERTE \u00e0 la d\u00e9fense des int\u00e9r\u00eats<\/p><\/div><div class=\"card-category-date\"><p>May 2025<\/p><\/div><\/div><p class=\"card-content\">Le cabinet restructur\u00e9 et le discours du Tr\u00f4ne indiquent une nouvelle orientation pour le gouvernement<\/p><\/div><\/div><\/div><\/div><div class=\"swiper-slide module-cards bucket-cards homepage-posts\"><a href=\"https:\/\/www.cca-acc.com\/fr\/plus\/lunion-fait-la-force-comment-la-construction-pour-les-canadiens-a-amplifie-la-voix-de-notre-industrie\/\"><\/a><div class=\"bucket-cards-inner\"><div class=\"bucket-cards-image\"><img decoding=\"async\" src=\"https:\/\/www.cca-acc.com\/wp-content\/uploads\/2025\/05\/Construction4Cdns-fr-tile-img.png\" alt=\"\" \/><\/div><div class=\"bucket-cards-content\"><div class=\"bucket-cards-content-inner\"><div class=\"bucket-cards-content-details\"><div class=\"card-category-tag\"><p>Advocacy ALERT<\/p><p>ALERTE \u00e0 la d\u00e9fense des int\u00e9r\u00eats<\/p><\/div><div class=\"card-category-date\"><p>May 2025<\/p><\/div><\/div><p class=\"card-content\">L\u2019union\u00a0fait la force\u00a0: comment La construction pour les Canadiens a amplifi\u00e9 la voix de notre industrie<\/p><\/div><\/div><\/div><\/div><div class=\"swiper-slide module-cards bucket-cards homepage-posts\"><a href=\"https:\/\/www.cca-acc.com\/fr\/plus\/the-builders-bench-se-demarque-un-vrai-discours-sur-la-construction-et-la-politique\/\"><\/a><div class=\"bucket-cards-inner\"><div class=\"bucket-cards-image\"><img decoding=\"async\" src=\"https:\/\/www.cca-acc.com\/wp-content\/uploads\/2025\/04\/builders-bench-tile-img.jpg\" alt=\"\" \/><\/div><div class=\"bucket-cards-content\"><div class=\"bucket-cards-content-inner\"><div class=\"bucket-cards-content-details\"><div class=\"card-category-tag\"><p>Advocacy ALERT<\/p><p>ALERTE \u00e0 la d\u00e9fense des int\u00e9r\u00eats<\/p><\/div><div class=\"card-category-date\"><p>April 2025<\/p><\/div><\/div><p class=\"card-content\">The Builders\u2019 Bench se d\u00e9marque\u00a0: Un vrai discours sur la construction et la politique<\/p><\/div><\/div><\/div><\/div><div class=\"swiper-slide module-cards bucket-cards homepage-posts\"><a href=\"https:\/\/www.cca-acc.com\/fr\/plus\/le-nouveau-rapport-economique-de-lacc-montre-que-le-secteur-de-la-construction-resiste-bien-aux-pressions-tarifaires-croissantes\/\"><\/a><div class=\"bucket-cards-inner\"><div class=\"bucket-cards-image\"><img decoding=\"async\" src=\"https:\/\/www.cca-acc.com\/wp-content\/uploads\/2025\/04\/econ-report-tile-img-fr.jpg\" alt=\"\" \/><\/div><div class=\"bucket-cards-content\"><div class=\"bucket-cards-content-inner\"><div class=\"bucket-cards-content-details\"><div class=\"card-category-tag\"><p>Advocacy ALERT<\/p><p>ALERTE \u00e0 la d\u00e9fense des int\u00e9r\u00eats<\/p><\/div><div class=\"card-category-date\"><p>April 2025<\/p><\/div><\/div><p class=\"card-content\">Le nouveau rapport \u00e9conomique de l\u2019ACC montre que le secteur de la construction r\u00e9siste bien aux pressions tarifaires croissantes<\/p><\/div><\/div><\/div><\/div>\n\t\t\t\t\t<\/div>\n\t\t\t\t\t<div class=\"swiper-pagination\"><\/div>\n\n\t\t\t\t\t<div class=\"swiper-button-wrapper\">\n\t\t\t\t\t\t<div class=\"swiper-button-prev btn-icon\"><\/div>\n\t\t\t\t\t\t<a class=\"btn mobile\" href=\"\/fr\/plus\/\">Voir tous<\/a>\t\t\t\t\t\t<div class=\"swiper-button-next btn-icon\"><\/div>\n\t\t\t\t\t<\/div>\n\t\t\t\t<\/div>\n\t\t\t<\/div>\n\t\t<\/div>\n\t<\/div>\n<\/div>\n\n\n<div class=\"is-layout-flow wp-block-group alignfull block-cards block-cards--white\">\n\n  \n    <div class=\"container\">\n    <div class=\"col\">\n      <div class=\"block-cards__intro\"><h2><strong>Vous voulez en savoir plus?<\/strong><\/h2>\n<\/div>\n    <\/div>\n  <\/div>\n    <div class=\"container\">\n    <div class=\"col\">\n      <div class=\"block-cards__grid block-cards__grid--2\">\n              \n<div class=\"module-cards bucket-cards card-grey card-type-text\">\n    <a target=\"_blank\" href=\"https:\/\/www.cca-acc.com\/fr\/defense-des-interets\/analyses-economiques\/\"><\/a>    <div class=\"bucket-cards-inner\">\n\n      \n      <div class=\"bucket-cards-content\">\n        <div class=\"bucket-cards-content-inner\">\n          <p class=\"card-content\">Analyses \u00e9conomiques&nbsp;&nbsp;&nbsp;&nbsp;<span class=\"card-content-arrow\"><\/span><\/p>\n                    <p class=\"card-description\">T\u00e9l\u00e9chargez notre plus r\u00e9cent rapport sur les d\u00e9veloppements \u00e9conomiques actuels qui fa\u00e7onnent l\u2019industrie de la construction au Canada. <\/p>\n                          \n                <\/div>\n\n    <\/div>\n  <\/div>\n<\/div>              \n<div class=\"module-cards bucket-cards card-grey card-type-text\">\n    <a target=\"\" href=\"\/fr\/category\/communiques\/\"><\/a>    <div class=\"bucket-cards-inner\">\n\n      \n      <div class=\"bucket-cards-content\">\n        <div class=\"bucket-cards-content-inner\">\n          <p class=\"card-content\">Communiqu\u00e9s de presse&nbsp;&nbsp;&nbsp;&nbsp;<span class=\"card-content-arrow\"><\/span><\/p>\n                    <p class=\"card-description\">Tenez-vous au courant des derni\u00e8res nouvelles de l\u2019Association canadienne de la construction.<\/p>\n                          \n                <\/div>\n\n    <\/div>\n  <\/div>\n<\/div>            <\/div>\n    <\/div>\n  <\/div>\n<\/div>\n\n\n<div class=\"is-layout-flow wp-block-group alignfull block-cards block-cards--white\">\n\n  \n    <div class=\"container\">\n    <div class=\"col\">\n      <div class=\"block-cards__intro\"><h2><strong>Nos campagnes<\/strong><\/h2>\n<\/div>\n    <\/div>\n  <\/div>\n    <div class=\"container\">\n    <div class=\"col\">\n      <div class=\"block-cards__grid block-cards__grid--3\">\n              \n<div class=\"module-cards bucket-cards card-grey card-type-images\">\n    <a target=\"_blank\" href=\"https:\/\/www.cca-acc.com\/fr\/defense-des-interets\/ce-ne-sont-pas-les-promesses-qui-batissent-leconomie-cest-la-construction\/\"><\/a>    <div class=\"bucket-cards-inner\">\n\n            <div class=\"bucket-cards-image\">\n        <img decoding=\"async\" src=\"https:\/\/www.cca-acc.com\/wp-content\/uploads\/2024\/11\/Hill-Day-hero-image.png\" alt=\"\" \/>\n      <\/div>\n      \n      <div class=\"bucket-cards-content\">\n        <div class=\"bucket-cards-content-inner\">\n          <p class=\"card-content\">Ce ne sont pas les promesses qui b\u00e2tissent l\u2019\u00e9conomie \u2013 c\u2019est la construction.<\/p>\n                    <p class=\"card-description\">D\u00e9couvrez ce que notre industrie d\u00e9fend lors de la Journ\u00e9e sur la Colline 2024 de l&#8217;ACC.<\/p>\n                          \n                <\/div>\n\n    <\/div>\n  <\/div>\n<\/div>              \n<div class=\"module-cards bucket-cards card-grey card-type-images\">\n    <a target=\"_blank\" href=\"https:\/\/www.cca-acc.com\/wp-content\/uploads\/2024\/08\/ACC-Climate-resilience-in-construction-F.pdf\"><\/a>    <div class=\"bucket-cards-inner\">\n\n            <div class=\"bucket-cards-image\">\n        <img decoding=\"async\" src=\"https:\/\/www.cca-acc.com\/wp-content\/uploads\/2024\/09\/CCA-Climate-resilience-report-hero.jpg\" alt=\"\" \/>\n      <\/div>\n      \n      <div class=\"bucket-cards-content\">\n        <div class=\"bucket-cards-content-inner\">\n          <p class=\"card-content\">R\u00e9silience climatique en construction : B\u00e2tir pour un avenir durable<\/p>\n                    <p class=\"card-description\">L\u2019industrie canadienne de la construction publie un rapport sur la r\u00e9silience climatique<\/p>\n                          \n                <\/div>\n\n    <\/div>\n  <\/div>\n<\/div>              \n<div class=\"module-cards bucket-cards card-grey card-type-images\">\n    <a target=\"_blank\" href=\"https:\/\/www.letalentasaplaceici.ca\/\"><\/a>    <div class=\"bucket-cards-inner\">\n\n            <div class=\"bucket-cards-image\">\n        <img decoding=\"async\" src=\"https:\/\/www.cca-acc.com\/wp-content\/uploads\/2023\/12\/bucket_talent-fits-here.jpg\" alt=\"\" \/>\n      <\/div>\n      \n      <div class=\"bucket-cards-content\">\n        <div class=\"bucket-cards-content-inner\">\n          <p class=\"card-content\">Le talent a sa place ici<\/p>\n                    <p class=\"card-description\">D\u00e9couvrez comment l\u2019industrie incite une nouvelle g\u00e9n\u00e9ration de travailleurs \u00e0 joindre ses rangs. <\/p>\n                          \n                <\/div>\n\n    <\/div>\n  <\/div>\n<\/div>            <\/div>\n    <\/div>\n  <\/div>\n<\/div>\n\n\n<div class=\"is-layout-flow wp-block-group alignfull block-cta block-cta--purple-motif\">\n\n    <div class=\"block-cta__motif\">\n    <svg xmlns=\"http:\/\/www.w3.org\/2000\/svg\" width=\"527.292\" height=\"547.292\" viewBox=\"0 0 527.292 547.292\">\n      <path d=\"M491.99,410.507a280.341,280.341,0,0,0,35.3-136.861C527.29,122.515,409.251,0,263.644,0S0,122.515,0,273.646A280.341,280.341,0,0,0,35.3,410.507l0,0h0c45.591,81.768,130.776,136.783,228.344,136.783S446.4,492.277,491.988,410.509h0ZM449.8,80.429c49.724,51.61,77.107,120.229,77.107,193.216a279.6,279.6,0,0,1-35.1,136.525L263.868.4C334.1.461,400.129,28.875,449.8,80.429Zm41.528,329.682H35.96L263.644.795ZM.381,273.646c0-72.988,27.384-141.607,77.107-193.216C127.16,28.875,193.186.461,263.422.4L35.485,410.171A279.624,279.624,0,0,1,.381,273.646ZM449.8,466.862c-49.724,51.61-115.835,80.032-186.156,80.032S127.212,518.472,77.488,466.862a273.8,273.8,0,0,1-41.811-56.354H491.613A273.8,273.8,0,0,1,449.8,466.862Z\" transform=\"translate(0.002)\" fill=\"#fff\"\/>\n    <\/svg>\n  <\/div>\n  \n  <div class=\"wp-block-group__inner-container\">\n    <p class=\"text-center\">Consultez nos campagnes pr\u00e9c\u00e9dentes <\/p>\n    <div class=\"button_center\"><a class=\"btn-white outlined\" href=\"https:\/\/www.cca-acc.com\/fr\/defense-des-interets\/nos-campagnes-precedentes\/\">Campagnes pr\u00e9c\u00e9dentes<\/a><\/div>\n  <\/div>\n<\/div>","protected":false},"excerpt":{"rendered":"","protected":false},"author":1,"featured_media":73012,"parent":0,"menu_order":0,"comment_status":"closed","ping_status":"closed","template":"","meta":{"_acf_changed":false,"footnotes":""},"class_list":["post-15874","page","type-page","status-publish","has-post-thumbnail","hentry"],"acf":[],"_links":{"self":[{"href":"https:\/\/www.cca-acc.com\/fr\/wp-json\/wp\/v2\/pages\/15874","targetHints":{"allow":["GET"]}}],"collection":[{"href":"https:\/\/www.cca-acc.com\/fr\/wp-json\/wp\/v2\/pages"}],"about":[{"href":"https:\/\/www.cca-acc.com\/fr\/wp-json\/wp\/v2\/types\/page"}],"author":[{"embeddable":true,"href":"https:\/\/www.cca-acc.com\/fr\/wp-json\/wp\/v2\/users\/1"}],"replies":[{"embeddable":true,"href":"https:\/\/www.cca-acc.com\/fr\/wp-json\/wp\/v2\/comments?post=15874"}],"version-history":[{"count":34,"href":"https:\/\/www.cca-acc.com\/fr\/wp-json\/wp\/v2\/pages\/15874\/revisions"}],"predecessor-version":[{"id":73009,"href":"https:\/\/www.cca-acc.com\/fr\/wp-json\/wp\/v2\/pages\/15874\/revisions\/73009"}],"wp:featuredmedia":[{"embeddable":true,"href":"https:\/\/www.cca-acc.com\/fr\/wp-json\/wp\/v2\/media\/73012"}],"wp:attachment":[{"href":"https:\/\/www.cca-acc.com\/fr\/wp-json\/wp\/v2\/media?parent=15874"}],"curies":[{"name":"wp","href":"https:\/\/api.w.org\/{rel}","templated":true}]}}