{"id":15881,"date":"2020-06-09T14:10:06","date_gmt":"2020-06-09T14:10:06","guid":{"rendered":"https:\/\/www.cca-acc.com\/defense-des-interets\/impliquez-vous\/cdnconstructiongives\/"},"modified":"2024-01-10T10:17:07","modified_gmt":"2024-01-10T15:17:07","slug":"constructioncanredonne","status":"publish","type":"page","link":"https:\/\/www.cca-acc.com\/fr\/defense-des-interets\/impliquez-vous\/constructioncanredonne\/","title":{"rendered":"#ConstructionCANRedonne"},"content":{"rendered":"\n<h2 class=\"wp-block-heading\">Rehausser l\u2019image de l\u2019industrie avec le mot-clic #ConstructionCANRedonne<\/h2>\n\n\n\n<p>Les entreprises de construction ont pour mission de b\u00e2tir des collectivit\u00e9s, mais elles se font aussi un devoir de les appuyer. La g\u00e9n\u00e9rosit\u00e9 dont fait preuve notre industrie est remarquable. De fait, les collectes de denr\u00e9es alimentaires, les initiatives de collecte de fonds et bien d\u2019autres activit\u00e9s de bienfaisance d\u00e9montrent sans contredit que nous nous soucions de nos communaut\u00e9s.<\/p>\n\n\n\n<h3 class=\"wp-block-heading has-text-align-center\">#ConsructionCANRedonne<\/h3>\n\n\n\n<div class=\"wp-block-columns is-layout-flex wp-container-core-columns-is-layout-9d6595d7 wp-block-columns-is-layout-flex\">\n<div class=\"wp-block-column is-layout-flow wp-block-column-is-layout-flow\">\n<figure class=\"wp-block-image size-large\"><img loading=\"lazy\" decoding=\"async\" width=\"628\" height=\"743\" src=\"https:\/\/www.cca-acc.com\/wp-content\/uploads\/2020\/09\/CDNgives-CANS-1.png\" alt=\"\" class=\"wp-image-17438\" srcset=\"https:\/\/www.cca-acc.com\/wp-content\/uploads\/2020\/09\/CDNgives-CANS-1.png 628w, https:\/\/www.cca-acc.com\/wp-content\/uploads\/2020\/09\/CDNgives-CANS-1-600x710.png 600w, https:\/\/www.cca-acc.com\/wp-content\/uploads\/2020\/09\/CDNgives-CANS-1-254x300.png 254w\" sizes=\"auto, (max-width: 628px) 100vw, 628px\" \/><\/figure>\n<\/div>\n\n\n\n<div class=\"wp-block-column is-layout-flow wp-block-column-is-layout-flow\">\n<figure class=\"wp-block-image size-large\"><img loading=\"lazy\" decoding=\"async\" width=\"633\" height=\"838\" src=\"https:\/\/www.cca-acc.com\/wp-content\/uploads\/2020\/09\/CDNgives-VRCA-1.png\" alt=\"\" class=\"wp-image-17440\" srcset=\"https:\/\/www.cca-acc.com\/wp-content\/uploads\/2020\/09\/CDNgives-VRCA-1.png 633w, https:\/\/www.cca-acc.com\/wp-content\/uploads\/2020\/09\/CDNgives-VRCA-1-600x794.png 600w, https:\/\/www.cca-acc.com\/wp-content\/uploads\/2020\/09\/CDNgives-VRCA-1-227x300.png 227w\" sizes=\"auto, (max-width: 633px) 100vw, 633px\" \/><\/figure>\n<\/div>\n\n\n\n<div class=\"wp-block-column is-layout-flow wp-block-column-is-layout-flow\">\n<figure class=\"wp-block-image size-large\"><img loading=\"lazy\" decoding=\"async\" width=\"631\" height=\"537\" src=\"https:\/\/www.cca-acc.com\/wp-content\/uploads\/2020\/09\/CDNgives-Westcor-1.png\" alt=\"\" class=\"wp-image-17442\" srcset=\"https:\/\/www.cca-acc.com\/wp-content\/uploads\/2020\/09\/CDNgives-Westcor-1.png 631w, https:\/\/www.cca-acc.com\/wp-content\/uploads\/2020\/09\/CDNgives-Westcor-1-600x511.png 600w, https:\/\/www.cca-acc.com\/wp-content\/uploads\/2020\/09\/CDNgives-Westcor-1-300x255.png 300w\" sizes=\"auto, (max-width: 631px) 100vw, 631px\" \/><\/figure>\n<\/div>\n<\/div>\n\n\n\n<p>L\u2019Association canadienne de la construction (ACC) profite de chaque occasion pour d\u00e9montrer au gouvernement et au public la valeur incroyable que nos membres apportent \u00e0 leur ville, au-del\u00e0 des projets sur lesquels ils travaillent.<\/p>\n\n\n\n<p>La campagne #ConstructionCANRedonne de l\u2019ACC met en lumi\u00e8re le travail exceptionnel que les entreprises, les particuliers et les associations partenaires dans l\u2019ensemble du pays accomplissent dans leur r\u00e9gion respective. Ensemble, avec l\u2019engagement de nos associations locales de la construction, nous rehaussons sans cesse le profil de l\u2019industrie en d\u00e9montrant que notre secteur est soucieux de ses responsabilit\u00e9s sociales et est un employeur de choix.<\/p>\n\n\n\n<p>Nous avons besoin de votre aide pour montrer comment l\u2019industrie canadienne de la construction appuie volontairement et g\u00e9n\u00e9reusement les communaut\u00e9s partout au pays. Utilisez le mot-clic #ConstructionCANRedonne lorsque vous diffusez des gazouillis pour souligner vos initiatives communautaires.&nbsp;<\/p>\n\n\n\n<div class=\"wp-block-group\"><div class=\"wp-block-group__inner-container is-layout-flow wp-block-group-is-layout-flow\">\n<p class=\"has-text-align-center\"><strong>Joignez-vous \u00e0 la conversation.<\/strong><br><strong>#ConstructionCANRedonne<\/strong><\/p>\n<\/div><\/div>\n\n\n<div class=\"wp-block-image\">\n<figure class=\"aligncenter size-large\"><img loading=\"lazy\" decoding=\"async\" width=\"1024\" height=\"238\" src=\"https:\/\/www.cca-acc.com\/wp-content\/uploads\/2020\/10\/LunchBoxChallenge-compile-1024x238.jpg\" alt=\"\" class=\"wp-image-17863\" srcset=\"https:\/\/www.cca-acc.com\/wp-content\/uploads\/2020\/10\/LunchBoxChallenge-compile-1024x238.jpg 1024w, https:\/\/www.cca-acc.com\/wp-content\/uploads\/2020\/10\/LunchBoxChallenge-compile-600x140.jpg 600w, https:\/\/www.cca-acc.com\/wp-content\/uploads\/2020\/10\/LunchBoxChallenge-compile-300x70.jpg 300w, https:\/\/www.cca-acc.com\/wp-content\/uploads\/2020\/10\/LunchBoxChallenge-compile-768x179.jpg 768w, https:\/\/www.cca-acc.com\/wp-content\/uploads\/2020\/10\/LunchBoxChallenge-compile-1536x357.jpg 1536w, https:\/\/www.cca-acc.com\/wp-content\/uploads\/2020\/10\/LunchBoxChallenge-compile-1200x279.jpg 1200w, https:\/\/www.cca-acc.com\/wp-content\/uploads\/2020\/10\/LunchBoxChallenge-compile-1980x460.jpg 1980w, https:\/\/www.cca-acc.com\/wp-content\/uploads\/2020\/10\/LunchBoxChallenge-compile.jpg 2000w\" sizes=\"auto, (max-width: 1024px) 100vw, 1024px\" \/><\/figure>\n<\/div>","protected":false},"excerpt":{"rendered":"<p>Rehausser l\u2019image de l\u2019industrie avec le mot-clic #ConstructionCANRedonne Les entreprises de construction ont pour mission de b\u00e2tir des collectivit\u00e9s, mais elles se font aussi un devoir de les appuyer. La g\u00e9n\u00e9rosit\u00e9 dont fait preuve notre industrie est remarquable. De fait, les collectes de denr\u00e9es alimentaires, les initiatives de collecte de fonds et bien d\u2019autres activit\u00e9s [&hellip;]<\/p>\n","protected":false},"author":1,"featured_media":0,"parent":15876,"menu_order":1,"comment_status":"closed","ping_status":"closed","template":"","meta":{"_acf_changed":false,"footnotes":""},"class_list":["post-15881","page","type-page","status-publish","hentry"],"acf":[],"_links":{"self":[{"href":"https:\/\/www.cca-acc.com\/fr\/wp-json\/wp\/v2\/pages\/15881","targetHints":{"allow":["GET"]}}],"collection":[{"href":"https:\/\/www.cca-acc.com\/fr\/wp-json\/wp\/v2\/pages"}],"about":[{"href":"https:\/\/www.cca-acc.com\/fr\/wp-json\/wp\/v2\/types\/page"}],"author":[{"embeddable":true,"href":"https:\/\/www.cca-acc.com\/fr\/wp-json\/wp\/v2\/users\/1"}],"replies":[{"embeddable":true,"href":"https:\/\/www.cca-acc.com\/fr\/wp-json\/wp\/v2\/comments?post=15881"}],"version-history":[{"count":1,"href":"https:\/\/www.cca-acc.com\/fr\/wp-json\/wp\/v2\/pages\/15881\/revisions"}],"predecessor-version":[{"id":47437,"href":"https:\/\/www.cca-acc.com\/fr\/wp-json\/wp\/v2\/pages\/15881\/revisions\/47437"}],"up":[{"embeddable":true,"href":"https:\/\/www.cca-acc.com\/fr\/wp-json\/wp\/v2\/pages\/15876"}],"wp:attachment":[{"href":"https:\/\/www.cca-acc.com\/fr\/wp-json\/wp\/v2\/media?parent=15881"}],"curies":[{"name":"wp","href":"https:\/\/api.w.org\/{rel}","templated":true}]}}