{"id":15886,"date":"2020-06-09T14:08:39","date_gmt":"2020-06-09T14:08:39","guid":{"rendered":"https:\/\/www.cca-acc.com\/defense-des-interets\/critical-issues\/"},"modified":"2025-03-21T10:28:51","modified_gmt":"2025-03-21T14:28:51","slug":"campagnes-precedentes","status":"publish","type":"page","link":"https:\/\/www.cca-acc.com\/fr\/defense-des-interets\/campagnes-precedentes\/","title":{"rendered":"Campagnes pr\u00e9c\u00e9dentes"},"content":{"rendered":"\n<p>En travaillant de concert avec nos membres et nos partenaires pour susciter des changements qui renforcent le secteur tout en contribuant de mani\u00e8re positive \u00e0 nos communaut\u00e9s \u00e0 l\u2019\u00e9chelle du Canada, l\u2019ACC a lanc\u00e9 plusieurs campagnes au fil des ans pour renforcer notre message au gouvernement.<\/p>\n\n\n\n<div class=\"wp-block-group alignfull callout-bucket-group\"><div class=\"wp-block-group__inner-container is-layout-flow wp-block-group-is-layout-flow\">\n<div class=\"wp-block-columns alignfull is-layout-flex wp-container-core-columns-is-layout-9d6595d7 wp-block-columns-is-layout-flex\">\n<div class=\"wp-block-column is-layout-flow wp-block-column-is-layout-flow\">\n<div class=\"wp-block-columns is-layout-flex wp-container-core-columns-is-layout-9d6595d7 wp-block-columns-is-layout-flex\">\n<div class=\"wp-block-column is-layout-flow wp-block-column-is-layout-flow\">\t<div data-aos=\"fade-up\" style=\"width: 100%;\">\n\t\t<div class=\"bucket-sm-2 cca_purple\">\n\t\t\t<div class=\"background-image\" style=\"background-image: url(\/wp-content\/uploads\/2020\/10\/GettyImages-1256186598.jpg)\"><\/div>\n\t\t\t<a href=\"https:\/\/www.cca-acc.com\/fr\/defense-des-interets\/campagnes-precedentes\/besoin-de-travailleurs-maintenant\/\">\n\t\t\t\t<div class=\"box-inner\">\n\t\t\t\t\t<h4 class=\"white-text\" style=\"margin: 0px;\">Reb\u00e2tir la main-d\u2019\u0153uvre du Canada d\u00e8s MAINTENANT<\/h4>\n\t\t\t\t\t<p class=\"white-text\"><\/p>\n\t\t\t\t\t\n\t\t\t\t\t\n\t\t\t\t\t\t<button class=\"btn-white hover-btn\" style=\"color: #582c83;\">Pour en savoir plus<\/button>\n\t\t\t\t\t\n\t\t\t\t<\/div>\n\t\t\t<\/a>\n\t\t<\/div>\n\t<\/div>\n\n\n<\/div>\n\n\n\n<div class=\"wp-block-column is-layout-flow wp-block-column-is-layout-flow\">\t<div data-aos=\"fade-up\" style=\"width: 100%;\">\n\t\t<div class=\"bucket-sm-2 cca_red\">\n\t\t\t<div class=\"background-image\" style=\"background-image: url(\/wp-content\/uploads\/2020\/10\/GettyImages-1206539590.jpg)\"><\/div>\n\t\t\t<a href=\"https:\/\/www.cca-acc.com\/fr\/defense-des-interets\/campagnes-precedentes\/investir-dans-le-canada\/\">\n\t\t\t\t<div class=\"box-inner\">\n\t\t\t\t\t<h4 class=\"white-text\" style=\"margin: 0px;\">Investir dans le Canada<\/h4>\n\t\t\t\t\t<p class=\"white-text\"><\/p>\n\t\t\t\t\t\n\t\t\t\t\t\n\t\t\t\t\t\t<button class=\"btn-white hover-btn\" style=\"color: #c8102e;\">Pour en savoir plus<\/button>\n\t\t\t\t\t\n\t\t\t\t<\/div>\n\t\t\t<\/a>\n\t\t<\/div>\n\t<\/div>\n\n\n<\/div>\n<\/div>\n<\/div>\n\n\n\n<div class=\"wp-block-column is-layout-flow wp-block-column-is-layout-flow\">\n<div class=\"wp-block-columns is-layout-flex wp-container-core-columns-is-layout-9d6595d7 wp-block-columns-is-layout-flex\">\n<div class=\"wp-block-column is-layout-flow wp-block-column-is-layout-flow\">\t<div data-aos=\"fade-up\" style=\"width: 100%;\">\n\t\t<div class=\"bucket-sm-2 cca_blue\">\n\t\t\t<div class=\"background-image\" style=\"background-image: url(\/wp-content\/uploads\/2020\/10\/GettyImages-1178346537.jpg)\"><\/div>\n\t\t\t<a href=\"https:\/\/www.cca-acc.com\/fr\/defense-des-interets\/impliquez-vous\/constructioncanredonne\/\">\n\t\t\t\t<div class=\"box-inner\">\n\t\t\t\t\t<h4 class=\"white-text\" style=\"margin: 0px;\">#CanadianConstructionGives<\/h4>\n\t\t\t\t\t<p class=\"white-text\"><\/p>\n\t\t\t\t\t\n\t\t\t\t\t\n\t\t\t\t\t\t<button class=\"btn-white hover-btn\" style=\"color: #426da9;\">Pour en savoir plus<\/button>\n\t\t\t\t\t\n\t\t\t\t<\/div>\n\t\t\t<\/a>\n\t\t<\/div>\n\t<\/div>\n\n\n<\/div>\n\n\n\n<div class=\"wp-block-column is-layout-flow wp-block-column-is-layout-flow\">\t<div data-aos=\"fade-up\" style=\"width: 100%;\">\n\t\t<div class=\"bucket-sm-2 cca_grey\">\n\t\t\t<div class=\"background-image\" style=\"background-image: url()\"><\/div>\n\t\t\t<a href=\"\">\n\t\t\t\t<div class=\"box-inner\">\n\t\t\t\t\t<h4 class=\"white-text\" style=\"margin: 0px;\"><\/h4>\n\t\t\t\t\t<p class=\"white-text\"><\/p>\n\t\t\t\t\t\n\t\t\t\t\t\n\t\t\t\t\t\t<button class=\"btn-white hover-btn\" style=\"color: #4d4d4f;\">Pour en savoir plus<\/button>\n\t\t\t\t\t\n\t\t\t\t<\/div>\n\t\t\t<\/a>\n\t\t<\/div>\n\t<\/div>\n\n\n<\/div>\n<\/div>\n<\/div>\n<\/div>\n<\/div><\/div>\n","protected":false},"excerpt":{"rendered":"<p>En travaillant de concert avec nos membres et nos partenaires pour susciter des changements qui renforcent le secteur tout en contribuant de mani\u00e8re positive \u00e0 nos communaut\u00e9s \u00e0 l\u2019\u00e9chelle du Canada, l\u2019ACC a lanc\u00e9 plusieurs campagnes au fil des ans pour renforcer notre message au gouvernement.<\/p>\n","protected":false},"author":1,"featured_media":0,"parent":15874,"menu_order":1,"comment_status":"closed","ping_status":"closed","template":"","meta":{"_acf_changed":false,"footnotes":""},"class_list":["post-15886","page","type-page","status-publish","hentry"],"acf":[],"_links":{"self":[{"href":"https:\/\/www.cca-acc.com\/fr\/wp-json\/wp\/v2\/pages\/15886","targetHints":{"allow":["GET"]}}],"collection":[{"href":"https:\/\/www.cca-acc.com\/fr\/wp-json\/wp\/v2\/pages"}],"about":[{"href":"https:\/\/www.cca-acc.com\/fr\/wp-json\/wp\/v2\/types\/page"}],"author":[{"embeddable":true,"href":"https:\/\/www.cca-acc.com\/fr\/wp-json\/wp\/v2\/users\/1"}],"replies":[{"embeddable":true,"href":"https:\/\/www.cca-acc.com\/fr\/wp-json\/wp\/v2\/comments?post=15886"}],"version-history":[{"count":7,"href":"https:\/\/www.cca-acc.com\/fr\/wp-json\/wp\/v2\/pages\/15886\/revisions"}],"predecessor-version":[{"id":64548,"href":"https:\/\/www.cca-acc.com\/fr\/wp-json\/wp\/v2\/pages\/15886\/revisions\/64548"}],"up":[{"embeddable":true,"href":"https:\/\/www.cca-acc.com\/fr\/wp-json\/wp\/v2\/pages\/15874"}],"wp:attachment":[{"href":"https:\/\/www.cca-acc.com\/fr\/wp-json\/wp\/v2\/media?parent=15886"}],"curies":[{"name":"wp","href":"https:\/\/api.w.org\/{rel}","templated":true}]}}