{"id":15902,"date":"2020-06-09T14:11:57","date_gmt":"2020-06-09T14:11:57","guid":{"rendered":"https:\/\/www.cca-acc.com\/defense-des-interets\/enjeux-importants\/construction4cdns\/innovation\/"},"modified":"2020-11-24T11:48:02","modified_gmt":"2020-11-24T16:48:02","slug":"innovation","status":"publish","type":"page","link":"https:\/\/www.cca-acc.com\/fr\/defense-des-interets\/campagnes-precedentes\/construction4cdns\/innovation\/","title":{"rendered":"Innovation"},"content":{"rendered":"\n<div class=\"wp-block-columns is-layout-flex wp-container-core-columns-is-layout-9d6595d7 wp-block-columns-is-layout-flex\">\n<div class=\"wp-block-column is-layout-flow wp-block-column-is-layout-flow\">\n<h2 class=\"wp-block-heading\">Mesure requise<\/h2>\n\n\n\n<p>L\u2019industrie a besoin de financement du gouvernement f\u00e9d\u00e9ral pour appuyer l\u2019adoption de l\u2019innovation et de la technologie, ainsi que de politiques qui encouragent l\u2019innovation par rapport aux offres les plus basses dans les propositions de projets.<\/p>\n<\/div>\n\n\n\n<div class=\"wp-block-column is-layout-flow wp-block-column-is-layout-flow\">\n<figure class=\"wp-block-image size-large\"><img loading=\"lazy\" decoding=\"async\" width=\"1024\" height=\"576\" src=\"https:\/\/www.cca-acc.com\/wp-content\/uploads\/2020\/08\/cca-placeholder-aug-5-1024x576.jpg\" alt=\"\" class=\"wp-image-16807\" srcset=\"https:\/\/www.cca-acc.com\/wp-content\/uploads\/2020\/08\/cca-placeholder-aug-5-1024x576.jpg 1024w, https:\/\/www.cca-acc.com\/wp-content\/uploads\/2020\/08\/cca-placeholder-aug-5-600x338.jpg 600w, https:\/\/www.cca-acc.com\/wp-content\/uploads\/2020\/08\/cca-placeholder-aug-5-300x169.jpg 300w, https:\/\/www.cca-acc.com\/wp-content\/uploads\/2020\/08\/cca-placeholder-aug-5-768x432.jpg 768w, https:\/\/www.cca-acc.com\/wp-content\/uploads\/2020\/08\/cca-placeholder-aug-5-1536x864.jpg 1536w, https:\/\/www.cca-acc.com\/wp-content\/uploads\/2020\/08\/cca-placeholder-aug-5-1200x675.jpg 1200w, https:\/\/www.cca-acc.com\/wp-content\/uploads\/2020\/08\/cca-placeholder-aug-5.jpg 1600w\" sizes=\"auto, (max-width: 1024px) 100vw, 1024px\" \/><\/figure>\n<\/div>\n<\/div>\n\n\n\n<h3 class=\"wp-block-heading\">Contexte<\/h3>\n\n\n\n<ul class=\"wp-block-list\"><li>L\u2019industrie canadienne de la construction emploie plus de 1,4 million de Canadiens qui travaillent \u00e0 b\u00e2tir un Canada meilleur gr\u00e2ce \u00e0 de nouvelles technologies, \u00e0 des id\u00e9es novatrices et \u00e0 une main-d\u2019\u0153uvre diversifi\u00e9e. Comme environ 21 % des travailleurs de la construction prendront leur retraite au cours de la prochaine d\u00e9cennie, l\u2019industrie est \u00e0 la recherche d\u2019une main-d\u2019\u0153uvre qui fait preuve de cr\u00e9ativit\u00e9 et qui est comp\u00e9tente sur le plan technologique pour b\u00e2tir les collectivit\u00e9s connect\u00e9es de l\u2019avenir.<\/li><li>Outre les progr\u00e8s technologiques, notamment l\u2019intelligence artificielle, les drones et les exosquelettes, l\u2019innovation se produit aussi dans les modes de r\u00e9alisation de projet. L\u2019impact de ces changements sera profond et se traduira par une r\u00e9duction des d\u00e9chets, une durabilit\u00e9 accrue et des installations \u00ab\u00a0intelligentes\u00a0\u00bb sur le plan \u00e9nerg\u00e9tique.<\/li><li>L\u2019ACC et ses membres sont impatients de tirer parti des avantages de la technologie et de l\u2019innovation pour am\u00e9liorer la s\u00e9curit\u00e9, r\u00e9duire les d\u00e9chets, cr\u00e9er des infrastructures durables et accro\u00eetre la productivit\u00e9 en g\u00e9n\u00e9ral. Nous cherchons \u00e0 \u00e9tablir des partenariats avec tous les ordres de gouvernement, le milieu universitaire et l\u2019industrie, afin de faire avancer ces priorit\u00e9s ainsi que de sensibiliser les personnes \u0153uvrant dans l\u2019industrie de la construction aux technologies et d\u2019accro\u00eetre leur acc\u00e8s \u00e0 celles-ci.<\/li><\/ul>\n\n\n\n<h3 class=\"wp-block-heading\">Message de l\u2019ACC<\/h3>\n\n\n\n<ul class=\"wp-block-list\"><li>Compte tenu des progr\u00e8s technologiques et des changements dans les m\u00e9thodes de b\u00e2tir et de r\u00e9aliser des projets, le gouvernement f\u00e9d\u00e9ral doit jouer un r\u00f4le de premier plan et affecter des fonds afin de stimuler l\u2019innovation de classe mondiale et la collaboration \u00e0 grande \u00e9chelle pour augmenter la productivit\u00e9, renforcer la comp\u00e9titivit\u00e9 du Canada et favoriser le d\u00e9veloppement durable.<\/li><li>L\u2019ACC encourage l\u2019\u00e9tablissement de partenariats \u00e0 l\u2019\u00e9chelle de l\u2019industrie pour stimuler l\u2019innovation afin d\u2019am\u00e9liorer la productivit\u00e9, la s\u00e9curit\u00e9 et la rentabilit\u00e9 dans l\u2019industrie et de contribuer \u00e0 b\u00e2tir des collectivit\u00e9s durables. Nous cherchons \u00e9galement \u00e0 appuyer la recherche et le d\u00e9veloppement (R et D) ax\u00e9s sur l\u2019industrie pour s\u2019attaquer aux d\u00e9fis et aux obstacles de l\u2019industrie afin de favoriser la modernisation gr\u00e2ce \u00e0 la collaboration, dans le but de positionner l\u2019industrie canadienne de la construction au rang de chef de file mondial en mati\u00e8re d\u2019innovation.<\/li><li>Des investissements favorisant des avancements dans notre industrie contribueront \u00e0 am\u00e9liorer de fa\u00e7on directe et tangible l\u2019\u00e9conomie canadienne. L\u2019industrie a besoin de financement et d\u2019incitatifs pour des programmes qui encourageront les entreprises de toutes tailles, en particulier les PME, \u00e0 acc\u00e9der aux technologies \u00e9mergentes et durables et \u00e0 les adopter.<\/li><\/ul>\n\n\n\n<div class=\"wp-block-group alignfull has-ccp-light-gray-background-color has-background\"><div class=\"wp-block-group__inner-container is-layout-flow wp-block-group-is-layout-flow\">\n<p><strong><strong>Pour en savoir plus<\/strong><\/strong><\/p>\n\n\n\n<ul class=\"wp-block-list\"><li><a rel=\"noreferrer noopener\" href=\"\/wp-content\/uploads\/2019\/10\/ACC-2019-Consultation-Pre-Budgetaire-F.pdf\" target=\"_blank\">M\u00e9moire de l\u2019ACC pr\u00e9sent\u00e9 au Comit\u00e9 des finances en vue du budget f\u00e9d\u00e9ral de 2020<\/a><\/li><li><a href=\"\/wp-content\/uploads\/2020\/08\/CCA-Hill-at-Home-CampaignKit-FR-6-19-2019.pdf\" target=\"_blank\" rel=\"noreferrer noopener\">Trousse d\u2019information pour la campagne Le Parlement chez vous de 2019<\/a><\/li><\/ul>\n<\/div><\/div>\n","protected":false},"excerpt":{"rendered":"<p>Mesure requise L\u2019industrie a besoin de financement du gouvernement f\u00e9d\u00e9ral pour appuyer l\u2019adoption de l\u2019innovation et de la technologie, ainsi que de politiques qui encouragent l\u2019innovation par rapport aux offres les plus basses dans les propositions de projets. Contexte L\u2019industrie canadienne de la construction emploie plus de 1,4 million de Canadiens qui travaillent \u00e0 b\u00e2tir [&hellip;]<\/p>\n","protected":false},"author":1,"featured_media":0,"parent":15892,"menu_order":2,"comment_status":"closed","ping_status":"closed","template":"","meta":{"_acf_changed":false,"footnotes":""},"class_list":["post-15902","page","type-page","status-publish","hentry"],"acf":[],"_links":{"self":[{"href":"https:\/\/www.cca-acc.com\/fr\/wp-json\/wp\/v2\/pages\/15902","targetHints":{"allow":["GET"]}}],"collection":[{"href":"https:\/\/www.cca-acc.com\/fr\/wp-json\/wp\/v2\/pages"}],"about":[{"href":"https:\/\/www.cca-acc.com\/fr\/wp-json\/wp\/v2\/types\/page"}],"author":[{"embeddable":true,"href":"https:\/\/www.cca-acc.com\/fr\/wp-json\/wp\/v2\/users\/1"}],"replies":[{"embeddable":true,"href":"https:\/\/www.cca-acc.com\/fr\/wp-json\/wp\/v2\/comments?post=15902"}],"version-history":[{"count":0,"href":"https:\/\/www.cca-acc.com\/fr\/wp-json\/wp\/v2\/pages\/15902\/revisions"}],"up":[{"embeddable":true,"href":"https:\/\/www.cca-acc.com\/fr\/wp-json\/wp\/v2\/pages\/15892"}],"wp:attachment":[{"href":"https:\/\/www.cca-acc.com\/fr\/wp-json\/wp\/v2\/media?parent=15902"}],"curies":[{"name":"wp","href":"https:\/\/api.w.org\/{rel}","templated":true}]}}