{"id":15917,"date":"2020-06-23T18:44:23","date_gmt":"2020-06-23T18:44:23","guid":{"rendered":"https:\/\/www.cca-acc.com\/member-services\/"},"modified":"2023-11-13T09:10:20","modified_gmt":"2023-11-13T14:10:20","slug":"services-aux-membres","status":"publish","type":"page","link":"https:\/\/www.cca-acc.com\/fr\/services-aux-membres\/","title":{"rendered":"Services aux membres"},"content":{"rendered":"\n<h2 class=\"wp-block-heading\">Guider l\u2019industrie dans l\u2019adoption de pratiques exemplaires&nbsp;<\/h2>\n\n\n\n<div class=\"wp-block-columns is-layout-flex wp-container-core-columns-is-layout-9d6595d7 wp-block-columns-is-layout-flex\">\n<div class=\"wp-block-column is-layout-flow wp-block-column-is-layout-flow\">\n<p>Afin d\u2019appuyer nos membres et de faciliter le partage de connaissances, l\u2019Association canadienne de la construction (ACC) joue un r\u00f4le de chef de file \u00e0 plusieurs \u00e9gards, notamment dans l\u2019\u00e9laboration de documents contractuels par voie de consensus par le biais du Comit\u00e9 canadien des documents de construction (CCDC), dans l\u2019avancement de l\u2019innovation en offrant \u00e0 nos membres l\u2019acc\u00e8s \u00e0 un service de pr\u00e9paration de demandes de cr\u00e9dits d\u2019imp\u00f4t de recherche scientifique et de d\u00e9veloppement exp\u00e9rimental (RS&amp;DE) et dans le jumelage de jeunes entrepreneurs et de dirigeants de l\u2019industrie gr\u00e2ce au programme de mentorat CONtact. &nbsp;<\/p>\n\n\n\n<p>Pour de plus amples renseignements sur les autres services offerts aux membres, visitez notre page <a href=\"#\">Services ax\u00e9s sur les pratiques exemplaires<\/a>.<\/p>\n<\/div>\n\n\n\n<div class=\"wp-block-column is-layout-flow wp-block-column-is-layout-flow\">\n<figure class=\"wp-block-image size-full\"><img loading=\"lazy\" decoding=\"async\" width=\"1200\" height=\"800\" src=\"https:\/\/www.cca-acc.com\/wp-content\/uploads\/2020\/08\/cca-stock-3.jpg\" alt=\"\" class=\"wp-image-15116\" srcset=\"https:\/\/www.cca-acc.com\/wp-content\/uploads\/2020\/08\/cca-stock-3.jpg 1200w, https:\/\/www.cca-acc.com\/wp-content\/uploads\/2020\/08\/cca-stock-3-600x400.jpg 600w, https:\/\/www.cca-acc.com\/wp-content\/uploads\/2020\/08\/cca-stock-3-300x200.jpg 300w, https:\/\/www.cca-acc.com\/wp-content\/uploads\/2020\/08\/cca-stock-3-1024x683.jpg 1024w, https:\/\/www.cca-acc.com\/wp-content\/uploads\/2020\/08\/cca-stock-3-768x512.jpg 768w\" sizes=\"auto, (max-width: 1200px) 100vw, 1200px\" \/><\/figure>\n<\/div>\n<\/div>\n\n\n\n<div class=\"wp-block-group alignwide callout-bucket-group\"><div class=\"wp-block-group__inner-container is-layout-flow wp-block-group-is-layout-flow\">\n<div class=\"wp-block-columns alignfull is-layout-flex wp-container-core-columns-is-layout-9d6595d7 wp-block-columns-is-layout-flex\">\n<div class=\"wp-block-column is-layout-flow wp-block-column-is-layout-flow\">\t<div data-aos=\"fade-up\" style=\"width: 100%;\">\n\t\t<div class=\"bucket-sm-2 cca_orange\">\n\t\t\t<div class=\"background-image\" style=\"background-image: url()\"><\/div>\n\t\t\t<a href=\"\/fr\/services-aux-membres\/documents-du-ccdc\/\">\n\t\t\t\t<div class=\"box-inner\">\n\t\t\t\t\t<h4 class=\"white-text\" style=\"margin: 0px;\">Documents du CCDC<\/h4>\n\t\t\t\t\t<p class=\"white-text\"><\/p>\n\t\t\t\t\t\n\t\t\t\t\t\n\t\t\t\t\t\t<button class=\"btn-white hover-btn\" style=\"color: #cf4520;\">Pour en savoir plus<\/button>\n\t\t\t\t\t\n\t\t\t\t<\/div>\n\t\t\t<\/a>\n\t\t<\/div>\n\t<\/div>\n\n\n\n\n\n<p><\/p>\n<\/div>\n\n\n\n<div class=\"wp-block-column is-layout-flow wp-block-column-is-layout-flow\">\t<div data-aos=\"fade-up\" style=\"width: 100%;\">\n\t\t<div class=\"bucket-sm-2 cca_purple\">\n\t\t\t<div class=\"background-image\" style=\"background-image: url(\/wp-content\/uploads\/2020\/08\/Mentorship-sign-image-French-1.jpg)\"><\/div>\n\t\t\t<a href=\"\/fr\/services-aux-membres\/service-de-preparation-de-demandes-de-credits-dimpot-de-rsde\/\">\n\t\t\t\t<div class=\"box-inner\">\n\t\t\t\t\t<h4 class=\"white-text\" style=\"margin: 0px;\">Programme de mentorat CONtact<\/h4>\n\t\t\t\t\t<p class=\"white-text\"><\/p>\n\t\t\t\t\t\n\t\t\t\t\t\n\t\t\t\t\t\t<button class=\"btn-white hover-btn\" style=\"color: #582c83;\">Pour en savoir plus<\/button>\n\t\t\t\t\t\n\t\t\t\t<\/div>\n\t\t\t<\/a>\n\t\t<\/div>\n\t<\/div>\n\n\n<\/div>\n<\/div>\n<\/div><\/div>\n","protected":false},"excerpt":{"rendered":"<p>Guider l\u2019industrie dans l\u2019adoption de pratiques exemplaires&nbsp; Afin d\u2019appuyer nos membres et de faciliter le partage de connaissances, l\u2019Association canadienne de la construction (ACC) joue un r\u00f4le de chef de file \u00e0 plusieurs \u00e9gards, notamment dans l\u2019\u00e9laboration de documents contractuels par voie de consensus par le biais du Comit\u00e9 canadien des documents de construction (CCDC), [&hellip;]<\/p>\n","protected":false},"author":1,"featured_media":0,"parent":0,"menu_order":0,"comment_status":"closed","ping_status":"closed","template":"","meta":{"_acf_changed":false,"footnotes":""},"class_list":["post-15917","page","type-page","status-publish","hentry"],"acf":[],"_links":{"self":[{"href":"https:\/\/www.cca-acc.com\/fr\/wp-json\/wp\/v2\/pages\/15917","targetHints":{"allow":["GET"]}}],"collection":[{"href":"https:\/\/www.cca-acc.com\/fr\/wp-json\/wp\/v2\/pages"}],"about":[{"href":"https:\/\/www.cca-acc.com\/fr\/wp-json\/wp\/v2\/types\/page"}],"author":[{"embeddable":true,"href":"https:\/\/www.cca-acc.com\/fr\/wp-json\/wp\/v2\/users\/1"}],"replies":[{"embeddable":true,"href":"https:\/\/www.cca-acc.com\/fr\/wp-json\/wp\/v2\/comments?post=15917"}],"version-history":[{"count":1,"href":"https:\/\/www.cca-acc.com\/fr\/wp-json\/wp\/v2\/pages\/15917\/revisions"}],"predecessor-version":[{"id":44848,"href":"https:\/\/www.cca-acc.com\/fr\/wp-json\/wp\/v2\/pages\/15917\/revisions\/44848"}],"wp:attachment":[{"href":"https:\/\/www.cca-acc.com\/fr\/wp-json\/wp\/v2\/media?parent=15917"}],"curies":[{"name":"wp","href":"https:\/\/api.w.org\/{rel}","templated":true}]}}