{"id":15920,"date":"2020-06-23T18:45:48","date_gmt":"2020-06-23T18:45:48","guid":{"rendered":"https:\/\/www.cca-acc.com\/services-aux-membres\/ccdc-documents\/"},"modified":"2024-01-17T14:10:38","modified_gmt":"2024-01-17T19:10:38","slug":"documents-du-ccdc","status":"publish","type":"page","link":"https:\/\/www.cca-acc.com\/fr\/services-axes-sur-les-pratiques-exemplaires\/documents-du-ccdc\/","title":{"rendered":"Documents du CCDC"},"content":{"rendered":"\n<p>L\u2019ACC ne vend pas et n\u2019\u00e9met pas de num\u00e9ros d\u2019inscription. Pour t\u00e9l\u00e9charger les documents du CCDC ou ACC, vous devez acheter un num\u00e9ro d\u2019inscription aupr\u00e8s d\u2019une <a href=\"https:\/\/www.cca-acc.com\/fr\/services-axes-sur-les-pratiques-exemplaires\/documents-de-lacc\/pour-commander-les-documents-de-lacc\/\">association partenaire int\u00e9gr\u00e9e de l\u2019ACC<\/a>.<\/p>\n\n\n\n<h3 class=\"wp-block-heading\">Qu\u2019est-ce que le CCDC?<\/h3>\n\n\n\n<p>Cr\u00e9\u00e9 en 1974, le Comit\u00e9 canadien des documents de construction (CCDC) est un comit\u00e9 national mixte qui est responsable de l\u2019\u00e9laboration, de la production et de la r\u00e9vision des documents normalis\u00e9s de construction, tels des contrats, des formules et des guides. Le CCDC est compos\u00e9 de membres b\u00e9n\u00e9voles qui repr\u00e9sentent :<\/p>\n\n\n\n<ul class=\"wp-block-list\">\n<li>les ma\u00eetres d\u2019ouvrage du secteur public<\/li>\n\n\n\n<li>les ma\u00eetres d\u2019ouvrage du secteur priv\u00e9<\/li>\n\n\n\n<li>l\u2019Association des firmes de g\u00e9nie-conseil &#8211; Canada*<\/li>\n\n\n\n<li>l\u2019Association canadienne de la construction*<\/li>\n\n\n\n<li>Devis de construction Canada*<\/li>\n\n\n\n<li>l\u2019Institut royal d\u2019architecture du Canada*<\/li>\n\n\n\n<li>l\u2019Association du Barreau canadien (membre d\u2019office)<\/li>\n<\/ul>\n\n\n\n<p>*Les quatre organisations nationales constituantes dirigent et approuvent les politiques et les proc\u00e9dures du comit\u00e9.<\/p>\n\n\n\n<div class=\"wp-block-buttons is-layout-flex wp-block-buttons-is-layout-flex\">\n<div class=\"wp-block-button force-outline\"><a class=\"wp-block-button__link has-ccp-purple-background-color has-background wp-element-button\" href=\"https:\/\/www.ccdc.org\/\" target=\"_blank\" rel=\"noreferrer noopener\">Pour en savoir plus au sujet du CCDC<\/a><\/div>\n<\/div>\n\n\n\n<h3 class=\"wp-block-heading\">Document du CCDC<\/h3>\n\n\n\n<p>Les documents du CCDC sont consid\u00e9r\u00e9s comme des normes reconnues dans l\u2019industrie. Ils sont fond\u00e9s sur des principes d\u2019\u00e9quit\u00e9 et d\u2019\u00e9quilibre qui tiennent compte des int\u00e9r\u00eats de toutes les parties qui interviennent dans un projet de construction.&nbsp;<\/p>\n\n\n\n<p>Pour t\u00e9l\u00e9charger les documents du CCDC, vous devez acheter un num\u00e9ro d\u2019inscription aupr\u00e8s d\u2019un des <a rel=\"noreferrer noopener\" href=\"https:\/\/www.ccdc.org\/fr\/points-de-vente\/\" target=\"_blank\">points de vente<\/a> des documents du CCDC. L\u2019ACC ne vend pas et n\u2019\u00e9met pas de num\u00e9ros d\u2019inscription.<\/p>\n","protected":false},"excerpt":{"rendered":"<p>L\u2019ACC ne vend pas et n\u2019\u00e9met pas de num\u00e9ros d\u2019inscription. Pour t\u00e9l\u00e9charger les documents du CCDC ou ACC, vous devez acheter un num\u00e9ro d\u2019inscription aupr\u00e8s d\u2019une association partenaire int\u00e9gr\u00e9e de l\u2019ACC. Qu\u2019est-ce que le CCDC? Cr\u00e9\u00e9 en 1974, le Comit\u00e9 canadien des documents de construction (CCDC) est un comit\u00e9 national mixte qui est responsable de [&hellip;]<\/p>\n","protected":false},"author":1,"featured_media":0,"parent":16873,"menu_order":0,"comment_status":"closed","ping_status":"closed","template":"","meta":{"_acf_changed":false,"footnotes":""},"class_list":["post-15920","page","type-page","status-publish","hentry"],"acf":[],"_links":{"self":[{"href":"https:\/\/www.cca-acc.com\/fr\/wp-json\/wp\/v2\/pages\/15920","targetHints":{"allow":["GET"]}}],"collection":[{"href":"https:\/\/www.cca-acc.com\/fr\/wp-json\/wp\/v2\/pages"}],"about":[{"href":"https:\/\/www.cca-acc.com\/fr\/wp-json\/wp\/v2\/types\/page"}],"author":[{"embeddable":true,"href":"https:\/\/www.cca-acc.com\/fr\/wp-json\/wp\/v2\/users\/1"}],"replies":[{"embeddable":true,"href":"https:\/\/www.cca-acc.com\/fr\/wp-json\/wp\/v2\/comments?post=15920"}],"version-history":[{"count":1,"href":"https:\/\/www.cca-acc.com\/fr\/wp-json\/wp\/v2\/pages\/15920\/revisions"}],"predecessor-version":[{"id":48144,"href":"https:\/\/www.cca-acc.com\/fr\/wp-json\/wp\/v2\/pages\/15920\/revisions\/48144"}],"up":[{"embeddable":true,"href":"https:\/\/www.cca-acc.com\/fr\/wp-json\/wp\/v2\/pages\/16873"}],"wp:attachment":[{"href":"https:\/\/www.cca-acc.com\/fr\/wp-json\/wp\/v2\/media?parent=15920"}],"curies":[{"name":"wp","href":"https:\/\/api.w.org\/{rel}","templated":true}]}}