{"id":15927,"date":"2020-06-09T14:31:54","date_gmt":"2020-06-09T14:31:54","guid":{"rendered":"https:\/\/www.cca-acc.com\/services-aux-membres\/programme-de-mentorat-contact\/contact-mentees\/"},"modified":"2025-08-13T12:37:07","modified_gmt":"2025-08-13T16:37:07","slug":"contact-mentees","status":"publish","type":"page","link":"https:\/\/www.cca-acc.com\/fr\/services-axes-sur-les-pratiques-exemplaires\/contact-mentorship-program\/contact-mentees\/","title":{"rendered":"Pr\u00e9senter une candidature \u00e0 titre de mentor\u00e9"},"content":{"rendered":"\n<p>Vous \u00eates un innovateur \u00e9mergent qui propose un produit ou un service susceptible de transformer l\u2019industrie de la construction?<\/p>\n\n\n\n<h2 class=\"wp-block-heading\"><strong>Pourquoi devenir un mentor\u00e9?<\/strong><\/h2>\n\n\n\n<p>Le programme CONtact aide les entrepreneurs et les innovateurs \u00e0 lancer, modifier ou d\u00e9velopper leurs produits ou services en vue de leur adoption au sein de l\u2019industrie. Apr\u00e8s avoir r\u00e9ussi l\u2019\u00e9preuve de s\u00e9lection, les mentor\u00e9s CONtact sont jumel\u00e9s \u00e0 un ou plusieurs mentors dont l\u2019exp\u00e9rience s\u2019av\u00e8re pertinente. Ce jumelage permet aux mentor\u00e9s d\u2019\u00e9largir leur r\u00e9seau et de forger des liens avec des professionnels de l\u2019industrie dans le but de peaufiner et d\u2019am\u00e9liorer leur offre de produit ou de service.<\/p>\n\n\n\n<p>Le programme de mentorat CONtact repr\u00e9sente un excellent moyen pour les entrepreneurs en herbe de mieux faire conna\u00eetre leurs produits et leurs id\u00e9es.<\/p>\n\n\n\n<h2 class=\"wp-block-heading\"><strong>Avantages<\/strong><\/h2>\n\n\n\n<ul class=\"wp-block-list\">\n<li>Profiter de l\u2019expertise de mentors chevronn\u00e9s pour peaufiner leur offre de produit<\/li>\n\n\n\n<li>\u00c9tablir de nouvelles relations et de nouveaux r\u00e9seaux avec des professionnels de l\u2019industrie&nbsp;<\/li>\n\n\n\n<li>Recevoir une pr\u00e9cieuse r\u00e9troaction de la part d\u2019experts et de professionnels de l\u2019industrie&nbsp;<\/li>\n\n\n\n<li>Acqu\u00e9rir des connaissances, des habilet\u00e9s, des tactiques et des comp\u00e9tences&nbsp;<\/li>\n<\/ul>\n\n\n\n<h2 class=\"wp-block-heading\"><strong>Exigences<\/strong><p class=\"MsoNormal\" style=\"margin: 0cm 0cm 15pt; line-height: normal; font-size: 11pt; font-family: Aptos, sans-serif; font-weight: 400; white-space-collapse: collapse; background-image: initial; background-position: initial; background-size: initial; background-repeat: initial; background-attachment: initial; background-origin: initial; background-clip: initial;\"><span lang=\"EN-US\" style=\"font-size: 12pt; font-family: Lato, sans-serif;\"><\/span><\/p><\/h2>\n\n\n\n<ul class=\"wp-block-list\">\n<li>Vous \u00eates un entrepreneur ou un innovateur et avez con\u00e7u un produit ou un service qui fournira une solution novatrice \u00e0 l\u2019industrie canadienne de la construction et vous r\u00e9sidez au Canada.<\/li>\n\n\n\n<li>Vous \u00eates une petite ou une moyenne entreprise \u00e0 but lucratif constitu\u00e9e en soci\u00e9t\u00e9 et \u00e9tablie au Canada.<\/li>\n\n\n\n<li>Vous employez 500 salari\u00e9s \u00e9quivalents temps plein ou moins.<\/li>\n\n\n\n<li>Vous pr\u00e9voyez poursuivre votre croissance et accro\u00eetre vos revenus en d\u00e9veloppant et en commercialisant de nouveaux produits, services ou proc\u00e9d\u00e9s novateurs ou am\u00e9lior\u00e9s, ax\u00e9s sur la technologie, au Canada.<\/li>\n\n\n\n<li>S\u2019il s\u2019agit d\u2019un produit ou d\u2019un service technologique, celui-ci doit avoir atteint au moins le&nbsp;<a href=\"https:\/\/www.ic.gc.ca\/eic\/site\/080.nsf\/fra\/00002.html\" target=\"_blank\" rel=\"noreferrer noopener\">niveau 3 de maturit\u00e9 technologique<\/a>&nbsp;au moment de pr\u00e9senter votre candidature au programme CONtact.<\/li>\n\n\n\n<li><strong>Tous les mentor\u00e9s s\u00e9lectionn\u00e9s doivent \u00eatre des clients du Programme d\u2019aide \u00e0 la recherche industrielle du Conseil national de recherches du Canada (PARI-CNRC) ou devront l\u2019\u00eatre pour \u00eatre admissibles au programme de mentorat.<\/strong><\/li>\n<\/ul>\n\n\n\n<p><strong>Jusqu&#8217;\u00e0 cinq<\/strong> mentor\u00e9s s\u00e9lectionn\u00e9s auront l\u2019occasion de pr\u00e9senter leur solution \u00e0 l\u2019industrie lors de la Conf\u00e9rence annuelle de l\u2019ACC, avec une rencontre de mentorat en personne \u00e0 la conf\u00e9rence et la possibilit\u00e9 de r\u00e9seauter avec des dirigeants de l\u2019industrie.<\/p>\n\n\n\n<p><em>Remarque&nbsp;: L\u2019ACC ou les mentors ne sont pas responsables de la commercialisation du produit ou du service du mentor\u00e9.<\/em><\/p>\n\n\n\n<p>Les mentor\u00e9s seront s\u00e9lectionn\u00e9s \u00e0 la suite d\u2019un examen approfondi de leur candidature en fonction des crit\u00e8res \u00e9tablis par le conseil consultatif du programme CONtact.<\/p>\n\n\n\n<div class=\"is-layout-flow wp-block-group alignfull block-cta block-cta--purple-motif\">\n\n    <div class=\"block-cta__motif\">\n    <svg xmlns=\"http:\/\/www.w3.org\/2000\/svg\" width=\"527.292\" height=\"547.292\" viewBox=\"0 0 527.292 547.292\">\n      <path d=\"M491.99,410.507a280.341,280.341,0,0,0,35.3-136.861C527.29,122.515,409.251,0,263.644,0S0,122.515,0,273.646A280.341,280.341,0,0,0,35.3,410.507l0,0h0c45.591,81.768,130.776,136.783,228.344,136.783S446.4,492.277,491.988,410.509h0ZM449.8,80.429c49.724,51.61,77.107,120.229,77.107,193.216a279.6,279.6,0,0,1-35.1,136.525L263.868.4C334.1.461,400.129,28.875,449.8,80.429Zm41.528,329.682H35.96L263.644.795ZM.381,273.646c0-72.988,27.384-141.607,77.107-193.216C127.16,28.875,193.186.461,263.422.4L35.485,410.171A279.624,279.624,0,0,1,.381,273.646ZM449.8,466.862c-49.724,51.61-115.835,80.032-186.156,80.032S127.212,518.472,77.488,466.862a273.8,273.8,0,0,1-41.811-56.354H491.613A273.8,273.8,0,0,1,449.8,466.862Z\" transform=\"translate(0.002)\" fill=\"#fff\"\/>\n    <\/svg>\n  <\/div>\n  \n  <div class=\"wp-block-group__inner-container\">\n    <p class=\"text-center\">Pr\u00e9sentez votre candidature \u00e0 titre de mentor\u00e9 CONtact !<\/p>\n    <div class=\"button_center\"><a class=\"btn-white outlined\" href=\"https:\/\/www.surveymonkey.com\/r\/7KDFQ9K\">Postulez ici<\/a><\/div>\n  <\/div>\n<\/div>\n\n\n<h2 class=\"wp-block-heading\"><strong>T\u00e9moignages de nos mentor\u00e9s pr\u00e9c\u00e9dents concernant leur exp\u00e9rience CONtact<\/strong><\/h2>\n\n\n\n<div class=\"wp-block-columns is-layout-flex wp-container-core-columns-is-layout-9d6595d7 wp-block-columns-is-layout-flex\">\n<div class=\"wp-block-column is-vertically-aligned-center is-layout-flow wp-block-column-is-layout-flow\" style=\"flex-basis:33.33%\">\n<figure class=\"wp-block-image size-full is-style-rounded\"><img loading=\"lazy\" decoding=\"async\" width=\"300\" height=\"300\" src=\"https:\/\/www.cca-acc.com\/wp-content\/uploads\/2024\/08\/JordanSpencer.jpg\" alt=\"\" class=\"wp-image-55850\" srcset=\"https:\/\/www.cca-acc.com\/wp-content\/uploads\/2024\/08\/JordanSpencer.jpg 300w, https:\/\/www.cca-acc.com\/wp-content\/uploads\/2024\/08\/JordanSpencer-100x100.jpg 100w, https:\/\/www.cca-acc.com\/wp-content\/uploads\/2024\/08\/JordanSpencer-150x150.jpg 150w\" sizes=\"auto, (max-width: 300px) 100vw, 300px\" \/><\/figure>\n<\/div>\n\n\n\n<div class=\"wp-block-column is-vertically-aligned-center is-layout-flow wp-block-column-is-layout-flow\" style=\"flex-basis:66.66%\">\n<blockquote class=\"wp-block-quote is-layout-flow wp-block-quote-is-layout-flow\">\n<p>\u201cL\u2019exp\u00e9rience du mentorat a jou\u00e9 un r\u00f4le d\u00e9terminant dans la transformation de notre approche de la communication d\u2019entreprise. Elle nous a oblig\u00e9s \u00e0 examiner nos objectifs et nos strat\u00e9gies sous un angle nouveau et \u00e0 poser des questions approfondies qui ont mis au jour des domaines que nous avions n\u00e9glig\u00e9s auparavant. Cette introspection a conduit \u00e0 un r\u00e9cit plus convaincant pour notre marque et a finalement eu un effet profond sur l\u2019orientation et le succ\u00e8s de notre entreprise. Les mentors ont agi comme des catalyseurs, suscitant un niveau d\u2019auto-analyse et de clart\u00e9 qui a \u00e9t\u00e9 d\u00e9terminant pour notre croissance et notre perfectionnement..\u201d<\/p>\n<cite><strong>Jordan Spencer<\/strong>, co-fondateur et PDG,&nbsp;<a href=\"https:\/\/ladderspike.com\/\" target=\"_blank\" rel=\"noreferrer noopener\">Ladderspike<\/a><\/cite><\/blockquote>\n<\/div>\n<\/div>\n\n\n\n<div class=\"wp-block-columns is-layout-flex wp-container-core-columns-is-layout-9d6595d7 wp-block-columns-is-layout-flex\">\n<div class=\"wp-block-column is-vertically-aligned-center is-layout-flow wp-block-column-is-layout-flow\" style=\"flex-basis:33.33%\">\n<figure class=\"wp-block-image size-full is-style-rounded\"><img loading=\"lazy\" decoding=\"async\" width=\"300\" height=\"300\" src=\"https:\/\/www.cca-acc.com\/wp-content\/uploads\/2024\/08\/ASimone.jpg\" alt=\"\" class=\"wp-image-55858\" srcset=\"https:\/\/www.cca-acc.com\/wp-content\/uploads\/2024\/08\/ASimone.jpg 300w, https:\/\/www.cca-acc.com\/wp-content\/uploads\/2024\/08\/ASimone-100x100.jpg 100w, https:\/\/www.cca-acc.com\/wp-content\/uploads\/2024\/08\/ASimone-150x150.jpg 150w\" sizes=\"auto, (max-width: 300px) 100vw, 300px\" \/><\/figure>\n<\/div>\n\n\n\n<div class=\"wp-block-column is-vertically-aligned-center is-layout-flow wp-block-column-is-layout-flow\" style=\"flex-basis:66.66%\">\n<blockquote class=\"wp-block-quote is-layout-flow wp-block-quote-is-layout-flow\">\n<p>\u201cLe programme de mentorat m\u2019a permis d\u2019acc\u00e9der \u00e0 des informations et \u00e0 des connaissances qui, pour les d\u00e9couvrir autrement, m\u2019auraient forc\u00e9 \u00e0 prendre du temps et \u00e0 m\u2019\u00e9loigner de la mise au point de mon produit. Les mentors sont extraordinaires et offrent des perspectives fond\u00e9es sur des ann\u00e9es d\u2019exp\u00e9rience dans l\u2019ensemble de l\u2019industrie, ce qui est in\u00e9gal\u00e9.\u201d<\/p>\n<cite>Adrian Simone, cofondateur de&nbsp;<a href=\"https:\/\/biobricklabs.com\/\" data-type=\"link\" data-id=\"https:\/\/biobricklabs.com\/\" target=\"_blank\" rel=\"noreferrer noopener\">Bio-Brick Labs Inc. <\/a>(MicroBuild)<\/cite><\/blockquote>\n<\/div>\n<\/div>\n\n\n\n<div class=\"wp-block-columns is-layout-flex wp-container-core-columns-is-layout-9d6595d7 wp-block-columns-is-layout-flex\">\n<div class=\"wp-block-column is-vertically-aligned-center is-layout-flow wp-block-column-is-layout-flow\" style=\"flex-basis:33.33%\">\n<figure class=\"wp-block-image size-full is-style-rounded\"><img loading=\"lazy\" decoding=\"async\" width=\"300\" height=\"300\" src=\"https:\/\/www.cca-acc.com\/wp-content\/uploads\/2024\/08\/SKennedy.jpg\" alt=\"\" class=\"wp-image-55855\" srcset=\"https:\/\/www.cca-acc.com\/wp-content\/uploads\/2024\/08\/SKennedy.jpg 300w, https:\/\/www.cca-acc.com\/wp-content\/uploads\/2024\/08\/SKennedy-100x100.jpg 100w, https:\/\/www.cca-acc.com\/wp-content\/uploads\/2024\/08\/SKennedy-150x150.jpg 150w\" sizes=\"auto, (max-width: 300px) 100vw, 300px\" \/><\/figure>\n<\/div>\n\n\n\n<div class=\"wp-block-column is-vertically-aligned-center is-layout-flow wp-block-column-is-layout-flow\" style=\"flex-basis:66.66%\">\n<blockquote class=\"wp-block-quote is-layout-flow wp-block-quote-is-layout-flow\">\n<p>\u201cThe mentorship opportunity was very valuable for us. Our company\u2019s expertise was primarily in the aerospace and defence industries and therefore having the opportunity to talk with industry experts in the construction and infrastructure sectors was incredibly valuable.\u201d<\/p>\n<cite>Shaun Kennedy, President &amp; CEO, <a href=\"https:\/\/mach85.com\/services\/advancedinfrastructure\/\" data-type=\"URL\" data-id=\"https:\/\/mach85.com\/services\/advancedinfrastructure\/\" target=\"_blank\" rel=\"noreferrer noopener\">Mach 85<\/a><\/cite><\/blockquote>\n<\/div>\n<\/div>\n\n\n\n<div class=\"wp-block-columns is-layout-flex wp-container-core-columns-is-layout-9d6595d7 wp-block-columns-is-layout-flex\">\n<div class=\"wp-block-column is-vertically-aligned-center is-layout-flow wp-block-column-is-layout-flow\" style=\"flex-basis:33.33%\">\n<figure class=\"wp-block-image size-full is-style-rounded\"><img loading=\"lazy\" decoding=\"async\" width=\"300\" height=\"300\" src=\"https:\/\/www.cca-acc.com\/wp-content\/uploads\/2024\/08\/FBogach.jpg\" alt=\"\" class=\"wp-image-55853\" srcset=\"https:\/\/www.cca-acc.com\/wp-content\/uploads\/2024\/08\/FBogach.jpg 300w, https:\/\/www.cca-acc.com\/wp-content\/uploads\/2024\/08\/FBogach-100x100.jpg 100w, https:\/\/www.cca-acc.com\/wp-content\/uploads\/2024\/08\/FBogach-150x150.jpg 150w\" sizes=\"auto, (max-width: 300px) 100vw, 300px\" \/><\/figure>\n<\/div>\n\n\n\n<div class=\"wp-block-column is-vertically-aligned-center is-layout-flow wp-block-column-is-layout-flow\" style=\"flex-basis:66.66%\">\n<blockquote class=\"wp-block-quote is-layout-flow wp-block-quote-is-layout-flow\">\n<p>\u201cThis program is excellent. The materials were thought provoking and detailed. The quality of the mentor was exceptional. The mentor was able to give us objective and industry specific advice that has been invaluable to our business.\u201d<\/p>\n<cite>Faren Bogach, Founder, <a href=\"https:\/\/www.payprompt.ca\/\" data-type=\"link\" data-id=\"https:\/\/www.payprompt.ca\/\" target=\"_blank\" rel=\"noreferrer noopener\">Pay Prompt Inc.<\/a><\/cite><\/blockquote>\n<\/div>\n<\/div>\n\n\n\n<div class=\"wp-block-columns is-layout-flex wp-container-core-columns-is-layout-9d6595d7 wp-block-columns-is-layout-flex\">\n<div class=\"wp-block-column is-vertically-aligned-center is-layout-flow wp-block-column-is-layout-flow\" style=\"flex-basis:33.33%\">\n<figure class=\"wp-block-image size-full is-style-rounded\"><img loading=\"lazy\" decoding=\"async\" width=\"300\" height=\"300\" src=\"https:\/\/www.cca-acc.com\/wp-content\/uploads\/2023\/09\/Mark-Masry-Founder-Persistent-Ventures-Inc.png\" alt=\"\" class=\"wp-image-42776\" srcset=\"https:\/\/www.cca-acc.com\/wp-content\/uploads\/2023\/09\/Mark-Masry-Founder-Persistent-Ventures-Inc.png 300w, https:\/\/www.cca-acc.com\/wp-content\/uploads\/2023\/09\/Mark-Masry-Founder-Persistent-Ventures-Inc-100x100.png 100w, https:\/\/www.cca-acc.com\/wp-content\/uploads\/2023\/09\/Mark-Masry-Founder-Persistent-Ventures-Inc-150x150.png 150w\" sizes=\"auto, (max-width: 300px) 100vw, 300px\" \/><\/figure>\n<\/div>\n\n\n\n<div class=\"wp-block-column is-vertically-aligned-center is-layout-flow wp-block-column-is-layout-flow\" style=\"flex-basis:66.66%\">\n<blockquote class=\"wp-block-quote is-layout-flow wp-block-quote-is-layout-flow\">\n<p><br>\u201cThe mentorship session was great. The mentors were very knowledgeable and friendly and provided both insights into the AEC industry that would be hard to get elsewhere, and direct feedback on the product. It was a huge help, particularly at this early stage in the product&#8217;s development. Highly recommended.\u201d<\/p>\n<cite><strong>Mark Masry, Founder, Persistent Ventures Inc.<\/strong><\/cite><\/blockquote>\n<\/div>\n<\/div>\n\n\n\n<div class=\"wp-block-columns is-layout-flex wp-container-core-columns-is-layout-9d6595d7 wp-block-columns-is-layout-flex\">\n<div class=\"wp-block-column is-vertically-aligned-center is-layout-flow wp-block-column-is-layout-flow\" style=\"flex-basis:33.33%\">\n<figure class=\"wp-block-image size-full is-style-rounded\"><img loading=\"lazy\" decoding=\"async\" width=\"300\" height=\"300\" src=\"https:\/\/www.cca-acc.com\/wp-content\/uploads\/2023\/09\/Bowen-Xie-CEO-Robolution-Technologies-Inc.png\" alt=\"\" class=\"wp-image-42778\" srcset=\"https:\/\/www.cca-acc.com\/wp-content\/uploads\/2023\/09\/Bowen-Xie-CEO-Robolution-Technologies-Inc.png 300w, https:\/\/www.cca-acc.com\/wp-content\/uploads\/2023\/09\/Bowen-Xie-CEO-Robolution-Technologies-Inc-100x100.png 100w, https:\/\/www.cca-acc.com\/wp-content\/uploads\/2023\/09\/Bowen-Xie-CEO-Robolution-Technologies-Inc-150x150.png 150w\" sizes=\"auto, (max-width: 300px) 100vw, 300px\" \/><\/figure>\n<\/div>\n\n\n\n<div class=\"wp-block-column is-vertically-aligned-center is-layout-flow wp-block-column-is-layout-flow\" style=\"flex-basis:66.66%\">\n<blockquote class=\"wp-block-quote is-layout-flow wp-block-quote-is-layout-flow\">\n<p>The mentorship program from CCA was extremely helpful. Building a start-up company is all about finding the right product\/market fit. We had a lot of hypotheses before attending the program, and the conversation and mentorship with the industry experts and professionals helped us gain more insights into their pain points, and reshape our solutions.<\/p>\n<cite><strong>Bowen Xie, CEO, <a rel=\"noreferrer noopener\" href=\"http:\/\/www.robolution.ca\" target=\"_blank\">Robolution Technologies Inc<\/a>.<\/strong><\/cite><\/blockquote>\n<\/div>\n<\/div>\n","protected":false},"excerpt":{"rendered":"<p>Vous \u00eates un innovateur \u00e9mergent qui propose un produit ou un service susceptible de transformer l\u2019industrie de la construction? Pourquoi devenir un mentor\u00e9? Le programme CONtact aide les entrepreneurs et les innovateurs \u00e0 lancer, modifier ou d\u00e9velopper leurs produits ou services en vue de leur adoption au sein de l\u2019industrie. Apr\u00e8s avoir r\u00e9ussi l\u2019\u00e9preuve de [&hellip;]<\/p>\n","protected":false},"author":1,"featured_media":0,"parent":15923,"menu_order":0,"comment_status":"closed","ping_status":"closed","template":"","meta":{"_acf_changed":false,"footnotes":""},"class_list":["post-15927","page","type-page","status-publish","hentry"],"acf":[],"_links":{"self":[{"href":"https:\/\/www.cca-acc.com\/fr\/wp-json\/wp\/v2\/pages\/15927","targetHints":{"allow":["GET"]}}],"collection":[{"href":"https:\/\/www.cca-acc.com\/fr\/wp-json\/wp\/v2\/pages"}],"about":[{"href":"https:\/\/www.cca-acc.com\/fr\/wp-json\/wp\/v2\/types\/page"}],"author":[{"embeddable":true,"href":"https:\/\/www.cca-acc.com\/fr\/wp-json\/wp\/v2\/users\/1"}],"replies":[{"embeddable":true,"href":"https:\/\/www.cca-acc.com\/fr\/wp-json\/wp\/v2\/comments?post=15927"}],"version-history":[{"count":14,"href":"https:\/\/www.cca-acc.com\/fr\/wp-json\/wp\/v2\/pages\/15927\/revisions"}],"predecessor-version":[{"id":70662,"href":"https:\/\/www.cca-acc.com\/fr\/wp-json\/wp\/v2\/pages\/15927\/revisions\/70662"}],"up":[{"embeddable":true,"href":"https:\/\/www.cca-acc.com\/fr\/wp-json\/wp\/v2\/pages\/15923"}],"wp:attachment":[{"href":"https:\/\/www.cca-acc.com\/fr\/wp-json\/wp\/v2\/media?parent=15927"}],"curies":[{"name":"wp","href":"https:\/\/api.w.org\/{rel}","templated":true}]}}