{"id":15934,"date":"2020-06-09T14:32:10","date_gmt":"2020-06-09T14:32:10","guid":{"rendered":"https:\/\/www.cca-acc.com\/services-aux-membres\/programme-de-mentorat-contact\/contact-mentors\/"},"modified":"2024-01-02T14:59:45","modified_gmt":"2024-01-02T19:59:45","slug":"mentors-du-programme-contact","status":"publish","type":"page","link":"https:\/\/www.cca-acc.com\/fr\/services-axes-sur-les-pratiques-exemplaires\/contact-mentorship-program\/mentors-du-programme-contact\/","title":{"rendered":"Mentors du programme CONtact"},"content":{"rendered":"\n<p>Les mentors CONtact ont pour r\u00f4le d\u2019encadrer les mentor\u00e9s en partageant avec eux leurs connaissances et leur expertise, afin de les aider \u00e0 d\u00e9velopper et \u00e0 perfectionner leurs produits ou leurs services de fa\u00e7on \u00e0 ce que leurs solutions puissent mieux r\u00e9pondre aux besoins de l\u2019industrie et \u00eatre adopt\u00e9es rapidement par celle-ci.<\/p>\n\n\n\n<div class=\"wp-block-buttons is-layout-flex wp-block-buttons-is-layout-flex\"><\/div>\n\n\n\n<div class=\"wp-block-columns is-layout-flex wp-container-core-columns-is-layout-9d6595d7 wp-block-columns-is-layout-flex\">\n<div class=\"wp-block-column is-layout-flow wp-block-column-is-layout-flow\">\n<p>Les mentors peuvent encadrer les mentor\u00e9s en leur prodiguant des conseils, en leur faisant part de leurs exp\u00e9riences ou en les aidant \u00e0 r\u00e9soudre leurs probl\u00e8mes. \u00c0 la suite de la premi\u00e8re rencontre, les mentors peuvent choisir, \u00e0 leur discr\u00e9tion, de poursuivre leur relation avec les mentor\u00e9s, de faire l\u2019essai de projets pilotes, de continuer \u00e0 leur prodiguer des conseils ou m\u00eame de financer leurs initiatives. Les mentors offrent \u00e9galement aux mentor\u00e9s un environnement de confiance et exempt de jugement.<\/p>\n\n\n\n<h3 class=\"wp-block-heading\">Pourquoi devenir mentor?<\/h3>\n\n\n\n<p>Il existe de nombreuses raisons de vouloir devenir mentor, dont certaines sont d\u00e9crites ci-dessous. La plus importante d\u2019entre elles est la capacit\u00e9 \u00e0 influencer une nouvelle g\u00e9n\u00e9ration de solutions qui correspond aux besoins de votre entreprise et de l\u2019industrie.<\/p>\n<\/div>\n\n\n\n<div class=\"wp-block-column is-layout-flow wp-block-column-is-layout-flow\">\n<figure class=\"wp-block-image size-large\"><img loading=\"lazy\" decoding=\"async\" width=\"1000\" height=\"667\" src=\"https:\/\/www.cca-acc.com\/wp-content\/uploads\/2020\/07\/GettyImages-473302168-1000px.jpg\" alt=\"\" class=\"wp-image-14459\" srcset=\"https:\/\/www.cca-acc.com\/wp-content\/uploads\/2020\/07\/GettyImages-473302168-1000px.jpg 1000w, https:\/\/www.cca-acc.com\/wp-content\/uploads\/2020\/07\/GettyImages-473302168-1000px-600x400.jpg 600w, https:\/\/www.cca-acc.com\/wp-content\/uploads\/2020\/07\/GettyImages-473302168-1000px-300x200.jpg 300w, https:\/\/www.cca-acc.com\/wp-content\/uploads\/2020\/07\/GettyImages-473302168-1000px-768x512.jpg 768w\" sizes=\"auto, (max-width: 1000px) 100vw, 1000px\" \/><\/figure>\n<\/div>\n<\/div>\n\n\n\n<h3 class=\"wp-block-heading\">Avantages<\/h3>\n\n\n\n<p>Le mentorat peut s\u2019av\u00e9rer une exp\u00e9rience pr\u00e9cieuse et enrichissante tant pour le mentor que pour le mentor\u00e9. Devenir un mentor CONtact pr\u00e9sente de nombreux avantages, moyennant un modeste investissement de trois heures :<\/p>\n\n\n\n<figure class=\"wp-block-image size-large\"><img loading=\"lazy\" decoding=\"async\" width=\"1024\" height=\"421\" src=\"https:\/\/www.cca-acc.com\/wp-content\/uploads\/2020\/08\/Benefits-Mentor2FR-1024x421.png\" alt=\"\" class=\"wp-image-15935\" srcset=\"https:\/\/www.cca-acc.com\/wp-content\/uploads\/2020\/08\/Benefits-Mentor2FR-1024x421.png 1024w, https:\/\/www.cca-acc.com\/wp-content\/uploads\/2020\/08\/Benefits-Mentor2FR-600x247.png 600w, https:\/\/www.cca-acc.com\/wp-content\/uploads\/2020\/08\/Benefits-Mentor2FR-300x123.png 300w, https:\/\/www.cca-acc.com\/wp-content\/uploads\/2020\/08\/Benefits-Mentor2FR-768x316.png 768w, https:\/\/www.cca-acc.com\/wp-content\/uploads\/2020\/08\/Benefits-Mentor2FR.png 1088w\" sizes=\"auto, (max-width: 1024px) 100vw, 1024px\" \/><\/figure>\n\n\n\n<p>Le programme CONtact fournira un taux horaire pour le mentorat.<\/p>\n\n\n\n<h3 class=\"wp-block-heading\">Exigences<\/h3>\n\n\n\n<ul class=\"wp-block-list\">\n<li>Vous travaillez actuellement dans une entreprise de construction canadienne.<\/li>\n\n\n\n<li>Vous poss\u00e9dez plus de cinq ans d\u2019exp\u00e9rience au sein de l\u2019industrie dans un domaine sp\u00e9cialis\u00e9 pertinent.<\/li>\n\n\n\n<li>Vous occupez un poste de cadre sup\u00e9rieur (gestionnaire principal ou un poste sup\u00e9rieur).<\/li>\n\n\n\n<li>Vous faites preuve d\u2019une excellente capacit\u00e9 \u00e0 \u00e9couter et \u00e0 communiquer.<\/li>\n\n\n\n<li>Vous devez \u00eatre capable d\u2019avoir une vue d\u2019ensemble et d\u2019\u00eatre conscient des changements potentiels au sein de l\u2019industrie ainsi que des tendances futures.<\/li>\n<\/ul>\n\n\n\n<p>Les mentors seront s\u00e9lectionn\u00e9s en fonction de leur int\u00e9r\u00eat et de la pertinence de leur exp\u00e9rience en regard du produit ou du service du mentor\u00e9.<\/p>\n\n\n\n<h3 class=\"wp-block-heading\">Int\u00e9ress\u00e9 \u00e0 \u00eatre mentor?<\/h3>\n\n\n\n<p>Contacter Robin Borne <a rel=\"noreferrer noopener\" target=\"_blank\" href=\"mailto:rborne@cca-acc.com\">rborne@cca-acc.com<\/a> 613-236-9455 ext.&nbsp;110 or Kenny Leon <a rel=\"noreferrer noopener\" target=\"_blank\" href=\"mailto:kleon@cca-acc.com\">kleon@cca-acc.com<\/a> 613-236-9455, ext.106.<\/p>\n\n\n\n<div class=\"wp-block-group alignfull\"><div class=\"wp-block-group__inner-container is-layout-constrained wp-block-group-is-layout-constrained\">\n<div class=\"wp-block-columns\">\n    <div\n        class=\"wp-block-column\"\n        style=\"flex-basis: 33.33%\"\n    >\n        <figure\n            class=\"wp-block-image size-large\"\n            style=\"width: 100%; aspect-ratio: 2 \/ 3; overflow: hidden; margin: 0\"\n        >\n            <img decoding=\"async\"\n                src=\"\/wp-content\/uploads\/2020\/08\/JohnB-WebRes.jpg\"\n                alt=\"\"\n                style=\"width: 100%; height: 100%; object-position: 50% 15%; object-fit: cover\"\n            \/>\n        <\/figure>\n    <\/div>\n\n    <div\n        class=\"wp-block-column\"\n        style=\"flex-basis: 66.66%; align-items: center; display: flex;\"\n    >\n        <blockquote class=\"wp-block-quote\" style=\"border: none !important;\">\n            <p\n                data-aos=\"fade-in\"\n                class=\"aos-init aos-animate\"\n            >\n            \u00ab J\u2019ai eu l\u2019occasion de participer \u00e0 la s\u00e9lection de candidats et d\u2019encadrer \u00e0 deux reprises une \u00e9quipe de conception. C\u2019est une v\u00e9ritable source d\u2019inspiration de voir les id\u00e9es novatrices propos\u00e9es et les efforts d\u00e9ploy\u00e9s pour pr\u00e9parer les candidatures. Le mentorat est une exp\u00e9rience o\u00f9 tout le monde en sort gagnant. Pour le mentor, c\u2019est l\u2019occasion de sortir des sentiers battus et de peaufiner les meilleures id\u00e9es pour produire une solution pratique pour l\u2019industrie. Pour le mentor\u00e9, c\u2019est l\u2019occasion de mieux comprendre ce qui constitue une valeur ajout\u00e9e pour l\u2019industrie. Saisissez l\u2019occasion de vous impliquer dans ce programme, car cela ne peut que cr\u00e9er de meilleurs r\u00e9sultats pour la construction.\u00a0 \u00bb\n            <\/p>\n            <cite>John Bockstael, pr\u00e9sident-directeur g\u00e9n\u00e9ral, Bockstael Construction<\/cite>\n        <\/blockquote>\n    <\/div>\n<\/div>\n<\/div><\/div>\n\n\n\n<div class=\"wp-block-group alignfull has-ccp-white-color has-ccp-purple-background-color has-text-color has-background\"><div class=\"wp-block-group__inner-container is-layout-flow wp-block-group-is-layout-flow\">\n<p><em><strong><em><strong>D\u00e9tails<\/strong><\/em><\/strong><\/em><\/p>\n\n\n\n<ul class=\"wp-block-list\">\n<li>Tous les candidats mentor\u00e9s doivent soumettre leur candidature en ligne (ou \u00eatre r\u00e9f\u00e9r\u00e9s au programme CONtact par le PARI CNRC) au plus tard le 30 septembre 2022 pour courir la chance d\u2019\u00eatre s\u00e9lectionn\u00e9s. L\u2019ACC peut, \u00e0 sa discr\u00e9tion, d\u00e9cider de relancer le processus de candidatures ou de prolonger la date limite.<\/li>\n\n\n\n<li>Les candidats seront s\u00e9lectionn\u00e9s \u00e0 la suite de l\u2019examen approfondi de leur candidature en fonction des crit\u00e8res \u00e9tablis par le conseil consultatif.<\/li>\n\n\n\n<li>Les mentors seront s\u00e9lectionn\u00e9s en fonction de leur int\u00e9r\u00eat et de la pertinence de leur exp\u00e9rience en regard des besoins du mentor\u00e9.<\/li>\n\n\n\n<li>L\u2019ACC organisera une rencontre de mentorat virtuelle entre le mentor et le mentor\u00e9, une s\u00e9ance \u00e0 la conf\u00e9rence de l\u2019ACC et une rencontre de suivi en personne \u00e0 la conf\u00e9rence.<\/li>\n\n\n\n<li>Le programme CONtact couvrira les frais de d\u00e9placement et d\u2019h\u00e9bergement admissibles des mentor\u00e9s pour une rencontre en personne \u00e0 la conf\u00e9rence annuelle de l\u2019ACC. L\u2019ACC n\u2019est pas responsable de la commercialisation du produit ou du service du mentor\u00e9.<\/li>\n\n\n\n<li>L\u2019ACC ne garantit pas le financement du produit ou de l\u2019id\u00e9e du mentor\u00e9.<\/li>\n\n\n\n<li>Une fois s\u00e9lectionn\u00e9s, les mentors et les mentor\u00e9s participants peuvent \u00eatre appel\u00e9s \u00e0 signer une entente de confidentialit\u00e9.<\/li>\n\n\n\n<li>L\u2019ACC n\u2019assume aucune responsabilit\u00e9 juridique et ne peut \u00eatre tenue responsable de tout diff\u00e9rend pouvant survenir entre le mentor ou le mentor\u00e9 lors de la premi\u00e8re rencontre ou par la suite.<\/li>\n\n\n\n<li>L\u2019ACC n\u2019assume aucune responsabilit\u00e9 et ne peut \u00eatre tenue responsable de l\u2019organisation de toute rencontre subs\u00e9quente.<\/li>\n<\/ul>\n\n\n\n<h3 class=\"wp-block-heading\">Questions?<\/h3>\n\n\n\n<p>Pour des renseignements suppl\u00e9mentaires concernant le programme, veuillez contacter <a href=\"mailto:rborne@cca-acc.com\">rborne@cca-acc.com<\/a>, 613-236-9455, poste 110, ou <a href=\"mailto:kleon@cca-acc.com\">kleon@cca-acc.com<\/a>, 613-236-9455, poste 106.<\/p>\n<\/div><\/div>\n","protected":false},"excerpt":{"rendered":"<p>Les mentors CONtact ont pour r\u00f4le d\u2019encadrer les mentor\u00e9s en partageant avec eux leurs connaissances et leur expertise, afin de les aider \u00e0 d\u00e9velopper et \u00e0 perfectionner leurs produits ou leurs services de fa\u00e7on \u00e0 ce que leurs solutions puissent mieux r\u00e9pondre aux besoins de l\u2019industrie et \u00eatre adopt\u00e9es rapidement par celle-ci. Les mentors peuvent [&hellip;]<\/p>\n","protected":false},"author":1,"featured_media":0,"parent":15923,"menu_order":0,"comment_status":"closed","ping_status":"closed","template":"","meta":{"_acf_changed":false,"footnotes":""},"class_list":["post-15934","page","type-page","status-publish","hentry"],"acf":[],"_links":{"self":[{"href":"https:\/\/www.cca-acc.com\/fr\/wp-json\/wp\/v2\/pages\/15934","targetHints":{"allow":["GET"]}}],"collection":[{"href":"https:\/\/www.cca-acc.com\/fr\/wp-json\/wp\/v2\/pages"}],"about":[{"href":"https:\/\/www.cca-acc.com\/fr\/wp-json\/wp\/v2\/types\/page"}],"author":[{"embeddable":true,"href":"https:\/\/www.cca-acc.com\/fr\/wp-json\/wp\/v2\/users\/1"}],"replies":[{"embeddable":true,"href":"https:\/\/www.cca-acc.com\/fr\/wp-json\/wp\/v2\/comments?post=15934"}],"version-history":[{"count":2,"href":"https:\/\/www.cca-acc.com\/fr\/wp-json\/wp\/v2\/pages\/15934\/revisions"}],"predecessor-version":[{"id":47128,"href":"https:\/\/www.cca-acc.com\/fr\/wp-json\/wp\/v2\/pages\/15934\/revisions\/47128"}],"up":[{"embeddable":true,"href":"https:\/\/www.cca-acc.com\/fr\/wp-json\/wp\/v2\/pages\/15923"}],"wp:attachment":[{"href":"https:\/\/www.cca-acc.com\/fr\/wp-json\/wp\/v2\/media?parent=15934"}],"curies":[{"name":"wp","href":"https:\/\/api.w.org\/{rel}","templated":true}]}}