{"id":16138,"date":"2020-06-24T16:19:00","date_gmt":"2020-06-24T20:19:00","guid":{"rendered":"https:\/\/www.cca-acc.com\/cca-national-awards\/"},"modified":"2025-09-15T10:14:06","modified_gmt":"2025-09-15T14:14:06","slug":"prix-nationaux-de-lacc","status":"publish","type":"page","link":"https:\/\/www.cca-acc.com\/fr\/services-axes-sur-les-pratiques-exemplaires\/prix-nationaux-de-lacc\/","title":{"rendered":"Prix nationaux de l\u2019ACC"},"content":{"rendered":"\n<p><\/p>\n\n\n\n<div class=\"is-layout-flow wp-block-group alignfull block-cards block-cards--white\">\n\n  \n    <div class=\"container\">\n    <div class=\"col\">\n      <div class=\"block-cards__intro\"><h2 style=\"text-align: left;\" id=\"nomination-intro\">C\u00e9l\u00e9brer l\u2019excellence dans l\u2019industrie canadienne de la construction<\/h2>\n<p><strong><span class=\"ui-provider a b c d e f g h i j k l m n o p q r s t u v w x y z ab ac ae af ag ah ai aj ak\" dir=\"ltr\">Cliquez sur les cat\u00e9gories pour proposer votre candidature.<\/span><\/strong><\/p>\n<p>Les Prix nationaux annuels de l\u2019ACC rendent hommage aux agents de changement, aux chefs de file et aux champions \u00e0 l\u2019\u00e9chelle du pays afin de souligner leurs contributions exceptionnelles \u00e0 l\u2019industrie canadienne de la construction.<\/p>\n<p><!-- wp:paragraph --> <!-- \/wp:paragraph --> <!-- wp:paragraph --> <!-- \/wp:paragraph --><\/p>\n<p>Ouverts \u00e0 tous les membres de l\u2019ACC, les Prix nationaux de l\u2019ACC reconnaissent les personnes, les organisations et les projets qui mettent en valeur et am\u00e9liorent l\u2019industrie canadienne de la construction dans neuf cat\u00e9gories diff\u00e9rentes.<\/p>\n<\/div>\n    <\/div>\n  <\/div>\n    <div class=\"container\">\n    <div class=\"col\">\n      <div class=\"block-cards__grid block-cards__grid--3\">\n              \n<div class=\"module-cards bucket-cards card-grey card-type-text\">\n    <a target=\"\" href=\"https:\/\/www.cca-acc.com\/fr\/services-axes-sur-les-pratiques-exemplaires\/prix-nationaux-de-lacc\/prix-de-leader-communautaire-de-lacc\/\"><\/a>    <div class=\"bucket-cards-inner\">\n\n      \n      <div class=\"bucket-cards-content\">\n        <div class=\"bucket-cards-content-inner\">\n          <p class=\"card-content\">Prix de leader communautaire&nbsp;&nbsp;&nbsp;&nbsp;<span class=\"card-content-arrow\"><\/span><\/p>\n                    <p class=\"card-description\">Ce prix reconna\u00eet les entreprises membres de l\u2019ACC, les associations partenaires ou les personnes employ\u00e9es par une entreprise membre de l\u2019ACC qui ont consacr\u00e9 leur temps et leurs efforts \u00e0 l\u2019am\u00e9lioration de leur collectivit\u00e9<\/p>\n                          \n                <\/div>\n\n    <\/div>\n  <\/div>\n<\/div>              \n<div class=\"module-cards bucket-cards card-grey card-type-text\">\n    <a target=\"\" href=\"https:\/\/www.cca-acc.com\/fr\/services-axes-sur-les-pratiques-exemplaires\/prix-nationaux-de-lacc\/prix-de-realisation-environnementale-de-lacc\/\"><\/a>    <div class=\"bucket-cards-inner\">\n\n      \n      <div class=\"bucket-cards-content\">\n        <div class=\"bucket-cards-content-inner\">\n          <p class=\"card-content\">Prix de r\u00e9alisation environnementale&nbsp;&nbsp;&nbsp;&nbsp;<span class=\"card-content-arrow\"><\/span><\/p>\n                    <p class=\"card-description\">Cr\u00e9\u00e9 en 1991, ce prix reconna\u00eet le r\u00f4le de leadership que jouent les entreprises membres de l\u2019ACC et les associations dans la promotion et l\u2019adoption de pratiques environnementales exemplaires au sein de l\u2019industrie canadienne de la construction.<\/p>\n                          \n                <\/div>\n\n    <\/div>\n  <\/div>\n<\/div>              \n<div class=\"module-cards bucket-cards card-grey card-type-text\">\n    <a target=\"\" href=\"https:\/\/www.cca-acc.com\/fr\/services-axes-sur-les-pratiques-exemplaires\/prix-nationaux-de-lacc\/prix-dexcellence-en-innovation-de-lacc\/\"><\/a>    <div class=\"bucket-cards-inner\">\n\n      \n      <div class=\"bucket-cards-content\">\n        <div class=\"bucket-cards-content-inner\">\n          <p class=\"card-content\">Prix d\u2019excellence en innovation&nbsp;&nbsp;&nbsp;&nbsp;<span class=\"card-content-arrow\"><\/span><\/p>\n                    <p class=\"card-description\">D\u00e9cern\u00e9 \u00e0 la m\u00e9moire de Hugh R. Montgomery, ancien pr\u00e9sident de l\u2019ACC, ce prix reconna\u00eet les entreprises membres exceptionnelles de l\u2019ACC qui ont mis en \u0153uvre des pratiques de construction innovatrices au cours des deux derni\u00e8res ann\u00e9es. Ces pratiques doivent avoir \u00e9t\u00e9 utilis\u00e9es ou adopt\u00e9es pour la premi\u00e8re fois au Canada, mais elles peuvent avoir \u00e9t\u00e9 appliqu\u00e9es ou utilis\u00e9es pr\u00e9c\u00e9demment \u00e0 l\u2019\u00e9tranger.<\/p>\n                          \n                <\/div>\n\n    <\/div>\n  <\/div>\n<\/div>              \n<div class=\"module-cards bucket-cards card-grey card-type-text\">\n    <a target=\"\" href=\"https:\/\/www.cca-acc.com\/fr\/services-axes-sur-les-pratiques-exemplaires\/prix-nationaux-de-lacc\/prix-du-sceau-dor-de-lacc\/\"><\/a>    <div class=\"bucket-cards-inner\">\n\n      \n      <div class=\"bucket-cards-content\">\n        <div class=\"bucket-cards-content-inner\">\n          <p class=\"card-content\">Prix du Sceau d\u2019or&nbsp;&nbsp;&nbsp;&nbsp;<span class=\"card-content-arrow\"><\/span><\/p>\n                    <p class=\"card-description\">Ce prix reconna\u00eet l\u2019engagement des entreprises membres de l\u2019ACC envers l\u2019excellence en gestion de la construction en appuyant et en encourageant leurs employ\u00e9s \u00e0 obtenir la certification Sceau d\u2019or et en int\u00e9grant le programme du Sceau d\u2019or \u00e0 leurs pratiques d\u2019entreprise<\/p>\n                          \n                <\/div>\n\n    <\/div>\n  <\/div>\n<\/div>              \n<div class=\"module-cards bucket-cards card-grey card-type-text\">\n    <a target=\"\" href=\"https:\/\/www.cca-acc.com\/fr\/services-axes-sur-les-pratiques-exemplaires\/prix-nationaux-de-lacc\/prix-national-de-securite-de-lacc\/\"><\/a>    <div class=\"bucket-cards-inner\">\n\n      \n      <div class=\"bucket-cards-content\">\n        <div class=\"bucket-cards-content-inner\">\n          <p class=\"card-content\">Prix national de s\u00e9curit\u00e9 &nbsp;&nbsp;&nbsp;&nbsp;<span class=\"card-content-arrow\"><\/span><\/p>\n                    <p class=\"card-description\">Cr\u00e9\u00e9 en 2000 \u00e0 la m\u00e9moire de Gordon M. Vipond, ce prix reconna\u00eet les entreprises membres et les associations partenaires de l\u2019ACC qui ont accompli des r\u00e9alisations exceptionnelles et ont fait preuve d\u2019un engagement manifeste \u00e0 l\u2019\u00e9gard de la s\u00e9curit\u00e9 dans les lieux de travail de la construction. Le prix reconna\u00eet les r\u00e9alisations dans les domaines suivants : l\u2019\u00e9laboration de programmes, la formation du personnel, la contribution \u00e0 l\u2019industrie, ainsi que les r\u00e9sultats exemplaires en mati\u00e8re de s\u00e9curit\u00e9 au travail.<\/p>\n                          \n                <\/div>\n\n    <\/div>\n  <\/div>\n<\/div>              \n<div class=\"module-cards bucket-cards card-grey card-type-text\">\n    <a target=\"\" href=\"https:\/\/www.cca-acc.com\/fr\/services-axes-sur-les-pratiques-exemplaires\/prix-nationaux-de-lacc\/prix-dexcellence-des-associations-partenaires-de-lacc\/\"><\/a>    <div class=\"bucket-cards-inner\">\n\n      \n      <div class=\"bucket-cards-content\">\n        <div class=\"bucket-cards-content-inner\">\n          <p class=\"card-content\">Prix des associations partenaires &nbsp;&nbsp;&nbsp;&nbsp;<span class=\"card-content-arrow\"><\/span><\/p>\n                    <p class=\"card-description\">Cr\u00e9\u00e9 en 1992 \u00e0 la m\u00e9moire de Jake Thygesen, ce prix reconna\u00eet les associations partenaires int\u00e9gr\u00e9es de l\u2019ACC qui ont fait preuve de leadership exceptionnel dans la mise en valeur et l\u2019am\u00e9lioration de l\u2019industrie (activit\u00e9s de lobbying, relations gouvernementales, etc.), de la formation et du recrutement de membres.<\/p>\n                          \n                <\/div>\n\n    <\/div>\n  <\/div>\n<\/div>              \n<div class=\"module-cards bucket-cards card-grey card-type-text\">\n    <a target=\"\" href=\"https:\/\/www.cca-acc.com\/fr\/services-axes-sur-les-pratiques-exemplaires\/prix-nationaux-de-lacc\/prix-du-leader-elite\/\"><\/a>    <div class=\"bucket-cards-inner\">\n\n      \n      <div class=\"bucket-cards-content\">\n        <div class=\"bucket-cards-content-inner\">\n          <p class=\"card-content\">Prix du leader \u00e9lite &nbsp;&nbsp;&nbsp;&nbsp;<span class=\"card-content-arrow\"><\/span><\/p>\n                    <p class=\"card-description\">En hommage \u00e0 la m\u00e9moire de Robert Stollery, ce prix reconna\u00eet les personnes qui font preuve de qualit\u00e9s de chef et qui respectent les normes et les principes les plus \u00e9lev\u00e9s dans l\u2019industrie de la construction et le milieu des affaires au cours de leur carri\u00e8re qui s\u2019\u00e9chelonne sur plus de 20 ans. Le leader \u00e9lite d\u00e9montre sa poursuite de l\u2019excellence dans n\u2019importe quel secteur ou domaine de l\u2019industrie canadienne de la construction.<\/p>\n                          \n                <\/div>\n\n    <\/div>\n  <\/div>\n<\/div>              \n<div class=\"module-cards bucket-cards card-grey card-type-text\">\n    <a target=\"\" href=\"https:\/\/www.cca-acc.com\/fr\/services-axes-sur-les-pratiques-exemplaires\/prix-nationaux-de-lacc\/prix-dexcellence-de-la-main-doeuvre-de-lacc\/\"><\/a>    <div class=\"bucket-cards-inner\">\n\n      \n      <div class=\"bucket-cards-content\">\n        <div class=\"bucket-cards-content-inner\">\n          <p class=\"card-content\">Prix d\u2019excellence de la main-d\u2019\u0153uvre&nbsp;&nbsp;&nbsp;&nbsp;<span class=\"card-content-arrow\"><\/span><\/p>\n                    <p class=\"card-description\">Cr\u00e9\u00e9 en 2019, ce prix reconna\u00eet les membres et les associations partenaires de l\u2019ACC qui d\u00e9fendent et encouragent la diversit\u00e9 et l\u2019inclusion dans l\u2019industrie de la construction en d\u00e9montrant des r\u00e9sultats av\u00e9r\u00e9s.<\/p>\n                          \n                <\/div>\n\n    <\/div>\n  <\/div>\n<\/div>              \n<div class=\"module-cards bucket-cards card-grey card-type-text\">\n    <a target=\"\" href=\"https:\/\/www.cca-acc.com\/fr\/services-axes-sur-les-pratiques-exemplaires\/prix-nationaux-de-lacc\/prix-du-jeune-leader-de-lacc\/\"><\/a>    <div class=\"bucket-cards-inner\">\n\n      \n      <div class=\"bucket-cards-content\">\n        <div class=\"bucket-cards-content-inner\">\n          <p class=\"card-content\">Prix du jeune leader&nbsp;&nbsp;&nbsp;&nbsp;<span class=\"card-content-arrow\"><\/span><\/p>\n                    <p class=\"card-description\">Ce prix reconna\u00eet les personnes de moins de 40 ans employ\u00e9es par une entreprise membre de l\u2019ACC, qui font preuve de solides comp\u00e9tences en mati\u00e8re de leadership, de croissance manifeste et d\u2019am\u00e9lioration continue et qui appuient l\u2019industrie de la construction par le biais de leur adh\u00e9sion \u00e0 une ou plus d\u2019une association partenaire de l\u2019ACC et\/ou au groupe des jeunes leaders d\u2019une association.<\/p>\n                          \n                <\/div>\n\n    <\/div>\n  <\/div>\n<\/div>            <\/div>\n    <\/div>\n  <\/div>\n<\/div>\n\n\n<p>Les laur\u00e9ats des prix nationaux de l\u2019ACC proviennent de diff\u00e9rentes sp\u00e9cialit\u00e9s, de diff\u00e9rents stades de carri\u00e8re et de divers horizons, et de r\u00e9gions rurales et \u00e9loign\u00e9es ainsi que de grandes villes. Ils refl\u00e8tent \u00e9galement la diversit\u00e9 des professions et des collectivit\u00e9s que nous servons.<\/p>\n\n\n\n<p>Veuillez noter que seuls les dossiers de candidature transmis par voie \u00e9lectronique seront pris en consid\u00e9ration.<\/p>\n\n\n\n<p>Ce qu\u2019il vous faut pour pr\u00e9senter votre candidature :<\/p>\n\n\n\n<ul class=\"wp-block-list\">\n<li>Les coordonn\u00e9es de la personne ou de l\u2019organisation dont vous proposez la candidature ainsi que vos coordonn\u00e9es<\/li>\n\n\n\n<li>Une description de la candidature avec des d\u00e9tails sur la contribution et l\u2019impact du candidat propos\u00e9.<\/li>\n\n\n\n<li>Un minimum de sept photos haute r\u00e9solution li\u00e9es \u00e0 la candidature.<\/li>\n<\/ul>\n\n\n\n<p>Les d\u00e9tails concernant les renseignements \u00e0 inclure dans le dossier de candidature sont pr\u00e9cis\u00e9s dans le formulaire de candidature en ligne sp\u00e9cifique au prix.<\/p>\n\n\n\n<p>Cliquez sur le prix pour pr\u00e9senter votre dossier de candidature!<\/p>\n\n\n\n<div class=\"is-layout-flow wp-block-group alignfull block-cta block-cta--purple-motif\">\n\n    <div class=\"block-cta__motif\">\n    <svg xmlns=\"http:\/\/www.w3.org\/2000\/svg\" width=\"527.292\" height=\"547.292\" viewBox=\"0 0 527.292 547.292\">\n      <path d=\"M491.99,410.507a280.341,280.341,0,0,0,35.3-136.861C527.29,122.515,409.251,0,263.644,0S0,122.515,0,273.646A280.341,280.341,0,0,0,35.3,410.507l0,0h0c45.591,81.768,130.776,136.783,228.344,136.783S446.4,492.277,491.988,410.509h0ZM449.8,80.429c49.724,51.61,77.107,120.229,77.107,193.216a279.6,279.6,0,0,1-35.1,136.525L263.868.4C334.1.461,400.129,28.875,449.8,80.429Zm41.528,329.682H35.96L263.644.795ZM.381,273.646c0-72.988,27.384-141.607,77.107-193.216C127.16,28.875,193.186.461,263.422.4L35.485,410.171A279.624,279.624,0,0,1,.381,273.646ZM449.8,466.862c-49.724,51.61-115.835,80.032-186.156,80.032S127.212,518.472,77.488,466.862a273.8,273.8,0,0,1-41.811-56.354H491.613A273.8,273.8,0,0,1,449.8,466.862Z\" transform=\"translate(0.002)\" fill=\"#fff\"\/>\n    <\/svg>\n  <\/div>\n  \n  <div class=\"wp-block-group__inner-container\">\n    <p class=\"text-center\">Vous d\u00e9sirez obtenir de plus amples renseignements? Contactez Robin Borne<\/p>\n    <div class=\"button_center\"><a class=\"btn-white outlined\" href=\"mailto:rborne@cca-acc.com\">Contactez<\/a><\/div>\n  <\/div>\n<\/div>","protected":false},"excerpt":{"rendered":"<p>Les laur\u00e9ats des prix nationaux de l\u2019ACC proviennent de diff\u00e9rentes sp\u00e9cialit\u00e9s, de diff\u00e9rents stades de carri\u00e8re et de divers horizons, et de r\u00e9gions rurales et \u00e9loign\u00e9es ainsi que de grandes villes. Ils refl\u00e8tent \u00e9galement la diversit\u00e9 des professions et des collectivit\u00e9s que nous servons. Veuillez noter que seuls les dossiers de candidature transmis par voie [&hellip;]<\/p>\n","protected":false},"author":1,"featured_media":46842,"parent":16873,"menu_order":5,"comment_status":"closed","ping_status":"closed","template":"","meta":{"_acf_changed":false,"footnotes":""},"class_list":["post-16138","page","type-page","status-publish","has-post-thumbnail","hentry"],"acf":[],"_links":{"self":[{"href":"https:\/\/www.cca-acc.com\/fr\/wp-json\/wp\/v2\/pages\/16138","targetHints":{"allow":["GET"]}}],"collection":[{"href":"https:\/\/www.cca-acc.com\/fr\/wp-json\/wp\/v2\/pages"}],"about":[{"href":"https:\/\/www.cca-acc.com\/fr\/wp-json\/wp\/v2\/types\/page"}],"author":[{"embeddable":true,"href":"https:\/\/www.cca-acc.com\/fr\/wp-json\/wp\/v2\/users\/1"}],"replies":[{"embeddable":true,"href":"https:\/\/www.cca-acc.com\/fr\/wp-json\/wp\/v2\/comments?post=16138"}],"version-history":[{"count":30,"href":"https:\/\/www.cca-acc.com\/fr\/wp-json\/wp\/v2\/pages\/16138\/revisions"}],"predecessor-version":[{"id":71544,"href":"https:\/\/www.cca-acc.com\/fr\/wp-json\/wp\/v2\/pages\/16138\/revisions\/71544"}],"up":[{"embeddable":true,"href":"https:\/\/www.cca-acc.com\/fr\/wp-json\/wp\/v2\/pages\/16873"}],"wp:featuredmedia":[{"embeddable":true,"href":"https:\/\/www.cca-acc.com\/fr\/wp-json\/wp\/v2\/media\/46842"}],"wp:attachment":[{"href":"https:\/\/www.cca-acc.com\/fr\/wp-json\/wp\/v2\/media?parent=16138"}],"curies":[{"name":"wp","href":"https:\/\/api.w.org\/{rel}","templated":true}]}}