{"id":16140,"date":"2020-04-22T14:26:19","date_gmt":"2020-04-22T14:26:19","guid":{"rendered":"https:\/\/www.cca-acc.com\/workforce-excellence\/"},"modified":"2021-06-24T09:38:35","modified_gmt":"2021-06-24T13:38:35","slug":"excellence-de-la-main-doeuvre","status":"publish","type":"page","link":"https:\/\/www.cca-acc.com\/fr\/excellence-de-la-main-doeuvre\/","title":{"rendered":"Excellence de la main-d\u2019\u0153uvre"},"content":{"rendered":"\n<p>L\u2019Association canadienne de la construction (ACC) s\u2019engage \u00e0 assurer que l\u2019industrie ait acc\u00e8s aux comp\u00e9tences dont elle a besoin, aujourd\u2019hui et \u00e0 l\u2019avenir. Pour ce faire, l\u2019ACC veille \u00e0&nbsp;:<\/p>\n\n\n\n<div class=\"wp-block-group mission-block\"><div class=\"wp-block-group__inner-container is-layout-flow wp-block-group-is-layout-flow\">\n<p>encourager la prochaine g\u00e9n\u00e9ration \u00e0 choisir une carri\u00e8re dans le secteur de la construction;<\/p>\n<\/div><\/div>\n\n\n\n<div class=\"wp-block-group mission-block\"><div class=\"wp-block-group__inner-container is-layout-flow wp-block-group-is-layout-flow\">\n<p>attirer et retenir les meilleurs talents provenant des groupes sous-repr\u00e9sent\u00e9s, notamment les femmes, les jeunes, les Autochtones et les nouveaux Canadiens;<\/p>\n<\/div><\/div>\n\n\n\n<div class=\"wp-block-group mission-block\"><div class=\"wp-block-group__inner-container is-layout-flow wp-block-group-is-layout-flow\">\n<p>travailler en collaboration pour renforcer davantage l\u2019industrie de la construction au Canada.<\/p>\n<\/div><\/div>\n\n\n\n<p>De plus, l\u2019ACC s\u2019emploie \u00e0 cr\u00e9er et \u00e0 reconna\u00eetre l\u2019excellence dans l\u2019industrie, gr\u00e2ce \u00e0 ses prix annuels et \u00e0 ses programmes de formation, comme la certification Sceau d\u2019or.<\/p>\n\n\n\n<div class=\"wp-block-group alignfull callout-bucket-group\"><div class=\"wp-block-group__inner-container is-layout-flow wp-block-group-is-layout-flow\">\n<div class=\"wp-block-columns alignfull is-layout-flex wp-container-core-columns-is-layout-9d6595d7 wp-block-columns-is-layout-flex\">\n<div class=\"wp-block-column is-layout-flow wp-block-column-is-layout-flow\">\n<div class=\"wp-block-columns is-layout-flex wp-container-core-columns-is-layout-9d6595d7 wp-block-columns-is-layout-flex\">\n<div class=\"wp-block-column is-layout-flow wp-block-column-is-layout-flow\">\t<div data-aos=\"fade-up\" style=\"width: 100%;\">\n\t\t<div class=\"bucket-sm-2 cca_teal\">\n\t\t\t<div class=\"background-image\" style=\"background-image: url()\"><\/div>\n\t\t\t<a href=\"\/fr\/excellence-de-la-main-doeuvre\/le-talent-a-sa-place-ici\/\">\n\t\t\t\t<div class=\"box-inner\">\n\t\t\t\t\t<h4 class=\"white-text\" style=\"margin: 0px;\">Le talent a sa place ici <\/h4>\n\t\t\t\t\t<p class=\"white-text\"><\/p>\n\t\t\t\t\t\n\t\t\t\t\t\n\t\t\t\t\t\t<button class=\"btn-white hover-btn\" style=\"color: #58a291;\">Pour en savoir plus<\/button>\n\t\t\t\t\t\n\t\t\t\t<\/div>\n\t\t\t<\/a>\n\t\t<\/div>\n\t<\/div>\n\n\n<\/div>\n\n\n\n<div class=\"wp-block-column is-layout-flow wp-block-column-is-layout-flow\">\t<div data-aos=\"fade-up\" style=\"width: 100%;\">\n\t\t<div class=\"bucket-sm-2 cca_orange\">\n\t\t\t<div class=\"background-image\" style=\"background-image: url()\"><\/div>\n\t\t\t<a href=\"https:\/\/www.cca-acc.com\/fr\/excellence-de-la-main-doeuvre\/diversite-et-inclusion-un-appel-a-action\/\">\n\t\t\t\t<div class=\"box-inner\">\n\t\t\t\t\t<h4 class=\"white-text\" style=\"margin: 0px;\">Diversit\u00e9 et inclusion : un appel \u00e0 l\u2019action<\/h4>\n\t\t\t\t\t<p class=\"white-text\"><\/p>\n\t\t\t\t\t\n\t\t\t\t\t\n\t\t\t\t\t\t<button class=\"btn-white hover-btn\" style=\"color: #cf4520;\">Pour en savoir plus<\/button>\n\t\t\t\t\t\n\t\t\t\t<\/div>\n\t\t\t<\/a>\n\t\t<\/div>\n\t<\/div>\n\n\n<\/div>\n<\/div>\n<\/div>\n\n\n\n<div class=\"wp-block-column is-layout-flow wp-block-column-is-layout-flow\">\n<div class=\"wp-block-columns is-layout-flex wp-container-core-columns-is-layout-9d6595d7 wp-block-columns-is-layout-flex\">\n<div class=\"wp-block-column is-layout-flow wp-block-column-is-layout-flow\">\t<div data-aos=\"fade-up\" style=\"width: 100%;\">\n\t\t<div class=\"bucket-sm-2 cca_purple\">\n\t\t\t<div class=\"background-image\" style=\"background-image: url()\"><\/div>\n\t\t\t<a href=\"\/fr\/excellence-de-la-main-doeuvre\/sceau-dor\/\">\n\t\t\t\t<div class=\"box-inner\">\n\t\t\t\t\t<h4 class=\"white-text\" style=\"margin: 0px;\">Sceau d\u2019or <\/h4>\n\t\t\t\t\t<p class=\"white-text\"><\/p>\n\t\t\t\t\t\n\t\t\t\t\t\n\t\t\t\t\t\t<button class=\"btn-white hover-btn\" style=\"color: #582c83;\">Pour en savoir plus<\/button>\n\t\t\t\t\t\n\t\t\t\t<\/div>\n\t\t\t<\/a>\n\t\t<\/div>\n\t<\/div>\n\n\n<\/div>\n\n\n\n<div class=\"wp-block-column is-layout-flow wp-block-column-is-layout-flow\">\t<div data-aos=\"fade-up\" style=\"width: 100%;\">\n\t\t<div class=\"bucket-sm-2 cca_red\">\n\t\t\t<div class=\"background-image\" style=\"background-image: url()\"><\/div>\n\t\t\t<a href=\"\/fr\/excellence-de-la-main-doeuvre\/prix-nationaux-de-lacc\/\">\n\t\t\t\t<div class=\"box-inner\">\n\t\t\t\t\t<h4 class=\"white-text\" style=\"margin: 0px;\">Prix nationaux de l\u2019ACC <\/h4>\n\t\t\t\t\t<p class=\"white-text\"><\/p>\n\t\t\t\t\t\n\t\t\t\t\t\n\t\t\t\t\t\t<button class=\"btn-white hover-btn\" style=\"color: #c8102e;\">Pour en savoir plus<\/button>\n\t\t\t\t\t\n\t\t\t\t<\/div>\n\t\t\t<\/a>\n\t\t<\/div>\n\t<\/div>\n\n\n<\/div>\n<\/div>\n<\/div>\n<\/div>\n<\/div><\/div>\n","protected":false},"excerpt":{"rendered":"<p>L\u2019Association canadienne de la construction (ACC) s\u2019engage \u00e0 assurer que l\u2019industrie ait acc\u00e8s aux comp\u00e9tences dont elle a besoin, aujourd\u2019hui et \u00e0 l\u2019avenir. Pour ce faire, l\u2019ACC veille \u00e0&nbsp;: encourager la prochaine g\u00e9n\u00e9ration \u00e0 choisir une carri\u00e8re dans le secteur de la construction; attirer et retenir les meilleurs talents provenant des groupes sous-repr\u00e9sent\u00e9s, notamment les [&hellip;]<\/p>\n","protected":false},"author":1,"featured_media":0,"parent":0,"menu_order":0,"comment_status":"closed","ping_status":"closed","template":"","meta":{"_acf_changed":false,"footnotes":""},"class_list":["post-16140","page","type-page","status-publish","hentry"],"acf":[],"_links":{"self":[{"href":"https:\/\/www.cca-acc.com\/fr\/wp-json\/wp\/v2\/pages\/16140","targetHints":{"allow":["GET"]}}],"collection":[{"href":"https:\/\/www.cca-acc.com\/fr\/wp-json\/wp\/v2\/pages"}],"about":[{"href":"https:\/\/www.cca-acc.com\/fr\/wp-json\/wp\/v2\/types\/page"}],"author":[{"embeddable":true,"href":"https:\/\/www.cca-acc.com\/fr\/wp-json\/wp\/v2\/users\/1"}],"replies":[{"embeddable":true,"href":"https:\/\/www.cca-acc.com\/fr\/wp-json\/wp\/v2\/comments?post=16140"}],"version-history":[{"count":0,"href":"https:\/\/www.cca-acc.com\/fr\/wp-json\/wp\/v2\/pages\/16140\/revisions"}],"wp:attachment":[{"href":"https:\/\/www.cca-acc.com\/fr\/wp-json\/wp\/v2\/media?parent=16140"}],"curies":[{"name":"wp","href":"https:\/\/api.w.org\/{rel}","templated":true}]}}