{"id":16142,"date":"2020-06-24T16:45:06","date_gmt":"2020-06-24T16:45:06","guid":{"rendered":"https:\/\/www.cca-acc.com\/workforce-excellence\/prix-nationaux-de-lacc\/cca-community-leader\/"},"modified":"2025-12-02T09:45:16","modified_gmt":"2025-12-02T14:45:16","slug":"prix-de-leader-communautaire-de-lacc","status":"publish","type":"page","link":"https:\/\/www.cca-acc.com\/fr\/services-axes-sur-les-pratiques-exemplaires\/prix-nationaux-de-lacc\/prix-de-leader-communautaire-de-lacc\/","title":{"rendered":"Prix de leader communautaire de l\u2019ACC"},"content":{"rendered":"\n<p>Pour le d\u00e9vouement dont il fait preuve tant \u00e0 l\u2019int\u00e9rieur de son entreprise qu\u2019\u00e0 l\u2019ext\u00e9rieur en vue d\u2019appuyer sa collectivit\u00e9, le Prix d\u2019excellence du leader communautaire de l\u2019ACC est pr\u00e9sent\u00e9 \u00e0 la <strong><a href=\"https:\/\/www.vicabc.ca\/\" data-type=\"link\" data-id=\"https:\/\/www.vicabc.ca\/\" target=\"_blank\" rel=\"noreferrer noopener\"><strong>Groupe AGF<\/strong><\/a><\/strong>.<\/p>\n\n\n\n<h3 class=\"wp-block-heading\"><strong><strong>Groupe AGF<\/strong><\/strong><\/h3>\n\n\n\n<p>Fond\u00e9 en 1948, le Groupe AGF est un expert mondial de l\u2019acier d\u2019armature et de la post-tension qui s\u2019appuie fi\u00e8rement sur des valeurs telles que le travail d\u2019\u00e9quipe, le leadership et un grand c\u0153ur. En 2012, le Groupe a lanc\u00e9 la Fondation du Groupe AGF afin de rendre service aux communaut\u00e9s qui les soutiennent. Depuis lors, les employ\u00e9s ont organis\u00e9 plus de 750&nbsp;\u00e9v\u00e9nements de collecte de fonds amusants et significatifs, allant de la trempette de l\u2019ours polaire aux soir\u00e9es de bingo, permettant de collecter plus de 4,4&nbsp;M$ pour de grandes causes. Leur g\u00e9n\u00e9rosit\u00e9 ne cesse de cro\u00eetre, avec de grandes initiatives comme le don de 75&nbsp;000&nbsp;$ dans chaque r\u00e9gion canadienne pour leur 75<sup>e<\/sup>&nbsp;anniversaire, et le nouveau programme de dons g\u00e9n\u00e9reux qui soutient les organismes de bienfaisance nomm\u00e9s par les employ\u00e9s. Avec plus de 60&nbsp;nationalit\u00e9s repr\u00e9sent\u00e9es, AGF c\u00e9l\u00e8bre la diversit\u00e9, l\u2019inclusion et la gentillesse \u00e0 chaque \u00e9tape. Leurs efforts ont \u00e9t\u00e9 largement reconnus et, plus important encore, ont permis de rassembler les gens pour faire une r\u00e9elle diff\u00e9rence.<\/p>\n\n\n<div class=\"wp-block-image\">\n<figure data-wp-context=\"{&quot;imageId&quot;:&quot;69d6dc9c5d7ea&quot;}\" data-wp-interactive=\"core\/image\" data-wp-key=\"69d6dc9c5d7ea\" class=\"aligncenter size-full wp-lightbox-container\"><img loading=\"lazy\" decoding=\"async\" width=\"2560\" height=\"1920\" data-wp-class--hide=\"state.isContentHidden\" data-wp-class--show=\"state.isContentVisible\" data-wp-init=\"callbacks.setButtonStyles\" data-wp-on--click=\"actions.showLightbox\" data-wp-on--load=\"callbacks.setButtonStyles\" data-wp-on-window--resize=\"callbacks.setButtonStyles\" src=\"https:\/\/www.cca-acc.com\/wp-content\/uploads\/2025\/08\/IMG_5217-3-min-scaled.jpg\" alt=\"\" class=\"wp-image-70196\" style=\"aspect-ratio:3\/2;object-fit:cover\" srcset=\"https:\/\/www.cca-acc.com\/wp-content\/uploads\/2025\/08\/IMG_5217-3-min-scaled.jpg 2560w, https:\/\/www.cca-acc.com\/wp-content\/uploads\/2025\/08\/IMG_5217-3-min-scaled-600x450.jpg 600w, https:\/\/www.cca-acc.com\/wp-content\/uploads\/2025\/08\/IMG_5217-3-min-300x225.jpg 300w, https:\/\/www.cca-acc.com\/wp-content\/uploads\/2025\/08\/IMG_5217-3-min-1024x768.jpg 1024w, https:\/\/www.cca-acc.com\/wp-content\/uploads\/2025\/08\/IMG_5217-3-min-768x576.jpg 768w, https:\/\/www.cca-acc.com\/wp-content\/uploads\/2025\/08\/IMG_5217-3-min-1536x1152.jpg 1536w, https:\/\/www.cca-acc.com\/wp-content\/uploads\/2025\/08\/IMG_5217-3-min-2048x1536.jpg 2048w, https:\/\/www.cca-acc.com\/wp-content\/uploads\/2025\/08\/IMG_5217-3-min-1200x900.jpg 1200w, https:\/\/www.cca-acc.com\/wp-content\/uploads\/2025\/08\/IMG_5217-3-min-1980x1485.jpg 1980w, https:\/\/www.cca-acc.com\/wp-content\/uploads\/2025\/08\/IMG_5217-3-min-400x300.jpg 400w\" sizes=\"auto, (max-width: 2560px) 100vw, 2560px\" \/><button\n\t\t\tclass=\"lightbox-trigger\"\n\t\t\ttype=\"button\"\n\t\t\taria-haspopup=\"dialog\"\n\t\t\taria-label=\"Enlarge\"\n\t\t\tdata-wp-init=\"callbacks.initTriggerButton\"\n\t\t\tdata-wp-on--click=\"actions.showLightbox\"\n\t\t\tdata-wp-style--right=\"state.imageButtonRight\"\n\t\t\tdata-wp-style--top=\"state.imageButtonTop\"\n\t\t>\n\t\t\t<svg xmlns=\"http:\/\/www.w3.org\/2000\/svg\" width=\"12\" height=\"12\" fill=\"none\" viewBox=\"0 0 12 12\">\n\t\t\t\t<path fill=\"#fff\" d=\"M2 0a2 2 0 0 0-2 2v2h1.5V2a.5.5 0 0 1 .5-.5h2V0H2Zm2 10.5H2a.5.5 0 0 1-.5-.5V8H0v2a2 2 0 0 0 2 2h2v-1.5ZM8 12v-1.5h2a.5.5 0 0 0 .5-.5V8H12v2a2 2 0 0 1-2 2H8Zm2-12a2 2 0 0 1 2 2v2h-1.5V2a.5.5 0 0 0-.5-.5H8V0h2Z\" \/>\n\t\t\t<\/svg>\n\t\t<\/button><\/figure>\n<\/div>\n\n<div class=\"wp-block-image\">\n<figure data-wp-context=\"{&quot;imageId&quot;:&quot;69d6dc9c60205&quot;}\" data-wp-interactive=\"core\/image\" data-wp-key=\"69d6dc9c60205\" class=\"aligncenter size-full wp-lightbox-container\"><img loading=\"lazy\" decoding=\"async\" width=\"2560\" height=\"1920\" data-wp-class--hide=\"state.isContentHidden\" data-wp-class--show=\"state.isContentVisible\" data-wp-init=\"callbacks.setButtonStyles\" data-wp-on--click=\"actions.showLightbox\" data-wp-on--load=\"callbacks.setButtonStyles\" data-wp-on-window--resize=\"callbacks.setButtonStyles\" src=\"https:\/\/www.cca-acc.com\/wp-content\/uploads\/2025\/08\/CN_Climb_Toronto-min-2-scaled.jpg\" alt=\"\" class=\"wp-image-70206\" style=\"aspect-ratio:3\/2;object-fit:cover\" srcset=\"https:\/\/www.cca-acc.com\/wp-content\/uploads\/2025\/08\/CN_Climb_Toronto-min-2-scaled.jpg 2560w, https:\/\/www.cca-acc.com\/wp-content\/uploads\/2025\/08\/CN_Climb_Toronto-min-2-scaled-600x450.jpg 600w, https:\/\/www.cca-acc.com\/wp-content\/uploads\/2025\/08\/CN_Climb_Toronto-min-2-300x225.jpg 300w, https:\/\/www.cca-acc.com\/wp-content\/uploads\/2025\/08\/CN_Climb_Toronto-min-2-1024x768.jpg 1024w, https:\/\/www.cca-acc.com\/wp-content\/uploads\/2025\/08\/CN_Climb_Toronto-min-2-768x576.jpg 768w, https:\/\/www.cca-acc.com\/wp-content\/uploads\/2025\/08\/CN_Climb_Toronto-min-2-1536x1152.jpg 1536w, https:\/\/www.cca-acc.com\/wp-content\/uploads\/2025\/08\/CN_Climb_Toronto-min-2-2048x1536.jpg 2048w, https:\/\/www.cca-acc.com\/wp-content\/uploads\/2025\/08\/CN_Climb_Toronto-min-2-1200x900.jpg 1200w, https:\/\/www.cca-acc.com\/wp-content\/uploads\/2025\/08\/CN_Climb_Toronto-min-2-1980x1485.jpg 1980w, https:\/\/www.cca-acc.com\/wp-content\/uploads\/2025\/08\/CN_Climb_Toronto-min-2-400x300.jpg 400w\" sizes=\"auto, (max-width: 2560px) 100vw, 2560px\" \/><button\n\t\t\tclass=\"lightbox-trigger\"\n\t\t\ttype=\"button\"\n\t\t\taria-haspopup=\"dialog\"\n\t\t\taria-label=\"Enlarge\"\n\t\t\tdata-wp-init=\"callbacks.initTriggerButton\"\n\t\t\tdata-wp-on--click=\"actions.showLightbox\"\n\t\t\tdata-wp-style--right=\"state.imageButtonRight\"\n\t\t\tdata-wp-style--top=\"state.imageButtonTop\"\n\t\t>\n\t\t\t<svg xmlns=\"http:\/\/www.w3.org\/2000\/svg\" width=\"12\" height=\"12\" fill=\"none\" viewBox=\"0 0 12 12\">\n\t\t\t\t<path fill=\"#fff\" d=\"M2 0a2 2 0 0 0-2 2v2h1.5V2a.5.5 0 0 1 .5-.5h2V0H2Zm2 10.5H2a.5.5 0 0 1-.5-.5V8H0v2a2 2 0 0 0 2 2h2v-1.5ZM8 12v-1.5h2a.5.5 0 0 0 .5-.5V8H12v2a2 2 0 0 1-2 2H8Zm2-12a2 2 0 0 1 2 2v2h-1.5V2a.5.5 0 0 0-.5-.5H8V0h2Z\" \/>\n\t\t\t<\/svg>\n\t\t<\/button><\/figure>\n<\/div>\n\n\n<p><em>D\u00e9couvrez pourquoi le Groupe AGF a remport\u00e9 ce prix.<\/em>&nbsp;<\/p>\n\n\n\n<div class=\"wp-block-buttons is-layout-flex wp-block-buttons-is-layout-flex\">\n<div class=\"wp-block-button lightbox\"><a class=\"wp-block-button__link wp-element-button\" href=\"https:\/\/www.youtube.com\/watch?v=Ma2tHd32itc\" target=\"_blank\" rel=\"noreferrer noopener\">Regardez maintenant<\/a><\/div>\n<\/div>\n","protected":false},"excerpt":{"rendered":"<p>Pour le d\u00e9vouement dont il fait preuve tant \u00e0 l\u2019int\u00e9rieur de son entreprise qu\u2019\u00e0 l\u2019ext\u00e9rieur en vue d\u2019appuyer sa collectivit\u00e9, le Prix d\u2019excellence du leader communautaire de l\u2019ACC est pr\u00e9sent\u00e9 \u00e0 la Groupe AGF. Groupe AGF Fond\u00e9 en 1948, le Groupe AGF est un expert mondial de l\u2019acier d\u2019armature et de la post-tension qui s\u2019appuie [&hellip;]<\/p>\n","protected":false},"author":1,"featured_media":0,"parent":16138,"menu_order":0,"comment_status":"closed","ping_status":"closed","template":"templates\/template-awards-subpage.php","meta":{"_acf_changed":false,"footnotes":""},"class_list":["post-16142","page","type-page","status-publish","hentry"],"acf":[],"_links":{"self":[{"href":"https:\/\/www.cca-acc.com\/fr\/wp-json\/wp\/v2\/pages\/16142","targetHints":{"allow":["GET"]}}],"collection":[{"href":"https:\/\/www.cca-acc.com\/fr\/wp-json\/wp\/v2\/pages"}],"about":[{"href":"https:\/\/www.cca-acc.com\/fr\/wp-json\/wp\/v2\/types\/page"}],"author":[{"embeddable":true,"href":"https:\/\/www.cca-acc.com\/fr\/wp-json\/wp\/v2\/users\/1"}],"replies":[{"embeddable":true,"href":"https:\/\/www.cca-acc.com\/fr\/wp-json\/wp\/v2\/comments?post=16142"}],"version-history":[{"count":19,"href":"https:\/\/www.cca-acc.com\/fr\/wp-json\/wp\/v2\/pages\/16142\/revisions"}],"predecessor-version":[{"id":75191,"href":"https:\/\/www.cca-acc.com\/fr\/wp-json\/wp\/v2\/pages\/16142\/revisions\/75191"}],"up":[{"embeddable":true,"href":"https:\/\/www.cca-acc.com\/fr\/wp-json\/wp\/v2\/pages\/16138"}],"wp:attachment":[{"href":"https:\/\/www.cca-acc.com\/fr\/wp-json\/wp\/v2\/media?parent=16142"}],"curies":[{"name":"wp","href":"https:\/\/api.w.org\/{rel}","templated":true}]}}