{"id":16145,"date":"2020-06-24T16:38:12","date_gmt":"2020-06-24T16:38:12","guid":{"rendered":"https:\/\/www.cca-acc.com\/workforce-excellence\/prix-nationaux-de-lacc\/cca-environmental-achievement\/"},"modified":"2025-12-02T09:45:25","modified_gmt":"2025-12-02T14:45:25","slug":"prix-de-realisation-environnementale-de-lacc","status":"publish","type":"page","link":"https:\/\/www.cca-acc.com\/fr\/services-axes-sur-les-pratiques-exemplaires\/prix-nationaux-de-lacc\/prix-de-realisation-environnementale-de-lacc\/","title":{"rendered":"Prix de r\u00e9alisation environnementale de l\u2019ACC"},"content":{"rendered":"\n<div class=\"wp-block-columns is-layout-flex wp-container-core-columns-is-layout-9d6595d7 wp-block-columns-is-layout-flex\">\n<div class=\"wp-block-column is-layout-flow wp-block-column-is-layout-flow\">\n<p>Le projet de d\u00e9carbonisation du Fairmont Royal York est un exemple \u00e9clatant de la fa\u00e7on dont les monuments historiques peuvent eux aussi devenir \u00e9colos en grande pompe! Dirig\u00e9e par KingSett Capital et r\u00e9alis\u00e9e par PCL Constructors Canada, cette ambitieuse r\u00e9novation a transform\u00e9 l\u2019h\u00f4tel de Toronto, vieux de 94&nbsp;ans, en une merveille moderne de d\u00e9veloppement durable, tout en le gardant enti\u00e8rement ouvert pour les clients. Le projet a obtenu une certification de B\u00e2timent z\u00e9ro carbone et a r\u00e9duit ses \u00e9missions par 80&nbsp;%, l\u2019\u00e9quivalent de retirer 1&nbsp;558&nbsp;voitures de la route chaque ann\u00e9e.<\/p>\n\n\n\n<p>En utilisant des technologies de pointe telles que la mod\u00e9lisation&nbsp;3D et la planification de la construction, l\u2019\u00e9quipe a relev\u00e9 de grands d\u00e9fis, tels que l\u2019installation d\u2019une tuyauterie massive dans des espaces \u00e9troits et centenaires. De la coordination minutieuse des livraisons de mat\u00e9riaux aux r\u00e9parations de derni\u00e8re minute (y compris le r\u00e9tablissement de la circulation de l\u2019air avant un mariage dans une salle de bal!), il s\u2019agissait d\u2019un travail de pr\u00e9cision, d\u2019\u00e9quipe et d\u2019innovation. Avec 90&nbsp;% des anciennes infrastructures recycl\u00e9es et d\u2019importantes \u00e9conomies d\u2019\u00e9nergie \u00e0 venir, ce projet prouve que la pr\u00e9servation du pass\u00e9 et la protection de l\u2019avenir peuvent aller de pair.<\/p>\n\n\n\n<figure class=\"wp-block-image size-large\"><img loading=\"lazy\" decoding=\"async\" width=\"1024\" height=\"617\" src=\"https:\/\/www.cca-acc.com\/wp-content\/uploads\/2025\/08\/CCA_2024-Environmental-Achievement-FRY-Decarb_Page_4_Image_0002-1024x617.png\" alt=\"\" class=\"wp-image-70222\" srcset=\"https:\/\/www.cca-acc.com\/wp-content\/uploads\/2025\/08\/CCA_2024-Environmental-Achievement-FRY-Decarb_Page_4_Image_0002-1024x617.png 1024w, https:\/\/www.cca-acc.com\/wp-content\/uploads\/2025\/08\/CCA_2024-Environmental-Achievement-FRY-Decarb_Page_4_Image_0002-600x361.png 600w, https:\/\/www.cca-acc.com\/wp-content\/uploads\/2025\/08\/CCA_2024-Environmental-Achievement-FRY-Decarb_Page_4_Image_0002-300x181.png 300w, https:\/\/www.cca-acc.com\/wp-content\/uploads\/2025\/08\/CCA_2024-Environmental-Achievement-FRY-Decarb_Page_4_Image_0002-768x463.png 768w, https:\/\/www.cca-acc.com\/wp-content\/uploads\/2025\/08\/CCA_2024-Environmental-Achievement-FRY-Decarb_Page_4_Image_0002-1200x723.png 1200w, https:\/\/www.cca-acc.com\/wp-content\/uploads\/2025\/08\/CCA_2024-Environmental-Achievement-FRY-Decarb_Page_4_Image_0002-400x241.png 400w, https:\/\/www.cca-acc.com\/wp-content\/uploads\/2025\/08\/CCA_2024-Environmental-Achievement-FRY-Decarb_Page_4_Image_0002.png 1250w\" sizes=\"auto, (max-width: 1024px) 100vw, 1024px\" \/><\/figure>\n\n\n\n<figure class=\"wp-block-image size-large\"><img loading=\"lazy\" decoding=\"async\" width=\"1024\" height=\"454\" src=\"https:\/\/www.cca-acc.com\/wp-content\/uploads\/2025\/08\/CCA_2024-Environmental-Achievement-FRY-Decarb_Page_5_Image_0001-1024x454.png\" alt=\"\" class=\"wp-image-70224\" srcset=\"https:\/\/www.cca-acc.com\/wp-content\/uploads\/2025\/08\/CCA_2024-Environmental-Achievement-FRY-Decarb_Page_5_Image_0001-1024x454.png 1024w, https:\/\/www.cca-acc.com\/wp-content\/uploads\/2025\/08\/CCA_2024-Environmental-Achievement-FRY-Decarb_Page_5_Image_0001-600x266.png 600w, https:\/\/www.cca-acc.com\/wp-content\/uploads\/2025\/08\/CCA_2024-Environmental-Achievement-FRY-Decarb_Page_5_Image_0001-300x133.png 300w, https:\/\/www.cca-acc.com\/wp-content\/uploads\/2025\/08\/CCA_2024-Environmental-Achievement-FRY-Decarb_Page_5_Image_0001-768x341.png 768w, https:\/\/www.cca-acc.com\/wp-content\/uploads\/2025\/08\/CCA_2024-Environmental-Achievement-FRY-Decarb_Page_5_Image_0001-1536x681.png 1536w, https:\/\/www.cca-acc.com\/wp-content\/uploads\/2025\/08\/CCA_2024-Environmental-Achievement-FRY-Decarb_Page_5_Image_0001-2048x908.png 2048w, https:\/\/www.cca-acc.com\/wp-content\/uploads\/2025\/08\/CCA_2024-Environmental-Achievement-FRY-Decarb_Page_5_Image_0001-1200x532.png 1200w, https:\/\/www.cca-acc.com\/wp-content\/uploads\/2025\/08\/CCA_2024-Environmental-Achievement-FRY-Decarb_Page_5_Image_0001-1980x878.png 1980w, https:\/\/www.cca-acc.com\/wp-content\/uploads\/2025\/08\/CCA_2024-Environmental-Achievement-FRY-Decarb_Page_5_Image_0001-400x177.png 400w\" sizes=\"auto, (max-width: 1024px) 100vw, 1024px\" \/><\/figure>\n\n\n\n<figure class=\"wp-block-image size-large\"><img loading=\"lazy\" decoding=\"async\" width=\"1024\" height=\"417\" src=\"https:\/\/www.cca-acc.com\/wp-content\/uploads\/2025\/08\/PCL-Hotel-screenshot-1024x417.png\" alt=\"\" class=\"wp-image-70226\" srcset=\"https:\/\/www.cca-acc.com\/wp-content\/uploads\/2025\/08\/PCL-Hotel-screenshot-1024x417.png 1024w, https:\/\/www.cca-acc.com\/wp-content\/uploads\/2025\/08\/PCL-Hotel-screenshot-600x244.png 600w, https:\/\/www.cca-acc.com\/wp-content\/uploads\/2025\/08\/PCL-Hotel-screenshot-300x122.png 300w, https:\/\/www.cca-acc.com\/wp-content\/uploads\/2025\/08\/PCL-Hotel-screenshot-768x313.png 768w, https:\/\/www.cca-acc.com\/wp-content\/uploads\/2025\/08\/PCL-Hotel-screenshot-1536x626.png 1536w, https:\/\/www.cca-acc.com\/wp-content\/uploads\/2025\/08\/PCL-Hotel-screenshot-2048x834.png 2048w, https:\/\/www.cca-acc.com\/wp-content\/uploads\/2025\/08\/PCL-Hotel-screenshot-1200x489.png 1200w, https:\/\/www.cca-acc.com\/wp-content\/uploads\/2025\/08\/PCL-Hotel-screenshot-1980x807.png 1980w, https:\/\/www.cca-acc.com\/wp-content\/uploads\/2025\/08\/PCL-Hotel-screenshot-400x163.png 400w\" sizes=\"auto, (max-width: 1024px) 100vw, 1024px\" \/><\/figure>\n\n\n\n<p><em>Apprenez pourquoi PCL a remport\u00e9 ce prix<\/em>: \u00a0<\/p>\n<\/div>\n<\/div>\n\n\n\n<div class=\"wp-block-buttons is-layout-flex wp-block-buttons-is-layout-flex\">\n<div class=\"wp-block-button lightbox\"><a class=\"wp-block-button__link has-ccp-purple-background-color has-background wp-element-button\" href=\"https:\/\/www.youtube.com\/watch?v=PkgSPDndPfw\" target=\"_blank\" rel=\"noreferrer noopener\"><strong>Regardez maintenant<\/strong><\/a><\/div>\n<\/div>\n","protected":false},"excerpt":{"rendered":"<p>Le projet de d\u00e9carbonisation du Fairmont Royal York est un exemple \u00e9clatant de la fa\u00e7on dont les monuments historiques peuvent eux aussi devenir \u00e9colos en grande pompe! Dirig\u00e9e par KingSett Capital et r\u00e9alis\u00e9e par PCL Constructors Canada, cette ambitieuse r\u00e9novation a transform\u00e9 l\u2019h\u00f4tel de Toronto, vieux de 94&nbsp;ans, en une merveille moderne de d\u00e9veloppement durable, [&hellip;]<\/p>\n","protected":false},"author":1,"featured_media":0,"parent":16138,"menu_order":1,"comment_status":"closed","ping_status":"closed","template":"templates\/template-awards-subpage.php","meta":{"_acf_changed":false,"footnotes":""},"class_list":["post-16145","page","type-page","status-publish","hentry"],"acf":[],"_links":{"self":[{"href":"https:\/\/www.cca-acc.com\/fr\/wp-json\/wp\/v2\/pages\/16145","targetHints":{"allow":["GET"]}}],"collection":[{"href":"https:\/\/www.cca-acc.com\/fr\/wp-json\/wp\/v2\/pages"}],"about":[{"href":"https:\/\/www.cca-acc.com\/fr\/wp-json\/wp\/v2\/types\/page"}],"author":[{"embeddable":true,"href":"https:\/\/www.cca-acc.com\/fr\/wp-json\/wp\/v2\/users\/1"}],"replies":[{"embeddable":true,"href":"https:\/\/www.cca-acc.com\/fr\/wp-json\/wp\/v2\/comments?post=16145"}],"version-history":[{"count":19,"href":"https:\/\/www.cca-acc.com\/fr\/wp-json\/wp\/v2\/pages\/16145\/revisions"}],"predecessor-version":[{"id":75192,"href":"https:\/\/www.cca-acc.com\/fr\/wp-json\/wp\/v2\/pages\/16145\/revisions\/75192"}],"up":[{"embeddable":true,"href":"https:\/\/www.cca-acc.com\/fr\/wp-json\/wp\/v2\/pages\/16138"}],"wp:attachment":[{"href":"https:\/\/www.cca-acc.com\/fr\/wp-json\/wp\/v2\/media?parent=16145"}],"curies":[{"name":"wp","href":"https:\/\/api.w.org\/{rel}","templated":true}]}}