{"id":16147,"date":"2020-06-24T16:20:53","date_gmt":"2020-06-24T16:20:53","guid":{"rendered":"https:\/\/www.cca-acc.com\/workforce-excellence\/prix-nationaux-de-lacc\/cca-excellence-in-innovation\/"},"modified":"2025-12-02T09:45:32","modified_gmt":"2025-12-02T14:45:32","slug":"prix-dexcellence-en-innovation-de-lacc","status":"publish","type":"page","link":"https:\/\/www.cca-acc.com\/fr\/services-axes-sur-les-pratiques-exemplaires\/prix-nationaux-de-lacc\/prix-dexcellence-en-innovation-de-lacc\/","title":{"rendered":"Prix d\u2019excellence en innovation de l\u2019ACC"},"content":{"rendered":"\n<p>Le projet de glissement de la phase&nbsp;2 de l\u2019autoroute&nbsp;97 Cottonwood Hill montre \u00e0 quel point la technologie peut \u00eatre puissante dans le domaine de la construction civile lourde. Confront\u00e9e \u00e0 un glissement impr\u00e9visible mena\u00e7ant la s\u00e9curit\u00e9 et l\u2019acc\u00e8s le long d\u2019une autoroute cl\u00e9 de la Colombie-Britannique, Enviro-Ex Contracting a relev\u00e9 le d\u00e9fi en faisant preuve d\u2019innovation et de pr\u00e9cision.<\/p>\n\n\n\n<p>En partenariat avec Propeller Aero, l\u2019\u00e9quipe a utilis\u00e9 des unit\u00e9s GPS DirtMate sur l\u2019\u00e9quipement pour surveiller les travaux de terrassement en temps r\u00e9el, en suivant le mouvement des mat\u00e9riaux, en r\u00e9duisant les travaux de reprise et en augmentant l\u2019efficacit\u00e9. Si l\u2019on ajoute les drones qui capturent des images a\u00e9riennes de haute r\u00e9solution et qui g\u00e9n\u00e8rent des mod\u00e8les 3D, l\u2019\u00e9quipe dispose d\u2019une vue claire et actualis\u00e9e de ce site en constante \u00e9volution.<\/p>\n\n\n\n<p>Du suivi en temps r\u00e9el des mouvements du sol \u00e0 une programmation plus intelligente et \u00e0 des chantiers plus s\u00fbrs, cette approche de haute technologie a permis de stabiliser un tron\u00e7on d\u2019autoroute d\u00e9licat tout en assurant la s\u00e9curit\u00e9 des travailleurs et du public. Il s\u2019agit d\u2019une solution intelligente et avant-gardiste qui a rehauss\u00e9 les attentes pour les projets g\u00e9otechniques \u2015 la preuve qu\u2019avec les bons outils et le travail d\u2019\u00e9quipe, aucune pente n\u2019est trop raide.<\/p>\n\n\n\n<div style=\"height:51px\" aria-hidden=\"true\" class=\"wp-block-spacer\"><\/div>\n\n\n\n<figure class=\"wp-block-image alignwide size-large\"><img loading=\"lazy\" decoding=\"async\" width=\"1024\" height=\"650\" src=\"https:\/\/www.cca-acc.com\/wp-content\/uploads\/2025\/08\/IMG_0052-min-1024x650.jpg\" alt=\"\" class=\"wp-image-70265\" srcset=\"https:\/\/www.cca-acc.com\/wp-content\/uploads\/2025\/08\/IMG_0052-min-1024x650.jpg 1024w, https:\/\/www.cca-acc.com\/wp-content\/uploads\/2025\/08\/IMG_0052-min-scaled-600x381.jpg 600w, https:\/\/www.cca-acc.com\/wp-content\/uploads\/2025\/08\/IMG_0052-min-300x190.jpg 300w, https:\/\/www.cca-acc.com\/wp-content\/uploads\/2025\/08\/IMG_0052-min-768x487.jpg 768w, https:\/\/www.cca-acc.com\/wp-content\/uploads\/2025\/08\/IMG_0052-min-1536x975.jpg 1536w, https:\/\/www.cca-acc.com\/wp-content\/uploads\/2025\/08\/IMG_0052-min-2048x1300.jpg 2048w, https:\/\/www.cca-acc.com\/wp-content\/uploads\/2025\/08\/IMG_0052-min-1200x761.jpg 1200w, https:\/\/www.cca-acc.com\/wp-content\/uploads\/2025\/08\/IMG_0052-min-1980x1256.jpg 1980w, https:\/\/www.cca-acc.com\/wp-content\/uploads\/2025\/08\/IMG_0052-min-400x254.jpg 400w\" sizes=\"auto, (max-width: 1024px) 100vw, 1024px\" \/><\/figure>\n\n\n\n<figure class=\"wp-block-image alignwide size-large\"><img loading=\"lazy\" decoding=\"async\" width=\"1024\" height=\"768\" src=\"https:\/\/www.cca-acc.com\/wp-content\/uploads\/2025\/08\/dji_fly_20240929_082454_834_1727624145301_photo-min-1024x768.jpeg\" alt=\"\" class=\"wp-image-70261\" srcset=\"https:\/\/www.cca-acc.com\/wp-content\/uploads\/2025\/08\/dji_fly_20240929_082454_834_1727624145301_photo-min-1024x768.jpeg 1024w, https:\/\/www.cca-acc.com\/wp-content\/uploads\/2025\/08\/dji_fly_20240929_082454_834_1727624145301_photo-min-scaled-600x450.jpeg 600w, https:\/\/www.cca-acc.com\/wp-content\/uploads\/2025\/08\/dji_fly_20240929_082454_834_1727624145301_photo-min-300x225.jpeg 300w, https:\/\/www.cca-acc.com\/wp-content\/uploads\/2025\/08\/dji_fly_20240929_082454_834_1727624145301_photo-min-768x576.jpeg 768w, https:\/\/www.cca-acc.com\/wp-content\/uploads\/2025\/08\/dji_fly_20240929_082454_834_1727624145301_photo-min-1536x1152.jpeg 1536w, https:\/\/www.cca-acc.com\/wp-content\/uploads\/2025\/08\/dji_fly_20240929_082454_834_1727624145301_photo-min-2048x1536.jpeg 2048w, https:\/\/www.cca-acc.com\/wp-content\/uploads\/2025\/08\/dji_fly_20240929_082454_834_1727624145301_photo-min-1200x900.jpeg 1200w, https:\/\/www.cca-acc.com\/wp-content\/uploads\/2025\/08\/dji_fly_20240929_082454_834_1727624145301_photo-min-1980x1485.jpeg 1980w, https:\/\/www.cca-acc.com\/wp-content\/uploads\/2025\/08\/dji_fly_20240929_082454_834_1727624145301_photo-min-400x300.jpeg 400w\" sizes=\"auto, (max-width: 1024px) 100vw, 1024px\" \/><\/figure>\n\n\n\n<p><em>Apprenez pourquoi Enviro-Ex Contracting Ltd. a remport\u00e9 ce prix<\/em>: \u00a0<\/p>\n\n\n\n<div class=\"wp-block-buttons is-layout-flex wp-block-buttons-is-layout-flex\">\n<div class=\"wp-block-button lightbox\"><a class=\"wp-block-button__link has-ccp-purple-background-color has-background wp-element-button\" href=\"https:\/\/www.youtube.com\/watch?v=a1JCs6T7niM\" target=\"_blank\" rel=\"noreferrer noopener\"><strong>Regardez maintenant<\/strong><\/a><\/div>\n<\/div>\n","protected":false},"excerpt":{"rendered":"<p>Le projet de glissement de la phase&nbsp;2 de l\u2019autoroute&nbsp;97 Cottonwood Hill montre \u00e0 quel point la technologie peut \u00eatre puissante dans le domaine de la construction civile lourde. Confront\u00e9e \u00e0 un glissement impr\u00e9visible mena\u00e7ant la s\u00e9curit\u00e9 et l\u2019acc\u00e8s le long d\u2019une autoroute cl\u00e9 de la Colombie-Britannique, Enviro-Ex Contracting a relev\u00e9 le d\u00e9fi en faisant preuve [&hellip;]<\/p>\n","protected":false},"author":1,"featured_media":0,"parent":16138,"menu_order":3,"comment_status":"closed","ping_status":"closed","template":"templates\/template-awards-subpage.php","meta":{"_acf_changed":false,"footnotes":""},"class_list":["post-16147","page","type-page","status-publish","hentry"],"acf":[],"_links":{"self":[{"href":"https:\/\/www.cca-acc.com\/fr\/wp-json\/wp\/v2\/pages\/16147","targetHints":{"allow":["GET"]}}],"collection":[{"href":"https:\/\/www.cca-acc.com\/fr\/wp-json\/wp\/v2\/pages"}],"about":[{"href":"https:\/\/www.cca-acc.com\/fr\/wp-json\/wp\/v2\/types\/page"}],"author":[{"embeddable":true,"href":"https:\/\/www.cca-acc.com\/fr\/wp-json\/wp\/v2\/users\/1"}],"replies":[{"embeddable":true,"href":"https:\/\/www.cca-acc.com\/fr\/wp-json\/wp\/v2\/comments?post=16147"}],"version-history":[{"count":12,"href":"https:\/\/www.cca-acc.com\/fr\/wp-json\/wp\/v2\/pages\/16147\/revisions"}],"predecessor-version":[{"id":75193,"href":"https:\/\/www.cca-acc.com\/fr\/wp-json\/wp\/v2\/pages\/16147\/revisions\/75193"}],"up":[{"embeddable":true,"href":"https:\/\/www.cca-acc.com\/fr\/wp-json\/wp\/v2\/pages\/16138"}],"wp:attachment":[{"href":"https:\/\/www.cca-acc.com\/fr\/wp-json\/wp\/v2\/media?parent=16147"}],"curies":[{"name":"wp","href":"https:\/\/api.w.org\/{rel}","templated":true}]}}