{"id":16149,"date":"2020-06-24T16:47:04","date_gmt":"2020-06-24T16:47:04","guid":{"rendered":"https:\/\/www.cca-acc.com\/workforce-excellence\/prix-nationaux-de-lacc\/cca-gold-seal-association\/"},"modified":"2025-12-02T09:46:53","modified_gmt":"2025-12-02T14:46:53","slug":"prix-du-sceau-dor-de-lacc","status":"publish","type":"page","link":"https:\/\/www.cca-acc.com\/fr\/services-axes-sur-les-pratiques-exemplaires\/prix-nationaux-de-lacc\/prix-du-sceau-dor-de-lacc\/","title":{"rendered":"Prix du Sceau d\u2019or de l\u2019ACC"},"content":{"rendered":"\n<p>Depuis plus de 20&nbsp;ans, Westcor ne se contente pas de r\u00e9aliser de grands projets, elle construit un monde meilleur pour ses clients, ses communaut\u00e9s et son \u00e9quipe. Gr\u00e2ce \u00e0 sa culture ax\u00e9e sur les personnes, Westcor favorise la croissance professionnelle et int\u00e8gre fi\u00e8rement la certification Sceau d\u2019or \u00e0 son ADN. Son pr\u00e9sident, Bob Robinson, a \u00e9t\u00e9 l\u2019un des premiers gestionnaires de projet certifi\u00e9s Sceau d\u2019or au Canada en 1995. Aujourd\u2019hui, 34&nbsp;% des employ\u00e9s admissibles sont certifi\u00e9s, et d\u2019autres sont en voie de l\u2019\u00eatre!<\/p>\n\n\n\n<p>Westcor soutient cette croissance par des \u00e9valuations r\u00e9guli\u00e8res des comp\u00e9tences et un cadre de comp\u00e9tences de base qui aide les membres de l\u2019\u00e9quipe \u00e0 atteindre leur plein potentiel. En&nbsp;2024, l\u2019entreprise a obtenu le statut de projet Sceau d\u2019or pour deux constructions communautaires importantes&nbsp;: l\u2019agrandissement du Manoir Ronald McDonald de Calgary et l\u2019agrandissement de la Foothills Country Hospice Society.<\/p>\n\n\n\n<p>Des cartes professionnelles aux chantiers, la fiert\u00e9 du Sceau d\u2019or est omnipr\u00e9sente chez Westcor, tout comme son engagement envers l\u2019excellence, le travail d\u2019\u00e9quipe et le leadership dans le domaine de la construction. C\u2019est plus qu\u2019une certification, c\u2019est leur culture.<br><\/p>\n\n\n\n<figure class=\"wp-block-image alignwide size-full\"><img loading=\"lazy\" decoding=\"async\" width=\"2560\" height=\"1230\" src=\"https:\/\/www.cca-acc.com\/wp-content\/uploads\/2025\/08\/Jason-Berard-and-Antonello-GSC-scaled.jpg\" alt=\"\" class=\"wp-image-70241\" srcset=\"https:\/\/www.cca-acc.com\/wp-content\/uploads\/2025\/08\/Jason-Berard-and-Antonello-GSC-scaled.jpg 2560w, https:\/\/www.cca-acc.com\/wp-content\/uploads\/2025\/08\/Jason-Berard-and-Antonello-GSC-scaled-600x288.jpg 600w, https:\/\/www.cca-acc.com\/wp-content\/uploads\/2025\/08\/Jason-Berard-and-Antonello-GSC-300x144.jpg 300w, https:\/\/www.cca-acc.com\/wp-content\/uploads\/2025\/08\/Jason-Berard-and-Antonello-GSC-1024x492.jpg 1024w, https:\/\/www.cca-acc.com\/wp-content\/uploads\/2025\/08\/Jason-Berard-and-Antonello-GSC-768x369.jpg 768w, https:\/\/www.cca-acc.com\/wp-content\/uploads\/2025\/08\/Jason-Berard-and-Antonello-GSC-1536x738.jpg 1536w, https:\/\/www.cca-acc.com\/wp-content\/uploads\/2025\/08\/Jason-Berard-and-Antonello-GSC-2048x984.jpg 2048w, https:\/\/www.cca-acc.com\/wp-content\/uploads\/2025\/08\/Jason-Berard-and-Antonello-GSC-1200x577.jpg 1200w, https:\/\/www.cca-acc.com\/wp-content\/uploads\/2025\/08\/Jason-Berard-and-Antonello-GSC-1980x951.jpg 1980w, https:\/\/www.cca-acc.com\/wp-content\/uploads\/2025\/08\/Jason-Berard-and-Antonello-GSC-400x192.jpg 400w\" sizes=\"auto, (max-width: 2560px) 100vw, 2560px\" \/><\/figure>\n\n\n\n<figure class=\"wp-block-image alignwide size-full\"><img loading=\"lazy\" decoding=\"async\" width=\"2560\" height=\"1920\" src=\"https:\/\/www.cca-acc.com\/wp-content\/uploads\/2025\/08\/IMG_3761-scaled.jpg\" alt=\"\" class=\"wp-image-70245\" srcset=\"https:\/\/www.cca-acc.com\/wp-content\/uploads\/2025\/08\/IMG_3761-scaled.jpg 2560w, https:\/\/www.cca-acc.com\/wp-content\/uploads\/2025\/08\/IMG_3761-scaled-600x450.jpg 600w, https:\/\/www.cca-acc.com\/wp-content\/uploads\/2025\/08\/IMG_3761-300x225.jpg 300w, https:\/\/www.cca-acc.com\/wp-content\/uploads\/2025\/08\/IMG_3761-1024x768.jpg 1024w, https:\/\/www.cca-acc.com\/wp-content\/uploads\/2025\/08\/IMG_3761-768x576.jpg 768w, https:\/\/www.cca-acc.com\/wp-content\/uploads\/2025\/08\/IMG_3761-1536x1152.jpg 1536w, https:\/\/www.cca-acc.com\/wp-content\/uploads\/2025\/08\/IMG_3761-2048x1536.jpg 2048w, https:\/\/www.cca-acc.com\/wp-content\/uploads\/2025\/08\/IMG_3761-1200x900.jpg 1200w, https:\/\/www.cca-acc.com\/wp-content\/uploads\/2025\/08\/IMG_3761-1980x1485.jpg 1980w, https:\/\/www.cca-acc.com\/wp-content\/uploads\/2025\/08\/IMG_3761-400x300.jpg 400w\" sizes=\"auto, (max-width: 2560px) 100vw, 2560px\" \/><\/figure>\n\n\n\n<p><em>Apprenez pourquoi Westcor a remport\u00e9 ce prix<\/em>: \u00a0<\/p>\n\n\n\n<div class=\"wp-block-buttons is-layout-flex wp-block-buttons-is-layout-flex\">\n<div class=\"wp-block-button lightbox\"><a class=\"wp-block-button__link has-ccp-purple-background-color has-background wp-element-button\" href=\"https:\/\/www.youtube.com\/watch?v=TmIq7AKhBHE\" target=\"_blank\" rel=\"noreferrer noopener\"><strong>Regardez maintenant<\/strong><\/a><\/div>\n<\/div>\n","protected":false},"excerpt":{"rendered":"<p>Depuis plus de 20&nbsp;ans, Westcor ne se contente pas de r\u00e9aliser de grands projets, elle construit un monde meilleur pour ses clients, ses communaut\u00e9s et son \u00e9quipe. Gr\u00e2ce \u00e0 sa culture ax\u00e9e sur les personnes, Westcor favorise la croissance professionnelle et int\u00e8gre fi\u00e8rement la certification Sceau d\u2019or \u00e0 son ADN. Son pr\u00e9sident, Bob Robinson, a [&hellip;]<\/p>\n","protected":false},"author":1,"featured_media":0,"parent":16138,"menu_order":2,"comment_status":"closed","ping_status":"closed","template":"templates\/template-awards-subpage.php","meta":{"_acf_changed":false,"footnotes":""},"class_list":["post-16149","page","type-page","status-publish","hentry"],"acf":[],"_links":{"self":[{"href":"https:\/\/www.cca-acc.com\/fr\/wp-json\/wp\/v2\/pages\/16149","targetHints":{"allow":["GET"]}}],"collection":[{"href":"https:\/\/www.cca-acc.com\/fr\/wp-json\/wp\/v2\/pages"}],"about":[{"href":"https:\/\/www.cca-acc.com\/fr\/wp-json\/wp\/v2\/types\/page"}],"author":[{"embeddable":true,"href":"https:\/\/www.cca-acc.com\/fr\/wp-json\/wp\/v2\/users\/1"}],"replies":[{"embeddable":true,"href":"https:\/\/www.cca-acc.com\/fr\/wp-json\/wp\/v2\/comments?post=16149"}],"version-history":[{"count":11,"href":"https:\/\/www.cca-acc.com\/fr\/wp-json\/wp\/v2\/pages\/16149\/revisions"}],"predecessor-version":[{"id":75196,"href":"https:\/\/www.cca-acc.com\/fr\/wp-json\/wp\/v2\/pages\/16149\/revisions\/75196"}],"up":[{"embeddable":true,"href":"https:\/\/www.cca-acc.com\/fr\/wp-json\/wp\/v2\/pages\/16138"}],"wp:attachment":[{"href":"https:\/\/www.cca-acc.com\/fr\/wp-json\/wp\/v2\/media?parent=16149"}],"curies":[{"name":"wp","href":"https:\/\/api.w.org\/{rel}","templated":true}]}}