{"id":16153,"date":"2020-06-24T16:41:53","date_gmt":"2020-06-24T16:41:53","guid":{"rendered":"https:\/\/www.cca-acc.com\/workforce-excellence\/prix-nationaux-de-lacc\/cca-national-safety\/"},"modified":"2025-12-02T09:46:45","modified_gmt":"2025-12-02T14:46:45","slug":"prix-national-de-securite-de-lacc","status":"publish","type":"page","link":"https:\/\/www.cca-acc.com\/fr\/services-axes-sur-les-pratiques-exemplaires\/prix-nationaux-de-lacc\/prix-national-de-securite-de-lacc\/","title":{"rendered":"Prix national de s\u00e9curit\u00e9 de l\u2019ACC"},"content":{"rendered":"\n<p>Chez PCL Construction, la s\u00e9curit\u00e9 n\u2019est pas seulement une case \u00e0 cocher. C\u2019est une fa\u00e7on d\u2019\u00eatre. Avec z\u00e9ro accident mortel au cours des trois derni\u00e8res ann\u00e9es et plus de 16,7&nbsp;millions d\u2019heures travaill\u00e9es sans incident entra\u00eenant une perte de temps, PCL est \u00e0 l\u2019avant-garde de la construction d\u2019un secteur de la construction plus s\u00fbr. En 2023, ils ont obtenu une note moyenne incroyable de 97&nbsp;% pour l\u2019ensemble des districts canadiens dans le cadre du programme de certificat de reconnaissance.<\/p>\n\n\n\n<p>Mais ils ne s\u2019arr\u00eatent pas l\u00e0! Gr\u00e2ce au College of Construction et \u00e0 un syst\u00e8me de gestion de l\u2019apprentissage de pointe, PCL est en train de transformer la formation en mati\u00e8re de s\u00e9curit\u00e9, passant de 636&nbsp;dipl\u00f4mes en 2022 \u00e0 plus de 21&nbsp;000 en 2024. Leur campagne \u00ab&nbsp;STCKY&nbsp;\u00bb (Stuff That Can Kill You) et leurs nouveaux casques de s\u00e9curit\u00e9 avanc\u00e9s contribuent \u00e0 prot\u00e9ger les travailleurs d\u2019une mani\u00e8re nouvelle et efficace.<\/p>\n\n\n\n<p>PCL joue \u00e9galement un r\u00f4le majeur dans l\u2019\u00e9laboration des normes industrielles, en s\u2019associant \u00e0 des groupes de recherche et \u00e0 des organismes de s\u00e9curit\u00e9 de premier plan dans toute l\u2019Am\u00e9rique du Nord. Leur message est clair\u00a0: lorsque la s\u00e9curit\u00e9 passe avant tout, tout le monde y gagne.<\/p>\n\n\n\n<div class=\"wp-block-columns is-layout-flex wp-container-core-columns-is-layout-9d6595d7 wp-block-columns-is-layout-flex\">\n<div class=\"wp-block-column is-layout-flow wp-block-column-is-layout-flow\">\n<figure class=\"wp-block-image size-large\"><img loading=\"lazy\" decoding=\"async\" width=\"1024\" height=\"605\" src=\"https:\/\/www.cca-acc.com\/wp-content\/uploads\/2025\/08\/PCL-safety-meeting-min-1024x605.png\" alt=\"\" class=\"wp-image-70279\" srcset=\"https:\/\/www.cca-acc.com\/wp-content\/uploads\/2025\/08\/PCL-safety-meeting-min-1024x605.png 1024w, https:\/\/www.cca-acc.com\/wp-content\/uploads\/2025\/08\/PCL-safety-meeting-min-600x354.png 600w, https:\/\/www.cca-acc.com\/wp-content\/uploads\/2025\/08\/PCL-safety-meeting-min-300x177.png 300w, https:\/\/www.cca-acc.com\/wp-content\/uploads\/2025\/08\/PCL-safety-meeting-min-768x454.png 768w, https:\/\/www.cca-acc.com\/wp-content\/uploads\/2025\/08\/PCL-safety-meeting-min-1200x709.png 1200w, https:\/\/www.cca-acc.com\/wp-content\/uploads\/2025\/08\/PCL-safety-meeting-min-400x236.png 400w, https:\/\/www.cca-acc.com\/wp-content\/uploads\/2025\/08\/PCL-safety-meeting-min.png 1261w\" sizes=\"auto, (max-width: 1024px) 100vw, 1024px\" \/><\/figure>\n<\/div>\n\n\n\n<div class=\"wp-block-column is-layout-flow wp-block-column-is-layout-flow\">\n<figure class=\"wp-block-image size-large\"><img loading=\"lazy\" decoding=\"async\" width=\"1024\" height=\"683\" src=\"https:\/\/www.cca-acc.com\/wp-content\/uploads\/2025\/08\/NSP-Oct24-2-min-1024x683.jpg\" alt=\"\" class=\"wp-image-70277\" srcset=\"https:\/\/www.cca-acc.com\/wp-content\/uploads\/2025\/08\/NSP-Oct24-2-min-1024x683.jpg 1024w, https:\/\/www.cca-acc.com\/wp-content\/uploads\/2025\/08\/NSP-Oct24-2-min-scaled-600x400.jpg 600w, https:\/\/www.cca-acc.com\/wp-content\/uploads\/2025\/08\/NSP-Oct24-2-min-300x200.jpg 300w, https:\/\/www.cca-acc.com\/wp-content\/uploads\/2025\/08\/NSP-Oct24-2-min-768x512.jpg 768w, https:\/\/www.cca-acc.com\/wp-content\/uploads\/2025\/08\/NSP-Oct24-2-min-1536x1024.jpg 1536w, https:\/\/www.cca-acc.com\/wp-content\/uploads\/2025\/08\/NSP-Oct24-2-min-2048x1365.jpg 2048w, https:\/\/www.cca-acc.com\/wp-content\/uploads\/2025\/08\/NSP-Oct24-2-min-1200x800.jpg 1200w, https:\/\/www.cca-acc.com\/wp-content\/uploads\/2025\/08\/NSP-Oct24-2-min-1980x1320.jpg 1980w, https:\/\/www.cca-acc.com\/wp-content\/uploads\/2025\/08\/NSP-Oct24-2-min-400x267.jpg 400w\" sizes=\"auto, (max-width: 1024px) 100vw, 1024px\" \/><\/figure>\n<\/div>\n<\/div>\n\n\n\n<figure class=\"wp-block-image size-full\"><img loading=\"lazy\" decoding=\"async\" width=\"1453\" height=\"1024\" src=\"https:\/\/www.cca-acc.com\/wp-content\/uploads\/2025\/08\/Picture1-min-copy.jpg\" alt=\"\" class=\"wp-image-70290\" srcset=\"https:\/\/www.cca-acc.com\/wp-content\/uploads\/2025\/08\/Picture1-min-copy.jpg 1453w, https:\/\/www.cca-acc.com\/wp-content\/uploads\/2025\/08\/Picture1-min-copy-600x423.jpg 600w, https:\/\/www.cca-acc.com\/wp-content\/uploads\/2025\/08\/Picture1-min-copy-300x211.jpg 300w, https:\/\/www.cca-acc.com\/wp-content\/uploads\/2025\/08\/Picture1-min-copy-1024x722.jpg 1024w, https:\/\/www.cca-acc.com\/wp-content\/uploads\/2025\/08\/Picture1-min-copy-768x541.jpg 768w, https:\/\/www.cca-acc.com\/wp-content\/uploads\/2025\/08\/Picture1-min-copy-1200x846.jpg 1200w, https:\/\/www.cca-acc.com\/wp-content\/uploads\/2025\/08\/Picture1-min-copy-400x282.jpg 400w\" sizes=\"auto, (max-width: 1453px) 100vw, 1453px\" \/><\/figure>\n\n\n\n<p><em>Apprenez pourquoi PCL a remport\u00e9 ce prix<\/em> :<\/p>\n\n\n\n<div class=\"wp-block-buttons is-layout-flex wp-block-buttons-is-layout-flex\">\n<div class=\"wp-block-button lightbox\"><a class=\"wp-block-button__link has-ccp-purple-background-color has-background wp-element-button\" href=\"https:\/\/www.youtube.com\/watch?v=Zd7Wkzx-DLI\" target=\"_blank\" rel=\"noreferrer noopener\"><strong>Regardez maintenant<\/strong><\/a><\/div>\n<\/div>\n","protected":false},"excerpt":{"rendered":"<p>Chez PCL Construction, la s\u00e9curit\u00e9 n\u2019est pas seulement une case \u00e0 cocher. C\u2019est une fa\u00e7on d\u2019\u00eatre. Avec z\u00e9ro accident mortel au cours des trois derni\u00e8res ann\u00e9es et plus de 16,7&nbsp;millions d\u2019heures travaill\u00e9es sans incident entra\u00eenant une perte de temps, PCL est \u00e0 l\u2019avant-garde de la construction d\u2019un secteur de la construction plus s\u00fbr. En 2023, [&hellip;]<\/p>\n","protected":false},"author":1,"featured_media":0,"parent":16138,"menu_order":4,"comment_status":"closed","ping_status":"closed","template":"templates\/template-awards-subpage.php","meta":{"_acf_changed":false,"footnotes":""},"class_list":["post-16153","page","type-page","status-publish","hentry"],"acf":[],"_links":{"self":[{"href":"https:\/\/www.cca-acc.com\/fr\/wp-json\/wp\/v2\/pages\/16153","targetHints":{"allow":["GET"]}}],"collection":[{"href":"https:\/\/www.cca-acc.com\/fr\/wp-json\/wp\/v2\/pages"}],"about":[{"href":"https:\/\/www.cca-acc.com\/fr\/wp-json\/wp\/v2\/types\/page"}],"author":[{"embeddable":true,"href":"https:\/\/www.cca-acc.com\/fr\/wp-json\/wp\/v2\/users\/1"}],"replies":[{"embeddable":true,"href":"https:\/\/www.cca-acc.com\/fr\/wp-json\/wp\/v2\/comments?post=16153"}],"version-history":[{"count":23,"href":"https:\/\/www.cca-acc.com\/fr\/wp-json\/wp\/v2\/pages\/16153\/revisions"}],"predecessor-version":[{"id":75195,"href":"https:\/\/www.cca-acc.com\/fr\/wp-json\/wp\/v2\/pages\/16153\/revisions\/75195"}],"up":[{"embeddable":true,"href":"https:\/\/www.cca-acc.com\/fr\/wp-json\/wp\/v2\/pages\/16138"}],"wp:attachment":[{"href":"https:\/\/www.cca-acc.com\/fr\/wp-json\/wp\/v2\/media?parent=16153"}],"curies":[{"name":"wp","href":"https:\/\/api.w.org\/{rel}","templated":true}]}}