{"id":16155,"date":"2020-06-24T16:43:36","date_gmt":"2020-06-24T16:43:36","guid":{"rendered":"https:\/\/www.cca-acc.com\/workforce-excellence\/prix-nationaux-de-lacc\/cca-partner-association\/"},"modified":"2025-12-02T09:46:40","modified_gmt":"2025-12-02T14:46:40","slug":"prix-dexcellence-des-associations-partenaires-de-lacc","status":"publish","type":"page","link":"https:\/\/www.cca-acc.com\/fr\/services-axes-sur-les-pratiques-exemplaires\/prix-nationaux-de-lacc\/prix-dexcellence-des-associations-partenaires-de-lacc\/","title":{"rendered":"Prix d\u2019excellence des associations partenaires de l\u2019ACC"},"content":{"rendered":"\n<p>La Calgary Construction Association (affectueusement connue sous le nom de \u00ab&nbsp;Petite ACC&nbsp;\u00bb) est en train de bouleverser les choses de la meilleure fa\u00e7on qui soit. En mettant l\u2019accent sur la d\u00e9fense des int\u00e9r\u00eats, le d\u00e9veloppement de la main-d\u2019\u0153uvre et l\u2019engagement des membres, la Calgary Construction Association red\u00e9finit ce que cela signifie, soutenir l\u2019industrie de la construction. De 6 \u00e0 plus de 221&nbsp;articles dans les m\u00e9dias en quelques ann\u00e9es, la Calgary Construction Association donne \u00e0 ses membres et \u00e0 son industrie une voix puissante.<\/p>\n\n\n\n<p>L\u2019Association inspire \u00e9galement la prochaine g\u00e9n\u00e9ration gr\u00e2ce au programme scolaire Honour the Work et \u00e0 leur exposition BLUprint au TELUS Spark, qui donne vie aux m\u00e9tiers pour les enfants. Leur adaptation de la bo\u00eete \u00e0 outils Tailgate, lanc\u00e9e par la Vancouver Island Construction Association, et leurs efforts dans les domaines de la promotion des programmes d\u2019apprentissage et de l\u2019am\u00e9lioration des initiatives de formation t\u00e9moignent d\u2019un engagement profond en faveur du d\u00e9veloppement et du bien-\u00eatre de la main-d\u2019\u0153uvre.<\/p>\n\n\n\n<p>La CCA est une interlocutrice de confiance au sein du gouvernement et contribue r\u00e9guli\u00e8rement \u00e0 l\u2019\u00e9laboration de politiques importantes. Avec une augmentation de 25&nbsp;% du nombre de membres et un impact croissant, elle ne se contente pas de soutenir l\u2019industrie d\u2019aujourd\u2019hui. Elle construit un avenir dynamique et inclusif pour la construction \u00e0 Calgary et au-del\u00e0.<\/p>\n\n\n\n<figure class=\"wp-block-gallery has-nested-images columns-default is-cropped wp-block-gallery-1 is-layout-flex wp-block-gallery-is-layout-flex\">\n<figure class=\"wp-block-image size-full\"><img loading=\"lazy\" decoding=\"async\" width=\"1800\" height=\"1200\" data-id=\"70300\" src=\"https:\/\/www.cca-acc.com\/wp-content\/uploads\/2025\/08\/3M6A6112-min.jpg\" alt=\"\" class=\"wp-image-70300\" srcset=\"https:\/\/www.cca-acc.com\/wp-content\/uploads\/2025\/08\/3M6A6112-min.jpg 1800w, https:\/\/www.cca-acc.com\/wp-content\/uploads\/2025\/08\/3M6A6112-min-600x400.jpg 600w, https:\/\/www.cca-acc.com\/wp-content\/uploads\/2025\/08\/3M6A6112-min-300x200.jpg 300w, https:\/\/www.cca-acc.com\/wp-content\/uploads\/2025\/08\/3M6A6112-min-1024x683.jpg 1024w, https:\/\/www.cca-acc.com\/wp-content\/uploads\/2025\/08\/3M6A6112-min-768x512.jpg 768w, https:\/\/www.cca-acc.com\/wp-content\/uploads\/2025\/08\/3M6A6112-min-1536x1024.jpg 1536w, https:\/\/www.cca-acc.com\/wp-content\/uploads\/2025\/08\/3M6A6112-min-1200x800.jpg 1200w, https:\/\/www.cca-acc.com\/wp-content\/uploads\/2025\/08\/3M6A6112-min-400x267.jpg 400w\" sizes=\"auto, (max-width: 1800px) 100vw, 1800px\" \/><\/figure>\n<\/figure>\n\n\n\n<figure class=\"wp-block-image size-large\"><img loading=\"lazy\" decoding=\"async\" width=\"1024\" height=\"683\" src=\"https:\/\/www.cca-acc.com\/wp-content\/uploads\/2025\/08\/3M6A5233-min-1024x683.jpg\" alt=\"\" class=\"wp-image-70298\" srcset=\"https:\/\/www.cca-acc.com\/wp-content\/uploads\/2025\/08\/3M6A5233-min-1024x683.jpg 1024w, https:\/\/www.cca-acc.com\/wp-content\/uploads\/2025\/08\/3M6A5233-min-600x400.jpg 600w, https:\/\/www.cca-acc.com\/wp-content\/uploads\/2025\/08\/3M6A5233-min-300x200.jpg 300w, https:\/\/www.cca-acc.com\/wp-content\/uploads\/2025\/08\/3M6A5233-min-768x512.jpg 768w, https:\/\/www.cca-acc.com\/wp-content\/uploads\/2025\/08\/3M6A5233-min-1536x1024.jpg 1536w, https:\/\/www.cca-acc.com\/wp-content\/uploads\/2025\/08\/3M6A5233-min-1200x800.jpg 1200w, https:\/\/www.cca-acc.com\/wp-content\/uploads\/2025\/08\/3M6A5233-min-400x267.jpg 400w, https:\/\/www.cca-acc.com\/wp-content\/uploads\/2025\/08\/3M6A5233-min.jpg 1800w\" sizes=\"auto, (max-width: 1024px) 100vw, 1024px\" \/><\/figure>\n\n\n\n<p><em>Apprenez pourquoi la Calgary Construction Association a remport\u00e9 ce prix<\/em> :<\/p>\n\n\n\n<div class=\"wp-block-buttons is-layout-flex wp-block-buttons-is-layout-flex\">\n<div class=\"wp-block-button lightbox\"><a class=\"wp-block-button__link has-ccp-purple-background-color has-background wp-element-button\" href=\"https:\/\/www.youtube.com\/watch?v=vrlIfm_8GfI\" target=\"_blank\" rel=\"noreferrer noopener\"><strong>Regardez maintenant<\/strong><\/a><\/div>\n<\/div>\n","protected":false},"excerpt":{"rendered":"<p>La Calgary Construction Association (affectueusement connue sous le nom de \u00ab&nbsp;Petite ACC&nbsp;\u00bb) est en train de bouleverser les choses de la meilleure fa\u00e7on qui soit. En mettant l\u2019accent sur la d\u00e9fense des int\u00e9r\u00eats, le d\u00e9veloppement de la main-d\u2019\u0153uvre et l\u2019engagement des membres, la Calgary Construction Association red\u00e9finit ce que cela signifie, soutenir l\u2019industrie de la [&hellip;]<\/p>\n","protected":false},"author":1,"featured_media":0,"parent":16138,"menu_order":5,"comment_status":"closed","ping_status":"closed","template":"templates\/template-awards-subpage.php","meta":{"_acf_changed":false,"footnotes":""},"class_list":["post-16155","page","type-page","status-publish","hentry"],"acf":[],"_links":{"self":[{"href":"https:\/\/www.cca-acc.com\/fr\/wp-json\/wp\/v2\/pages\/16155","targetHints":{"allow":["GET"]}}],"collection":[{"href":"https:\/\/www.cca-acc.com\/fr\/wp-json\/wp\/v2\/pages"}],"about":[{"href":"https:\/\/www.cca-acc.com\/fr\/wp-json\/wp\/v2\/types\/page"}],"author":[{"embeddable":true,"href":"https:\/\/www.cca-acc.com\/fr\/wp-json\/wp\/v2\/users\/1"}],"replies":[{"embeddable":true,"href":"https:\/\/www.cca-acc.com\/fr\/wp-json\/wp\/v2\/comments?post=16155"}],"version-history":[{"count":15,"href":"https:\/\/www.cca-acc.com\/fr\/wp-json\/wp\/v2\/pages\/16155\/revisions"}],"predecessor-version":[{"id":75194,"href":"https:\/\/www.cca-acc.com\/fr\/wp-json\/wp\/v2\/pages\/16155\/revisions\/75194"}],"up":[{"embeddable":true,"href":"https:\/\/www.cca-acc.com\/fr\/wp-json\/wp\/v2\/pages\/16138"}],"wp:attachment":[{"href":"https:\/\/www.cca-acc.com\/fr\/wp-json\/wp\/v2\/media?parent=16155"}],"curies":[{"name":"wp","href":"https:\/\/api.w.org\/{rel}","templated":true}]}}