{"id":16158,"date":"2020-06-24T16:19:22","date_gmt":"2020-06-24T16:19:22","guid":{"rendered":"https:\/\/www.cca-acc.com\/workforce-excellence\/prix-nationaux-de-lacc\/cca-person-of-the-year\/"},"modified":"2025-12-02T09:47:53","modified_gmt":"2025-12-02T14:47:53","slug":"prix-du-leader-elite","status":"publish","type":"page","link":"https:\/\/www.cca-acc.com\/fr\/services-axes-sur-les-pratiques-exemplaires\/prix-nationaux-de-lacc\/prix-du-leader-elite\/","title":{"rendered":"Prix du leader \u00e9lite"},"content":{"rendered":"\n<p>Geza Banfai est un v\u00e9ritable pilier de l\u2019industrie canadienne de la construction, avec plus de 40&nbsp;ans de leadership, de d\u00e9vouement et d\u2019innovation in\u00e9gal\u00e9s. En tant qu\u2019avocat chez McMillan LLP, Geza a contribu\u00e9 \u00e0 fa\u00e7onner le droit de la construction et \u00e0 renforcer les relations avec l\u2019industrie dans tout le pays. Moteur de la <em>Loi sur la construction<\/em> de l\u2019Ontario, il s\u2019est fait le champion d\u2019une r\u00e9forme juridique qui favorise l\u2019\u00e9quit\u00e9 et la clart\u00e9.<\/p>\n\n\n\n<p>Depuis plus de 16&nbsp;ans, il est le repr\u00e9sentant juridique d\u2019office du Comit\u00e9 canadien des documents de construction (CCDC), o\u00f9 il a aussi pr\u00e9sid\u00e9 son groupe de travail int\u00e9gr\u00e9 sur la r\u00e9alisation de projets, pour promouvoir la collaboration et l\u2019efficacit\u00e9 en mati\u00e8re d\u2019ex\u00e9cution des projets.<\/p>\n\n\n\n<p>Au-del\u00e0 de la d\u00e9fense des int\u00e9r\u00eats juridiques, Geza a encadr\u00e9 d\u2019innombrables professionnels, fait des pr\u00e9sentations lors de plus de 475&nbsp;\u00e9v\u00e9nements du secteur dans le monde entier et lanc\u00e9 le cours Osgoode Construction Law Certificate, qui en est \u00e0 sa 14<sup>e<\/sup>&nbsp;ann\u00e9e d\u2019existence.<\/p>\n\n\n\n<p>R\u00e9cipiendaire de nombreux prix du secteur, Geza continue \u00e0 promouvoir l\u2019innovation, le d\u00e9veloppement durable et l\u2019excellence. Son h\u00e9ritage se fait sentir dans les contrats, les salles de classe et les chantiers de construction, et continue de se d\u00e9velopper!<\/p>\n\n\n\n<figure class=\"wp-block-image size-full\"><img loading=\"lazy\" decoding=\"async\" width=\"1200\" height=\"627\" src=\"https:\/\/www.cca-acc.com\/wp-content\/uploads\/2025\/08\/1736970780739-copy-min.jpg\" alt=\"\" class=\"wp-image-70351\" srcset=\"https:\/\/www.cca-acc.com\/wp-content\/uploads\/2025\/08\/1736970780739-copy-min.jpg 1200w, https:\/\/www.cca-acc.com\/wp-content\/uploads\/2025\/08\/1736970780739-copy-min-600x314.jpg 600w, https:\/\/www.cca-acc.com\/wp-content\/uploads\/2025\/08\/1736970780739-copy-min-300x157.jpg 300w, https:\/\/www.cca-acc.com\/wp-content\/uploads\/2025\/08\/1736970780739-copy-min-1024x535.jpg 1024w, https:\/\/www.cca-acc.com\/wp-content\/uploads\/2025\/08\/1736970780739-copy-min-768x401.jpg 768w, https:\/\/www.cca-acc.com\/wp-content\/uploads\/2025\/08\/1736970780739-copy-min-400x209.jpg 400w\" sizes=\"auto, (max-width: 1200px) 100vw, 1200px\" \/><\/figure>\n\n\n\n<figure class=\"wp-block-image size-full\"><img loading=\"lazy\" decoding=\"async\" width=\"1536\" height=\"1080\" src=\"https:\/\/www.cca-acc.com\/wp-content\/uploads\/2025\/08\/Holiday-Party-3-min.jpg\" alt=\"\" class=\"wp-image-70355\" srcset=\"https:\/\/www.cca-acc.com\/wp-content\/uploads\/2025\/08\/Holiday-Party-3-min.jpg 1536w, https:\/\/www.cca-acc.com\/wp-content\/uploads\/2025\/08\/Holiday-Party-3-min-600x422.jpg 600w, https:\/\/www.cca-acc.com\/wp-content\/uploads\/2025\/08\/Holiday-Party-3-min-300x211.jpg 300w, https:\/\/www.cca-acc.com\/wp-content\/uploads\/2025\/08\/Holiday-Party-3-min-1024x720.jpg 1024w, https:\/\/www.cca-acc.com\/wp-content\/uploads\/2025\/08\/Holiday-Party-3-min-768x540.jpg 768w, https:\/\/www.cca-acc.com\/wp-content\/uploads\/2025\/08\/Holiday-Party-3-min-1200x844.jpg 1200w, https:\/\/www.cca-acc.com\/wp-content\/uploads\/2025\/08\/Holiday-Party-3-min-400x281.jpg 400w\" sizes=\"auto, (max-width: 1536px) 100vw, 1536px\" \/><\/figure>\n\n\n\n<p><em>Apprenez pourquoi Geza Banfai a remport\u00e9 ce prix<\/em> :<\/p>\n\n\n\n<div class=\"wp-block-buttons is-layout-flex wp-block-buttons-is-layout-flex\">\n<div class=\"wp-block-button lightbox\"><a class=\"wp-block-button__link wp-element-button\" href=\"https:\/\/www.youtube.com\/watch?v=UCfP9kyiMVc\" target=\"_blank\" rel=\"noreferrer noopener\"><strong>Regardez maintenant<\/strong><\/a><\/div>\n<\/div>\n","protected":false},"excerpt":{"rendered":"<p>Geza Banfai est un v\u00e9ritable pilier de l\u2019industrie canadienne de la construction, avec plus de 40&nbsp;ans de leadership, de d\u00e9vouement et d\u2019innovation in\u00e9gal\u00e9s. En tant qu\u2019avocat chez McMillan LLP, Geza a contribu\u00e9 \u00e0 fa\u00e7onner le droit de la construction et \u00e0 renforcer les relations avec l\u2019industrie dans tout le pays. Moteur de la Loi sur [&hellip;]<\/p>\n","protected":false},"author":1,"featured_media":0,"parent":16138,"menu_order":8,"comment_status":"closed","ping_status":"closed","template":"templates\/template-awards-subpage.php","meta":{"_acf_changed":false,"footnotes":""},"class_list":["post-16158","page","type-page","status-publish","hentry"],"acf":[],"_links":{"self":[{"href":"https:\/\/www.cca-acc.com\/fr\/wp-json\/wp\/v2\/pages\/16158","targetHints":{"allow":["GET"]}}],"collection":[{"href":"https:\/\/www.cca-acc.com\/fr\/wp-json\/wp\/v2\/pages"}],"about":[{"href":"https:\/\/www.cca-acc.com\/fr\/wp-json\/wp\/v2\/types\/page"}],"author":[{"embeddable":true,"href":"https:\/\/www.cca-acc.com\/fr\/wp-json\/wp\/v2\/users\/1"}],"replies":[{"embeddable":true,"href":"https:\/\/www.cca-acc.com\/fr\/wp-json\/wp\/v2\/comments?post=16158"}],"version-history":[{"count":18,"href":"https:\/\/www.cca-acc.com\/fr\/wp-json\/wp\/v2\/pages\/16158\/revisions"}],"predecessor-version":[{"id":75197,"href":"https:\/\/www.cca-acc.com\/fr\/wp-json\/wp\/v2\/pages\/16158\/revisions\/75197"}],"up":[{"embeddable":true,"href":"https:\/\/www.cca-acc.com\/fr\/wp-json\/wp\/v2\/pages\/16138"}],"wp:attachment":[{"href":"https:\/\/www.cca-acc.com\/fr\/wp-json\/wp\/v2\/media?parent=16158"}],"curies":[{"name":"wp","href":"https:\/\/api.w.org\/{rel}","templated":true}]}}