{"id":16160,"date":"2020-06-24T16:36:10","date_gmt":"2020-06-24T16:36:10","guid":{"rendered":"https:\/\/www.cca-acc.com\/workforce-excellence\/prix-nationaux-de-lacc\/cca-workforce-excellence\/"},"modified":"2025-12-02T09:48:02","modified_gmt":"2025-12-02T14:48:02","slug":"prix-dexcellence-de-la-main-doeuvre-de-lacc","status":"publish","type":"page","link":"https:\/\/www.cca-acc.com\/fr\/services-axes-sur-les-pratiques-exemplaires\/prix-nationaux-de-lacc\/prix-dexcellence-de-la-main-doeuvre-de-lacc\/","title":{"rendered":"Prix d\u2019excellence de la main-d\u2019\u0153uvre de l\u2019ACC"},"content":{"rendered":"\n<p>La Construction Association of Nova Scotia (CANS) ne se contente pas de construire des infrastructures. Elle b\u00e2tit une industrie plus forte et plus inclusive pour tout le monde. Avec un engagement profond envers la diversit\u00e9, l\u2019\u00e9quit\u00e9, l\u2019inclusion et l\u2019accessibilit\u00e9, la CANS met en relation les groupes sous-repr\u00e9sent\u00e9s avec des carri\u00e8res gratifiantes par l\u2019entremise d\u2019initiatives telles que le salon annuel de l\u2019emploi dans la construction, qui a accueilli plus de 1&nbsp;000&nbsp;participants en 2024.<\/p>\n\n\n\n<p>Des programmes de mentorat locaux aux partenariats de recrutement mondiaux, la CANS multiplie les opportunit\u00e9s et fait tomber les barri\u00e8res. Ses programmes de formation novateurs, tels que Gender Inclusive Leadership et Solid Foundations, fournissent aux superviseurs les outils n\u00e9cessaires pour cr\u00e9er des sites de travail respectueux, s\u00fbrs et accueillants.<\/p>\n\n\n\n<p>Gr\u00e2ce \u00e0 des \u00e9v\u00e9nements tels que le Sommet de la main-d\u2019\u0153uvre dans la construction et le Forum des femmes dans la construction, ainsi qu\u2019\u00e0 la sensibilisation de la communaut\u00e9 pendant les mois de la Fiert\u00e9, de l\u2019histoire des Noirs et de l\u2019histoire autochtone, la CANS m\u00e8ne la danse avec c\u0153ur et d\u00e9termination. Leur approche innovante contribue \u00e0 fa\u00e7onner une main-d\u2019\u0153uvre du secteur de la construction qui refl\u00e8te v\u00e9ritablement les communaut\u00e9s dynamiques et diversifi\u00e9es qu\u2019elle sert, une \u00e9tape inclusive \u00e0 la fois.<\/p>\n\n\n\n<figure class=\"wp-block-image size-full\"><img loading=\"lazy\" decoding=\"async\" width=\"2560\" height=\"1920\" src=\"https:\/\/www.cca-acc.com\/wp-content\/uploads\/2025\/08\/wic3-1-min-scaled.jpg\" alt=\"\" class=\"wp-image-70318\" srcset=\"https:\/\/www.cca-acc.com\/wp-content\/uploads\/2025\/08\/wic3-1-min-scaled.jpg 2560w, https:\/\/www.cca-acc.com\/wp-content\/uploads\/2025\/08\/wic3-1-min-scaled-600x450.jpg 600w, https:\/\/www.cca-acc.com\/wp-content\/uploads\/2025\/08\/wic3-1-min-300x225.jpg 300w, https:\/\/www.cca-acc.com\/wp-content\/uploads\/2025\/08\/wic3-1-min-1024x768.jpg 1024w, https:\/\/www.cca-acc.com\/wp-content\/uploads\/2025\/08\/wic3-1-min-768x576.jpg 768w, https:\/\/www.cca-acc.com\/wp-content\/uploads\/2025\/08\/wic3-1-min-1536x1152.jpg 1536w, https:\/\/www.cca-acc.com\/wp-content\/uploads\/2025\/08\/wic3-1-min-2048x1536.jpg 2048w, https:\/\/www.cca-acc.com\/wp-content\/uploads\/2025\/08\/wic3-1-min-1200x900.jpg 1200w, https:\/\/www.cca-acc.com\/wp-content\/uploads\/2025\/08\/wic3-1-min-1980x1485.jpg 1980w, https:\/\/www.cca-acc.com\/wp-content\/uploads\/2025\/08\/wic3-1-min-400x300.jpg 400w\" sizes=\"auto, (max-width: 2560px) 100vw, 2560px\" \/><\/figure>\n\n\n\n<figure class=\"wp-block-image size-full\"><img loading=\"lazy\" decoding=\"async\" width=\"2560\" height=\"2009\" src=\"https:\/\/www.cca-acc.com\/wp-content\/uploads\/2025\/08\/53519316713_36729f7b5c_4k-min-scaled.jpg\" alt=\"\" class=\"wp-image-70312\" srcset=\"https:\/\/www.cca-acc.com\/wp-content\/uploads\/2025\/08\/53519316713_36729f7b5c_4k-min-scaled.jpg 2560w, https:\/\/www.cca-acc.com\/wp-content\/uploads\/2025\/08\/53519316713_36729f7b5c_4k-min-scaled-600x471.jpg 600w, https:\/\/www.cca-acc.com\/wp-content\/uploads\/2025\/08\/53519316713_36729f7b5c_4k-min-300x235.jpg 300w, https:\/\/www.cca-acc.com\/wp-content\/uploads\/2025\/08\/53519316713_36729f7b5c_4k-min-1024x804.jpg 1024w, https:\/\/www.cca-acc.com\/wp-content\/uploads\/2025\/08\/53519316713_36729f7b5c_4k-min-768x603.jpg 768w, https:\/\/www.cca-acc.com\/wp-content\/uploads\/2025\/08\/53519316713_36729f7b5c_4k-min-1536x1206.jpg 1536w, https:\/\/www.cca-acc.com\/wp-content\/uploads\/2025\/08\/53519316713_36729f7b5c_4k-min-2048x1608.jpg 2048w, https:\/\/www.cca-acc.com\/wp-content\/uploads\/2025\/08\/53519316713_36729f7b5c_4k-min-1200x942.jpg 1200w, https:\/\/www.cca-acc.com\/wp-content\/uploads\/2025\/08\/53519316713_36729f7b5c_4k-min-1980x1554.jpg 1980w, https:\/\/www.cca-acc.com\/wp-content\/uploads\/2025\/08\/53519316713_36729f7b5c_4k-min-400x314.jpg 400w\" sizes=\"auto, (max-width: 2560px) 100vw, 2560px\" \/><\/figure>\n\n\n\n<p><em>Apprenez pourquoi l\u2019Association de la construction de la Nouvelle-\u00c9cosse a remport\u00e9 ce prix<\/em> : \u00a0<\/p>\n\n\n\n<div class=\"wp-block-buttons is-layout-flex wp-block-buttons-is-layout-flex\">\n<div class=\"wp-block-button lightbox\"><a class=\"wp-block-button__link has-ccp-white-color has-ccp-purple-background-color has-text-color has-background wp-element-button\" href=\"https:\/\/www.youtube.com\/watch?v=xcH_zbbd4LE\" target=\"_blank\" rel=\"noreferrer noopener\"><strong>Regardez maintenant<\/strong><\/a><\/div>\n<\/div>\n","protected":false},"excerpt":{"rendered":"<p>La Construction Association of Nova Scotia (CANS) ne se contente pas de construire des infrastructures. Elle b\u00e2tit une industrie plus forte et plus inclusive pour tout le monde. Avec un engagement profond envers la diversit\u00e9, l\u2019\u00e9quit\u00e9, l\u2019inclusion et l\u2019accessibilit\u00e9, la CANS met en relation les groupes sous-repr\u00e9sent\u00e9s avec des carri\u00e8res gratifiantes par l\u2019entremise d\u2019initiatives telles [&hellip;]<\/p>\n","protected":false},"author":1,"featured_media":0,"parent":16138,"menu_order":6,"comment_status":"closed","ping_status":"closed","template":"templates\/template-awards-subpage.php","meta":{"_acf_changed":false,"footnotes":""},"class_list":["post-16160","page","type-page","status-publish","hentry"],"acf":[],"_links":{"self":[{"href":"https:\/\/www.cca-acc.com\/fr\/wp-json\/wp\/v2\/pages\/16160","targetHints":{"allow":["GET"]}}],"collection":[{"href":"https:\/\/www.cca-acc.com\/fr\/wp-json\/wp\/v2\/pages"}],"about":[{"href":"https:\/\/www.cca-acc.com\/fr\/wp-json\/wp\/v2\/types\/page"}],"author":[{"embeddable":true,"href":"https:\/\/www.cca-acc.com\/fr\/wp-json\/wp\/v2\/users\/1"}],"replies":[{"embeddable":true,"href":"https:\/\/www.cca-acc.com\/fr\/wp-json\/wp\/v2\/comments?post=16160"}],"version-history":[{"count":16,"href":"https:\/\/www.cca-acc.com\/fr\/wp-json\/wp\/v2\/pages\/16160\/revisions"}],"predecessor-version":[{"id":75198,"href":"https:\/\/www.cca-acc.com\/fr\/wp-json\/wp\/v2\/pages\/16160\/revisions\/75198"}],"up":[{"embeddable":true,"href":"https:\/\/www.cca-acc.com\/fr\/wp-json\/wp\/v2\/pages\/16138"}],"wp:attachment":[{"href":"https:\/\/www.cca-acc.com\/fr\/wp-json\/wp\/v2\/media?parent=16160"}],"curies":[{"name":"wp","href":"https:\/\/api.w.org\/{rel}","templated":true}]}}