{"id":16162,"date":"2020-06-09T14:01:59","date_gmt":"2020-06-09T14:01:59","guid":{"rendered":"https:\/\/www.cca-acc.com\/careers\/"},"modified":"2025-05-22T14:49:23","modified_gmt":"2025-05-22T18:49:23","slug":"emplois","status":"publish","type":"page","link":"https:\/\/www.cca-acc.com\/fr\/emplois\/","title":{"rendered":"Emplois"},"content":{"rendered":"\n<h2 class=\"wp-block-heading\">Laissez votre marque<\/h2>\n\n\n\n<p><strong>Depuis plus de 100 ans, l\u2019Association canadienne de la construction appuie l\u2019industrie de la construction institutionnelle, commerciale et industrielle (ICI) du Canada. Notre mission :<\/strong><\/p>\n\n\n\n<blockquote class=\"wp-block-quote is-layout-flow wp-block-quote-is-layout-flow\">\n<p>inciter les membres de l\u2019industrie de la construction \u00e0 rendre ce secteur plus dynamique, innovateur et durable en agissant avec int\u00e9grit\u00e9.<\/p>\n<\/blockquote>\n\n\n\n<p>Chaque membre de notre \u00e9quipe dynamique est d\u00e9termin\u00e9 \u00e0 remplir cette mission, en veillant \u00e0 ce que nos membres et les travailleurs qu\u2019ils emploient re\u00e7oivent le plus haut niveau de service et de repr\u00e9sentation.<\/p>\n\n\n\n<p>Nous sommes anim\u00e9s par la passion, la cr\u00e9ativit\u00e9 et l\u2019innovation. Et nous sommes \u00e0 la recherche d\u2019excellents talents qui souhaitent faire partie de notre \u00e9quipe collaborative.<\/p>\n\n\n\n<p>L\u2019ACC est un employeur qui souscrit au principe de l\u2019\u00e9galit\u00e9 des chances en mati\u00e8re d\u2019emploi et qui s\u2019engage \u00e0 promouvoir la diversit\u00e9 et l\u2019inclusion dans le lieu de travail.<\/p>\n\n\n\n<p>Vous travaillerez dans un environnement de travail exceptionnel qui favorise la collaboration, le perfectionnement professionnel, l\u2019innovation et l\u2019\u00e9quilibre entre la vie professionnelle et la vie priv\u00e9e.<\/p>\n\n\n\n<h5 class=\"wp-block-heading\"><em><strong><em><strong>Ce que vous pouvez vous attendre de nous <\/strong><\/em><\/strong><\/em><\/h5>\n\n\n\n<ul class=\"wp-block-list\">\n<li>Un environnement de travail stimulant et pluridisciplinaire qui favorise l\u2019apprentissage et le perfectionnement professionnel<\/li>\n\n\n\n<li>Un r\u00e9gime de r\u00e9mun\u00e9ration concurrentiel et adapt\u00e9 au rendement individuel<\/li>\n\n\n\n<li>Un plan attrayant de REER \u00e0 cotisations \u00e9quivalentes<\/li>\n\n\n\n<li>Un r\u00e9gime complet d\u2019avantages pay\u00e9s par l\u2019employeur, y compris une assurance vie et une assurance invalidit\u00e9, des soins dentaires, des soins de la vue, des soins de sant\u00e9 semi-priv\u00e9s et un programme d\u2019aide aux employ\u00e9s et aux familles<\/li>\n\n\n\n<li>Un environnement de travail propre et lumineux<\/li>\n\n\n\n<li>Un soutien \u00e0 l\u2019\u00e9quilibre travail-vie priv\u00e9e pour nos employ\u00e9s gr\u00e2ce \u00e0 ce qui suit :\n<ul class=\"wp-block-list\">\n<li>un horaire de travail flexible, lorsque cela est possible<\/li>\n\n\n\n<li>une contribution pour l\u2019adh\u00e9sion \u00e0 un centre de conditionnement physique pour favoriser la sant\u00e9<\/li>\n\n\n\n<li>la fermeture des bureaux entre No\u00ebl et le Jour de l\u2019an<\/li>\n\n\n\n<li>un horaire de travail comprim\u00e9 pendant l\u2019\u00e9t\u00e9, permettant de prendre cong\u00e9 un vendredi sur deux<\/li>\n\n\n\n<li>une politique g\u00e9n\u00e9reuse de cong\u00e9<\/li>\n<\/ul>\n<\/li>\n<\/ul>\n\n\n\n<div class=\"wp-block-group alignfull has-ccp-white-color has-ccp-purple-background-color has-text-color has-background\"><div class=\"wp-block-group__inner-container is-layout-flow wp-block-group-is-layout-flow\">\n<h3 class=\"wp-block-heading has-text-align-center\">Nous vous invitons \u00e0 d\u00e9couvrir les possibilit\u00e9s d\u2019emploi int\u00e9ressantes offertes \u00e0 l\u2019ACC. <a href=\"https:\/\/www.cca-acc.com\/fr\/emplois\/possibilites-demploi\/\" target=\"_blank\" rel=\"noreferrer noopener\">Cliquez ici<\/a>.<\/h3>\n\n\n<div class=\"button_center\"><a href=\"\/fr\/emplois\/possibilites-demploi\/\"  class=\" cca_white btn_outlined\" target=\"_self\">Possibilit\u00e9s d\u2019emploi<\/a>\n<\/div>\n\n\n<\/div><\/div>\n","protected":false},"excerpt":{"rendered":"<p>Laissez votre marque Depuis plus de 100 ans, l\u2019Association canadienne de la construction appuie l\u2019industrie de la construction institutionnelle, commerciale et industrielle (ICI) du Canada. Notre mission : inciter les membres de l\u2019industrie de la construction \u00e0 rendre ce secteur plus dynamique, innovateur et durable en agissant avec int\u00e9grit\u00e9. Chaque membre de notre \u00e9quipe dynamique [&hellip;]<\/p>\n","protected":false},"author":1,"featured_media":0,"parent":0,"menu_order":0,"comment_status":"closed","ping_status":"closed","template":"","meta":{"_acf_changed":false,"footnotes":""},"class_list":["post-16162","page","type-page","status-publish","hentry"],"acf":[],"_links":{"self":[{"href":"https:\/\/www.cca-acc.com\/fr\/wp-json\/wp\/v2\/pages\/16162","targetHints":{"allow":["GET"]}}],"collection":[{"href":"https:\/\/www.cca-acc.com\/fr\/wp-json\/wp\/v2\/pages"}],"about":[{"href":"https:\/\/www.cca-acc.com\/fr\/wp-json\/wp\/v2\/types\/page"}],"author":[{"embeddable":true,"href":"https:\/\/www.cca-acc.com\/fr\/wp-json\/wp\/v2\/users\/1"}],"replies":[{"embeddable":true,"href":"https:\/\/www.cca-acc.com\/fr\/wp-json\/wp\/v2\/comments?post=16162"}],"version-history":[{"count":1,"href":"https:\/\/www.cca-acc.com\/fr\/wp-json\/wp\/v2\/pages\/16162\/revisions"}],"predecessor-version":[{"id":66916,"href":"https:\/\/www.cca-acc.com\/fr\/wp-json\/wp\/v2\/pages\/16162\/revisions\/66916"}],"wp:attachment":[{"href":"https:\/\/www.cca-acc.com\/fr\/wp-json\/wp\/v2\/media?parent=16162"}],"curies":[{"name":"wp","href":"https:\/\/api.w.org\/{rel}","templated":true}]}}