{"id":16210,"date":"2020-07-31T17:31:28","date_gmt":"2020-07-31T17:31:28","guid":{"rendered":"https:\/\/www.cca-acc.com\/evenements\/webinaires\/past-webinar-recordings\/"},"modified":"2024-10-09T17:32:39","modified_gmt":"2024-10-09T21:32:39","slug":"enregistrements-des-webinaires-precedents","status":"publish","type":"page","link":"https:\/\/www.cca-acc.com\/fr\/evenements\/webinaires-connecte\/enregistrements-des-webinaires-precedents\/","title":{"rendered":"Enregistrements des webinaires pr\u00e9c\u00e9dents"},"content":{"rendered":"\n<p><a href=\"https:\/\/youtu.be\/VMtW6xsLiZ0?si=-eMvT4zVbHPB0grt\" data-type=\"link\" data-id=\"https:\/\/youtu.be\/VMtW6xsLiZ0?si=-eMvT4zVbHPB0grt\">B\u00e2tir le futur : L\u2019IA dans la construction aujourd\u2019hui et demain<\/a>, Enregistr\u00e9 le 19 septembre 2024<\/p>\n\n\n\n<p><a href=\"https:\/\/youtu.be\/Aqlam_hrbbw\" data-type=\"link\" data-id=\"https:\/\/youtu.be\/Aqlam_hrbbw\" target=\"_blank\" rel=\"noreferrer noopener\">Construire \u00e0 la pointe de la technologie : Am\u00e9liorer les activit\u00e9s de construction gr\u00e2ce \u00e0 la culture num\u00e9rique<\/a>, Enregistr\u00e9 le 20 juin 2024<\/p>\n\n\n\n<p><a href=\"https:\/\/youtu.be\/jY0TV82_xb8\" data-type=\"link\" data-id=\"https:\/\/youtu.be\/jY0TV82_xb8\">Deuxi\u00e8me partie : Loi f\u00e9d\u00e9rale sur le paiement rapide des travaux de construction \u2013adjudication<\/a>, Enregistr\u00e9 le 20 juinr 2024<\/p>\n\n\n\n<p><a href=\"https:\/\/youtu.be\/UEh1chuHoW4\" data-type=\"link\" data-id=\"https:\/\/youtu.be\/UEh1chuHoW4\" target=\"_blank\" rel=\"noreferrer noopener\">Premi\u00e8re partie&nbsp;:&nbsp;<em>Loi f\u00e9d\u00e9rale sur le paiement rapide des travaux de la construction<\/em>&nbsp;\u2013paiement rapide<\/a>, Enregistr\u00e9 le 8 f\u00e9vrier 2024<\/p>\n\n\n\n<p><a rel=\"noreferrer noopener\" href=\"https:\/\/youtu.be\/4GtbVu_36KA\" data-type=\"URL\" data-id=\"https:\/\/youtu.be\/4GtbVu_36KA\" target=\"_blank\">Webinaire 5 : Lisez votre contrat de construction : \u00ab Montrez-moi l\u2019argent! \u00bb \u2013 Clauses financi\u00e8res et paiement<\/a>, Enregistr\u00e9 le 29 mai 2023 <\/p>\n\n\n\n<p><a rel=\"noreferrer noopener\" href=\"https:\/\/youtu.be\/bBCF63SL4zo\" data-type=\"URL\" data-id=\"https:\/\/youtu.be\/bBCF63SL4zo\" target=\"_blank\">Webinaire 4 : Lisez votre contrat de construction : \u00ab Affaire risqu\u00e9e \u00bb \u2013 Assurance, garantie contractuelle et indemnisation<\/a>, Enregistr\u00e9 le 15 mai 2023 <\/p>\n\n\n\n<p><a rel=\"noreferrer noopener\" href=\"https:\/\/youtu.be\/j6AVfMUgC6U\" data-type=\"URL\" data-id=\"https:\/\/youtu.be\/j6AVfMUgC6U\" target=\"_blank\">Webinaire 3 : Lisez votre contrat de construction : \u00ab Si je pouvais revenir \u00e0 la case d\u00e9part \u00bb \u2013 Exigences en mati\u00e8re de calendrier, de retard et de d\u00e9lai, <\/a>Enregistr\u00e9 le 1 mai 2023<\/p>\n\n\n\n<p><a rel=\"noreferrer noopener\" href=\"https:\/\/youtu.be\/OpRX3gnK3cI\" data-type=\"URL\" data-id=\"https:\/\/youtu.be\/OpRX3gnK3cI\" target=\"_blank\">Webinaire 2 : Lisez votre contrat de construction : \u00ab Pour assurer la bonne marche des contrats \u00bb \u2013 D\u00e9finition de la port\u00e9e et gestion des modifications<\/a>, Enregistr\u00e9 le 17 avril 2023<\/p>\n\n\n\n<p><a href=\"https:\/\/youtu.be\/z_OaOuiEtng\" data-type=\"URL\" data-id=\"https:\/\/youtu.be\/z_OaOuiEtng\" target=\"_blank\" rel=\"noreferrer noopener\">Webinaire 1 : Lisez votre contrat de construction \u00ab comme un patron \u00bb<\/a>, Enregistr\u00e9  le 3 avril 2023<\/p>\n\n\n\n<p><a href=\"https:\/\/youtu.be\/BPOvrfZPUAU\" data-type=\"URL\" data-id=\"https:\/\/youtu.be\/BPOvrfZPUAU\">Gestion de le chaine d\u2019approvisionnement \u2013 Att\u00e9nuer l\u2019impact de l\u2019inflation<\/a>, Enregistr\u00e9  le 24 novembre 2022 <\/p>\n\n\n\n<p><a href=\"https:\/\/youtu.be\/XWchSTpeXDU\" data-type=\"URL\" data-id=\"https:\/\/youtu.be\/XWchSTpeXDU\">Webinaire sur les modes de r\u00e9alisation de projets<\/a>,  Enregistr\u00e9  le 4 octobre 2022 <\/p>\n\n\n\n<p><a rel=\"noreferrer noopener\" href=\"https:\/\/youtu.be\/4wrqGRbMTjU\" data-type=\"URL\" data-id=\"https:\/\/youtu.be\/4wrqGRbMTjU\" target=\"_blank\">Reb\u00e2tir l\u2019Ukraine \u2013 Occasions pour le secteur canadien de la construction et les services connexes<\/a>,  Enregistr\u00e9  le 28 septembre 2022<\/p>\n\n\n\n<p><a rel=\"noreferrer noopener\" href=\"https:\/\/www.youtube.com\/watch?v=W86XiZeZmUM\" target=\"_blank\">Diversit\u00e9 et inclusion&nbsp;: plus que des mots<\/a>,  Enregistr\u00e9 le 30 novembre 2021<\/p>\n\n\n\n<p><a rel=\"noreferrer noopener\" href=\"https:\/\/www.youtube.com\/watch?v=LLlVQhInD-M\" target=\"_blank\">La puissance de l\u2019innovation \u2013 Transformer des donn\u00e9es en renseignements strat\u00e9giques \u2013 Comment la prise de d\u00e9cision fond\u00e9e sur des donn\u00e9es favorise l\u2019innovation dans l\u2019industrie<\/a>, Enregistr\u00e9 le 2 novembre 2021<\/p>\n\n\n\n<p><a href=\"https:\/\/www.youtube.com\/watch?v=mG8M8Sp8Kw4\" target=\"_blank\" rel=\"noreferrer noopener\">B\u00e2tir plus intelligemment gr\u00e2ce \u00e0 la transformation num\u00e9rique<\/a>, Enregistr\u00e9 le 20 octobre 2021<\/p>\n\n\n\n<p><a href=\"https:\/\/www.youtube.com\/watch?v=T013mLf6Uig\" target=\"_blank\" rel=\"noreferrer noopener\">L\u2019utilisation de l\u2019IA pour am\u00e9liorer la s\u00e9curit\u00e9 et la productivit\u00e9 des projets de construction \u2013 Vitrine de R&amp;D en construction<\/a>, Enregistr\u00e9 le 13 octobre 2021<\/p>\n\n\n\n<p><a href=\"https:\/\/www.youtube.com\/watch?v=EeG0qAxhfFE\" target=\"_blank\" rel=\"noreferrer noopener\">La robotisation \u00e0 l\u2019appui de la conception architecturale et de la construction &nbsp;\u2013 Vitrine de R&amp;D en construction<\/a>, Enregistr\u00e9 le 14 juillet 2021<\/p>\n\n\n\n<p><a href=\"https:\/\/www.youtube.com\/watch?v=MWsRLAZ06hc\" target=\"_blank\" rel=\"noreferrer noopener\">La puissance de l\u2019innovation \u2013 Comment stimuler \u00ab l\u2019innovation de tous les jours \u00bb dans votre organisation gr\u00e2ce \u00e0 la pens\u00e9e conceptuelle<\/a>, Enregistr\u00e9 le June 9 2021<\/p>\n\n\n\n<p><a rel=\"noreferrer noopener\" href=\"https:\/\/youtu.be\/_ikmOJ4-atM\" target=\"_blank\">Prot\u00e9gez vos profits : comment g\u00e9rer l\u2019escalade des prix des mat\u00e9riaux<\/a>, Enregistr\u00e9 le 18 mai 2021<\/p>\n\n\n\n<p><a href=\"https:\/\/www.youtube.com\/watch?v=IHQzzhl_5u0&amp;t=3s\" target=\"_blank\" rel=\"noreferrer noopener\">Performance \u00e0 long terme de l\u2019enveloppe du b\u00e2timent dans le contexte du changement climatique\u2013 Vitrine de R&amp;D en construction<\/a>, Enregistr\u00e9 le 21 avril 2021<\/p>\n\n\n\n<p><a href=\"https:\/\/www.youtube.com\/watch?v=rrMpIeiImIQ\" target=\"_blank\" rel=\"noreferrer noopener\">La num\u00e9risation pour la pr\u00e9fabrication et la construction \u2013 Vitrine de R&amp;D en construction<\/a>, Enregistr\u00e9 le 3 mars 2021<\/p>\n\n\n\n<p><a href=\"https:\/\/www.youtube.com\/watch?v=kBid5s_E94U\" target=\"_blank\" rel=\"noreferrer noopener\">La puissance de l\u2019innovation \u2013 Conseils tactiques pour conqu\u00e9rir la valeur de l\u2019innovation dans le secteur de la construction<\/a>, Enregistr\u00e9 le 24 f\u00e9vrier 2021<\/p>\n\n\n\n<p><a href=\"https:\/\/www.youtube.com\/watch?v=PgHOgcWOAO0\" target=\"_blank\" rel=\"noreferrer noopener\">Automatisation de l\u2019inspection visuelle gr\u00e2ce \u00e0 l\u2019IA \u2013 Vitrine de R&amp;D en construction<\/a>, Enregistr\u00e9 le 21 janvier 2021<\/p>\n\n\n\n<p><a rel=\"noreferrer noopener\" href=\"https:\/\/youtu.be\/pg619MkNcXg\" target=\"_blank\">Les perturbations de la cha\u00eene d\u2019approvisionnement en temps d\u2019incertitude<\/a>, Enregistr\u00e9 22 octobre 2020<\/p>\n\n\n\n<p><a href=\"https:\/\/youtu.be\/EOqZ4qfK6GU\" target=\"_blank\" rel=\"noreferrer noopener\">Diriger le changement par l\u2019innovation \u2013 Perspectives de leaders canadiens de la construction<\/a>, Enregistr\u00e9 18 ao\u00fbt 2020<\/p>\n\n\n\n<p><a rel=\"noreferrer noopener\" href=\"https:\/\/www.youtube.com\/watch?v=KAc8M_rziI4\" target=\"_blank\">La construction connect\u00e9e&nbsp;: comment num\u00e9riser les flux de travail de la gestion de projet<\/a>, Enregistr\u00e9 30 juillet 2020<\/p>\n\n\n\n<p><a rel=\"noreferrer noopener\" href=\"https:\/\/www.youtube.com\/watch?v=pkxbcMXyORY\" target=\"_blank\">Sant\u00e9 mentale et construction durant la reprise<\/a>, Enregistr\u00e9 25 juin 2020<\/p>\n\n\n\n<p><a rel=\"noreferrer noopener\" href=\"https:\/\/youtu.be\/jdrCM_ujODI\" target=\"_blank\">Maximiser votre cr\u00e9dit de cautionnement pendant la reprise \u00e9conomique<\/a>. Enregistr\u00e9 le 11 juin 2020 &nbsp;<\/p>\n\n\n\n<p><a href=\"https:\/\/youtu.be\/rRcnlWJlIhc\" target=\"_blank\" rel=\"noreferrer noopener\">Apprivoiser les d\u00e9fis de la COVID-19 : Cr\u00e9er un plan d\u00e9taill\u00e9 de continuit\u00e9 de projet<\/a>. Enregistr\u00e9 le 14 mai 2020<\/p>\n\n\n\n<p><a rel=\"noreferrer noopener\" href=\"https:\/\/youtu.be\/C-nmA6ArqAI\" target=\"_blank\">Apprivoiser les d\u00e9fis de la COVID-19 : Programmes de financement et consid\u00e9rations en mati\u00e8re de liquidit\u00e9s pour la reprise financi\u00e8re dans la construction<\/a>. Enregistr\u00e9 le 7 mai 2020<\/p>\n\n\n\n<p><a href=\"https:\/\/youtu.be\/OOjp-9elATU\" target=\"_blank\" rel=\"noreferrer noopener\">Apprivoiser les d\u00e9fis de la COVID-19 : G\u00e9rer les couvertures d\u2019assurance et les r\u00e9clamations relatives aux pertes d\u00e9coulant de la pand\u00e9mie<\/a> . Enregistr\u00e9 le 30 avril 2020<\/p>\n\n\n\n<p><a href=\"https:\/\/youtu.be\/-0vUS5a4Q4E\" target=\"_blank\" rel=\"noreferrer noopener\">Apprivoiser les d\u00e9fis de la COVID-19 : Protocole de sant\u00e9 et de s\u00e9curit\u00e9 pour les chantiers de construction<\/a>. Enregistr\u00e9 le 23 avril 2020<\/p>\n\n\n\n<p><a href=\"https:\/\/youtu.be\/aKd3uOXDPTs\" target=\"_blank\" rel=\"noreferrer noopener\">Apprivoiser les d\u00e9fis de la COVID-19 : G\u00e9rer les protections contractuelles et juridiques et les risques connexes pour les entreprises de construction<\/a>. Enregistr\u00e9 le 16 avril 2020<\/p>\n\n\n\n<p><a href=\"https:\/\/youtu.be\/T117kMWFQdI\" target=\"_blank\" rel=\"noreferrer noopener\">Apprivoiser les d\u00e9fis de la COVID-19 : G\u00e9rer votre personnel \u00e0 distance<\/a>. Enregistr\u00e9 le 9 avril 2020<\/p>\n\n\n\n<p><a href=\"https:\/\/www.youtube.com\/watch?v=I1VjHj62Z0o&amp;t=1646s\" target=\"_blank\" rel=\"noreferrer noopener\">Apprivoiser les d\u00e9fis de la COVID-19 : Mise \u00e0 jour \u00e9conomique<\/a>. Enregistr\u00e9 le 2 avril 2020<\/p>\n\n\n\n<p><a href=\"https:\/\/youtu.be\/aBCRwa0GxJg\" target=\"_blank\" rel=\"noreferrer noopener\">Apprivoiser les d\u00e9fis de la COVID-19 : Se pr\u00e9parer pour l\u2019avenir de la construction<\/a>. Enregistr\u00e9 le 27 mars 2020<\/p>\n\n\n\n<p><a href=\"https:\/\/youtu.be\/p8G551IGaWU\" target=\"_blank\" rel=\"noreferrer noopener\">Apprivoiser les d\u00e9fis de la COVID-19 : Le coronavirus et les r\u00e9percussions sur la cha\u00eene d\u2019approvisionnement de la construction<\/a>. Enregistr\u00e9 le 12 mars 2020<\/p>\n","protected":false},"excerpt":{"rendered":"<p>B\u00e2tir le futur : L\u2019IA dans la construction aujourd\u2019hui et demain, Enregistr\u00e9 le 19 septembre 2024 Construire \u00e0 la pointe de la technologie : Am\u00e9liorer les activit\u00e9s de construction gr\u00e2ce \u00e0 la culture num\u00e9rique, Enregistr\u00e9 le 20 juin 2024 Deuxi\u00e8me partie : Loi f\u00e9d\u00e9rale sur le paiement rapide des travaux de construction \u2013adjudication, Enregistr\u00e9 le [&hellip;]<\/p>\n","protected":false},"author":1,"featured_media":0,"parent":16206,"menu_order":1,"comment_status":"closed","ping_status":"closed","template":"","meta":{"_acf_changed":false,"footnotes":""},"class_list":["post-16210","page","type-page","status-publish","hentry"],"acf":[],"_links":{"self":[{"href":"https:\/\/www.cca-acc.com\/fr\/wp-json\/wp\/v2\/pages\/16210","targetHints":{"allow":["GET"]}}],"collection":[{"href":"https:\/\/www.cca-acc.com\/fr\/wp-json\/wp\/v2\/pages"}],"about":[{"href":"https:\/\/www.cca-acc.com\/fr\/wp-json\/wp\/v2\/types\/page"}],"author":[{"embeddable":true,"href":"https:\/\/www.cca-acc.com\/fr\/wp-json\/wp\/v2\/users\/1"}],"replies":[{"embeddable":true,"href":"https:\/\/www.cca-acc.com\/fr\/wp-json\/wp\/v2\/comments?post=16210"}],"version-history":[{"count":8,"href":"https:\/\/www.cca-acc.com\/fr\/wp-json\/wp\/v2\/pages\/16210\/revisions"}],"predecessor-version":[{"id":58148,"href":"https:\/\/www.cca-acc.com\/fr\/wp-json\/wp\/v2\/pages\/16210\/revisions\/58148"}],"up":[{"embeddable":true,"href":"https:\/\/www.cca-acc.com\/fr\/wp-json\/wp\/v2\/pages\/16206"}],"wp:attachment":[{"href":"https:\/\/www.cca-acc.com\/fr\/wp-json\/wp\/v2\/media?parent=16210"}],"curies":[{"name":"wp","href":"https:\/\/api.w.org\/{rel}","templated":true}]}}