{"id":16222,"date":"2020-06-09T14:48:40","date_gmt":"2020-06-09T14:48:40","guid":{"rendered":"https:\/\/www.cca-acc.com\/newsroom\/"},"modified":"2021-08-26T16:13:25","modified_gmt":"2021-08-26T20:13:25","slug":"salle-des-nouvelles","status":"publish","type":"page","link":"https:\/\/www.cca-acc.com\/fr\/salle-des-nouvelles\/","title":{"rendered":"Salle des nouvelles"},"content":{"rendered":"\n<p>Votre carrefour pour acc\u00e9der aux derni\u00e8res nouvelles de l\u2019ACC. Pour toute demande de renseignements des m\u00e9dias, veuillez contacter <a href=\"mailto:jbacic@cca-acc.com\">Jadranka Bacic<\/a>.<\/p><p>&nbsp;<\/p>\n\n\n\n<div class=\"wp-block-group alignfull callout-bucket-group callout-bucket-group-full\"><div class=\"wp-block-group__inner-container is-layout-flow wp-block-group-is-layout-flow\">\n<div class=\"wp-block-columns alignfull is-layout-flex wp-container-core-columns-is-layout-9d6595d7 wp-block-columns-is-layout-flex\">\n<div class=\"wp-block-column is-layout-flow wp-block-column-is-layout-flow\" style=\"flex-basis:66.6%\">\n<div class=\"wp-block-columns is-layout-flex wp-container-core-columns-is-layout-9d6595d7 wp-block-columns-is-layout-flex\">\n<div class=\"wp-block-column bucket-sm-container is-layout-flow wp-block-column-is-layout-flow\">\t<div data-aos=\"fade-up\" style=\"width: 100%;\">\n\t\t<div class=\"bucket-sm-2 cca_purple\">\n\t\t\t<div class=\"background-image\" style=\"background-image: url(\/wp-content\/uploads\/2020\/10\/gettyimages-533443563-170667a.jpg)\"><\/div>\n\t\t\t<a href=\"\/fr\/category\/communiques\/\">\n\t\t\t\t<div class=\"box-inner\">\n\t\t\t\t\t<h4 class=\"white-text\" style=\"margin: 0px;\">Communiqu\u00e9s de presse<\/h4>\n\t\t\t\t\t<p class=\"white-text\">Votre point d\u2019acc\u00e8s aux d\u00e9clarations officielles et aux communiqu\u00e9s de l\u2019ACC.<\/p>\n\t\t\t\t\t\n\t\t\t\t\t\n\t\t\t\t\t\t<button class=\"btn-white hover-btn\" style=\"color: #582c83;\">Pour en savoir plus<\/button>\n\t\t\t\t\t\n\t\t\t\t<\/div>\n\t\t\t<\/a>\n\t\t<\/div>\n\t<\/div>\n\n\n\n\n\n<p><\/p>\n<\/div>\n\n\n\n<div class=\"wp-block-column bucket-sm-container is-layout-flow wp-block-column-is-layout-flow\">\t<div data-aos=\"fade-up\" style=\"width: 100%;\">\n\t\t<div class=\"bucket-sm-2 cca_red\">\n\t\t\t<div class=\"background-image\" style=\"background-image: url(\/wp-content\/uploads\/2020\/10\/GettyImages-636471376.jpg)\"><\/div>\n\t\t\t<a href=\"\/fr\/category\/mise-a-jour-du-conseil\/\">\n\t\t\t\t<div class=\"box-inner\">\n\t\t\t\t\t<h4 class=\"white-text\" style=\"margin: 0px;\">Mises \u00e0 jour du conseil d\u2019administration<\/h4>\n\t\t\t\t\t<p class=\"white-text\">Pour vous tenir au courant, lisez les mises \u00e0 jour diffus\u00e9es par le conseil de l\u2019ACC.<\/p>\n\t\t\t\t\t\n\t\t\t\t\t\n\t\t\t\t\t\t<button class=\"btn-white hover-btn\" style=\"color: #c8102e;\">Pour en savoir plus<\/button>\n\t\t\t\t\t\n\t\t\t\t<\/div>\n\t\t\t<\/a>\n\t\t<\/div>\n\t<\/div>\n\n\n<\/div>\n<\/div>\n<\/div>\n\n\n\n<div class=\"wp-block-column is-layout-flow wp-block-column-is-layout-flow\">\t<div data-aos=\"fade-up\" style=\"width: 100%;\">\n\t\t<div class=\"bucket-sm-2 cca_blue\">\n\t\t\t<div class=\"background-image\" style=\"background-image: url(\/wp-content\/uploads\/2020\/10\/gettyimages-1175550852-170667a.jpg)\"><\/div>\n\t\t\t<a href=\"\/fr\/plus\/\">\n\t\t\t\t<div class=\"box-inner\">\n\t\t\t\t\t<h4 class=\"white-text\" style=\"margin: 0px;\">PLUS+<\/h4>\n\t\t\t\t\t<p class=\"white-text\">Pour \u00eatre \u00e0 l\u2019aff\u00fbt des derni\u00e8res nouvelles de votre association nationale, parcourez le blogue de l\u2019ACC.<\/p>\n\t\t\t\t\t\n\t\t\t\t\t\n\t\t\t\t\t\t<button class=\"btn-white hover-btn\" style=\"color: #426da9;\">Pour en savoir plus<\/button>\n\t\t\t\t\t\n\t\t\t\t<\/div>\n\t\t\t<\/a>\n\t\t<\/div>\n\t<\/div>\n\n\n<\/div>\n<\/div>\n<\/div><\/div>\n","protected":false},"excerpt":{"rendered":"<p>Votre carrefour pour acc\u00e9der aux derni\u00e8res nouvelles de l\u2019ACC. Pour toute demande de renseignements des m\u00e9dias, veuillez contacter Jadranka Bacic. &nbsp;<\/p>\n","protected":false},"author":1,"featured_media":0,"parent":0,"menu_order":0,"comment_status":"closed","ping_status":"closed","template":"","meta":{"_acf_changed":false,"footnotes":""},"class_list":["post-16222","page","type-page","status-publish","hentry"],"acf":[],"_links":{"self":[{"href":"https:\/\/www.cca-acc.com\/fr\/wp-json\/wp\/v2\/pages\/16222","targetHints":{"allow":["GET"]}}],"collection":[{"href":"https:\/\/www.cca-acc.com\/fr\/wp-json\/wp\/v2\/pages"}],"about":[{"href":"https:\/\/www.cca-acc.com\/fr\/wp-json\/wp\/v2\/types\/page"}],"author":[{"embeddable":true,"href":"https:\/\/www.cca-acc.com\/fr\/wp-json\/wp\/v2\/users\/1"}],"replies":[{"embeddable":true,"href":"https:\/\/www.cca-acc.com\/fr\/wp-json\/wp\/v2\/comments?post=16222"}],"version-history":[{"count":0,"href":"https:\/\/www.cca-acc.com\/fr\/wp-json\/wp\/v2\/pages\/16222\/revisions"}],"wp:attachment":[{"href":"https:\/\/www.cca-acc.com\/fr\/wp-json\/wp\/v2\/media?parent=16222"}],"curies":[{"name":"wp","href":"https:\/\/api.w.org\/{rel}","templated":true}]}}