{"id":16226,"date":"2020-06-09T14:49:39","date_gmt":"2020-06-09T14:49:39","guid":{"rendered":"https:\/\/www.cca-acc.com\/salle-des-nouvelles\/videos\/"},"modified":"2020-11-18T12:44:30","modified_gmt":"2020-11-18T17:44:30","slug":"videos","status":"publish","type":"page","link":"https:\/\/www.cca-acc.com\/fr\/salle-des-nouvelles\/videos\/","title":{"rendered":"Vid\u00e9os"},"content":{"rendered":"\n<p>Visitez notre cha\u00eene YouTube pour voir les plus r\u00e9centes vid\u00e9os d\u2019actualit\u00e9 ou de d\u00e9fense des int\u00e9r\u00eats produites par l\u2019Association canadienne de la construction (ACC).<\/p>\n\n\n\n<div class=\"wp-block-buttons is-layout-flex wp-block-buttons-is-layout-flex\">\n<div class=\"wp-block-button\"><a class=\"wp-block-button__link has-background has-ccp-purple-background-color\" href=\"https:\/\/www.youtube.com\/user\/ConstructionCAN\/videos\" target=\"_blank\" rel=\"noreferrer noopener\">Regarde des vid\u00e9os<\/a><\/div>\n<\/div>\n","protected":false},"excerpt":{"rendered":"<p>Visitez notre cha\u00eene YouTube pour voir les plus r\u00e9centes vid\u00e9os d\u2019actualit\u00e9 ou de d\u00e9fense des int\u00e9r\u00eats produites par l\u2019Association canadienne de la construction (ACC).<\/p>\n","protected":false},"author":1,"featured_media":0,"parent":16222,"menu_order":0,"comment_status":"closed","ping_status":"closed","template":"","meta":{"_acf_changed":false,"footnotes":""},"class_list":["post-16226","page","type-page","status-publish","hentry"],"acf":[],"_links":{"self":[{"href":"https:\/\/www.cca-acc.com\/fr\/wp-json\/wp\/v2\/pages\/16226","targetHints":{"allow":["GET"]}}],"collection":[{"href":"https:\/\/www.cca-acc.com\/fr\/wp-json\/wp\/v2\/pages"}],"about":[{"href":"https:\/\/www.cca-acc.com\/fr\/wp-json\/wp\/v2\/types\/page"}],"author":[{"embeddable":true,"href":"https:\/\/www.cca-acc.com\/fr\/wp-json\/wp\/v2\/users\/1"}],"replies":[{"embeddable":true,"href":"https:\/\/www.cca-acc.com\/fr\/wp-json\/wp\/v2\/comments?post=16226"}],"version-history":[{"count":0,"href":"https:\/\/www.cca-acc.com\/fr\/wp-json\/wp\/v2\/pages\/16226\/revisions"}],"up":[{"embeddable":true,"href":"https:\/\/www.cca-acc.com\/fr\/wp-json\/wp\/v2\/pages\/16222"}],"wp:attachment":[{"href":"https:\/\/www.cca-acc.com\/fr\/wp-json\/wp\/v2\/media?parent=16226"}],"curies":[{"name":"wp","href":"https:\/\/api.w.org\/{rel}","templated":true}]}}