{"id":16232,"date":"2020-08-05T16:46:10","date_gmt":"2020-08-05T16:46:10","guid":{"rendered":"https:\/\/www.cca-acc.com\/media-kit\/"},"modified":"2020-08-12T17:10:50","modified_gmt":"2020-08-12T17:10:50","slug":"trousse-didentite-de-marque","status":"publish","type":"page","link":"https:\/\/www.cca-acc.com\/fr\/trousse-didentite-de-marque\/","title":{"rendered":"Trousse d\u2019identit\u00e9 de marque"},"content":{"rendered":"\n<h2 class=\"wp-block-heading\">Une nouvelle image de marque \u00e0 l\u2019appui de notre vision<\/h2>\n\n\n\n<p>Le succ\u00e8s de toute identit\u00e9 de marque d\u00e9pend de ses utilisateurs et de leur engagement \u00e0 la mettre en \u0153uvre et \u00e0 la maintenir.<\/p>\n\n\n\n<p>Notre vision de marque consiste \u00e0 montrer l\u2019Association canadienne de la construction (ACC) comme un agent de changement positif pour l\u2019industrie et comme une source inestimable de connaissances et de d\u00e9fense des int\u00e9r\u00eats pour ses membres.<\/p>\n\n\n\n<div class=\"wp-block-buttons is-layout-flex wp-block-buttons-is-layout-flex\">\n<div class=\"wp-block-button\"><a class=\"wp-block-button__link has-background has-ccp-purple-background-color\" href=\"#CCA_logo_use_feb2020.pdf\">Lignes directrices sur l\u2019utilisation du logo<\/a><\/div>\n<\/div>\n\n\n\n<p>Nous aimerions que nos partenaires et nos membres utilisent notre logo. Ce guide pr\u00e9sente les diff\u00e9rentes d\u00e9clinaisons du logo, pr\u00e9cise les exigences en mati\u00e8re de dimensions minimales et d\u2019espace de d\u00e9gagement et donne des exemples d\u2019utilisation autoris\u00e9e et non autoris\u00e9e du logo.<\/p>\n\n\n\n<p>Ce guide est un outil de r\u00e9f\u00e9rence pour vous aider \u00e0 maintenir l\u2019int\u00e9grit\u00e9 de l\u2019identit\u00e9 de marque de l\u2019ACC. Lorsque vous utilisez l\u2019identit\u00e9 de marque de mani\u00e8re efficace en vous assurant que vous suivez les proc\u00e9dures et les r\u00e8gles \u00e9nonc\u00e9es dans le guide, vous devenez un champion de l\u2019image de marque de l\u2019ACC.<\/p>\n\n\n\n<p><strong>Logo<\/strong><\/p>\n\n\n\n<p>Le logo de l\u2019ACC se d\u00e9cline en trois versions : logo anglais, logo fran\u00e7ais et logo bilingue. Le logo doit appara\u00eetre en noir SEULEMENT, ou en blanc si le fond de couleur est fonc\u00e9. Le symbole de NE doit PAS \u00eatre s\u00e9par\u00e9 de la d\u00e9nomination de l\u2019ACC. La police du logo NE peut PAS \u00eatre modifi\u00e9e.<\/p>\n\n\n\n<p>Veuillez consulter le guide des lignes directrices sur l\u2019utilisation du logo pour de plus amples consignes concernant l\u2019utilisation autoris\u00e9e et non autoris\u00e9e du logo.<\/p>\n","protected":false},"excerpt":{"rendered":"<p>Une nouvelle image de marque \u00e0 l\u2019appui de notre vision Le succ\u00e8s de toute identit\u00e9 de marque d\u00e9pend de ses utilisateurs et de leur engagement \u00e0 la mettre en \u0153uvre et \u00e0 la maintenir. Notre vision de marque consiste \u00e0 montrer l\u2019Association canadienne de la construction (ACC) comme un agent de changement positif pour l\u2019industrie [&hellip;]<\/p>\n","protected":false},"author":1,"featured_media":0,"parent":0,"menu_order":0,"comment_status":"closed","ping_status":"closed","template":"","meta":{"_acf_changed":false,"footnotes":""},"class_list":["post-16232","page","type-page","status-publish","hentry"],"acf":[],"_links":{"self":[{"href":"https:\/\/www.cca-acc.com\/fr\/wp-json\/wp\/v2\/pages\/16232","targetHints":{"allow":["GET"]}}],"collection":[{"href":"https:\/\/www.cca-acc.com\/fr\/wp-json\/wp\/v2\/pages"}],"about":[{"href":"https:\/\/www.cca-acc.com\/fr\/wp-json\/wp\/v2\/types\/page"}],"author":[{"embeddable":true,"href":"https:\/\/www.cca-acc.com\/fr\/wp-json\/wp\/v2\/users\/1"}],"replies":[{"embeddable":true,"href":"https:\/\/www.cca-acc.com\/fr\/wp-json\/wp\/v2\/comments?post=16232"}],"version-history":[{"count":0,"href":"https:\/\/www.cca-acc.com\/fr\/wp-json\/wp\/v2\/pages\/16232\/revisions"}],"wp:attachment":[{"href":"https:\/\/www.cca-acc.com\/fr\/wp-json\/wp\/v2\/media?parent=16232"}],"curies":[{"name":"wp","href":"https:\/\/api.w.org\/{rel}","templated":true}]}}