{"id":16311,"date":"2020-07-31T21:27:52","date_gmt":"2020-07-31T21:27:52","guid":{"rendered":"https:\/\/www.cca-acc.com\/contact-us\/"},"modified":"2022-05-03T13:55:23","modified_gmt":"2022-05-03T17:55:23","slug":"contactez-nous","status":"publish","type":"page","link":"https:\/\/www.cca-acc.com\/fr\/contactez-nous\/","title":{"rendered":"Contactez-nous"},"content":{"rendered":"\n<p class=\"has-ccp-purple-color has-text-color has-normal-font-size\">Pour toute question relative au programme de certification Sceau d&#8217;or : <span class=\"has-inline-color has-ccp-purple-color\"><a rel=\"noreferrer noopener\" href=\"mailto:goldseal@cca-acc.com\" target=\"_blank\">goldseal@cca-acc.com<\/a><\/span><\/p>\n\n\n\n<hr class=\"wp-block-separator\"\/>\n\n\n\n<p class=\"has-small-font-size\"><strong>L\u2019Association canadienne de la construction (ACC) reconna\u00eet que ses bureaux sont situ\u00e9s sur le territoire ancestral non c\u00e9d\u00e9 de la Nation algonquine Anishinabe.<\/strong><\/p>\n","protected":false},"excerpt":{"rendered":"<p>Pour toute question relative au programme de certification Sceau d&#8217;or : goldseal@cca-acc.com L\u2019Association canadienne de la construction (ACC) reconna\u00eet que ses bureaux sont situ\u00e9s sur le territoire ancestral non c\u00e9d\u00e9 de la Nation algonquine Anishinabe.<\/p>\n","protected":false},"author":1,"featured_media":0,"parent":0,"menu_order":0,"comment_status":"closed","ping_status":"closed","template":"templates\/template-contact.php","meta":{"_acf_changed":false,"footnotes":""},"class_list":["post-16311","page","type-page","status-publish","hentry"],"acf":[],"_links":{"self":[{"href":"https:\/\/www.cca-acc.com\/fr\/wp-json\/wp\/v2\/pages\/16311","targetHints":{"allow":["GET"]}}],"collection":[{"href":"https:\/\/www.cca-acc.com\/fr\/wp-json\/wp\/v2\/pages"}],"about":[{"href":"https:\/\/www.cca-acc.com\/fr\/wp-json\/wp\/v2\/types\/page"}],"author":[{"embeddable":true,"href":"https:\/\/www.cca-acc.com\/fr\/wp-json\/wp\/v2\/users\/1"}],"replies":[{"embeddable":true,"href":"https:\/\/www.cca-acc.com\/fr\/wp-json\/wp\/v2\/comments?post=16311"}],"version-history":[{"count":0,"href":"https:\/\/www.cca-acc.com\/fr\/wp-json\/wp\/v2\/pages\/16311\/revisions"}],"wp:attachment":[{"href":"https:\/\/www.cca-acc.com\/fr\/wp-json\/wp\/v2\/media?parent=16311"}],"curies":[{"name":"wp","href":"https:\/\/api.w.org\/{rel}","templated":true}]}}