{"id":16695,"date":"2020-06-09T14:29:39","date_gmt":"2020-06-09T14:29:39","guid":{"rendered":"https:\/\/www.cca-acc.com\/workforce-excellence\/gold-seal\/"},"modified":"2025-12-17T13:11:46","modified_gmt":"2025-12-17T18:11:46","slug":"sceau-dor","status":"publish","type":"page","link":"https:\/\/www.cca-acc.com\/fr\/sceau-dor\/","title":{"rendered":"Sceau d\u2019or"},"content":{"rendered":"\n<p>La certification Sceau d\u2019or de l\u2019ACC est une norme d\u2019excellence reconnue \u00e0 l\u2019\u00e9chelle nationale pour les professionnels en gestion de la construction. Obtenue gr\u00e2ce \u00e0 l\u2019exp\u00e9rience dans l\u2019industrie, \u00e0 la formation et \u00e0 la r\u00e9ussite de l\u2019examen, la certification Sceau d\u2019or :<\/p>\n\n\n\n<ul class=\"wp-block-list\">\n<li>rehausse votre perfectionnement professionnel;&nbsp;<\/li>\n\n\n\n<li>accro\u00eet votre mobilit\u00e9 professionnelle;&nbsp;<\/li>\n\n\n\n<li>met en valeur vos aptitudes, vos comp\u00e9tences et votre exp\u00e9rience.&nbsp;&nbsp;&nbsp;<\/li>\n<\/ul>\n\n\n\n<p>Le programme certifie les coordonnateurs sant\u00e9 et s\u00e9curit\u00e9, les contrema\u00eetres, les directeurs de la construction de ma\u00eetre d\u2019ouvrage, les estimateurs, les gestionnaires de projet et les surintendants qui \u0153uvre dans les secteurs de la construction industrielle, commerciale, institutionnelle ou de travaux civils (ICITC) au Canada. Les professionnels en gestion de la construction qui sont certifi\u00e9s Sceau d\u2019or (CSO) ont atteint la norme d\u2019excellence la plus \u00e9lev\u00e9e de l\u2019industrie, ont acquis une exp\u00e9rience reconnue dans l\u2019industrie et sont tenus en tr\u00e8s haute estime.<\/p>\n\n\n\n<p>Les entreprises qui emploient des professionnels CSO sont per\u00e7ues comme des chefs de file pour leur engagement envers la qualit\u00e9 et l\u2019excellence gr\u00e2ce \u00e0 leur int\u00e9r\u00eat pour l\u2019\u00e9ducation, la formation et le perfectionnement professionnel continu de leurs employ\u00e9s.<\/p>\n\n\n\n<h3 class=\"wp-block-heading\"><strong>Avis:<\/strong> Les changements de redevance pour le Sceau d\u2019or \u00e0 compter du 1er janvier 2026<\/h3>\n\n\n\n<p>L\u2019Association canadienne de la construction (ACC) demeure engag\u00e9e \u00e0 tenir le programme \u00e0 jour en fonction de l\u2019\u00e9volution des besoins de l\u2019industrie et \u00e0 veiller \u00e0 ce que le prix du programme corresponde \u00e0 des qualifications professionnelles comparables et aux normes de l\u2019industrie. Ainsi, nous mettrons \u00e0 jour le <strong>Programme de certification Sceau d\u2019or et les frais d\u2019attestation \u00e0 compter du 1er janvier 2026<\/strong>.<\/p>\n\n\n\n<p><em><strong>Veuillez noter:<\/strong> Les candidats inscrits au Programme de certification Sceau d\u2019or avant le 1er janvier 2026 devront payer les frais mis \u00e0 jour lorsqu\u2019ils passeront \u00e0 la demande de certification Sceau d\u2019or (CSO) et \u00e0 l\u2019examen. Les frais ant\u00e9rieurs ne seront pas honor\u00e9s pour toute demande ou tout examen soumis \u00e0 compter du 1er janvier 2026.<\/em><\/p>\n\n\n\n<div class=\"wp-block-buttons is-layout-flex wp-block-buttons-is-layout-flex\">\n<div class=\"wp-block-button\"><a class=\"wp-block-button__link wp-element-button\" href=\"https:\/\/www.cca-acc.com\/wp-content\/uploads\/2025\/12\/New-Gold-Seal-fees_FR.pdf\" target=\"_blank\" rel=\"noreferrer noopener\"><strong>Consultez la structure des frais mis \u00e0 jour<\/strong><\/a><\/div>\n<\/div>\n\n\n\n<hr class=\"wp-block-separator has-alpha-channel-opacity\"\/>\n\n\n\n<div class=\"is-layout-flow wp-block-group alignfull block-cards block-cards--grey-motif\">\n\n    <div class=\"block-cards__motif\">\n    <svg xmlns=\"http:\/\/www.w3.org\/2000\/svg\" width=\"598.293\" height=\"518.136\" viewBox=\"0 0 598.293 518.136\">\n      <path d=\"M448.721,0H149.574L0,259.068,149.574,518.136H448.721L598.294,259.068Zm-.24.413L597.817,259.068,523.268,388.189,299.386.413Zm74.287,387.735H75.526L299.146.826ZM149.813.413h149.1L75.025,388.189.478,259.068ZM448.482,517.724H149.813L75.242,388.561H523.053Z\" transform=\"translate(-0.001)\" fill=\"#582c83\"\/>\n    <\/svg>\n  <\/div>\n  \n    <div class=\"container\">\n    <div class=\"col\">\n      <div class=\"block-cards__grid block-cards__grid--2\">\n              \n<div class=\"module-cards bucket-cards  card-type-images\">\n    <a target=\"_blank\" href=\"https:\/\/www.cca-acc.com\/fr\/sceau-dor\/nouveaux-candidats-au-sceau-dor\/\"><\/a>    <div class=\"bucket-cards-inner\">\n\n            <div class=\"bucket-cards-image\">\n        <img decoding=\"async\" src=\"https:\/\/www.cca-acc.com\/wp-content\/uploads\/2024\/08\/Chandos-Photo-scaled.jpg\" alt=\"\" \/>\n      <\/div>\n      \n      <div class=\"bucket-cards-content\">\n        <div class=\"bucket-cards-content-inner\">\n          <p class=\"card-content\">Nouveaux candidats au Sceau d\u2019or<\/p>\n                    <p class=\"card-description\">Il existe plusieurs parcours pour obtenir votre certification Sceau d\u2019or.<\/p>\n                          \n                <\/div>\n\n    <\/div>\n  <\/div>\n<\/div>              \n<div class=\"module-cards bucket-cards  card-type-images\">\n    <a target=\"_blank\" href=\"https:\/\/www.cca-acc.com\/fr\/centre-des-membres\/sceau-dor\/\"><\/a>    <div class=\"bucket-cards-inner\">\n\n            <div class=\"bucket-cards-image\">\n        <img decoding=\"async\" src=\"https:\/\/www.cca-acc.com\/wp-content\/uploads\/2025\/05\/member-center-thumbnail_FR-e1746546329748.jpg\" alt=\"\" \/>\n      <\/div>\n      \n      <div class=\"bucket-cards-content\">\n        <div class=\"bucket-cards-content-inner\">\n          <p class=\"card-content\">Portail du Sceau d&#8217;or<\/p>\n                    <p class=\"card-description\">Connectez-vous au portail du Sceau d&#8217;or par le centre des membres de l&#8217;ACC<\/p>\n                          \n                <\/div>\n\n    <\/div>\n  <\/div>\n<\/div>            <\/div>\n    <\/div>\n  <\/div>\n<\/div>\n\n\n<h4 class=\"wp-block-heading\">Pour des instructions \u00e9tape par \u00e9tape sur la fa\u00e7on d&#8217;utiliser le <a href=\"https:\/\/www.cca-acc.com\/fr\/centre-des-membres\/\" target=\"_blank\" rel=\"noreferrer noopener\">portail Sceau d&#8217;or<\/a>, veuillez lire le <a href=\"https:\/\/www.cca-acc.com\/wp-content\/uploads\/2025\/05\/Gold-Seal-portal-support-document_FR_2025.pdf\" target=\"_blank\" rel=\"noreferrer noopener\">document d\u2019assistance du portail<\/a> avant de vous connecter.<\/h4>\n\n\n\n<h2 class=\"wp-block-heading\">Histoires de r\u00e9ussite<\/h2>\n\n\n\n<div class=\"wp-block-columns is-layout-flex wp-container-core-columns-is-layout-9d6595d7 wp-block-columns-is-layout-flex\">\n<div class=\"wp-block-column is-layout-flow wp-block-column-is-layout-flow\">\n<figure class=\"wp-block-image size-full is-style-rounded\"><img loading=\"lazy\" decoding=\"async\" width=\"480\" height=\"480\" src=\"https:\/\/www.cca-acc.com\/wp-content\/uploads\/2024\/11\/eric.jpg\" alt=\"\" class=\"wp-image-59232\" style=\"aspect-ratio:1;object-fit:cover\" srcset=\"https:\/\/www.cca-acc.com\/wp-content\/uploads\/2024\/11\/eric.jpg 480w, https:\/\/www.cca-acc.com\/wp-content\/uploads\/2024\/11\/eric-300x300.jpg 300w, https:\/\/www.cca-acc.com\/wp-content\/uploads\/2024\/11\/eric-100x100.jpg 100w, https:\/\/www.cca-acc.com\/wp-content\/uploads\/2024\/11\/eric-150x150.jpg 150w, https:\/\/www.cca-acc.com\/wp-content\/uploads\/2024\/11\/eric-400x400.jpg 400w\" sizes=\"auto, (max-width: 480px) 100vw, 480px\" \/><\/figure>\n\n\n\n<p class=\"has-text-align-center\"><strong>Eric Gaulin, P.CSO<\/strong><br>Gestionnaire de Projet, EBC Inc.<\/p>\n\n\n\n<div style=\"height:26px\" aria-hidden=\"true\" class=\"wp-block-spacer\"><\/div>\n\n\n<div class=\"button_center\"><a href=\"https:\/\/youtu.be\/eYSoWgzFj_c\"  class=\" cca_purple btn_outlined\" target=\"_blank\">Regardez la vid\u00e9o<\/a>\n<\/div>\n\n\n<\/div>\n\n\n\n<div class=\"wp-block-column is-layout-flow wp-block-column-is-layout-flow\">\n<figure class=\"wp-block-image size-full is-style-rounded\"><img loading=\"lazy\" decoding=\"async\" width=\"800\" height=\"800\" src=\"https:\/\/www.cca-acc.com\/wp-content\/uploads\/2024\/11\/lisagibson.jpg\" alt=\"\" class=\"wp-image-59230\" style=\"aspect-ratio:1;object-fit:cover\" srcset=\"https:\/\/www.cca-acc.com\/wp-content\/uploads\/2024\/11\/lisagibson.jpg 800w, https:\/\/www.cca-acc.com\/wp-content\/uploads\/2024\/11\/lisagibson-300x300.jpg 300w, https:\/\/www.cca-acc.com\/wp-content\/uploads\/2024\/11\/lisagibson-100x100.jpg 100w, https:\/\/www.cca-acc.com\/wp-content\/uploads\/2024\/11\/lisagibson-600x600.jpg 600w, https:\/\/www.cca-acc.com\/wp-content\/uploads\/2024\/11\/lisagibson-150x150.jpg 150w, https:\/\/www.cca-acc.com\/wp-content\/uploads\/2024\/11\/lisagibson-768x768.jpg 768w, https:\/\/www.cca-acc.com\/wp-content\/uploads\/2024\/11\/lisagibson-400x400.jpg 400w\" sizes=\"auto, (max-width: 800px) 100vw, 800px\" \/><\/figure>\n\n\n\n<p class=\"has-text-align-center\"><strong>Lisa Gibson, P.CSO<\/strong><br>Principal,<br>Colliers<\/p>\n\n\n<div class=\"button_center\"><a href=\"https:\/\/youtu.be\/bTXiBxzaclc\"  class=\" cca_purple btn_outlined\" target=\"_blank\">Regardez la vid\u00e9o<\/a>\n<\/div>\n\n\n<\/div>\n\n\n\n<div class=\"wp-block-column is-layout-flow wp-block-column-is-layout-flow\">\n<figure class=\"wp-block-image size-large is-style-rounded\"><img loading=\"lazy\" decoding=\"async\" width=\"1024\" height=\"1024\" src=\"https:\/\/www.cca-acc.com\/wp-content\/uploads\/2024\/11\/Rizwan-GSC-edited-1024x1024.jpg\" alt=\"\" class=\"wp-image-59227\" style=\"aspect-ratio:1;object-fit:cover\" srcset=\"https:\/\/www.cca-acc.com\/wp-content\/uploads\/2024\/11\/Rizwan-GSC-edited-1024x1024.jpg 1024w, https:\/\/www.cca-acc.com\/wp-content\/uploads\/2024\/11\/Rizwan-GSC-edited-300x300.jpg 300w, https:\/\/www.cca-acc.com\/wp-content\/uploads\/2024\/11\/Rizwan-GSC-edited-100x100.jpg 100w, https:\/\/www.cca-acc.com\/wp-content\/uploads\/2024\/11\/Rizwan-GSC-edited-600x600.jpg 600w, https:\/\/www.cca-acc.com\/wp-content\/uploads\/2024\/11\/Rizwan-GSC-edited-150x150.jpg 150w, https:\/\/www.cca-acc.com\/wp-content\/uploads\/2024\/11\/Rizwan-GSC-edited-768x769.jpg 768w, https:\/\/www.cca-acc.com\/wp-content\/uploads\/2024\/11\/Rizwan-GSC-edited-1200x1201.jpg 1200w, https:\/\/www.cca-acc.com\/wp-content\/uploads\/2024\/11\/Rizwan-GSC-edited-400x400.jpg 400w, https:\/\/www.cca-acc.com\/wp-content\/uploads\/2024\/11\/Rizwan-GSC-edited.jpg 1290w\" sizes=\"auto, (max-width: 1024px) 100vw, 1024px\" \/><\/figure>\n\n\n\n<p class=\"has-text-align-center\"><strong>Rizwan Yousaf, CSO<\/strong><br>Gestionnaire de Projet, Starchitect Consulting<\/p>\n\n\n<div class=\"button_center\"><a href=\"https:\/\/youtu.be\/CnYy4LyiUJU\"  class=\" cca_purple btn_outlined\" target=\"_blank\">Regardez la vid\u00e9o<\/a>\n<\/div>\n\n\n<\/div>\n\n\n\n<div class=\"wp-block-column is-layout-flow wp-block-column-is-layout-flow\">\n<figure class=\"wp-block-image size-full is-style-rounded\"><img loading=\"lazy\" decoding=\"async\" width=\"799\" height=\"799\" src=\"https:\/\/www.cca-acc.com\/wp-content\/uploads\/2024\/11\/soo.jpg\" alt=\"\" class=\"wp-image-59234\" style=\"aspect-ratio:1;object-fit:cover\" srcset=\"https:\/\/www.cca-acc.com\/wp-content\/uploads\/2024\/11\/soo.jpg 799w, https:\/\/www.cca-acc.com\/wp-content\/uploads\/2024\/11\/soo-300x300.jpg 300w, https:\/\/www.cca-acc.com\/wp-content\/uploads\/2024\/11\/soo-100x100.jpg 100w, https:\/\/www.cca-acc.com\/wp-content\/uploads\/2024\/11\/soo-600x600.jpg 600w, https:\/\/www.cca-acc.com\/wp-content\/uploads\/2024\/11\/soo-150x150.jpg 150w, https:\/\/www.cca-acc.com\/wp-content\/uploads\/2024\/11\/soo-768x768.jpg 768w, https:\/\/www.cca-acc.com\/wp-content\/uploads\/2024\/11\/soo-400x400.jpg 400w\" sizes=\"auto, (max-width: 799px) 100vw, 799px\" \/><\/figure>\n\n\n\n<p class=\"has-text-align-center\"><strong>Soo Lee, P.CSO<\/strong><br>Gestionnaire de Projet, Bockstael<\/p>\n\n\n<div class=\"button_center\"><a href=\"https:\/\/youtu.be\/efO-wkQNPdI\"  class=\" cca_purple btn_outlined\" target=\"_blank\">Regardez la vid\u00e9o<\/a>\n<\/div>\n\n\n<\/div>\n<\/div>\n\n\n\n<div class=\"is-layout-flow wp-block-group alignfull block-cta block-cta--purple-motif\">\n\n    <div class=\"block-cta__motif\">\n    <svg xmlns=\"http:\/\/www.w3.org\/2000\/svg\" width=\"527.292\" height=\"547.292\" viewBox=\"0 0 527.292 547.292\">\n      <path d=\"M491.99,410.507a280.341,280.341,0,0,0,35.3-136.861C527.29,122.515,409.251,0,263.644,0S0,122.515,0,273.646A280.341,280.341,0,0,0,35.3,410.507l0,0h0c45.591,81.768,130.776,136.783,228.344,136.783S446.4,492.277,491.988,410.509h0ZM449.8,80.429c49.724,51.61,77.107,120.229,77.107,193.216a279.6,279.6,0,0,1-35.1,136.525L263.868.4C334.1.461,400.129,28.875,449.8,80.429Zm41.528,329.682H35.96L263.644.795ZM.381,273.646c0-72.988,27.384-141.607,77.107-193.216C127.16,28.875,193.186.461,263.422.4L35.485,410.171A279.624,279.624,0,0,1,.381,273.646ZM449.8,466.862c-49.724,51.61-115.835,80.032-186.156,80.032S127.212,518.472,77.488,466.862a273.8,273.8,0,0,1-41.811-56.354H491.613A273.8,273.8,0,0,1,449.8,466.862Z\" transform=\"translate(0.002)\" fill=\"#fff\"\/>\n    <\/svg>\n  <\/div>\n  \n  <div class=\"wp-block-group__inner-container\">\n    <p class=\"text-center\">Si vous ne trouvez pas de r\u00e9ponses \u00e0 vos questions concernant le Sceau d\u2019or sur notre site Web, veuillez communiquer avec nous \u00e0 <a href=\"mailto:goldseal@cca-acc.com\">goldseal@cca-acc.com<\/a> ou au <a href=\"tel:6132369455\">613-236-9455<\/a>. <\/p>\n    <div class=\"button_center\"><a class=\"btn-white outlined\" href=\"mailto:goldseal@cca-acc.com\">Contactez-nous<\/a><\/div>\n  <\/div>\n<\/div>","protected":false},"excerpt":{"rendered":"<p>La certification Sceau d\u2019or de l\u2019ACC est une norme d\u2019excellence reconnue \u00e0 l\u2019\u00e9chelle nationale pour les professionnels en gestion de la construction. Obtenue gr\u00e2ce \u00e0 l\u2019exp\u00e9rience dans l\u2019industrie, \u00e0 la formation et \u00e0 la r\u00e9ussite de l\u2019examen, la certification Sceau d\u2019or : Le programme certifie les coordonnateurs sant\u00e9 et s\u00e9curit\u00e9, les contrema\u00eetres, les directeurs de [&hellip;]<\/p>\n","protected":false},"author":1,"featured_media":65348,"parent":0,"menu_order":3,"comment_status":"closed","ping_status":"closed","template":"","meta":{"_acf_changed":false,"footnotes":""},"class_list":["post-16695","page","type-page","status-publish","has-post-thumbnail","hentry"],"acf":[],"_links":{"self":[{"href":"https:\/\/www.cca-acc.com\/fr\/wp-json\/wp\/v2\/pages\/16695","targetHints":{"allow":["GET"]}}],"collection":[{"href":"https:\/\/www.cca-acc.com\/fr\/wp-json\/wp\/v2\/pages"}],"about":[{"href":"https:\/\/www.cca-acc.com\/fr\/wp-json\/wp\/v2\/types\/page"}],"author":[{"embeddable":true,"href":"https:\/\/www.cca-acc.com\/fr\/wp-json\/wp\/v2\/users\/1"}],"replies":[{"embeddable":true,"href":"https:\/\/www.cca-acc.com\/fr\/wp-json\/wp\/v2\/comments?post=16695"}],"version-history":[{"count":73,"href":"https:\/\/www.cca-acc.com\/fr\/wp-json\/wp\/v2\/pages\/16695\/revisions"}],"predecessor-version":[{"id":75726,"href":"https:\/\/www.cca-acc.com\/fr\/wp-json\/wp\/v2\/pages\/16695\/revisions\/75726"}],"wp:featuredmedia":[{"embeddable":true,"href":"https:\/\/www.cca-acc.com\/fr\/wp-json\/wp\/v2\/media\/65348"}],"wp:attachment":[{"href":"https:\/\/www.cca-acc.com\/fr\/wp-json\/wp\/v2\/media?parent=16695"}],"curies":[{"name":"wp","href":"https:\/\/api.w.org\/{rel}","templated":true}]}}