{"id":16699,"date":"2020-06-24T16:05:47","date_gmt":"2020-06-24T16:05:47","guid":{"rendered":"https:\/\/www.cca-acc.com\/workforce-excellence\/sceau-dor\/a-propos-du-sceau-dor\/is-gold-seal-for-you\/"},"modified":"2025-06-24T09:41:58","modified_gmt":"2025-06-24T13:41:58","slug":"pcso","status":"publish","type":"page","link":"https:\/\/www.cca-acc.com\/fr\/sceau-dor\/pcso\/","title":{"rendered":"Professionnel certifi\u00e9 Sceau d\u2019or (P.CSO)"},"content":{"rendered":"\n<h3 class=\"wp-block-heading\" id=\"pgsc\"><strong>Obtenir le titre de professionnel certifi\u00e9 Sceau d\u2019or (P.CSO) pour rehausser votre statut professionnel<\/strong><\/h3>\n\n\n\n<p>En obtenant le titre de professionnel certifi\u00e9 Sceau d\u2019or (P.CSO), vous mettez en valeur votre engagement \u00e0 l\u2019\u00e9gard de votre perfectionnement continu et de votre reconnaissance professionnelle, tout en d\u00e9montrant \u00e0 vos clients, coll\u00e8gues et associ\u00e9s que vous \u00eates un professionnel comp\u00e9tent et d\u00e9vou\u00e9 \u00e0 son travail. Voici d\u2019autres avantages du titre de P.CSO&nbsp;:<\/p>\n\n\n\n<div class=\"wp-block-columns is-layout-flex wp-container-core-columns-is-layout-9d6595d7 wp-block-columns-is-layout-flex\">\n<div class=\"wp-block-column is-layout-flow wp-block-column-is-layout-flow\">\n<div class=\"wp-block-group circle-icon-callout\"><div class=\"wp-block-group__inner-container is-layout-flow wp-block-group-is-layout-flow\">\n<p class=\"has-text-align-center\">Croissance professionnelle<\/p>\n<\/div><\/div>\n\n\n\n<p>Votre titre de P.CSO vous aidera \u00e0 acqu\u00e9rir une plus grande cr\u00e9dibilit\u00e9 dans votre poste actuel et pourrait ouvrir la voie \u00e0 de nouvelles possibilit\u00e9s.<\/p>\n<\/div>\n\n\n\n<div class=\"wp-block-column is-layout-flow wp-block-column-is-layout-flow\">\n<div class=\"wp-block-group circle-icon-callout\"><div class=\"wp-block-group__inner-container is-layout-flow wp-block-group-is-layout-flow\">\n<p class=\"has-text-align-center\">Distinction<\/p>\n<\/div><\/div>\n\n\n\n<p>En tant que P.CSO, votre engagement envers votre perfectionnement professionnel d\u00e9montrera aux employeurs, clients et coll\u00e8gues que vous \u00eates un leader \u00e9clair\u00e9 en mati\u00e8re de gestion de la construction.<\/p>\n<\/div>\n\n\n\n<div class=\"wp-block-column is-layout-flow wp-block-column-is-layout-flow\">\n<div class=\"wp-block-group circle-icon-callout\"><div class=\"wp-block-group__inner-container is-layout-flow wp-block-group-is-layout-flow\">\n<p class=\"has-text-align-center\">Reconnaissance de l\u2019industrie<\/p>\n<\/div><\/div>\n\n\n\n<p>Vous serez reconnu comme un chef de file en gestion de la construction et ferez partie d\u2019un groupe exclusif de personnes qui poss\u00e8dent le titre de P.CSO.<\/p>\n<\/div>\n<\/div>\n\n\n\n<hr class=\"wp-block-separator has-css-opacity\"\/>\n\n\n\n<h3 class=\"wp-block-heading\"><strong>Histoires de r\u00e9ussite<\/strong><\/h3>\n\n\n\n<p><a rel=\"noreferrer noopener\" href=\"https:\/\/youtu.be\/MyAAQzs46tI\" data-type=\"URL\" data-id=\"https:\/\/youtu.be\/MyAAQzs46tI\" target=\"_blank\">Angela Lai, P.CSO, estimateur<\/a><\/p>\n\n\n\n<p><a href=\"https:\/\/www.youtube.com\/watch?v=ofQyeHCAxIo\" target=\"_blank\" rel=\"noreferrer noopener\">Bob Lund, P.CSO, Coordonnateur Sant\u00e9 et Securit\u00e9<\/a><\/p>\n\n\n\n<p><a href=\"https:\/\/www.youtube.com\/watch?v=vz0Q4lPmvss\" target=\"_blank\" rel=\"noreferrer noopener\">Zachary Ponto, P.CSO, Coordonnateur Sant\u00e9 et Securit\u00e9<\/a><\/p>\n\n\n\n<hr class=\"wp-block-separator has-css-opacity\"\/>\n\n\n\n<h4 class=\"wp-block-heading\"><strong>Pour \u00eatre admissible au titre de P.CSO, le candidat doit :<\/strong><\/h4>\n\n\n\n<ul class=\"wp-block-list\">\n<li>\u00eatre certifi\u00e9 Sceau d\u2019or (CSO);<\/li>\n\n\n\n<li>\u00eatre actuellement employ\u00e9 au Canada dans l\u2019industrie de la construction ;<\/li>\n\n\n\n<li>acqu\u00e9rir une ann\u00e9e suppl\u00e9mentaire d\u2019exp\u00e9rience apr\u00e8s l\u2019obtention de son titre de CSO;<\/li>\n\n\n\n<li>obtenir 10 cr\u00e9dits (un cr\u00e9dit par tranche de trois heures) de formation reli\u00e9e \u00e0 la construction apr\u00e8s avoir re\u00e7u son titre de CSO. Les cours doivent \u00eatre <a href=\"https:\/\/www.cca-acc.com\/fr\/sceau-dor\/fournisseur-de-cours\/formation-accreditee\/\">accr\u00e9dit\u00e9s du Sceau d\u2019or.<\/a><\/li>\n<\/ul>\n\n\n\n<p><strong>Les candidats doivent satisfaire aux exigences suivantes pour obtenir le titre P.CSO :<\/strong><\/p>\n\n\n\n<ol style=\"list-style-type:1\" class=\"wp-block-list\">\n<li>Preuve qu\u2019ils ont travaill\u00e9 pour un entrepreneur g\u00e9n\u00e9ral, sp\u00e9cialis\u00e9, en \u00e9lectricit\u00e9, en m\u00e9canique en infrastructure civile ou pour un propri\u00e9taire public\/priv\u00e9 au cours des deux derni\u00e8res ann\u00e9es dans la d\u00e9signation pour laquelle ils ont \u00e9t\u00e9 certifi\u00e9s.<\/li>\n\n\n\n<li>Avoir une preuve d\u00e9montrant qu\u2019ils obtenu au moins 30 cr\u00e9dits Sceau d\u2019or au cours des deux derni\u00e8res ann\u00e9es :\n<ul class=\"wp-block-list\">\n<li>Un minimum de 10 cr\u00e9dits cours li\u00e9s \u00e0 la construction (un cr\u00e9dit par tranche de trois heures) obtenus apr\u00e8s l\u2019obtention de la CSO est obligatoire.<\/li>\n\n\n\n<li>s\u00e9minaires, conf\u00e9rences, apprentissage autodirig\u00e9 ou r\u00e9unions professionnelles (un cr\u00e9dit par tranche de trois heures)<\/li>\n\n\n\n<li>participation \u00e0 des organismes communautaires ou de charit\u00e9, \u00e0 des associations techniques ou professionnelles, du mentorat (un cr\u00e9dit par tranche de trois heures)<\/li>\n\n\n\n<li>enseignement, y compris faire des pr\u00e9sentations, animer des s\u00e9minaires ou des ateliers (deux cr\u00e9dits par tranche d\u2019une heure d\u2019enseignement)<\/li>\n\n\n\n<li>contribution \u00e0 des activit\u00e9s qui am\u00e9liorent l\u2019industrie de la construction, comme si\u00e9ger \u00e0 des comit\u00e9s (un cr\u00e9dit par tranche d\u2019une heure).<\/li>\n<\/ul>\n<\/li>\n<\/ol>\n\n\n\n<p>Veuillez noter que le Programme de certification Sceau d\u2019or examine annuellement le respect des normes r\u00e9gissant cette d\u00e9signation. Un pourcentage des candidats peut faire l\u2019objet d\u2019une v\u00e9rification pour assurer l\u2019int\u00e9grit\u00e9 du programme.<\/p>\n\n\n\n<p><strong><strong>En tant que P.CSO :<\/strong><\/strong><\/p>\n\n\n\n<ul class=\"wp-block-list\">\n<li>vous recevez un certificat de professionnel certifi\u00e9 Sceau d\u2019or;<\/li>\n\n\n\n<li>vous recevez un casque protecteur P.CSO de couleur or dans la premi\u00e8re ann\u00e9e suivant l\u2019obtention de votre titre;<\/li>\n\n\n\n<li>vous pouvez utiliser le titre P.CSO apr\u00e8s votre nom;<\/li>\n\n\n\n<li>votre nom est affich\u00e9 dans le r\u00e9pertoire sur notre site Web.<\/li>\n<\/ul>\n\n\n\n<h3 class=\"wp-block-heading\">Pour faire une demande ou un renouvellement, connectez-vous au portail Gold Seal via le centre des membres de l\u2019ACC.<\/h3>\n\n\n\n<div class=\"wp-block-buttons is-layout-flex wp-block-buttons-is-layout-flex\">\n<div class=\"wp-block-button has-custom-font-size has-normal-font-size\"><a class=\"wp-block-button__link has-brand-background-color has-background wp-element-button\" href=\"https:\/\/www.cca-acc.com\/fr\/centre-des-membres\/sceau-dor\/\" style=\"border-radius:28px\">Cliquez ici<\/a><\/div>\n<\/div>\n\n\n\n<p><\/p>\n\n\n\n<div class=\"is-layout-flow wp-block-group alignfull block-cta block-cta--purple-motif\">\n\n    <div class=\"block-cta__motif\">\n    <svg xmlns=\"http:\/\/www.w3.org\/2000\/svg\" width=\"527.292\" height=\"547.292\" viewBox=\"0 0 527.292 547.292\">\n      <path d=\"M491.99,410.507a280.341,280.341,0,0,0,35.3-136.861C527.29,122.515,409.251,0,263.644,0S0,122.515,0,273.646A280.341,280.341,0,0,0,35.3,410.507l0,0h0c45.591,81.768,130.776,136.783,228.344,136.783S446.4,492.277,491.988,410.509h0ZM449.8,80.429c49.724,51.61,77.107,120.229,77.107,193.216a279.6,279.6,0,0,1-35.1,136.525L263.868.4C334.1.461,400.129,28.875,449.8,80.429Zm41.528,329.682H35.96L263.644.795ZM.381,273.646c0-72.988,27.384-141.607,77.107-193.216C127.16,28.875,193.186.461,263.422.4L35.485,410.171A279.624,279.624,0,0,1,.381,273.646ZM449.8,466.862c-49.724,51.61-115.835,80.032-186.156,80.032S127.212,518.472,77.488,466.862a273.8,273.8,0,0,1-41.811-56.354H491.613A273.8,273.8,0,0,1,449.8,466.862Z\" transform=\"translate(0.002)\" fill=\"#fff\"\/>\n    <\/svg>\n  <\/div>\n  \n  <div class=\"wp-block-group__inner-container\">\n    <p class=\"text-center\">Si vous ne trouvez pas de r\u00e9ponses \u00e0 vos questions concernant le Sceau d\u2019or sur notre site Web, veuillez communiquer avec nous \u00e0 <a href=\"mailto:goldseal@cca-acc.com\">goldseal@cca-acc.com<\/a> ou au <a href=\"tel:6132369455\">613-236-9455<\/a>. <\/p>\n    <div class=\"button_center\"><a class=\"btn-white outlined\" href=\"mailto:goldseal@cca-acc.com\">Contactez-nous<\/a><\/div>\n  <\/div>\n<\/div>","protected":false},"excerpt":{"rendered":"<p>Obtenir le titre de professionnel certifi\u00e9 Sceau d\u2019or (P.CSO) pour rehausser votre statut professionnel En obtenant le titre de professionnel certifi\u00e9 Sceau d\u2019or (P.CSO), vous mettez en valeur votre engagement \u00e0 l\u2019\u00e9gard de votre perfectionnement continu et de votre reconnaissance professionnelle, tout en d\u00e9montrant \u00e0 vos clients, coll\u00e8gues et associ\u00e9s que vous \u00eates un professionnel [&hellip;]<\/p>\n","protected":false},"author":1,"featured_media":43060,"parent":16695,"menu_order":0,"comment_status":"closed","ping_status":"closed","template":"","meta":{"_acf_changed":false,"footnotes":""},"class_list":["post-16699","page","type-page","status-publish","has-post-thumbnail","hentry"],"acf":[],"_links":{"self":[{"href":"https:\/\/www.cca-acc.com\/fr\/wp-json\/wp\/v2\/pages\/16699","targetHints":{"allow":["GET"]}}],"collection":[{"href":"https:\/\/www.cca-acc.com\/fr\/wp-json\/wp\/v2\/pages"}],"about":[{"href":"https:\/\/www.cca-acc.com\/fr\/wp-json\/wp\/v2\/types\/page"}],"author":[{"embeddable":true,"href":"https:\/\/www.cca-acc.com\/fr\/wp-json\/wp\/v2\/users\/1"}],"replies":[{"embeddable":true,"href":"https:\/\/www.cca-acc.com\/fr\/wp-json\/wp\/v2\/comments?post=16699"}],"version-history":[{"count":63,"href":"https:\/\/www.cca-acc.com\/fr\/wp-json\/wp\/v2\/pages\/16699\/revisions"}],"predecessor-version":[{"id":67792,"href":"https:\/\/www.cca-acc.com\/fr\/wp-json\/wp\/v2\/pages\/16699\/revisions\/67792"}],"up":[{"embeddable":true,"href":"https:\/\/www.cca-acc.com\/fr\/wp-json\/wp\/v2\/pages\/16695"}],"wp:featuredmedia":[{"embeddable":true,"href":"https:\/\/www.cca-acc.com\/fr\/wp-json\/wp\/v2\/media\/43060"}],"wp:attachment":[{"href":"https:\/\/www.cca-acc.com\/fr\/wp-json\/wp\/v2\/media?parent=16699"}],"curies":[{"name":"wp","href":"https:\/\/api.w.org\/{rel}","templated":true}]}}