{"id":16713,"date":"2020-06-24T16:06:47","date_gmt":"2020-06-24T16:06:47","guid":{"rendered":"https:\/\/www.cca-acc.com\/workforce-excellence\/sceau-dor\/applicants\/"},"modified":"2025-12-22T08:50:23","modified_gmt":"2025-12-22T13:50:23","slug":"nouveaux-candidats-au-sceau-dor","status":"publish","type":"page","link":"https:\/\/www.cca-acc.com\/fr\/sceau-dor\/nouveaux-candidats-au-sceau-dor\/","title":{"rendered":"Nouveaux candidats au Sceau d\u2019or"},"content":{"rendered":"\n<div style=\"height:5px\" aria-hidden=\"true\" class=\"wp-block-spacer\"><\/div>\n\n\n\n<div class=\"is-layout-flow wp-block-group alignfull block-cards block-cards--grey\">\n\n  \n    <div class=\"container\">\n    <div class=\"col\">\n      <div class=\"block-cards__intro\"><h3>Les ressources suivantes contiennent tout ce que vous devez savoir avant de vous engager dans votre parcours menant \u00e0 la certification Sceau d&#8217;or.<\/h3>\n<\/div>\n    <\/div>\n  <\/div>\n    <div class=\"container\">\n    <div class=\"col\">\n      <div class=\"block-cards__grid block-cards__grid--3\">\n              \n<div class=\"module-cards bucket-cards  card-type-images\">\n    <a target=\"_blank\" href=\"https:\/\/www.cca-acc.com\/fr\/sceau-dor\/guide\"><\/a>    <div class=\"bucket-cards-inner\">\n\n            <div class=\"bucket-cards-image\">\n        <img decoding=\"async\" src=\"https:\/\/www.cca-acc.com\/wp-content\/uploads\/2024\/08\/FR-app-guide-web-image-1-scaled.jpg\" alt=\"\" \/>\n      <\/div>\n      \n      <div class=\"bucket-cards-content\">\n        <div class=\"bucket-cards-content-inner\">\n          <p class=\"card-content\">Guide pour la pr\u00e9sentation d\u2019une demande<\/p>\n                    <p class=\"card-description\">Les candidats sont tenus de lire ce guide avant de s\u2019inscrire au programme<\/p>\n                          \n                <\/div>\n\n    <\/div>\n  <\/div>\n<\/div>              \n<div class=\"module-cards bucket-cards  card-type-images\">\n    <a target=\"_blank\" href=\"https:\/\/www.cca-acc.com\/fr\/sceau-dor\/comment-presenter-une-demande\/formation\/\"><\/a>    <div class=\"bucket-cards-inner\">\n\n            <div class=\"bucket-cards-image\">\n        <img decoding=\"async\" src=\"https:\/\/www.cca-acc.com\/wp-content\/uploads\/2025\/04\/side-view-adults-studying-together-scaled.jpg\" alt=\"\" \/>\n      <\/div>\n      \n      <div class=\"bucket-cards-content\">\n        <div class=\"bucket-cards-content-inner\">\n          <p class=\"card-content\">Formation<\/p>\n                    <p class=\"card-description\">Renseignez-vous sur les exigences en mati\u00e8re de formation pour chaque d\u00e9signation<\/p>\n                          \n                <\/div>\n\n    <\/div>\n  <\/div>\n<\/div>              \n<div class=\"module-cards bucket-cards  card-type-images\">\n    <a target=\"_blank\" href=\"https:\/\/www.cca-acc.com\/fr\/sceau-dor\/comment-presenter-une-demande\/outils-dautoevaluation\/\"><\/a>    <div class=\"bucket-cards-inner\">\n\n            <div class=\"bucket-cards-image\">\n        <img decoding=\"async\" src=\"https:\/\/www.cca-acc.com\/wp-content\/uploads\/2025\/04\/additional-selects-18-scaled.jpg\" alt=\"\" \/>\n      <\/div>\n      \n      <div class=\"bucket-cards-content\">\n        <div class=\"bucket-cards-content-inner\">\n          <p class=\"card-content\">Outils d\u2019auto\u00e9valuation<\/p>\n                    <p class=\"card-description\">Mesurez-vous \u00e0 la norme du Sceau d\u2019or<\/p>\n                          \n                <\/div>\n\n    <\/div>\n  <\/div>\n<\/div>              \n<div class=\"module-cards bucket-cards  card-type-images\">\n    <a target=\"_blank\" href=\"https:\/\/www.cca-acc.com\/fr\/sceau-dor\/comment-presenter-une-demande\/webinaires-de-sceau-dor\/\"><\/a>    <div class=\"bucket-cards-inner\">\n\n            <div class=\"bucket-cards-image\">\n        <img decoding=\"async\" src=\"https:\/\/www.cca-acc.com\/wp-content\/uploads\/2024\/08\/Webinar-Info-session-F.jpg\" alt=\"\" \/>\n      <\/div>\n      \n      <div class=\"bucket-cards-content\">\n        <div class=\"bucket-cards-content-inner\">\n          <p class=\"card-content\">Webinaires d\u2019information<\/p>\n                    <p class=\"card-description\">D\u00e9couvrez ce qu\u2019il vous faut pour obtenir la certification Sceau d\u2019or<\/p>\n                          \n                <\/div>\n\n    <\/div>\n  <\/div>\n<\/div>              \n<div class=\"module-cards bucket-cards  card-type-images\">\n    <a target=\"_blank\" href=\"https:\/\/www.cca-acc.com\/fr\/sceau-dor\/faq-fr\/\"><\/a>    <div class=\"bucket-cards-inner\">\n\n            <div class=\"bucket-cards-image\">\n        <img decoding=\"async\" src=\"https:\/\/www.cca-acc.com\/wp-content\/uploads\/2024\/08\/GettyImages_918035570-scaled.jpg\" alt=\"\" \/>\n      <\/div>\n      \n      <div class=\"bucket-cards-content\">\n        <div class=\"bucket-cards-content-inner\">\n          <p class=\"card-content\">FAQ<\/p>\n                    <p class=\"card-description\">Trouvez des r\u00e9ponses aux questions fr\u00e9quemment pos\u00e9es sur le programme de certification Sceau d\u2019or<\/p>\n                          \n                <\/div>\n\n    <\/div>\n  <\/div>\n<\/div>              \n<div class=\"module-cards bucket-cards  card-type-images\">\n    <a target=\"_blank\" href=\"https:\/\/www.cca-acc.com\/fr\/sceau-dor\/examen-du-sceau-dor\/\"><\/a>    <div class=\"bucket-cards-inner\">\n\n            <div class=\"bucket-cards-image\">\n        <img decoding=\"async\" src=\"https:\/\/www.cca-acc.com\/wp-content\/uploads\/2024\/08\/computer-g95d41aaf9_1920.jpg\" alt=\"\" \/>\n      <\/div>\n      \n      <div class=\"bucket-cards-content\">\n        <div class=\"bucket-cards-content-inner\">\n          <p class=\"card-content\">Examen du Sceau d&#8217;or<\/p>\n                    <p class=\"card-description\">Tout ce que vous devez savoir sur l\u2019examen Sceau d\u2019or<\/p>\n                          \n                <\/div>\n\n    <\/div>\n  <\/div>\n<\/div>            <\/div>\n    <\/div>\n  <\/div>\n<\/div>\n\n\n<h4 class=\"wp-block-heading\"><strong>Pour commencer, connectez-vous au portail du Sceau d&#8217;or par le centre des membres de l&#8217;ACC<\/strong>.<\/h4>\n\n\n\n<p><strong>Nous vous recommandons de consulter le <a href=\"https:\/\/www.cca-acc.com\/wp-content\/uploads\/2025\/05\/Gold-Seal-portal-support-document_FR_2025.pdf\" target=\"_blank\" rel=\"noreferrer noopener\">document de soutien<\/a> avant de vous connecter.<\/strong><\/p>\n\n\n\n<div class=\"wp-block-buttons is-layout-flex wp-block-buttons-is-layout-flex\">\n<div class=\"wp-block-button\"><a class=\"wp-block-button__link has-background-color has-brand-background-color has-text-color has-background has-link-color has-large-font-size has-custom-font-size wp-element-button\" href=\"https:\/\/www.cca-acc.com\/fr\/centre-des-membres\/\" style=\"border-radius:54px\" target=\"_blank\" rel=\"noreferrer noopener\">Cliquez ici<\/a><\/div>\n<\/div>\n\n\n\n<div style=\"height:47px\" aria-hidden=\"true\" class=\"wp-block-spacer\"><\/div>\n\n\n\n<div class=\"is-layout-flow wp-block-group alignfull block-cta block-cta--purple-motif\">\n\n    <div class=\"block-cta__motif\">\n    <svg xmlns=\"http:\/\/www.w3.org\/2000\/svg\" width=\"527.292\" height=\"547.292\" viewBox=\"0 0 527.292 547.292\">\n      <path d=\"M491.99,410.507a280.341,280.341,0,0,0,35.3-136.861C527.29,122.515,409.251,0,263.644,0S0,122.515,0,273.646A280.341,280.341,0,0,0,35.3,410.507l0,0h0c45.591,81.768,130.776,136.783,228.344,136.783S446.4,492.277,491.988,410.509h0ZM449.8,80.429c49.724,51.61,77.107,120.229,77.107,193.216a279.6,279.6,0,0,1-35.1,136.525L263.868.4C334.1.461,400.129,28.875,449.8,80.429Zm41.528,329.682H35.96L263.644.795ZM.381,273.646c0-72.988,27.384-141.607,77.107-193.216C127.16,28.875,193.186.461,263.422.4L35.485,410.171A279.624,279.624,0,0,1,.381,273.646ZM449.8,466.862c-49.724,51.61-115.835,80.032-186.156,80.032S127.212,518.472,77.488,466.862a273.8,273.8,0,0,1-41.811-56.354H491.613A273.8,273.8,0,0,1,449.8,466.862Z\" transform=\"translate(0.002)\" fill=\"#fff\"\/>\n    <\/svg>\n  <\/div>\n  \n  <div class=\"wp-block-group__inner-container\">\n    <p class=\"text-center\">Si vous ne trouvez pas de r\u00e9ponses \u00e0 vos questions concernant le Sceau d\u2019or sur notre site Web, veuillez communiquer avec nous \u00e0 <a href=\"mailto:goldseal@cca-acc.com\">goldseal@cca-acc.com<\/a> ou au <a href=\"tel:6132369455\">613-236-9455<\/a>. <\/p>\n    <div class=\"button_center\"><a class=\"btn-white outlined\" href=\"mailto:goldseal@cca-acc.com\">Contactez-nous<\/a><\/div>\n  <\/div>\n<\/div>\n\n\n<p><\/p>\n","protected":false},"excerpt":{"rendered":"<p>Pour commencer, connectez-vous au portail du Sceau d&#8217;or par le centre des membres de l&#8217;ACC. Nous vous recommandons de consulter le document de soutien avant de vous connecter.<\/p>\n","protected":false},"author":1,"featured_media":0,"parent":16695,"menu_order":2,"comment_status":"closed","ping_status":"closed","template":"","meta":{"_acf_changed":false,"footnotes":""},"class_list":["post-16713","page","type-page","status-publish","hentry"],"acf":[],"_links":{"self":[{"href":"https:\/\/www.cca-acc.com\/fr\/wp-json\/wp\/v2\/pages\/16713","targetHints":{"allow":["GET"]}}],"collection":[{"href":"https:\/\/www.cca-acc.com\/fr\/wp-json\/wp\/v2\/pages"}],"about":[{"href":"https:\/\/www.cca-acc.com\/fr\/wp-json\/wp\/v2\/types\/page"}],"author":[{"embeddable":true,"href":"https:\/\/www.cca-acc.com\/fr\/wp-json\/wp\/v2\/users\/1"}],"replies":[{"embeddable":true,"href":"https:\/\/www.cca-acc.com\/fr\/wp-json\/wp\/v2\/comments?post=16713"}],"version-history":[{"count":28,"href":"https:\/\/www.cca-acc.com\/fr\/wp-json\/wp\/v2\/pages\/16713\/revisions"}],"predecessor-version":[{"id":75760,"href":"https:\/\/www.cca-acc.com\/fr\/wp-json\/wp\/v2\/pages\/16713\/revisions\/75760"}],"up":[{"embeddable":true,"href":"https:\/\/www.cca-acc.com\/fr\/wp-json\/wp\/v2\/pages\/16695"}],"wp:attachment":[{"href":"https:\/\/www.cca-acc.com\/fr\/wp-json\/wp\/v2\/media?parent=16713"}],"curies":[{"name":"wp","href":"https:\/\/api.w.org\/{rel}","templated":true}]}}