{"id":16718,"date":"2020-06-24T16:07:24","date_gmt":"2020-06-24T16:07:24","guid":{"rendered":"https:\/\/www.cca-acc.com\/workforce-excellence\/sceau-dor\/candidats\/training\/"},"modified":"2024-10-22T14:55:13","modified_gmt":"2024-10-22T18:55:13","slug":"formation","status":"publish","type":"page","link":"https:\/\/www.cca-acc.com\/fr\/sceau-dor\/comment-presenter-une-demande\/formation\/","title":{"rendered":"Formation"},"content":{"rendered":"\n<p>Les candidats au Sceau d\u2019or doivent obtenir un minimum de 25 cr\u00e9dits de formation et d\u2019\u00e9ducation li\u00e9es \u00e0 la construction, y compris la formation obligatoire et la formation en s\u00e9curit\u00e9.&nbsp;<\/p>\n\n\n\n<p>Consultez le <a href=\"https:\/\/www.cca-acc.com\/wp-content\/uploads\/2024\/06\/GS-application-guide_FRENCH_June12024.pdf\" target=\"_blank\" rel=\"noreferrer noopener\">Guide pour la pr\u00e9sentation d\u2019une demande de certification Sceau d\u2019or<\/a> pour tous les d\u00e9tails concernant les exigences.<\/p>\n\n\n\n<h2 class=\"wp-block-heading\">Formation obligatoire&nbsp;: cours \u00c9thique dans le secteur de la construction<\/h2>\n\n\n\n<p>Un nouveau cours consolid\u00e9 <em>\u00c9thique dans le secteur de la construction<\/em> est maintenant offert. Ce cours remplace l\u2019obligation de suivre les deux composantes du cours (en ligne et en classe\/s\u00e9ance virtuelle). Ce cours donne droit \u00e0 3 cr\u00e9dits Sceau d\u2019or.<\/p>\n\n\n\n<p>Les nouveaux candidats sont tenus de suivre ce nouveau cours consolid\u00e9 soit en ligne ou en classe\/s\u00e9ance virtuelle. Les candidats qui ont d\u00e9j\u00e0 suivi les deux composantes en ligne et en classe\/s\u00e9ance virtuelle de l\u2019ancien cours recevront le m\u00eame nombre de cr\u00e9dits (trois) et ne sont pas tenus de suivre le nouveau cours. <strong>Aucun autre cours d\u2019\u00e9thique n\u2019est accept\u00e9<\/strong>.<\/p>\n\n\n\n<p>Ce cours est offert par le biais des notre associations partenaires de l\u2019ACC partout au pays. Veuillez contacter <a href=\"https:\/\/www.cca-acc.com\/fr\/adhesion\/repertoire-des-associations-partenaires\/\">notre associations partenaires<\/a> pour obtenir de plus amples renseignements sur les horaires de cours et pour vous inscrire au cours <em>\u00c9thique dans le secteur de la construction<\/em>.<\/p>\n\n\n\n<h2 class=\"wp-block-heading\">Formation sp\u00e9cifique \u00e0 la d\u00e9signation<\/h2>\n\n\n\n<p><em>La formation ci-dessous correspond \u00e0 des domaines et non \u00e0 des titres de cours, \u00e0 l\u2019exception des cours indiqu\u00e9s pour les contrema\u00eetres.<\/em><\/p>\n\n\n\n<p><a href=\"https:\/\/www.cca-acc.com\/fr\/sceau-dor\/programme-daccreditation\/formation-accreditee\/\">Les cours doivent \u00eatre formation accr\u00e9dit\u00e9s<\/a><\/p>\n\n\n\n<p><strong><strong>S\u00e9lectionnez votre d\u00e9signation<\/strong><\/strong><\/p>\n\n\n<div class=\"wp-block-group accordion-block-group\">\n\t<div class=\"wp-block-group__inner-container\">\n\t\t<div class=\"wp-block-group mission-accordion\">\n\t\t\t<div class=\"wp-block-group__inner-container\">\n\t\t\t\t<h4 data-aos=\"fade-in\">Contrema\u00eetre &#8211; Total de 5-10 cr\u00e9dits<\/h4>\n\t\t\t\t<p data-aos=\"fade-in\"><p>\u2022 Construction 101 (5 cr\u00e9dits \u2013 se renseigner aupr\u00e8s de l\u2019association locale de la construction, anglais seulement)<br \/>\n\u2022 Sant\u00e9 et s\u00e9curit\u00e9 g\u00e9n\u00e9rale sur les chantiers de construction (5 cr\u00e9dits)<\/p>\n<\/p>\n\t\t\t<\/div>\n\t\t<\/div>\n\t<\/div>\n<\/div>\n\n<div class=\"wp-block-group accordion-block-group\">\n\t<div class=\"wp-block-group__inner-container\">\n\t\t<div class=\"wp-block-group mission-accordion\">\n\t\t\t<div class=\"wp-block-group__inner-container\">\n\t\t\t\t<h4 data-aos=\"fade-in\">Estimateur &#8211; Total d\u2019au moins 2 cr\u00e9dits<\/h4>\n\t\t\t\t<p data-aos=\"fade-in\"><p>\u2022 Mesure de construction<br \/>\n\u2022 Plans et devis<br \/>\n\u2022 Contrats de construction<br \/>\n\u2022 \u00c9tablissement de prix\/soumissions<br \/>\n\u2022 Documents de construction<br \/>\n\u2022 Codes r\u00e9glementaires<br \/>\n\u2022 Ordonnancement<br \/>\n\u2022 Communication<\/p>\n<\/p>\n\t\t\t<\/div>\n\t\t<\/div>\n\t<\/div>\n<\/div>\n\n<div class=\"wp-block-group accordion-block-group\">\n\t<div class=\"wp-block-group__inner-container\">\n\t\t<div class=\"wp-block-group mission-accordion\">\n\t\t\t<div class=\"wp-block-group__inner-container\">\n\t\t\t\t<h4 data-aos=\"fade-in\">Directeur de la construction de ma\u00eetre d\u2019ouvrage &#8211; Total d\u2019au moins 2 cr\u00e9dits<\/h4>\n\t\t\t\t<p data-aos=\"fade-in\"><p>\u2022 Droit et contrats de construction<br \/>\n\u2022 Planification et calendrier de construction<br \/>\n\u2022 Gestion de projet<br \/>\n\u2022 Contr\u00f4le des co\u00fbts de projet\/comptabilit\u00e9<\/p>\n<\/p>\n\t\t\t<\/div>\n\t\t<\/div>\n\t<\/div>\n<\/div>\n\n<div class=\"wp-block-group accordion-block-group\">\n\t<div class=\"wp-block-group__inner-container\">\n\t\t<div class=\"wp-block-group mission-accordion\">\n\t\t\t<div class=\"wp-block-group__inner-container\">\n\t\t\t\t<h4 data-aos=\"fade-in\">Gestionnaire de projet &#8211; Total d\u2019au moins 2 cr\u00e9dits<\/h4>\n\t\t\t\t<p data-aos=\"fade-in\"><p>\u2022 Droit et contrats de construction<br \/>\n\u2022 Planification et calendrier de construction<br \/>\n\u2022 Gestion de projet<br \/>\n\u2022 Contr\u00f4le des co\u00fbts de projet\/comptabilit\u00e9<\/p>\n<\/p>\n\t\t\t<\/div>\n\t\t<\/div>\n\t<\/div>\n<\/div>\n\n<div class=\"wp-block-group accordion-block-group\">\n\t<div class=\"wp-block-group__inner-container\">\n\t\t<div class=\"wp-block-group mission-accordion\">\n\t\t\t<div class=\"wp-block-group__inner-container\">\n\t\t\t\t<h4 data-aos=\"fade-in\">Surintendant &#8211; Total d\u2019au moins 2 cr\u00e9dits<\/h4>\n\t\t\t\t<p data-aos=\"fade-in\"><p>\u2022 Gestion des ressources humaines dans le secteur de la construction<br \/>\n\u2022 Contr\u00f4les du chantier de construction<br \/>\n\u2022 Planification et calendrier<\/p>\n<\/p>\n\t\t\t<\/div>\n\t\t<\/div>\n\t<\/div>\n<\/div>\n\n\n<h2 class=\"wp-block-heading\">Formation en s\u00e9curit\u00e9 (optionnelle)<\/h2>\n\n\n\n<p>Les candidats dans les d\u00e9signations d\u2019estimateur, de contrema\u00eetre, de directeur de la construction de ma\u00eetre d\u2019ouvrage, de surintendant et de gestionnaire de projet ont droit \u00e0 un maximum de 10 cr\u00e9dits (30 heures) de formation en s\u00e9curit\u00e9 suivie au cours des dix derni\u00e8res ann\u00e9es. Il n\u2019y a aucune limite de cr\u00e9dits pour les candidats dans la d\u00e9signation d\u2019agent de s\u00e9curit\u00e9 en construction.<\/p>\n\n\n\n<p>Parmi les types de formation accept\u00e9s dans cette cat\u00e9gorie figurent les premiers soins\/RCR, le SIMDUT, le programme COR, les comit\u00e9s mixtes de sant\u00e9 et de s\u00e9curit\u00e9, le fonctionnement de diff\u00e9rents \u00e9quipements et plusieurs autres cours.<\/p>\n\n\n\n<p>La formation \u00e0 la s\u00e9curit\u00e9 d\u2019une dur\u00e9e minimale de trois heures est automatiquement accr\u00e9dit\u00e9e.<\/p>\n\n\n\n<h2 class=\"wp-block-heading\">O\u00f9 trouver des cours?<\/h2>\n\n\n\n<p>Les associations partenaires de l\u2019ACC aident \u00e0 administrer et \u00e0 promouvoir le Programme de certification Sceau d\u2019or. Ces associations offrent le cours obligatoire&nbsp;<em>\u00c9thique dans le secteur de la construction<\/em> et le cours&nbsp;<em>Construction 101 et au-del\u00e0<\/em>, en plus de nombreux autres cours. Communiquez avec votre association locale de la construction pour obtenir des suggestions de cours.<\/p>\n\n\n<div class=\"button_left\"><a href=\"\/fr\/adhesion\/repertoire-des-associations-partenaires\/\"  class=\" cca_purple btn_outlined\" target=\"_self\">Trouvez votre association<\/a>\n<\/div>\n\n\n\n\n\n<div style=\"height:35px\" aria-hidden=\"true\" class=\"wp-block-spacer\"><\/div>\n\n\n\n<p>De nombreux candidats obtiennent des cr\u00e9dits suppl\u00e9mentaires en suivant des cours, des s\u00e9minaires, des ateliers et des conf\u00e9rences. Le Programme de certification Sceau d\u2019or a accr\u00e9dit\u00e9 des cours qui sont conformes au Plan national de cours normalis\u00e9s et qui donnent automatiquement droit \u00e0 des cr\u00e9dits du Sceau d\u2019or.<\/p>\n\n\n<div class=\"button_left\"><a href=\"https:\/\/www.cca-acc.com\/fr\/sceau-dor\/programme-daccreditation\/formation-accreditee\/\"  class=\" cca_purple btn_outlined\" target=\"_self\">Consultez la formation accr\u00e9dit\u00e9e Sceau d\u2019or<\/a>\n<\/div>\n\n\n\n\n\n<div style=\"height:35px\" aria-hidden=\"true\" class=\"wp-block-spacer\"><\/div>\n\n\n\n<div class=\"is-layout-flow wp-block-group alignfull block-cta block-cta--purple-motif\">\n\n    <div class=\"block-cta__motif\">\n    <svg xmlns=\"http:\/\/www.w3.org\/2000\/svg\" width=\"527.292\" height=\"547.292\" viewBox=\"0 0 527.292 547.292\">\n      <path d=\"M491.99,410.507a280.341,280.341,0,0,0,35.3-136.861C527.29,122.515,409.251,0,263.644,0S0,122.515,0,273.646A280.341,280.341,0,0,0,35.3,410.507l0,0h0c45.591,81.768,130.776,136.783,228.344,136.783S446.4,492.277,491.988,410.509h0ZM449.8,80.429c49.724,51.61,77.107,120.229,77.107,193.216a279.6,279.6,0,0,1-35.1,136.525L263.868.4C334.1.461,400.129,28.875,449.8,80.429Zm41.528,329.682H35.96L263.644.795ZM.381,273.646c0-72.988,27.384-141.607,77.107-193.216C127.16,28.875,193.186.461,263.422.4L35.485,410.171A279.624,279.624,0,0,1,.381,273.646ZM449.8,466.862c-49.724,51.61-115.835,80.032-186.156,80.032S127.212,518.472,77.488,466.862a273.8,273.8,0,0,1-41.811-56.354H491.613A273.8,273.8,0,0,1,449.8,466.862Z\" transform=\"translate(0.002)\" fill=\"#fff\"\/>\n    <\/svg>\n  <\/div>\n  \n  <div class=\"wp-block-group__inner-container\">\n    <p class=\"text-center\">Si vous ne trouvez pas de r\u00e9ponses \u00e0 vos questions concernant le Sceau d\u2019or sur notre site Web, veuillez communiquer avec nous \u00e0 <a href=\"mailto:goldseal@cca-acc.com\">goldseal@cca-acc.com<\/a> ou au <a href=\"tel:6132369455\">613-236-9455<\/a>. <\/p>\n    <div class=\"button_center\"><a class=\"btn-white outlined\" href=\"mailto:goldseal@cca-acc.com\">Contactez-nous<\/a><\/div>\n  <\/div>\n<\/div>","protected":false},"excerpt":{"rendered":"<p>Les candidats au Sceau d\u2019or doivent obtenir un minimum de 25 cr\u00e9dits de formation et d\u2019\u00e9ducation li\u00e9es \u00e0 la construction, y compris la formation obligatoire et la formation en s\u00e9curit\u00e9.&nbsp; Consultez le Guide pour la pr\u00e9sentation d\u2019une demande de certification Sceau d\u2019or pour tous les d\u00e9tails concernant les exigences. Formation obligatoire&nbsp;: cours \u00c9thique dans le [&hellip;]<\/p>\n","protected":false},"author":1,"featured_media":0,"parent":21073,"menu_order":1,"comment_status":"closed","ping_status":"closed","template":"","meta":{"_acf_changed":false,"footnotes":""},"class_list":["post-16718","page","type-page","status-publish","hentry"],"acf":[],"_links":{"self":[{"href":"https:\/\/www.cca-acc.com\/fr\/wp-json\/wp\/v2\/pages\/16718","targetHints":{"allow":["GET"]}}],"collection":[{"href":"https:\/\/www.cca-acc.com\/fr\/wp-json\/wp\/v2\/pages"}],"about":[{"href":"https:\/\/www.cca-acc.com\/fr\/wp-json\/wp\/v2\/types\/page"}],"author":[{"embeddable":true,"href":"https:\/\/www.cca-acc.com\/fr\/wp-json\/wp\/v2\/users\/1"}],"replies":[{"embeddable":true,"href":"https:\/\/www.cca-acc.com\/fr\/wp-json\/wp\/v2\/comments?post=16718"}],"version-history":[{"count":10,"href":"https:\/\/www.cca-acc.com\/fr\/wp-json\/wp\/v2\/pages\/16718\/revisions"}],"predecessor-version":[{"id":58376,"href":"https:\/\/www.cca-acc.com\/fr\/wp-json\/wp\/v2\/pages\/16718\/revisions\/58376"}],"up":[{"embeddable":true,"href":"https:\/\/www.cca-acc.com\/fr\/wp-json\/wp\/v2\/pages\/21073"}],"wp:attachment":[{"href":"https:\/\/www.cca-acc.com\/fr\/wp-json\/wp\/v2\/media?parent=16718"}],"curies":[{"name":"wp","href":"https:\/\/api.w.org\/{rel}","templated":true}]}}