{"id":16732,"date":"2020-06-24T16:14:47","date_gmt":"2020-06-24T16:14:47","guid":{"rendered":"https:\/\/www.cca-acc.com\/workforce-excellence\/sceau-dor\/course-providers\/"},"modified":"2026-03-30T15:29:51","modified_gmt":"2026-03-30T19:29:51","slug":"programme-daccreditation","status":"publish","type":"page","link":"https:\/\/www.cca-acc.com\/fr\/sceau-dor\/programme-daccreditation\/","title":{"rendered":"Programme d\u2019accr\u00e9ditation Sceau d\u2019or"},"content":{"rendered":"\n<p>Les fournisseurs de cours peuvent obtenir l&#8217;accr\u00e9ditation Sceau d&#8217;or pour les cours de gestion de la construction, les s\u00e9minaires, les ateliers et les conf\u00e9rences en respectant le plan national de cours normalis\u00e9s du Sceau d&#8217;or. Cette accr\u00e9ditation canadienne aide les candidats potentiels au Sceau d&#8217;or, ainsi que les employeurs, \u00e0 identifier le mat\u00e9riel de formation qui r\u00e9pond aux exigences et fournit des informations sur chacun des onze sujets recommand\u00e9s \u00e0 l\u2019appui du Programme de certification Sceau d&#8217;or.<\/p>\n\n\n\n<h2 class=\"wp-block-heading\">R\u00e9vision des lignes directrices<\/h2>\n\n\n\n<ul class=\"wp-block-list\">\n<li>Seuls les cours accr\u00e9dit\u00e9s du Sceau d\u2019or seront accept\u00e9s pour les candidatures CSO et P.CSO.&nbsp;<\/li>\n\n\n\n<li>La valeur de cr\u00e9dits pour tous les cours accr\u00e9dit\u00e9s sera d\u2019un cr\u00e9dit par trois heures de formation, jusqu\u2019\u00e0 un maximum de 10&nbsp;cr\u00e9dits par cours.&nbsp;<\/li>\n\n\n\n<li>La p\u00e9riode de renouvellement de l\u2019accr\u00e9ditation est d\u00e9sormais fix\u00e9e \u00e0 trois ans.&nbsp;<\/li>\n\n\n\n<li>La formation \u00e0 la s\u00e9curit\u00e9 d&#8217;une dur\u00e9e minimale de trois heures est automatiquement accr\u00e9dit\u00e9e. Les fournisseurs de cours peuvent annoncer l&#8217;accr\u00e9ditation des cours de s\u00e9curit\u00e9 sur leurs sites web, leurs programmes et dans leurs communications avec les \u00e9tudiants.<\/li>\n\n\n\n<li>Tous les titres peuvent d\u00e9sormais pr\u00e9tendre \u00e0 un maximum de 10&nbsp;cr\u00e9dits de formation \u00e0 la s\u00e9curit\u00e9 (\u00e9quivalant \u00e0 30&nbsp;heures). Il n\u2019y a pas de limite de cr\u00e9dit pour les praticiens de la s\u00e9curit\u00e9.&nbsp;<\/li>\n\n\n\n<li>La qualification d\u2019une personne de m\u00e9tier vaut d\u00e9sormais 25&nbsp;cr\u00e9dits au titre de l\u2019\u00e9ducation formelle.&nbsp;<\/li>\n\n\n\n<li>Le titre de contrema\u00eetre exige d\u00e9sormais 100&nbsp;cr\u00e9dits pour la candidature \u00e0 la CSO.<\/li>\n<\/ul>\n\n\n\n<h2 class=\"wp-block-heading\">Pour les candidats Sceau d&#8217;or<\/h2>\n\n\n\n<ul class=\"wp-block-list\">\n<li><strong>Nouveaux candidats:<\/strong> \u00c0 partir du 1<sup>er<\/sup>&nbsp;juin&nbsp;2024, les candidats inscrit au programme Sceau d&#8217;or doivent suivre des cours accr\u00e9dit\u00e9s Sceau d\u2019or pour que leur candidature \u00e0 la CSO soit prise en compte.<\/li>\n\n\n\n<li><strong>Candidats P.CSO:<\/strong> \u00c0 partir du 1<sup>er<\/sup>&nbsp;juin&nbsp;2024, les nouveaux candidats P.CSO ou renouvellement de P.CSO doivent suivre des cours accr\u00e9dit\u00e9s Sceau d\u2019or pour que leur candidature \u00e0 la P.CSO soit prise en compte.<\/li>\n\n\n\n<li>Tous les cours offerts par les <a href=\"https:\/\/www.cca-acc.com\/fr\/adhesion\/repertoire-des-associations-partenaires\/\">associations partenaires de l\u2019ACC<\/a> qui entrent dans les cat\u00e9gories du programme d\u2019\u00e9tudes national sont automatiquement accr\u00e9dit\u00e9s Sceau d\u2019or.<\/li>\n\n\n\n<li>Si vous avez suivi des cours par l\u2019interm\u00e9diaire d\u2019une association partenaire avant le 1<sup>er<\/sup>&nbsp;juin, ils seront automatiquement pris en compte dans les nouvelles directives.<\/li>\n\n\n\n<li>Les candidats peuvent suivre des cours par l\u2019interm\u00e9diaire de l\u2019une de nos associations partenaires privil\u00e9gi\u00e9es ou suivre une autre formation accr\u00e9dit\u00e9e Sceau d\u2019or par l\u2019interm\u00e9diaire d\u2019un autre prestataire ou d\u2019une autre institution. Pour une liste des cours accr\u00e9dit\u00e9s Sceau d\u2019or, veuillez consulter <a href=\"https:\/\/www.cca-acc.com\/fr\/sceau-dor\/fournisseur-de-cours\/formation-accreditee\/\">la page de formation accr\u00e9dit\u00e9e<\/a>.<\/li>\n<\/ul>\n\n\n\n<h2 class=\"wp-block-heading\">Pour les fournisseurs de cours<\/h2>\n\n\n\n<h3 class=\"wp-block-heading\">Politiques et normes d\u2019accr\u00e9ditation<\/h3>\n\n\n\n<ul class=\"wp-block-list\">\n<li>Le cours doit correspondre \u00e0 un des onze sujets du plan national de cours normalis\u00e9s (voir ci-dessous).<\/li>\n\n\n\n<li>Le cours doit \u00eatre d\u2019une dur\u00e9e d\u2019au moins trois heures (d\u00e9jeuner et pauses exclus).<\/li>\n\n\n\n<li>Uniquement applicable aux fournisseurs de cours individuels : Les \u00e9valuations de cours, y compris les quiz, les devoirs et les examens, doivent faire partie du cours pour \u00eatre \u00e9ligibles aux cr\u00e9dits. Les \u00e9valuations \u00e0 domicile assign\u00e9es en dehors de l&#8217;int\u00e9gralit\u00e9 du cours ne seront pas prises en compte pour les cr\u00e9dits.<\/li>\n\n\n\n<li>Le plan de cours publi\u00e9 doit inclure le titre du cours, la dur\u00e9e, les conditions d\u2019admission et le profil du cours.<\/li>\n\n\n\n<li>Les fournisseurs de cours doivent remettre un certificat d\u2019ach\u00e8vement ou d\u2019assiduit\u00e9 \u00e0 chaque candidat. Pour recevoir un certificat, l&#8217;\u00e9tudiant doit avoir assist\u00e9 \u00e0 l&#8217;ensemble du cours.<\/li>\n\n\n\n<li>Les cours et programmes doivent \u00eatre pr\u00e9sent\u00e9s par un instructeur, un enseignant, un dirigeant ou un conf\u00e9rencier qualifi\u00e9.<\/li>\n<\/ul>\n\n\n\n<h3 class=\"wp-block-heading\">Directives d&#8217;\u00e9valuation de l&#8217;accr\u00e9ditation<\/h3>\n\n\n\n<ul class=\"wp-block-list\">\n<li>L\u2019\u00e9valuation d\u2019un cours est fond\u00e9e sur les renseignements qui ont \u00e9t\u00e9 pr\u00e9sent\u00e9s par le fournisseur du cours et ces renseignements sont r\u00e9serv\u00e9s exclusivement \u00e0 l\u2019usage confidentiel du Sceau d\u2019or.<\/li>\n\n\n\n<li>L\u2019accr\u00e9ditation ne s\u2019applique qu\u2019\u00e0 un cours pr\u00e9cis ou \u00e0 une s\u00e9rie de cours, s\u00e9minaires, ateliers et conf\u00e9rences reli\u00e9s \u00e0 la gestion de la construction. Seuls les cours sont accr\u00e9dit\u00e9s et non les \u00e9tablissements d\u2019enseignement ou les organismes de formation.<\/li>\n\n\n\n<li>Les cours ou les conf\u00e9rences ne peuvent pas servir \u00e0 titre de pr\u00e9paration \u00e0 un examen, de promotion de produit ou de publicit\u00e9.<\/li>\n\n\n\n<li>Les fournisseurs de cours doivent r\u00e9\u00e9valuer le contenu du cours afin de v\u00e9rifier la qualit\u00e9 du mat\u00e9riel et de s\u2019assurer qu\u2019il satisfait aux normes actuelles de l\u2019industrie.<\/li>\n\n\n\n<li>Les fournisseurs de cours sont responsables de v\u00e9rifier les comp\u00e9tences de chacun des formateurs\/instructeurs\/enseignants et de veiller \u00e0 ce qu\u2019ils transmettent le mat\u00e9riel de cours avec efficacit\u00e9.<\/li>\n<\/ul>\n\n\n\n<h3 class=\"wp-block-heading\">Les sujets du plan national de cours normalis\u00e9s<\/h3>\n\n\n\n<div class=\"wp-block-group is-nowrap is-layout-flex wp-container-core-group-is-layout-ad2f72ca wp-block-group-is-layout-flex\">\n<ol class=\"wp-block-list\">\n<li>Vue d\u2019ensemble de l\u2019industrie de la construction<\/li>\n\n\n\n<li>S\u00e9curit\u00e9 en mati\u00e8re de construction<\/li>\n\n\n\n<li>Communications<\/li>\n\n\n\n<li>Droit et contrats de la construction<\/li>\n\n\n\n<li>Estimation de construction<\/li>\n\n\n\n<li>Gestion des ressources humaines<\/li>\n\n\n\n<li>Mesures de contr\u00f4le li\u00e9es aux chantiers de construction<\/li>\n\n\n\n<li>Planification et \u00e9tablissement des calendriers de construction<\/li>\n\n\n\n<li>Contr\u00f4le des co\u00fbts de projet et comptabilit\u00e9<\/li>\n\n\n\n<li>Processus de gestion de projet<\/li>\n\n\n\n<li>La construction et l\u2019environnement<\/li>\n<\/ol>\n<\/div>\n\n\n\n<p><strong>Note: <\/strong>Le Programme de certification Sceau d\u2019or est un programme de gestion de la construction et, par cons\u00e9quent, l\u2019accr\u00e9ditation vise les cours ax\u00e9s sur la gestion de la construction. Une exception particuli\u00e8re est faite pour certains cours et conf\u00e9rences techniques reli\u00e9s \u00e0 des sujets comme la mod\u00e9lisation des donn\u00e9es du b\u00e2timent (MDB), LEED, Auto CAD, etc.<\/p>\n\n\n\n<div class=\"wp-block-buttons is-layout-flex wp-block-buttons-is-layout-flex\">\n<div class=\"wp-block-button\"><a class=\"wp-block-button__link has-text-align-left wp-element-button\" href=\"https:\/\/www.cca-acc.com\/fr\/sceau-dor\/programme-daccreditation\/demande-daccreditation\/\">Pr\u00e9senter une demande d\u2019accr\u00e9ditation<\/a><\/div>\n<\/div>\n\n\n\n<div style=\"height:31px\" aria-hidden=\"true\" class=\"wp-block-spacer\"><\/div>\n\n\n\n<div class=\"is-layout-flow wp-block-group alignfull block-cta block-cta--purple-motif\">\n\n    <div class=\"block-cta__motif\">\n    <svg xmlns=\"http:\/\/www.w3.org\/2000\/svg\" width=\"527.292\" height=\"547.292\" viewBox=\"0 0 527.292 547.292\">\n      <path d=\"M491.99,410.507a280.341,280.341,0,0,0,35.3-136.861C527.29,122.515,409.251,0,263.644,0S0,122.515,0,273.646A280.341,280.341,0,0,0,35.3,410.507l0,0h0c45.591,81.768,130.776,136.783,228.344,136.783S446.4,492.277,491.988,410.509h0ZM449.8,80.429c49.724,51.61,77.107,120.229,77.107,193.216a279.6,279.6,0,0,1-35.1,136.525L263.868.4C334.1.461,400.129,28.875,449.8,80.429Zm41.528,329.682H35.96L263.644.795ZM.381,273.646c0-72.988,27.384-141.607,77.107-193.216C127.16,28.875,193.186.461,263.422.4L35.485,410.171A279.624,279.624,0,0,1,.381,273.646ZM449.8,466.862c-49.724,51.61-115.835,80.032-186.156,80.032S127.212,518.472,77.488,466.862a273.8,273.8,0,0,1-41.811-56.354H491.613A273.8,273.8,0,0,1,449.8,466.862Z\" transform=\"translate(0.002)\" fill=\"#fff\"\/>\n    <\/svg>\n  <\/div>\n  \n  <div class=\"wp-block-group__inner-container\">\n    <p class=\"text-center\">Si vous ne trouvez pas de r\u00e9ponses \u00e0 vos questions concernant le Sceau d\u2019or sur notre site Web, veuillez communiquer avec nous \u00e0 <a href=\"mailto:goldseal@cca-acc.com\">goldseal@cca-acc.com<\/a> ou au <a href=\"tel:6132369455\">613-236-9455<\/a>. <\/p>\n    <div class=\"button_center\"><a class=\"btn-white outlined\" href=\"mailto:goldseal@cca-acc.com\">Contactez-nous<\/a><\/div>\n  <\/div>\n<\/div>\n\n\n<ul class=\"wp-block-list\">\n<li><\/li>\n<\/ul>\n\n\n\n<p><\/p>\n","protected":false},"excerpt":{"rendered":"<p>Les fournisseurs de cours peuvent obtenir l&#8217;accr\u00e9ditation Sceau d&#8217;or pour les cours de gestion de la construction, les s\u00e9minaires, les ateliers et les conf\u00e9rences en respectant le plan national de cours normalis\u00e9s du Sceau d&#8217;or. Cette accr\u00e9ditation canadienne aide les candidats potentiels au Sceau d&#8217;or, ainsi que les employeurs, \u00e0 identifier le mat\u00e9riel de formation [&hellip;]<\/p>\n","protected":false},"author":1,"featured_media":0,"parent":16695,"menu_order":4,"comment_status":"closed","ping_status":"closed","template":"","meta":{"_acf_changed":false,"footnotes":""},"class_list":["post-16732","page","type-page","status-publish","hentry"],"acf":[],"_links":{"self":[{"href":"https:\/\/www.cca-acc.com\/fr\/wp-json\/wp\/v2\/pages\/16732","targetHints":{"allow":["GET"]}}],"collection":[{"href":"https:\/\/www.cca-acc.com\/fr\/wp-json\/wp\/v2\/pages"}],"about":[{"href":"https:\/\/www.cca-acc.com\/fr\/wp-json\/wp\/v2\/types\/page"}],"author":[{"embeddable":true,"href":"https:\/\/www.cca-acc.com\/fr\/wp-json\/wp\/v2\/users\/1"}],"replies":[{"embeddable":true,"href":"https:\/\/www.cca-acc.com\/fr\/wp-json\/wp\/v2\/comments?post=16732"}],"version-history":[{"count":21,"href":"https:\/\/www.cca-acc.com\/fr\/wp-json\/wp\/v2\/pages\/16732\/revisions"}],"predecessor-version":[{"id":78637,"href":"https:\/\/www.cca-acc.com\/fr\/wp-json\/wp\/v2\/pages\/16732\/revisions\/78637"}],"up":[{"embeddable":true,"href":"https:\/\/www.cca-acc.com\/fr\/wp-json\/wp\/v2\/pages\/16695"}],"wp:attachment":[{"href":"https:\/\/www.cca-acc.com\/fr\/wp-json\/wp\/v2\/media?parent=16732"}],"curies":[{"name":"wp","href":"https:\/\/api.w.org\/{rel}","templated":true}]}}