{"id":16744,"date":"2020-06-24T16:15:50","date_gmt":"2020-06-24T16:15:50","guid":{"rendered":"https:\/\/www.cca-acc.com\/workforce-excellence\/sceau-dor\/hr-strategy\/"},"modified":"2024-01-17T13:53:59","modified_gmt":"2024-01-17T18:53:59","slug":"integration-du-sceau-dor","status":"publish","type":"page","link":"https:\/\/www.cca-acc.com\/fr\/sceau-dor\/employeurs\/integration-du-sceau-dor\/","title":{"rendered":"Int\u00e9gration du Sceau d\u2019or"},"content":{"rendered":"\n<div class=\"wp-block-columns is-layout-flex wp-container-core-columns-is-layout-9d6595d7 wp-block-columns-is-layout-flex\">\n<div class=\"wp-block-column is-layout-flow wp-block-column-is-layout-flow\" style=\"flex-basis:66.66%\">\n<h2 class=\"wp-block-heading\">Des entreprises performantes gr\u00e2ce \u00e0 des travailleurs hautement qualifi\u00e9s<\/h2>\n\n\n\n<p>En int\u00e9grant le Sceau d\u2019or \u00e0 votre culture d\u2019entreprise, votre organisation peut am\u00e9liorer le recrutement et le maintien en poste de travailleurs qualifi\u00e9s et obtenir une reconnaissance pr\u00e9cieuse en tant qu\u2019entreprise ax\u00e9e sur l\u2019efficacit\u00e9, l\u2019innovation et le professionnalisme.<\/p>\n\n\n\n<h3 class=\"wp-block-heading\">Avantages de l\u2019int\u00e9gration du Sceau d\u2019or<\/h3>\n\n\n\n<ul class=\"wp-block-list\">\n<li>Mettre en valeur votre pr\u00e9f\u00e9rence pour les professionnels de la construction qui ont obtenu une certification reconnue \u00e0 l\u2019\u00e9chelle nationale<\/li>\n\n\n\n<li>Distinguer votre entreprise en tant qu\u2019employeur qui valorise le professionnalisme et la formation continue dans le domaine de la construction<\/li>\n\n\n\n<li>Maintenir un avantage concurrentiel en d\u00e9montrant aux clients actuels et potentiel le respect de votre entreprise \u00e0 l\u2019\u00e9gard de normes \u00e9lev\u00e9es<\/li>\n<\/ul>\n<\/div>\n\n\n\n<div class=\"wp-block-column is-layout-flow wp-block-column-is-layout-flow\" style=\"flex-basis:33.33%\"><\/div>\n<\/div>\n\n\n\n<div class=\"is-layout-flow wp-block-group alignfull block-cards block-cards--grey-motif\">\n\n    <div class=\"block-cards__motif\">\n    <svg xmlns=\"http:\/\/www.w3.org\/2000\/svg\" width=\"598.293\" height=\"518.136\" viewBox=\"0 0 598.293 518.136\">\n      <path d=\"M448.721,0H149.574L0,259.068,149.574,518.136H448.721L598.294,259.068Zm-.24.413L597.817,259.068,523.268,388.189,299.386.413Zm74.287,387.735H75.526L299.146.826ZM149.813.413h149.1L75.025,388.189.478,259.068ZM448.482,517.724H149.813L75.242,388.561H523.053Z\" transform=\"translate(-0.001)\" fill=\"#582c83\"\/>\n    <\/svg>\n  <\/div>\n  \n    <div class=\"container\">\n    <div class=\"col\">\n      <div class=\"block-cards__grid block-cards__grid--2\">\n              \n<div class=\"module-cards bucket-cards  card-type-text\">\n    <a target=\"\" href=\"\/fr\/sceau-dor\/par-ou-commencer\/\"><\/a>    <div class=\"bucket-cards-inner\">\n\n      \n      <div class=\"bucket-cards-content\">\n        <div class=\"bucket-cards-content-inner\">\n          <p class=\"card-content\">Par o\u00f9 commencer?&nbsp;&nbsp;&nbsp;&nbsp;<span class=\"card-content-arrow\"><\/span><\/p>\n                    <p class=\"card-description\">Conseils pour l\u2019int\u00e9gration du Sceau d\u2019or<\/p>\n                          \n                <\/div>\n\n    <\/div>\n  <\/div>\n<\/div>              \n<div class=\"module-cards bucket-cards  card-type-text\">\n    <a target=\"\" href=\"\/fr\/sceau-dor\/employeurs\/employeur-sceau-dor\/\"><\/a>    <div class=\"bucket-cards-inner\">\n\n      \n      <div class=\"bucket-cards-content\">\n        <div class=\"bucket-cards-content-inner\">\n          <p class=\"card-content\">Devenez un Employeur Sceau d\u2019or&nbsp;&nbsp;&nbsp;&nbsp;<span class=\"card-content-arrow\"><\/span><\/p>\n                    <p class=\"card-description\">Pour savoir en plus<\/p>\n                          \n                <\/div>\n\n    <\/div>\n  <\/div>\n<\/div>            <\/div>\n    <\/div>\n  <\/div>\n<\/div>\n\n\n<div class=\"is-layout-flow wp-block-group alignfull block-cta block-cta--purple-motif\">\n\n    <div class=\"block-cta__motif\">\n    <svg xmlns=\"http:\/\/www.w3.org\/2000\/svg\" width=\"527.292\" height=\"547.292\" viewBox=\"0 0 527.292 547.292\">\n      <path d=\"M491.99,410.507a280.341,280.341,0,0,0,35.3-136.861C527.29,122.515,409.251,0,263.644,0S0,122.515,0,273.646A280.341,280.341,0,0,0,35.3,410.507l0,0h0c45.591,81.768,130.776,136.783,228.344,136.783S446.4,492.277,491.988,410.509h0ZM449.8,80.429c49.724,51.61,77.107,120.229,77.107,193.216a279.6,279.6,0,0,1-35.1,136.525L263.868.4C334.1.461,400.129,28.875,449.8,80.429Zm41.528,329.682H35.96L263.644.795ZM.381,273.646c0-72.988,27.384-141.607,77.107-193.216C127.16,28.875,193.186.461,263.422.4L35.485,410.171A279.624,279.624,0,0,1,.381,273.646ZM449.8,466.862c-49.724,51.61-115.835,80.032-186.156,80.032S127.212,518.472,77.488,466.862a273.8,273.8,0,0,1-41.811-56.354H491.613A273.8,273.8,0,0,1,449.8,466.862Z\" transform=\"translate(0.002)\" fill=\"#fff\"\/>\n    <\/svg>\n  <\/div>\n  \n  <div class=\"wp-block-group__inner-container\">\n    <p class=\"text-center\">Si vous ne trouvez pas de r\u00e9ponses \u00e0 vos questions concernant le Sceau d\u2019or sur notre site Web, veuillez communiquer avec nous \u00e0 <a href=\"mailto:goldseal@cca-acc.com\">goldseal@cca-acc.com<\/a> ou au <a href=\"tel:6132369455\">613-236-9455<\/a>. <\/p>\n    <div class=\"button_center\"><a class=\"btn-white outlined\" href=\"mailto:goldseal@cca-acc.com\">Contactez-nous<\/a><\/div>\n  <\/div>\n<\/div>","protected":false},"excerpt":{"rendered":"<p>Des entreprises performantes gr\u00e2ce \u00e0 des travailleurs hautement qualifi\u00e9s En int\u00e9grant le Sceau d\u2019or \u00e0 votre culture d\u2019entreprise, votre organisation peut am\u00e9liorer le recrutement et le maintien en poste de travailleurs qualifi\u00e9s et obtenir une reconnaissance pr\u00e9cieuse en tant qu\u2019entreprise ax\u00e9e sur l\u2019efficacit\u00e9, l\u2019innovation et le professionnalisme. Avantages de l\u2019int\u00e9gration du Sceau d\u2019or<\/p>\n","protected":false},"author":1,"featured_media":0,"parent":46164,"menu_order":5,"comment_status":"closed","ping_status":"closed","template":"","meta":{"_acf_changed":false,"footnotes":""},"class_list":["post-16744","page","type-page","status-publish","hentry"],"acf":[],"_links":{"self":[{"href":"https:\/\/www.cca-acc.com\/fr\/wp-json\/wp\/v2\/pages\/16744","targetHints":{"allow":["GET"]}}],"collection":[{"href":"https:\/\/www.cca-acc.com\/fr\/wp-json\/wp\/v2\/pages"}],"about":[{"href":"https:\/\/www.cca-acc.com\/fr\/wp-json\/wp\/v2\/types\/page"}],"author":[{"embeddable":true,"href":"https:\/\/www.cca-acc.com\/fr\/wp-json\/wp\/v2\/users\/1"}],"replies":[{"embeddable":true,"href":"https:\/\/www.cca-acc.com\/fr\/wp-json\/wp\/v2\/comments?post=16744"}],"version-history":[{"count":6,"href":"https:\/\/www.cca-acc.com\/fr\/wp-json\/wp\/v2\/pages\/16744\/revisions"}],"predecessor-version":[{"id":48126,"href":"https:\/\/www.cca-acc.com\/fr\/wp-json\/wp\/v2\/pages\/16744\/revisions\/48126"}],"up":[{"embeddable":true,"href":"https:\/\/www.cca-acc.com\/fr\/wp-json\/wp\/v2\/pages\/46164"}],"wp:attachment":[{"href":"https:\/\/www.cca-acc.com\/fr\/wp-json\/wp\/v2\/media?parent=16744"}],"curies":[{"name":"wp","href":"https:\/\/api.w.org\/{rel}","templated":true}]}}