{"id":16746,"date":"2020-06-24T16:16:06","date_gmt":"2020-06-24T16:16:06","guid":{"rendered":"https:\/\/www.cca-acc.com\/workforce-excellence\/sceau-dor\/gold-seal-projects\/"},"modified":"2026-03-12T08:10:59","modified_gmt":"2026-03-12T12:10:59","slug":"projets-sceau-dor","status":"publish","type":"page","link":"https:\/\/www.cca-acc.com\/fr\/sceau-dor\/projets-sceau-dor\/","title":{"rendered":"Projets Sceau d\u2019or"},"content":{"rendered":"\n<p>Les Projets Sceau d\u2019or sont le reflet de l\u2019exp\u00e9rience, des comp\u00e9tences et de l\u2019excellence dans la gestion d\u2019un projet de construction. Si votre entreprise souhaite b\u00e9n\u00e9ficier d\u2019une visibilit\u00e9 accrue pour un projet de construction \u00e0 venir, envisagez de pr\u00e9senter une demande de <strong>Projet Sceau d\u2019or<\/strong>.<\/p>\n\n\n\n<h2 class=\"wp-block-heading\">Avantages des Projets Sceau d\u2019or<\/h2>\n\n\n\n<ul class=\"wp-block-list\">\n<li><strong>Promouvoir<\/strong>&nbsp;la valeur des professionnels certifi\u00e9s Sceau d\u2019or dans le cadre de votre projet<\/li>\n\n\n\n<li><strong>D\u00e9montrer<\/strong>&nbsp;votre capacit\u00e9 \u00e0 g\u00e9rer et \u00e0 r\u00e9aliser des projets de construction ambitieux<\/li>\n\n\n\n<li><strong>Mettre en valeur&nbsp;<\/strong>l&#8217;engagement de votre entreprise envers le professionnalisme et l&#8217;expertise<strong> <\/strong>dans l\u2019industrie de la construction<\/li>\n\n\n\n<li><strong>Sensibiliser et informer&nbsp;<\/strong>le personnel non certifi\u00e9 au sujet de la valeur de la certification Sceau d\u2019or<\/li>\n<\/ul>\n\n\n\n<h2 class=\"wp-block-heading\">D\u2019autres avantages des Projets Sceau d\u2019or<\/h2>\n\n\n\n<ul class=\"wp-block-list\">\n<li><strong>Visibilit\u00e9 du projet<\/strong>\n<ul class=\"wp-block-list\">\n<li>Tous les Projets Sceau d\u2019or sont mis en vedette sur le site Web du Programme de certification Sceau d\u2019or.<\/li>\n\n\n\n<li>Mat\u00e9riel promotionnel comarqu\u00e9 du Sceau d\u2019or (peut inclure):\n<ul class=\"wp-block-list\">\n<li>des panneaux (banni\u00e8res, affiches pour le chantier)<\/li>\n\n\n\n<li>des casques protecteurs de couleur or<\/li>\n<\/ul>\n<\/li>\n\n\n\n<li>Exposition m\u00e9diatique via les m\u00e9dias sociaux et un article de fond sur le site Web du Sceau d&#8217;or.<\/li>\n<\/ul>\n<\/li>\n\n\n\n<li><strong>Possibilit\u00e9s d\u2019apprentissage pour votre personnel de gestion&nbsp;<\/strong>\n<ul class=\"wp-block-list\">\n<li>Des ateliers virtuels facultatifs ou des conf\u00e9rences-midi sur la certification Sceau d\u2019or \u00e0 l\u2019intention de votre personnel de gestion.<\/li>\n<\/ul>\n<\/li>\n<\/ul>\n\n\n\n<h2 class=\"wp-block-heading\">Pr\u00e9sentez votre demande de Projet d\u2019or<\/h2>\n\n\n\n<h3 class=\"wp-block-heading\">Admissibilit\u00e9<\/h3>\n\n\n\n<p>Les entreprises de construction qui entreprennent un projet dans les secteurs de la construction industrielle, commerciale, institutionnelle et de grands travaux ainsi que la construction de tours d\u2019habitation multifamiliales, qui sont fi\u00e8res de leur excellence en gestion de la construction et qui souhaitent promouvoir la certification Sceau d\u2019or sont invit\u00e9es \u00e0 pr\u00e9senter une demande.<\/p>\n\n\n\n<h3 class=\"wp-block-heading\">Comment pr\u00e9senter une demande<\/h3>\n\n\n\n<p>Si vous d\u00e9sirez pr\u00e9senter une demande pour que votre projet soit reconnu en tant que Projet Sceau d\u2019or, veuillez communiquer avec nous \u00e0 l\u2019adresse suivante : goldseal@cca-acc.com.<\/p>\n\n\n\n<div style=\"height:40px\" aria-hidden=\"true\" class=\"wp-block-spacer\"><\/div>\n\n\n\n<div class=\"is-layout-flow wp-block-group alignfull block-cards block-cards--white-motif\">\n\n    <div class=\"block-cards__motif\">\n    <svg xmlns=\"http:\/\/www.w3.org\/2000\/svg\" width=\"598.293\" height=\"518.136\" viewBox=\"0 0 598.293 518.136\">\n      <path d=\"M448.721,0H149.574L0,259.068,149.574,518.136H448.721L598.294,259.068Zm-.24.413L597.817,259.068,523.268,388.189,299.386.413Zm74.287,387.735H75.526L299.146.826ZM149.813.413h149.1L75.025,388.189.478,259.068ZM448.482,517.724H149.813L75.242,388.561H523.053Z\" transform=\"translate(-0.001)\" fill=\"#582c83\"\/>\n    <\/svg>\n  <\/div>\n  \n    <div class=\"container\">\n    <div class=\"col\">\n      <div class=\"block-cards__intro\"><h2>Projets Sceau d\u2019or en vedette<\/h2>\n<\/div>\n    <\/div>\n  <\/div>\n    <div class=\"container\">\n    <div class=\"col\">\n      <div class=\"block-cards__grid block-cards__grid--3\">\n              \n<div class=\"module-cards bucket-cards card-grey card-type-images\">\n    <a target=\"\" href=\"\/fr\/cca_goldseal_proj\/halifax-harbour-bridges-the-big-lift\/\"><\/a>    <div class=\"bucket-cards-inner\">\n\n            <div class=\"bucket-cards-image\">\n        <img decoding=\"async\" src=\"https:\/\/www.cca-acc.com\/wp-content\/uploads\/2020\/08\/HHB1.jpg\" alt=\"\" \/>\n      <\/div>\n      \n      <div class=\"bucket-cards-content\">\n        <div class=\"bucket-cards-content-inner\">\n          <p class=\"card-content\">Halifax Harbour Bridges, The Big Lift<\/p>\n                          \n                <\/div>\n\n    <\/div>\n  <\/div>\n<\/div>              \n<div class=\"module-cards bucket-cards card-grey card-type-images\">\n    <a target=\"\" href=\"\/fr\/cca_goldseal_proj\/humaniti\/\"><\/a>    <div class=\"bucket-cards-inner\">\n\n            <div class=\"bucket-cards-image\">\n        <img decoding=\"async\" src=\"https:\/\/www.cca-acc.com\/wp-content\/uploads\/2020\/08\/Humaniti-montage-e1507922655287.jpg\" alt=\"\" \/>\n      <\/div>\n      \n      <div class=\"bucket-cards-content\">\n        <div class=\"bucket-cards-content-inner\">\n          <p class=\"card-content\">Humaniti<\/p>\n                          \n                <\/div>\n\n    <\/div>\n  <\/div>\n<\/div>              \n<div class=\"module-cards bucket-cards card-grey card-type-images\">\n    <a target=\"\" href=\"\/fr\/cca_goldseal_proj\/mun-core-science-facility\/\"><\/a>    <div class=\"bucket-cards-inner\">\n\n            <div class=\"bucket-cards-image\">\n        <img decoding=\"async\" src=\"https:\/\/www.cca-acc.com\/wp-content\/uploads\/2020\/08\/jha-mun-core-science-renders-2-1.jpg\" alt=\"\" \/>\n      <\/div>\n      \n      <div class=\"bucket-cards-content\">\n        <div class=\"bucket-cards-content-inner\">\n          <p class=\"card-content\">Pavillon des sciences, Universit\u00e9 Memorial<\/p>\n                          \n                <\/div>\n\n    <\/div>\n  <\/div>\n<\/div>            <\/div>\n    <\/div>\n  <\/div>\n<\/div>\n\n<div class=\"button_center\"><a href=\"\/fr\/sceau-dor\/projets-sceau-dor\/projets-sceau-dor-en-vedette\/\"  class=\" cca_purple btn_outlined\" target=\"_self\">Voir tout<\/a>\n<\/div>\n\n\n\n\n\n<div style=\"height:15px\" aria-hidden=\"true\" class=\"wp-block-spacer\"><\/div>\n\n\n\n<div class=\"is-layout-flow wp-block-group alignfull block-cta block-cta--purple-motif\">\n\n    <div class=\"block-cta__motif\">\n    <svg xmlns=\"http:\/\/www.w3.org\/2000\/svg\" width=\"527.292\" height=\"547.292\" viewBox=\"0 0 527.292 547.292\">\n      <path d=\"M491.99,410.507a280.341,280.341,0,0,0,35.3-136.861C527.29,122.515,409.251,0,263.644,0S0,122.515,0,273.646A280.341,280.341,0,0,0,35.3,410.507l0,0h0c45.591,81.768,130.776,136.783,228.344,136.783S446.4,492.277,491.988,410.509h0ZM449.8,80.429c49.724,51.61,77.107,120.229,77.107,193.216a279.6,279.6,0,0,1-35.1,136.525L263.868.4C334.1.461,400.129,28.875,449.8,80.429Zm41.528,329.682H35.96L263.644.795ZM.381,273.646c0-72.988,27.384-141.607,77.107-193.216C127.16,28.875,193.186.461,263.422.4L35.485,410.171A279.624,279.624,0,0,1,.381,273.646ZM449.8,466.862c-49.724,51.61-115.835,80.032-186.156,80.032S127.212,518.472,77.488,466.862a273.8,273.8,0,0,1-41.811-56.354H491.613A273.8,273.8,0,0,1,449.8,466.862Z\" transform=\"translate(0.002)\" fill=\"#fff\"\/>\n    <\/svg>\n  <\/div>\n  \n  <div class=\"wp-block-group__inner-container\">\n    <p class=\"text-center\">Si vous ne trouvez pas de r\u00e9ponses \u00e0 vos questions concernant le Sceau d\u2019or sur notre site Web, veuillez communiquer avec nous \u00e0 <a href=\"mailto:goldseal@cca-acc.com\">goldseal@cca-acc.com<\/a> ou au <a href=\"tel:6132369455\">613-236-9455<\/a>. <\/p>\n    <div class=\"button_center\"><a class=\"btn-white outlined\" href=\"mailto:goldseal@cca-acc.com\">Contactez-nous<\/a><\/div>\n  <\/div>\n<\/div>","protected":false},"excerpt":{"rendered":"<p>Les Projets Sceau d\u2019or sont le reflet de l\u2019exp\u00e9rience, des comp\u00e9tences et de l\u2019excellence dans la gestion d\u2019un projet de construction. Si votre entreprise souhaite b\u00e9n\u00e9ficier d\u2019une visibilit\u00e9 accrue pour un projet de construction \u00e0 venir, envisagez de pr\u00e9senter une demande de Projet Sceau d\u2019or. Avantages des Projets Sceau d\u2019or D\u2019autres avantages des Projets Sceau [&hellip;]<\/p>\n","protected":false},"author":1,"featured_media":42986,"parent":16695,"menu_order":6,"comment_status":"closed","ping_status":"closed","template":"","meta":{"_acf_changed":false,"footnotes":""},"class_list":["post-16746","page","type-page","status-publish","has-post-thumbnail","hentry"],"acf":[],"_links":{"self":[{"href":"https:\/\/www.cca-acc.com\/fr\/wp-json\/wp\/v2\/pages\/16746","targetHints":{"allow":["GET"]}}],"collection":[{"href":"https:\/\/www.cca-acc.com\/fr\/wp-json\/wp\/v2\/pages"}],"about":[{"href":"https:\/\/www.cca-acc.com\/fr\/wp-json\/wp\/v2\/types\/page"}],"author":[{"embeddable":true,"href":"https:\/\/www.cca-acc.com\/fr\/wp-json\/wp\/v2\/users\/1"}],"replies":[{"embeddable":true,"href":"https:\/\/www.cca-acc.com\/fr\/wp-json\/wp\/v2\/comments?post=16746"}],"version-history":[{"count":16,"href":"https:\/\/www.cca-acc.com\/fr\/wp-json\/wp\/v2\/pages\/16746\/revisions"}],"predecessor-version":[{"id":77814,"href":"https:\/\/www.cca-acc.com\/fr\/wp-json\/wp\/v2\/pages\/16746\/revisions\/77814"}],"up":[{"embeddable":true,"href":"https:\/\/www.cca-acc.com\/fr\/wp-json\/wp\/v2\/pages\/16695"}],"wp:featuredmedia":[{"embeddable":true,"href":"https:\/\/www.cca-acc.com\/fr\/wp-json\/wp\/v2\/media\/42986"}],"wp:attachment":[{"href":"https:\/\/www.cca-acc.com\/fr\/wp-json\/wp\/v2\/media?parent=16746"}],"curies":[{"name":"wp","href":"https:\/\/api.w.org\/{rel}","templated":true}]}}