{"id":16873,"date":"2020-06-09T14:13:21","date_gmt":"2020-06-09T14:13:21","guid":{"rendered":"https:\/\/www.cca-acc.com\/best-practices-resources\/"},"modified":"2024-05-17T11:03:23","modified_gmt":"2024-05-17T15:03:23","slug":"services-axes-sur-les-pratiques-exemplaires","status":"publish","type":"page","link":"https:\/\/www.cca-acc.com\/fr\/services-axes-sur-les-pratiques-exemplaires\/","title":{"rendered":"Services ax\u00e9s sur les pratiques exemplaires"},"content":{"rendered":"\n<div class=\"is-layout-flow wp-block-group alignfull block-cards block-cards--white-motif\">\n\n    <div class=\"block-cards__motif\">\n    <svg xmlns=\"http:\/\/www.w3.org\/2000\/svg\" width=\"598.293\" height=\"518.136\" viewBox=\"0 0 598.293 518.136\">\n      <path d=\"M448.721,0H149.574L0,259.068,149.574,518.136H448.721L598.294,259.068Zm-.24.413L597.817,259.068,523.268,388.189,299.386.413Zm74.287,387.735H75.526L299.146.826ZM149.813.413h149.1L75.025,388.189.478,259.068ZM448.482,517.724H149.813L75.242,388.561H523.053Z\" transform=\"translate(-0.001)\" fill=\"#582c83\"\/>\n    <\/svg>\n  <\/div>\n  \n    <div class=\"container\">\n    <div class=\"col\">\n      <div class=\"block-cards__intro\"><p>Acc\u00e9dez aux plus r\u00e9cents contrats de construction normalis\u00e9s, aux guides de l\u2019industrie et aux pratiques exemplaires en mati\u00e8re de modes de r\u00e9alisation de projets et d\u2019approvisionnement. Acc\u00e9l\u00e9rez l\u2019innovation dans votre entreprise gr\u00e2ce \u00e0 des programmes et \u00e0 des outils qui appuient les progr\u00e8s dans la recherche et les technologies de la construction. Mettez en valeur les r\u00e9alisations de vos coll\u00e8gues gr\u00e2ce \u00e0 notre programme des prix nationaux de l\u2019ACC.<\/p>\n<\/div>\n    <\/div>\n  <\/div>\n    <div class=\"container\">\n    <div class=\"col\">\n      <div class=\"block-cards__grid block-cards__grid--2\">\n            <\/div>\n    <\/div>\n  <\/div>\n<\/div>\n\n\n<div class=\"is-layout-flow wp-block-group alignfull block-cards block-cards--grey\">\n\n  \n    <div class=\"container\">\n    <div class=\"col\">\n      <div class=\"block-cards__intro\"><h2>Comit\u00e9 canadien des documents de construction (CCDC)<\/h2>\n<\/div>\n    <\/div>\n  <\/div>\n    <div class=\"container\">\n    <div class=\"col\">\n      <div class=\"block-cards__grid block-cards__grid--2\">\n              \n<div class=\"module-cards bucket-cards  card-type-icons\">\n    <a target=\"_blank\" href=\"https:\/\/www.ccdc.org\/fr\/\"><\/a>    <div class=\"bucket-cards-inner\">\n\n            <div class=\"bucket-cards-icon\">\n        <img decoding=\"async\" src=\"https:\/\/www.cca-acc.com\/wp-content\/uploads\/2023\/12\/bucket-ccdc-documents.png\" alt=\"\" \/>\n      <\/div>\n      \n      <div class=\"bucket-cards-content\">\n        <div class=\"bucket-cards-content-inner\">\n          <p class=\"card-content\">Documents du CCDC&nbsp;&nbsp;&nbsp;&nbsp;<span class=\"card-content-arrow\"><\/span><\/p>\n                    <p class=\"card-description\">R\u00e9duisez vos risques, b\u00e2tissez des relations de confiance et simplifiez les soumissions et les appels d\u2019offres gr\u00e2ce aux contrats de construction normalis\u00e9s, aux guides et aux formulaires du CCDC. <\/p>\n                          \n                <\/div>\n\n    <\/div>\n  <\/div>\n<\/div>              \n<div class=\"module-cards bucket-cards  card-type-icons\">\n    <a target=\"_blank\" href=\" https:\/\/www.ccdc.org\/fr\/nouvelles-et-evenements\/\"><\/a>    <div class=\"bucket-cards-inner\">\n\n            <div class=\"bucket-cards-icon\">\n        <img decoding=\"async\" src=\"https:\/\/www.cca-acc.com\/wp-content\/uploads\/2023\/12\/bucket-industry-resources-tools-webinars.png\" alt=\"\" \/>\n      <\/div>\n      \n      <div class=\"bucket-cards-content\">\n        <div class=\"bucket-cards-content-inner\">\n          <p class=\"card-content\">Webinaires sur les documents du CCDC&nbsp;&nbsp;&nbsp;&nbsp;<span class=\"card-content-arrow\"><\/span><\/p>\n                    <p class=\"card-description\">Consultez nos webinaires, qui sont anim\u00e9s par des experts en la mati\u00e8re, afin d\u2019approfondir vos connaissances sur les contrats de construction normalis\u00e9s et les guides de l\u2019industrie. <\/p>\n                          \n                <\/div>\n\n    <\/div>\n  <\/div>\n<\/div>            <\/div>\n    <\/div>\n  <\/div>\n<\/div>\n\n\n<div class=\"is-layout-flow wp-block-group alignfull block-cta block-cta--purple\">\n\n  \n  <div class=\"wp-block-group__inner-container\">\n    <p class=\"text-center\">Abonnez-vous aux mises \u00e0 jour du CCDC<\/p>\n    <div class=\"button_center\"><a class=\"btn-white outlined\" href=\"https:\/\/cca-acc.us6.list-manage.com\/subscribe?u=d4a3ed65a1&#038;id=7d40402215\">S&#8217;inscrire \u00e0 la liste de diffusion<\/a><\/div>\n  <\/div>\n<\/div>\n\n\n<div class=\"is-layout-flow wp-block-group alignfull block-cards block-cards--grey\">\n\n  \n    <div class=\"container\">\n    <div class=\"col\">\n      <div class=\"block-cards__intro\"><h2>Documents normalis\u00e9s de l\u2019ACC<\/h2>\n<p>&nbsp;<\/p>\n<\/div>\n    <\/div>\n  <\/div>\n    <div class=\"container\">\n    <div class=\"col\">\n      <div class=\"block-cards__grid block-cards__grid--2\">\n              \n<div class=\"module-cards bucket-cards  card-type-icons\">\n    <a target=\"\" href=\"https:\/\/www.cca-acc.com\/fr\/services-axes-sur-les-pratiques-exemplaires\/documents-de-lacc\/documents-normalises\/\"><\/a>    <div class=\"bucket-cards-inner\">\n\n            <div class=\"bucket-cards-icon\">\n        <img decoding=\"async\" src=\"https:\/\/www.cca-acc.com\/wp-content\/uploads\/2023\/12\/bucket-ccdc-documents.png\" alt=\"\" \/>\n      <\/div>\n      \n      <div class=\"bucket-cards-content\">\n        <div class=\"bucket-cards-content-inner\">\n          <p class=\"card-content\">Documents normalis\u00e9s de l\u2019ACC&nbsp;&nbsp;&nbsp;&nbsp;<span class=\"card-content-arrow\"><\/span><\/p>\n                    <p class=\"card-description\">Vous avez besoin du document ACC 1 &#8211; 2021 pour votre prochain projet? Cr\u00e9\u00e9s par des entrepreneurs g\u00e9n\u00e9raux et sp\u00e9cialis\u00e9s, ce document ainsi que les autres documents normalis\u00e9s de l\u2019ACC sont con\u00e7us pour \u00eatre utilis\u00e9s de concert avec les contrats du CCDC. <\/p>\n                          \n                <\/div>\n\n    <\/div>\n  <\/div>\n<\/div>            <\/div>\n    <\/div>\n  <\/div>\n<\/div>\n\n\n<div class=\"is-layout-flow wp-block-group alignfull block-cards block-cards--white\">\n\n  \n    <div class=\"container\">\n    <div class=\"col\">\n      <div class=\"block-cards__intro\"><h2>Publications g\u00e9n\u00e9rales de l\u2019ACC<\/h2>\n<\/div>\n    <\/div>\n  <\/div>\n    <div class=\"container\">\n    <div class=\"col\">\n      <div class=\"block-cards__grid block-cards__grid--3\">\n              \n<div class=\"module-cards bucket-cards card-grey card-type-text\">\n    <a target=\"_blank\" href=\"\/wp-content\/uploads\/2023\/08\/Quarterly-insights-Q2-2023-FR.pdf\"><\/a>    <div class=\"bucket-cards-inner\">\n\n      \n      <div class=\"bucket-cards-content\">\n        <div class=\"bucket-cards-content-inner\">\n          <p class=\"card-content\">Analyse trimestrielle du secteur de la construction ICITC &nbsp;&nbsp;&nbsp;&nbsp;<span class=\"card-content-arrow\"><\/span><\/p>\n                          \n                <\/div>\n\n    <\/div>\n  <\/div>\n<\/div>              \n<div class=\"module-cards bucket-cards card-grey card-type-text\">\n    <a target=\"_blank\" href=\"\/wp-content\/uploads\/2021\/03\/Force-r%C3%A9silience-et-durabilit%C3%A9-FR.pdf\"><\/a>    <div class=\"bucket-cards-inner\">\n\n      \n      <div class=\"bucket-cards-content\">\n        <div class=\"bucket-cards-content-inner\">\n          <p class=\"card-content\">Force, r\u00e9silience et durabilit\u00e9 : Recommandations du secteur de la construction du Canada sur les mesures d\u2019adaptation au changement climatique&nbsp;&nbsp;&nbsp;&nbsp;<span class=\"card-content-arrow\"><\/span><\/p>\n                          \n                <\/div>\n\n    <\/div>\n  <\/div>\n<\/div>              \n<div class=\"module-cards bucket-cards card-grey card-type-text\">\n    <a target=\"_blank\" href=\"\/wp-content\/uploads\/2023\/01\/Insight-report-Jan23-FR.pdf\"><\/a>    <div class=\"bucket-cards-inner\">\n\n      \n      <div class=\"bucket-cards-content\">\n        <div class=\"bucket-cards-content-inner\">\n          <p class=\"card-content\">Sous la loupe : l\u2019innovation et la R&#038;D dans le secteur de la construction&nbsp;&nbsp;&nbsp;&nbsp;<span class=\"card-content-arrow\"><\/span><\/p>\n                          \n                <\/div>\n\n    <\/div>\n  <\/div>\n<\/div>            <\/div>\n    <\/div>\n  <\/div>\n<\/div>\n\n\n<div class=\"is-layout-flow wp-block-group alignfull block-cta block-cta--purple\">\n\n  \n  <div class=\"wp-block-group__inner-container\">\n    <p class=\"text-center\">Voir toutes nos publications<\/p>\n    <div class=\"button_center\"><a class=\"btn-white outlined\" href=\"\/fr\/services-axes-sur-les-pratiques-exemplaires\/documents-de-lacc\/general-publications\/\">En savoir plus<\/a><\/div>\n  <\/div>\n<\/div>\n\n\n<div class=\"is-layout-flow wp-block-group alignfull block-cards block-cards--white\">\n\n  \n    <div class=\"container\">\n    <div class=\"col\">\n      <div class=\"block-cards__intro\"><h2>C\u00e9l\u00e9brer les r\u00e9alisations de l\u2019industrie<\/h2>\n<p>&nbsp;<\/p>\n<\/div>\n    <\/div>\n  <\/div>\n    <div class=\"container\">\n    <div class=\"col\">\n      <div class=\"block-cards__grid block-cards__grid--3\">\n              \n<div class=\"module-cards bucket-cards card-grey card-type-images\">\n    <a target=\"\" href=\"\/fr\/excellence-de-la-main-doeuvre\/prix-nationaux-de-lacc\/\"><\/a>    <div class=\"bucket-cards-inner\">\n\n            <div class=\"bucket-cards-image\">\n        <img decoding=\"async\" src=\"https:\/\/www.cca-acc.com\/wp-content\/uploads\/2023\/12\/bucket_cca-national-awards.jpg\" alt=\"\" \/>\n      <\/div>\n      \n      <div class=\"bucket-cards-content\">\n        <div class=\"bucket-cards-content-inner\">\n          <p class=\"card-content\">Prix nationaux de l\u2019ACC<\/p>\n                    <p class=\"card-description\">Reconna\u00eetre les meilleurs et les plus brillants de l\u2019industrie canadienne de la construction. <\/p>\n                          \n                <\/div>\n\n    <\/div>\n  <\/div>\n<\/div>              \n<div class=\"module-cards bucket-cards card-grey card-type-images\">\n    <a target=\"\" href=\"\/fr\/excellence-de-la-main-doeuvre\/cca-national-awards\/rencontrez-les-laureats-de-2023\/\"><\/a>    <div class=\"bucket-cards-inner\">\n\n            <div class=\"bucket-cards-image\">\n        <img decoding=\"async\" src=\"https:\/\/www.cca-acc.com\/wp-content\/uploads\/2023\/12\/bucket_2023-recipients.jpg\" alt=\"\" \/>\n      <\/div>\n      \n      <div class=\"bucket-cards-content\">\n        <div class=\"bucket-cards-content-inner\">\n          <p class=\"card-content\">Rencontrez nos laur\u00e9ats de 2023<\/p>\n                    <p class=\"card-description\">Les laur\u00e9ats de cette ann\u00e9e refl\u00e8tent les r\u00e9alisations exceptionnelles dans l\u2019industrie de la construction. <\/p>\n                          \n                <\/div>\n\n    <\/div>\n  <\/div>\n<\/div>              \n<div class=\"module-cards bucket-cards card-grey card-type-images\">\n    <a target=\"\" href=\"\/fr\/excellence-de-la-main-doeuvre\/prix-nationaux-de-lacc\/#nominations\"><\/a>    <div class=\"bucket-cards-inner\">\n\n            <div class=\"bucket-cards-image\">\n        <img decoding=\"async\" src=\"https:\/\/www.cca-acc.com\/wp-content\/uploads\/2023\/12\/bucket_submit-nominations.jpg\" alt=\"\" \/>\n      <\/div>\n      \n      <div class=\"bucket-cards-content\">\n        <div class=\"bucket-cards-content-inner\">\n          <p class=\"card-content\">Soumettez votre candidature <\/p>\n                    <p class=\"card-description\">L\u2019appel de candidatures sera lanc\u00e9 cet \u00e9t\u00e9!<\/p>\n                          \n                <\/div>\n\n    <\/div>\n  <\/div>\n<\/div>            <\/div>\n    <\/div>\n  <\/div>\n<\/div>\n\n\n<div class=\"is-layout-flow wp-block-group alignfull block-cards block-cards--grey\">\n\n  \n    <div class=\"container\">\n    <div class=\"col\">\n      <div class=\"block-cards__intro\"><h2>Appuyer l\u2019innovation dans le secteur de la construction<\/h2>\n<\/div>\n    <\/div>\n  <\/div>\n    <div class=\"container\">\n    <div class=\"col\">\n      <div class=\"block-cards__grid block-cards__grid--3\">\n              \n<div class=\"module-cards bucket-cards  card-type-images\">\n    <a target=\"\" href=\"\/fr\/services-axes-sur-les-pratiques-exemplaires\/contact-mentorship-program\/\"><\/a>    <div class=\"bucket-cards-inner\">\n\n            <div class=\"bucket-cards-image\">\n        <img decoding=\"async\" src=\"https:\/\/www.cca-acc.com\/wp-content\/uploads\/2023\/12\/bucket_contact-membership-program.jpg\" alt=\"\" \/>\n      <\/div>\n      \n      <div class=\"bucket-cards-content\">\n        <div class=\"bucket-cards-content-inner\">\n          <p class=\"card-content\">Programme de mentorat CONtact <\/p>\n                    <p class=\"card-description\">Tirez avantage des connaissances de chefs de file chevronn\u00e9s pour vous aider \u00e0 optimiser votre produit et transformer le secteur de la construction.<\/p>\n                          \n                <\/div>\n\n    <\/div>\n  <\/div>\n<\/div>              \n<div class=\"module-cards bucket-cards  card-type-images\">\n    <a target=\"\" href=\"\/construction-rd-portal\/\"><\/a>    <div class=\"bucket-cards-inner\">\n\n            <div class=\"bucket-cards-image\">\n        <img decoding=\"async\" src=\"https:\/\/www.cca-acc.com\/wp-content\/uploads\/2023\/12\/bucket_rd-portal.jpg\" alt=\"\" \/>\n      <\/div>\n      \n      <div class=\"bucket-cards-content\">\n        <div class=\"bucket-cards-content-inner\">\n          <p class=\"card-content\">Portail R&#038;D en construction <\/p>\n                    <p class=\"card-description\">Tirez parti de renseignements sans pr\u00e9c\u00e9dent sur les projets de recherche de classe mondiale qui font progresser la construction au Canada.<\/p>\n                          \n                <\/div>\n\n    <\/div>\n  <\/div>\n<\/div>              \n<div class=\"module-cards bucket-cards  card-type-images\">\n    <a target=\"_blank\" href=\"https:\/\/kpmg.com\/ca\/fr\/home\/insights\/2023\/05\/cue-construction-make-or-break-time.html\"><\/a>    <div class=\"bucket-cards-inner\">\n\n            <div class=\"bucket-cards-image\">\n        <img decoding=\"async\" src=\"https:\/\/www.cca-acc.com\/wp-content\/uploads\/2024\/01\/kpmg_thumb_fr.jpg\" alt=\"\" \/>\n      <\/div>\n      \n      <div class=\"bucket-cards-content\">\n        <div class=\"bucket-cards-content-inner\">\n          <p class=\"card-content\">Rapport de l\u2019ACC et de KPMG au Canada<\/p>\n                    <p class=\"card-description\">Un examen approfondi de l\u2019adoption des technologies au Canada <\/p>\n                          \n                <\/div>\n\n    <\/div>\n  <\/div>\n<\/div>            <\/div>\n    <\/div>\n  <\/div>\n<\/div>\n\n\n<div class=\"is-layout-flow wp-block-group alignfull block-cards block-cards--white\">\n\n  \n    <div class=\"container\">\n    <div class=\"col\">\n      <div class=\"block-cards__intro\"><h2>Ressources \u00e0 l\u2019intention de l\u2019industrie<\/h2>\n<\/div>\n    <\/div>\n  <\/div>\n    <div class=\"container\">\n    <div class=\"col\">\n      <div class=\"block-cards__grid block-cards__grid--3\">\n              \n<div class=\"module-cards bucket-cards card-grey card-type-icons\">\n    <a target=\"\" href=\"https:\/\/www.cca-acc.com\/fr\/services-axes-sur-les-pratiques-exemplaires\/lisez-votre-contrat-de-construction\/\"><\/a>    <div class=\"bucket-cards-inner\">\n\n            <div class=\"bucket-cards-icon\">\n        <img decoding=\"async\" src=\"https:\/\/www.cca-acc.com\/wp-content\/uploads\/2023\/12\/bucket-ccdc-documents.png\" alt=\"\" \/>\n      <\/div>\n      \n      <div class=\"bucket-cards-content\">\n        <div class=\"bucket-cards-content-inner\">\n          <p class=\"card-content\">Lisez votre contrat de construction&nbsp;&nbsp;&nbsp;&nbsp;<span class=\"card-content-arrow\"><\/span><\/p>\n                    <p class=\"card-description\">R\u00e9duisez vos risques! Une s\u00e9rie de webinaires en cinq volets pour vous aider \u00e0 d\u00e9construire et d\u00e9coder le jargon juridique des documents de construction.<\/p>\n                          \n                <\/div>\n\n    <\/div>\n  <\/div>\n<\/div>              \n<div class=\"module-cards bucket-cards card-grey card-type-icons\">\n    <a target=\"_blank\" href=\"\/fr\/programme-de-formation-sur-les-faibles-emissions-de-carbone-pour-les-professionnels-de-la-construction\/\"><\/a>    <div class=\"bucket-cards-inner\">\n\n            <div class=\"bucket-cards-icon\">\n        <img decoding=\"async\" src=\"https:\/\/www.cca-acc.com\/wp-content\/uploads\/2024\/02\/bucket-cca-program.png\" alt=\"\" \/>\n      <\/div>\n      \n      <div class=\"bucket-cards-content\">\n        <div class=\"bucket-cards-content-inner\">\n          <p class=\"card-content\">Programme de formation sur la r\u00e9duction des \u00e9missions de carbone&nbsp;&nbsp;&nbsp;&nbsp;<span class=\"card-content-arrow\"><\/span><\/p>\n                    <p class=\"card-description\">Dates de formation disponibles pour prot\u00e9ger notre environnement et r\u00e9duire les effets du changement climatique, le gouvernement du Canada s\u2019est engag\u00e9 \u00e0.<\/p>\n                          \n                <\/div>\n\n    <\/div>\n  <\/div>\n<\/div>              \n<div class=\"module-cards bucket-cards card-grey card-type-icons\">\n    <a target=\"\" href=\"https:\/\/www.cca-acc.com\/fr\/services-axes-sur-les-pratiques-exemplaires\/outils\/\"><\/a>    <div class=\"bucket-cards-inner\">\n\n            <div class=\"bucket-cards-icon\">\n        <img decoding=\"async\" src=\"https:\/\/www.cca-acc.com\/wp-content\/uploads\/2023\/12\/bucket-industry-resources-tools.png\" alt=\"\" \/>\n      <\/div>\n      \n      <div class=\"bucket-cards-content\">\n        <div class=\"bucket-cards-content-inner\">\n          <p class=\"card-content\">Outils&nbsp;&nbsp;&nbsp;&nbsp;<span class=\"card-content-arrow\"><\/span><\/p>\n                    <p class=\"card-description\">D\u00e9couvrez une foule de concepts et de techniques en consultant nos documents recommand\u00e9s, des livres blancs et le glossaire LEAN. <\/p>\n                          \n                <\/div>\n\n    <\/div>\n  <\/div>\n<\/div>            <\/div>\n    <\/div>\n  <\/div>\n<\/div>\n\n\n<div class=\"is-layout-flow wp-block-group alignfull block-cta block-cta--purple\">\n\n  \n  <div class=\"wp-block-group__inner-container\">\n    <p class=\"text-center\">Consultez nos webinaires pr\u00e9c\u00e9dents<\/p>\n    <div class=\"button_center\"><a class=\"btn-white outlined\" href=\"\/fr\/evenements\/webinaires-connecte\/enregistrements-des-webinaires-precedents\/\">Regarder<\/a><\/div>\n  <\/div>\n<\/div>\n\n\n<div class=\"is-layout-flow wp-block-group alignfull block-cards block-cards--grey-motif\">\n\n    <div class=\"block-cards__motif\">\n    <svg xmlns=\"http:\/\/www.w3.org\/2000\/svg\" width=\"598.293\" height=\"518.136\" viewBox=\"0 0 598.293 518.136\">\n      <path d=\"M448.721,0H149.574L0,259.068,149.574,518.136H448.721L598.294,259.068Zm-.24.413L597.817,259.068,523.268,388.189,299.386.413Zm74.287,387.735H75.526L299.146.826ZM149.813.413h149.1L75.025,388.189.478,259.068ZM448.482,517.724H149.813L75.242,388.561H523.053Z\" transform=\"translate(-0.001)\" fill=\"#582c83\"\/>\n    <\/svg>\n  <\/div>\n  \n    <div class=\"container\">\n    <div class=\"col\">\n      <div class=\"block-cards__grid block-cards__grid--2\">\n              \n<div class=\"module-cards bucket-cards  card-type-text\">\n    <a target=\"\" href=\"https:\/\/www.cca-acc.com\/fr\/excellence-de-la-main-doeuvre\/diversity-and-inclusion-a-call-to-action\/\"><\/a>    <div class=\"bucket-cards-inner\">\n\n      \n      <div class=\"bucket-cards-content\">\n        <div class=\"bucket-cards-content-inner\">\n          <p class=\"card-content\">Promouvoir la diversit\u00e9 et l\u2019inclusion&nbsp;&nbsp;&nbsp;&nbsp;<span class=\"card-content-arrow\"><\/span><\/p>\n                    <p class=\"card-description\">D\u00e9couvrez comment la promotion de la diversit\u00e9 et de l\u2019inclusion dans votre entreprise peut vous offrir des avantages, notamment l\u2019am\u00e9lioration de l\u2019innovation, de la collaboration, de la productivit\u00e9 et de votre r\u00e9putation.  <\/p>\n                          \n                <\/div>\n\n    <\/div>\n  <\/div>\n<\/div>              \n<div class=\"module-cards bucket-cards  card-type-text\">\n    <a target=\"\" href=\"\/c101\/\"><\/a>    <div class=\"bucket-cards-inner\">\n\n      \n      <div class=\"bucket-cards-content\">\n        <div class=\"bucket-cards-content-inner\">\n          <p class=\"card-content\">Construction 101 et au-del\u00e0 &nbsp;&nbsp;&nbsp;&nbsp;<span class=\"card-content-arrow\"><\/span><\/p>\n                    <p class=\"card-description\">Vous \u00eates nouveau dans l\u2019industrie ou vous voulez en savoir plus sur la construction? Ce cours vous offre une introduction compl\u00e8te \u00e0 l\u2019industrie canadienne de la construction. <\/p>\n                          \n                <\/div>\n\n    <\/div>\n  <\/div>\n<\/div>            <\/div>\n    <\/div>\n  <\/div>\n<\/div>","protected":false},"excerpt":{"rendered":"","protected":false},"author":1,"featured_media":46852,"parent":0,"menu_order":0,"comment_status":"closed","ping_status":"closed","template":"","meta":{"_acf_changed":false,"footnotes":""},"class_list":["post-16873","page","type-page","status-publish","has-post-thumbnail","hentry"],"acf":[],"_links":{"self":[{"href":"https:\/\/www.cca-acc.com\/fr\/wp-json\/wp\/v2\/pages\/16873","targetHints":{"allow":["GET"]}}],"collection":[{"href":"https:\/\/www.cca-acc.com\/fr\/wp-json\/wp\/v2\/pages"}],"about":[{"href":"https:\/\/www.cca-acc.com\/fr\/wp-json\/wp\/v2\/types\/page"}],"author":[{"embeddable":true,"href":"https:\/\/www.cca-acc.com\/fr\/wp-json\/wp\/v2\/users\/1"}],"replies":[{"embeddable":true,"href":"https:\/\/www.cca-acc.com\/fr\/wp-json\/wp\/v2\/comments?post=16873"}],"version-history":[{"count":57,"href":"https:\/\/www.cca-acc.com\/fr\/wp-json\/wp\/v2\/pages\/16873\/revisions"}],"predecessor-version":[{"id":52773,"href":"https:\/\/www.cca-acc.com\/fr\/wp-json\/wp\/v2\/pages\/16873\/revisions\/52773"}],"wp:featuredmedia":[{"embeddable":true,"href":"https:\/\/www.cca-acc.com\/fr\/wp-json\/wp\/v2\/media\/46852"}],"wp:attachment":[{"href":"https:\/\/www.cca-acc.com\/fr\/wp-json\/wp\/v2\/media?parent=16873"}],"curies":[{"name":"wp","href":"https:\/\/api.w.org\/{rel}","templated":true}]}}