{"id":16900,"date":"2020-06-09T14:19:07","date_gmt":"2020-06-09T14:19:07","guid":{"rendered":"https:\/\/www.cca-acc.com\/services-axes-sur-les-pratiques-exemplaires\/institut-canadien-de-design-construction\/prix\/terms-of-reference\/"},"modified":"2022-04-27T09:36:45","modified_gmt":"2022-04-27T13:36:45","slug":"terms-of-reference","status":"publish","type":"page","link":"https:\/\/www.cca-acc.com\/fr\/services-axes-sur-les-pratiques-exemplaires\/institut-canadien-de-design-construction\/prix\/terms-of-reference\/","title":{"rendered":"Conditions"},"content":{"rendered":"\n<h2 class=\"wp-block-heading\">Conditions : Prix d\u2019excellence en design-construction de l\u2019ICDC<\/h2>\n\n\n\n<p>Depuis 2002, l\u2019ICDC d\u00e9cerne des prix d\u2019excellence pour souligner l\u2019excellence dans le secteur canadien du design-construction. Les dossiers de candidature peuvent \u00eatre pr\u00e9sent\u00e9s par des professionnels et, chaque ann\u00e9e, l\u2019ICDC s\u00e9lectionne un projet de design-construction qui recevra le prix d\u2019excellence, lequel est pr\u00e9sent\u00e9 lors de la conf\u00e9rence annuelle de l\u2019ICDC.<\/p>\n\n\n\n<p>Les dossiers de candidatures doivent \u00eatre re\u00e7us \u00e0 l\u2019ICDC au plus tard le 31 mai pour \u00eatre pris en consid\u00e9ration.<\/p>\n\n\n\n<ul class=\"wp-block-list\"><li>Le prix d\u2019excellence en design-construction est d\u00e9cern\u00e9 chaque ann\u00e9e par l\u2019Institut canadien de design-construction (ICDC) \u00e0 un projet canadien de design-construction r\u00e9alis\u00e9 au cours des cinq derni\u00e8res ann\u00e9es.<\/li><li>Les dossiers de candidature pour le prix d&#8217;excellence en design-construction peuvent \u00eatre pr\u00e9sent\u00e9s par les membres de l&#8217;\u00e9quipe impliqu\u00e9s dans le projet.<\/li><li>Les candidatures sont \u00e9valu\u00e9es en fonction des crit\u00e8res d&#8217;\u00e9valuation \u00e9tablis. La taille du projet n&#8217;est pas un facteur, et les candidatures de projets de toutes tailles sont encourag\u00e9es.<\/li><li>Le laur\u00e9at du prix sera choisi \u00e0 la discr\u00e9tion de l\u2019ICDC. La d\u00e9cision de l\u2019ICDC est d\u00e9finitive et ne peut \u00eatre port\u00e9e en appel. Si, de l\u2019avis de l\u2019ICDC, aucune candidature appropri\u00e9e n&#8217;est re\u00e7ue, l\u2019ICDC a le droit de ne pas s\u00e9lectionner de laur\u00e9at.<\/li><\/ul>\n\n\n\n<p>Les candidatures sont maintenant accept\u00e9es. Ils peuvent \u00eatre envoy\u00e9s par courriel \u00e0\u00a0<a href=\"mailto:jdevries@cca-acc.com\" target=\"_blank\" rel=\"noreferrer noopener\">jdevries@cca-acc.com<\/a>.<\/p>\n","protected":false},"excerpt":{"rendered":"<p>Conditions : Prix d\u2019excellence en design-construction de l\u2019ICDC Depuis 2002, l\u2019ICDC d\u00e9cerne des prix d\u2019excellence pour souligner l\u2019excellence dans le secteur canadien du design-construction. Les dossiers de candidature peuvent \u00eatre pr\u00e9sent\u00e9s par des professionnels et, chaque ann\u00e9e, l\u2019ICDC s\u00e9lectionne un projet de design-construction qui recevra le prix d\u2019excellence, lequel est pr\u00e9sent\u00e9 lors de la conf\u00e9rence [&hellip;]<\/p>\n","protected":false},"author":1,"featured_media":0,"parent":16898,"menu_order":0,"comment_status":"closed","ping_status":"closed","template":"","meta":{"_acf_changed":false,"footnotes":""},"class_list":["post-16900","page","type-page","status-publish","hentry"],"acf":[],"_links":{"self":[{"href":"https:\/\/www.cca-acc.com\/fr\/wp-json\/wp\/v2\/pages\/16900","targetHints":{"allow":["GET"]}}],"collection":[{"href":"https:\/\/www.cca-acc.com\/fr\/wp-json\/wp\/v2\/pages"}],"about":[{"href":"https:\/\/www.cca-acc.com\/fr\/wp-json\/wp\/v2\/types\/page"}],"author":[{"embeddable":true,"href":"https:\/\/www.cca-acc.com\/fr\/wp-json\/wp\/v2\/users\/1"}],"replies":[{"embeddable":true,"href":"https:\/\/www.cca-acc.com\/fr\/wp-json\/wp\/v2\/comments?post=16900"}],"version-history":[{"count":0,"href":"https:\/\/www.cca-acc.com\/fr\/wp-json\/wp\/v2\/pages\/16900\/revisions"}],"up":[{"embeddable":true,"href":"https:\/\/www.cca-acc.com\/fr\/wp-json\/wp\/v2\/pages\/16898"}],"wp:attachment":[{"href":"https:\/\/www.cca-acc.com\/fr\/wp-json\/wp\/v2\/media?parent=16900"}],"curies":[{"name":"wp","href":"https:\/\/api.w.org\/{rel}","templated":true}]}}