{"id":16905,"date":"2020-06-09T14:19:41","date_gmt":"2020-06-09T14:19:41","guid":{"rendered":"https:\/\/www.cca-acc.com\/services-axes-sur-les-pratiques-exemplaires\/institut-canadien-de-design-construction\/prix\/judging-criteria\/"},"modified":"2021-04-14T16:59:51","modified_gmt":"2021-04-14T20:59:51","slug":"criteres-devaluation","status":"publish","type":"page","link":"https:\/\/www.cca-acc.com\/fr\/services-axes-sur-les-pratiques-exemplaires\/institut-canadien-de-design-construction\/prix\/criteres-devaluation\/","title":{"rendered":"Crit\u00e8res d\u2019\u00e9valuation"},"content":{"rendered":"\n<p>Les dossiers de candidature seront \u00e9valu\u00e9s principalement en tenant compte du succ\u00e8s obtenu dans l\u2019atteinte des objectifs du projet du ma\u00eetre d\u2019ouvrage\/utilisateur. Les dossiers de candidature seront \u00e9galement \u00e9valu\u00e9s en fonction du degr\u00e9 de r\u00e9ussite de la mise en \u0153uvre de pratiques exemplaires en mati\u00e8re de design-construction. Une attention particuli\u00e8re sera accord\u00e9e \u00e0 l\u2019innovation dont aura fait preuve l\u2019\u00e9quipe de conception dans le but d\u2019accro\u00eetre la valeur ajout\u00e9e du projet. Par \u00ab innovation \u00bb, on entend l\u2019utilisation de nouveaux syst\u00e8mes et processus et de nouvelles m\u00e9thodes qui r\u00e9duisent les co\u00fbts ou am\u00e9liorent l\u2019efficacit\u00e9\/la rapidit\u00e9, la s\u00e9curit\u00e9, la qualit\u00e9 et l\u2019utilisation de la technologie dans l\u2019ex\u00e9cution du projet. La qualit\u00e9 de la conception du projet est \u00e9galement importante, notamment l\u2019esth\u00e9tique, la fonctionnalit\u00e9 et le cycle de vie \u00e9tant des consid\u00e9rations cl\u00e9s.<\/p>\n\n\n\n<p>Les crit\u00e8res seront pond\u00e9r\u00e9s selon leur importance relative.<\/p>\n\n\n\n<p><strong><strong>Crit\u00e8res \u00e9tablis par le comit\u00e9 de s\u00e9lection<\/strong><\/strong> <\/p>\n\n\n\n<ul class=\"wp-block-list\"><li>Objectifs du ma\u00eetre d\u2019ouvrage\/utilisateur \/ d\u00e9lai \/ calendrier \/budget \u2013 20 %<\/li><li>Utilisation de pratiques exemplaires de design-construction \u2013 30 %<\/li><li>Innovation \u2013 30 %<\/li><li>Qualit\u00e9 de la conception \/ esth\u00e9tique \/ fonctionnalit\u00e9 \/ cycle de vie \u2013 20 %<\/li><\/ul>\n\n\n\n<p><strong><strong>M\u00e9thode de pointage des candidatures<\/strong><\/strong><\/p>\n\n\n\n<p>Les membres du comit\u00e9 de s\u00e9lection examineront tous dossiers de candidature en tenant compte des crit\u00e8res \u00e9tablis et accorderont un pointage selon une \u00e9chelle de 1 \u00e0 5 qui correspond \u00e0 ce qui suit :<br>1 \u2013 non adress\u00e9<br>2 \u2013 adress\u00e9 en partie<br>3 \u2013 ad\u00e9quat<br>4 \u2013 tr\u00e8s bon<br>5 \u2013 excellent<\/p>\n","protected":false},"excerpt":{"rendered":"<p>Les dossiers de candidature seront \u00e9valu\u00e9s principalement en tenant compte du succ\u00e8s obtenu dans l\u2019atteinte des objectifs du projet du ma\u00eetre d\u2019ouvrage\/utilisateur. Les dossiers de candidature seront \u00e9galement \u00e9valu\u00e9s en fonction du degr\u00e9 de r\u00e9ussite de la mise en \u0153uvre de pratiques exemplaires en mati\u00e8re de design-construction. Une attention particuli\u00e8re sera accord\u00e9e \u00e0 l\u2019innovation dont [&hellip;]<\/p>\n","protected":false},"author":1,"featured_media":0,"parent":16898,"menu_order":2,"comment_status":"closed","ping_status":"closed","template":"","meta":{"_acf_changed":false,"footnotes":""},"class_list":["post-16905","page","type-page","status-publish","hentry"],"acf":[],"_links":{"self":[{"href":"https:\/\/www.cca-acc.com\/fr\/wp-json\/wp\/v2\/pages\/16905","targetHints":{"allow":["GET"]}}],"collection":[{"href":"https:\/\/www.cca-acc.com\/fr\/wp-json\/wp\/v2\/pages"}],"about":[{"href":"https:\/\/www.cca-acc.com\/fr\/wp-json\/wp\/v2\/types\/page"}],"author":[{"embeddable":true,"href":"https:\/\/www.cca-acc.com\/fr\/wp-json\/wp\/v2\/users\/1"}],"replies":[{"embeddable":true,"href":"https:\/\/www.cca-acc.com\/fr\/wp-json\/wp\/v2\/comments?post=16905"}],"version-history":[{"count":0,"href":"https:\/\/www.cca-acc.com\/fr\/wp-json\/wp\/v2\/pages\/16905\/revisions"}],"up":[{"embeddable":true,"href":"https:\/\/www.cca-acc.com\/fr\/wp-json\/wp\/v2\/pages\/16898"}],"wp:attachment":[{"href":"https:\/\/www.cca-acc.com\/fr\/wp-json\/wp\/v2\/media?parent=16905"}],"curies":[{"name":"wp","href":"https:\/\/api.w.org\/{rel}","templated":true}]}}