{"id":16922,"date":"2020-06-09T14:24:19","date_gmt":"2020-06-09T14:24:19","guid":{"rendered":"https:\/\/www.cca-acc.com\/services-axes-sur-les-pratiques-exemplaires\/institut-de-lean-construction-du-canada\/communautes-de-pratique\/find-your-cop\/"},"modified":"2022-02-17T16:58:47","modified_gmt":"2022-02-17T21:58:47","slug":"trouvez-votre-cdp","status":"publish","type":"page","link":"https:\/\/www.cca-acc.com\/fr\/services-axes-sur-les-pratiques-exemplaires\/institut-de-lean-construction-du-canada\/communautes-de-pratique\/trouvez-votre-cdp\/","title":{"rendered":"Trouvez votre CdP"},"content":{"rendered":"\n<p>Pour en apprendre plus au sujet des communaut\u00e9s de pratique dans l\u2019ensemble du Canada, communiquez avec les responsables des CdP dont le nom figure dans la liste ci-dessous ou avec l\u2019ILCC afin de d\u00e9couvrir comment vous pouvez vous impliquer.\u202f<\/p>\n\n\n\n<figure class=\"wp-block-table\"><table><tbody><tr><td><strong>CdP<\/strong><\/td><td><strong>Responsable<\/strong><\/td><td><strong>Courriel<\/strong><\/td><td><strong>Notes<\/strong><\/td><\/tr><tr><td>Vancouver &amp; Vancouver Island<\/td><td>Ritu Ahuja<\/td><td><a href=\"mailto:barry@pittmeadows.net\"><a href=\"mailto:rahuja@kineticconstruction.com\">rahuja@kineticconstruction.com<\/a><\/a><\/td><td>Visitez Eventbrite.ca pour des d\u00e9tails sur les \u00e9v\u00e9nements.<\/td><\/tr><tr><td>Edmonton<\/td><td>Brian McEachern<\/td><td><a href=\"mailto:bkmceachern@pcl.com\">bkmceachern@pcl.com<\/a><\/td><td>&nbsp;<\/td><\/tr><tr><td>Red Deer<\/td><td>Andrew Clews<\/td><td><a href=\"mailto:andrewclews@clarkbuilders.com\">andrewclews@clarkbuilders.com<\/a><\/td><td>&nbsp;<\/td><\/tr><tr><td>Calgary<\/td><td>&nbsp;<\/td><td>&nbsp;<\/td><td><a href=\"https:\/\/cgyca.com\/about\/committees\/lean-community-of-practice-committee\/\">https:\/\/cgyca.com\/about\/committees\/lean-community-of-practice-committee\/<\/a><\/td><\/tr><tr><td>Regina<\/td><td>Kelly Waldall<\/td><td><a href=\"mailto:Kelly.waldall@uregina.ca\">Kelly.waldall@uregina.ca<\/a><\/td><td>&nbsp;<\/td><\/tr><tr><td>Saskatoon<\/td><td>Ron Cruikshank<\/td><td><a href=\"mailto:ronc@shift2lean.ca\">ronc@shift2lean.ca<\/a><\/td><td><a href=\"http:\/\/enviro-integration.teachable.com\/p\/the-necessary-culture-for-soaring-performance\/\" target=\"_blank\" rel=\"noreferrer noopener\">Inscrivez-vous \u00e0 un webinaire gratuit intitul\u00e9 <em>The Necessary Culture for Soaring Performance<\/em><\/a><\/td><\/tr><tr><td>Winnipeg<\/td><td>Nick Bockstael et Jeff Penner<\/td><td><a href=\"mailto:nbockstael@bockstael.com\">nbockstael@bockstael.com<\/a>, <a href=\"mailto:jeffpe@graham.ca\">jeffpe@graham.ca<\/a><\/td><td>&nbsp;<\/td><\/tr><tr><td>Toronto<\/td><td>Vivek Hariharan<\/td><td><a href=\"mailto:nealp@graham.ca\"><\/a><a href=\"mailto:vhariharan@tcco.com\">vhariharan@tcco.com<\/a><\/td><td><\/td><\/tr><tr><td>Qu\u00e9bec<\/td><td>Jean-Marc Legentil<\/td><td><a href=\"mailto:Jean-marc.legentil@bell-nordic.com\">Jean-marc.legentil@bell-nordic.com<\/a><\/td><td>&nbsp;<\/td><\/tr><tr><td>Nouvelle-\u00c9cosse<\/td><td>Chantal Arsenault<\/td><td><a href=\"mailto:carsenault@cans.ns.ca\">carsenault@cans.ns.ca<\/a><\/td><td>&nbsp;<\/td><\/tr><\/tbody><\/table><\/figure>\n\n\n\n<h3 class=\"wp-block-heading\">CoP in your area<\/h3>\n\n\n<p>[wpgmza id=&#8221;3&#8243;]<\/p>\n","protected":false},"excerpt":{"rendered":"<p>Pour en apprendre plus au sujet des communaut\u00e9s de pratique dans l\u2019ensemble du Canada, communiquez avec les responsables des CdP dont le nom figure dans la liste ci-dessous ou avec l\u2019ILCC afin de d\u00e9couvrir comment vous pouvez vous impliquer.\u202f CdP Responsable Courriel Notes Vancouver &amp; Vancouver Island Ritu Ahuja rahuja@kineticconstruction.com Visitez Eventbrite.ca pour des d\u00e9tails [&hellip;]<\/p>\n","protected":false},"author":1,"featured_media":0,"parent":16920,"menu_order":0,"comment_status":"closed","ping_status":"closed","template":"","meta":{"_acf_changed":false,"footnotes":""},"class_list":["post-16922","page","type-page","status-publish","hentry"],"acf":[],"_links":{"self":[{"href":"https:\/\/www.cca-acc.com\/fr\/wp-json\/wp\/v2\/pages\/16922","targetHints":{"allow":["GET"]}}],"collection":[{"href":"https:\/\/www.cca-acc.com\/fr\/wp-json\/wp\/v2\/pages"}],"about":[{"href":"https:\/\/www.cca-acc.com\/fr\/wp-json\/wp\/v2\/types\/page"}],"author":[{"embeddable":true,"href":"https:\/\/www.cca-acc.com\/fr\/wp-json\/wp\/v2\/users\/1"}],"replies":[{"embeddable":true,"href":"https:\/\/www.cca-acc.com\/fr\/wp-json\/wp\/v2\/comments?post=16922"}],"version-history":[{"count":0,"href":"https:\/\/www.cca-acc.com\/fr\/wp-json\/wp\/v2\/pages\/16922\/revisions"}],"up":[{"embeddable":true,"href":"https:\/\/www.cca-acc.com\/fr\/wp-json\/wp\/v2\/pages\/16920"}],"wp:attachment":[{"href":"https:\/\/www.cca-acc.com\/fr\/wp-json\/wp\/v2\/media?parent=16922"}],"curies":[{"name":"wp","href":"https:\/\/api.w.org\/{rel}","templated":true}]}}