{"id":16924,"date":"2020-06-09T14:24:40","date_gmt":"2020-06-09T14:24:40","guid":{"rendered":"https:\/\/www.cca-acc.com\/services-axes-sur-les-pratiques-exemplaires\/institut-de-lean-construction-du-canada\/communautes-de-pratique\/resources-for-cop\/"},"modified":"2021-08-04T14:57:07","modified_gmt":"2021-08-04T18:57:07","slug":"ressources-pour-les-cdp","status":"publish","type":"page","link":"https:\/\/www.cca-acc.com\/fr\/services-axes-sur-les-pratiques-exemplaires\/institut-de-lean-construction-du-canada\/communautes-de-pratique\/ressources-pour-les-cdp\/","title":{"rendered":"Ressources pour les CdP"},"content":{"rendered":"\n<h3 class=\"wp-block-heading\">Articles<\/h3>\n\n\n\n<p><a href=\"https:\/\/www.lcicanada.ca\/how-we-started-a-community-of-practice\/\">How We Started a Community of Practice<\/a><\/p>\n\n\n\n<p>Par Murray Guy, MBA, P.Eng, PMP, LEED, membre individuel de l\u2019ILCC, fondateur de <a href=\"http:\/\/mguy15.wixsite.com\/lean-lab\" target=\"_blank\" rel=\"noreferrer noopener\">Lean Lab<\/a><\/p>\n\n\n\n<p><a href=\"http:\/\/dailycommercialnews.com\/en-US\/Associations\/News\/2017\/5\/Lean-and-keen-in-Saskatoon-a-Community-of-Practice-case-study-1023740W\/\">Lean and Keen in Saskatoon: A Community of Practice Case Study<\/a>, Daily Commercial News, 11 mai 2017<\/p>\n\n\n\n<h3 class=\"wp-block-heading\">D\u00e9pliant<\/h3>\n\n\n\n<p><a href=\"https:\/\/www.cca-acc.com\/wp-content\/uploads\/2021\/08\/CoP-Chapter-Handout_Template_KO-Dec62017.docx\">D\u00e9pliant d\u2019information de l\u2019ILCC<\/a><\/p>\n\n\n\n<p>(Remarque : Remplissez les sections rehauss\u00e9es en turquoise et changez la police de caract\u00e8res en noir. Pliez la fiche le long des lignes verticales grises.)<\/p>\n\n\n\n<h3 class=\"wp-block-heading\">\u00c9quipes d\u2019\u00e9tude et d\u2019action<\/h3>\n\n\n\n<p>Les <strong>\u00c9quipes d\u2019\u00e9tude et d\u2019action (Study Action Teams ou SAT)\u202f<\/strong> constituent une d\u00e9marche utile pour cr\u00e9er une nouvelle sensibilit\u00e9, une nouvelle fa\u00e7on de penser ou un \u00ab\u202fesprit commun\u202f\u00bb au sein d\u2019une \u00e9quipe de projet.<\/p>\n\n\n\n<ul class=\"wp-block-list\"><li><strong>SAT Log of Participants<\/strong> &#8211; Study Action Team Planning Log<ul><li><a href=\"https:\/\/www.cca-acc.com\/wp-content\/uploads\/2021\/08\/SAT-LOG-of-Participants.xlsx\">Afficher la ressource<\/a><\/li><\/ul><\/li><\/ul>\n\n\n\n<ul class=\"wp-block-list\"><li><strong>Instructions for SAT<\/strong> &#8211; Lean IPD &#8211; Study Action Team (SAT) by Kelowna Community of Practice<ul><li><a href=\"https:\/\/www.cca-acc.com\/wp-content\/uploads\/2021\/08\/Instructions-for-SAT.pdf\">Afficher le ressource<\/a><\/li><\/ul><\/li><\/ul>\n\n\n\n<ul class=\"wp-block-list\"><li><strong>What is SAT<\/strong> &#8211; What is a Study Action Team by Kristen Hill<ul><li><a href=\"https:\/\/www.cca-acc.com\/wp-content\/uploads\/2021\/08\/What-is-SAT-Kristen-Hill.pdf\">Afficher la ressource<\/a><\/li><\/ul><\/li><\/ul>\n\n\n\n<ul class=\"wp-block-list\"><li><strong>How to Conduct a Lean Coffee<\/strong> &#8211; Lean Coffees were created by Jim Benson and Jeremy Lightsmith<ul><li><a href=\"https:\/\/www.cca-acc.com\/wp-content\/uploads\/2021\/08\/How-to-Conduct-a-Lean-Coffee-Lean-Project-Consulting.pdf\">Afficher la ressource<\/a><\/li><\/ul><\/li><\/ul>\n\n\n\n<ul class=\"wp-block-list\"><li><strong>Opening Minds for Organizational Change<\/strong> &#8211; Christine Slivon and Hal Macomber<ul><li><a href=\"https:\/\/www.cca-acc.com\/wp-content\/uploads\/2021\/08\/Opening-Minds-for-Organizational-Change-LPC.pdf\">Afficher la ressource<\/a><\/li><\/ul><\/li><\/ul>\n","protected":false},"excerpt":{"rendered":"<p>Articles How We Started a Community of Practice Par Murray Guy, MBA, P.Eng, PMP, LEED, membre individuel de l\u2019ILCC, fondateur de Lean Lab Lean and Keen in Saskatoon: A Community of Practice Case Study, Daily Commercial News, 11 mai 2017 D\u00e9pliant D\u00e9pliant d\u2019information de l\u2019ILCC (Remarque : Remplissez les sections rehauss\u00e9es en turquoise et changez [&hellip;]<\/p>\n","protected":false},"author":1,"featured_media":0,"parent":16920,"menu_order":0,"comment_status":"closed","ping_status":"closed","template":"","meta":{"_acf_changed":false,"footnotes":""},"class_list":["post-16924","page","type-page","status-publish","hentry"],"acf":[],"_links":{"self":[{"href":"https:\/\/www.cca-acc.com\/fr\/wp-json\/wp\/v2\/pages\/16924","targetHints":{"allow":["GET"]}}],"collection":[{"href":"https:\/\/www.cca-acc.com\/fr\/wp-json\/wp\/v2\/pages"}],"about":[{"href":"https:\/\/www.cca-acc.com\/fr\/wp-json\/wp\/v2\/types\/page"}],"author":[{"embeddable":true,"href":"https:\/\/www.cca-acc.com\/fr\/wp-json\/wp\/v2\/users\/1"}],"replies":[{"embeddable":true,"href":"https:\/\/www.cca-acc.com\/fr\/wp-json\/wp\/v2\/comments?post=16924"}],"version-history":[{"count":0,"href":"https:\/\/www.cca-acc.com\/fr\/wp-json\/wp\/v2\/pages\/16924\/revisions"}],"up":[{"embeddable":true,"href":"https:\/\/www.cca-acc.com\/fr\/wp-json\/wp\/v2\/pages\/16920"}],"wp:attachment":[{"href":"https:\/\/www.cca-acc.com\/fr\/wp-json\/wp\/v2\/media?parent=16924"}],"curies":[{"name":"wp","href":"https:\/\/api.w.org\/{rel}","templated":true}]}}