{"id":16941,"date":"2020-06-09T14:25:19","date_gmt":"2020-06-09T14:25:19","guid":{"rendered":"https:\/\/www.cca-acc.com\/services-axes-sur-les-pratiques-exemplaires\/cca-documents\/"},"modified":"2025-05-14T15:39:20","modified_gmt":"2025-05-14T19:39:20","slug":"documents-de-lacc","status":"publish","type":"page","link":"https:\/\/www.cca-acc.com\/fr\/services-axes-sur-les-pratiques-exemplaires\/documents-de-lacc\/","title":{"rendered":"Documents de l\u2019ACC"},"content":{"rendered":"\n<p>L\u2019un des objectifs de l\u2019Association canadienne de la construction (ACC) est de diriger l\u2019industrie de la construction dans l\u2019adoption de pratiques exemplaires qui appuieront nos membres et les aideront dans leur r\u00e9ussite. Gr\u00e2ce \u00e0 l\u2019\u00e9laboration de documents normalis\u00e9s de contrats et de guides de l\u2019industrie, l\u2019ACC sert de carrefour d\u2019information qui permet aux membres d\u2019avoir acc\u00e8s rapidement et efficacement \u00e0 de pr\u00e9cieuses ressources.<\/p>\n\n\n\n<div class=\"wp-block-group alignfull callout-bucket-group\"><div class=\"wp-block-group__inner-container is-layout-flow wp-block-group-is-layout-flow\">\n<div class=\"wp-block-columns alignfull is-layout-flex wp-container-core-columns-is-layout-9d6595d7 wp-block-columns-is-layout-flex\">\n<div class=\"wp-block-column is-layout-flow wp-block-column-is-layout-flow\">\t<div data-aos=\"fade-up\" style=\"width: 100%;\">\n\t\t<div class=\"bucket-sm-2 cca_purple\">\n\t\t\t<div class=\"background-image\" style=\"background-image: url()\"><\/div>\n\t\t\t<a href=\"\/fr\/services-axes-sur-les-pratiques-exemplaires\/documents-de-lacc\/documents-normalises\/\">\n\t\t\t\t<div class=\"box-inner\">\n\t\t\t\t\t<h4 class=\"white-text\" style=\"margin: 0px;\">Documents normalis\u00e9s <\/h4>\n\t\t\t\t\t<p class=\"white-text\"><\/p>\n\t\t\t\t\t\n\t\t\t\t\t\n\t\t\t\t\t\t<button class=\"btn-white hover-btn\" style=\"color: #582c83;\">Pour en savoir plus<\/button>\n\t\t\t\t\t\n\t\t\t\t<\/div>\n\t\t\t<\/a>\n\t\t<\/div>\n\t<\/div>\n\n\n<\/div>\n\n\n\n<div class=\"wp-block-column is-layout-flow wp-block-column-is-layout-flow\">\t<div data-aos=\"fade-up\" style=\"width: 100%;\">\n\t\t<div class=\"bucket-sm-2 cca_orange\">\n\t\t\t<div class=\"background-image\" style=\"background-image: url()\"><\/div>\n\t\t\t<a href=\"\/fr\/services-axes-sur-les-pratiques-exemplaires\/documents-de-lacc\/publications-generales\/\">\n\t\t\t\t<div class=\"box-inner\">\n\t\t\t\t\t<h4 class=\"white-text\" style=\"margin: 0px;\">Publications g\u00e9n\u00e9rales <\/h4>\n\t\t\t\t\t<p class=\"white-text\"><\/p>\n\t\t\t\t\t\n\t\t\t\t\t\n\t\t\t\t\t\t<button class=\"btn-white hover-btn\" style=\"color: #cf4520;\">Pour en savoir plus<\/button>\n\t\t\t\t\t\n\t\t\t\t<\/div>\n\t\t\t<\/a>\n\t\t<\/div>\n\t<\/div>\n\n\n<\/div>\n\n\n\n<div class=\"wp-block-column is-layout-flow wp-block-column-is-layout-flow\">\t<div data-aos=\"fade-up\" style=\"width: 100%;\">\n\t\t<div class=\"bucket-sm-2 cca_teal\">\n\t\t\t<div class=\"background-image\" style=\"background-image: url()\"><\/div>\n\t\t\t<a href=\"\/fr\/services-axes-sur-les-pratiques-exemplaires\/documents-de-lacc\/pour-commander-les-documents-de-lacc\/\">\n\t\t\t\t<div class=\"box-inner\">\n\t\t\t\t\t<h4 class=\"white-text\" style=\"margin: 0px;\">Pour commander les documents de l\u2019ACC<\/h4>\n\t\t\t\t\t<p class=\"white-text\"><\/p>\n\t\t\t\t\t\n\t\t\t\t\t\n\t\t\t\t\t\t<button class=\"btn-white hover-btn\" style=\"color: #58a291;\">Pour en savoir plus<\/button>\n\t\t\t\t\t\n\t\t\t\t<\/div>\n\t\t\t<\/a>\n\t\t<\/div>\n\t<\/div>\n\n\n<\/div>\n<\/div>\n<\/div><\/div>\n","protected":false},"excerpt":{"rendered":"<p>L\u2019un des objectifs de l\u2019Association canadienne de la construction (ACC) est de diriger l\u2019industrie de la construction dans l\u2019adoption de pratiques exemplaires qui appuieront nos membres et les aideront dans leur r\u00e9ussite. Gr\u00e2ce \u00e0 l\u2019\u00e9laboration de documents normalis\u00e9s de contrats et de guides de l\u2019industrie, l\u2019ACC sert de carrefour d\u2019information qui permet aux membres d\u2019avoir [&hellip;]<\/p>\n","protected":false},"author":1,"featured_media":0,"parent":16873,"menu_order":3,"comment_status":"closed","ping_status":"closed","template":"","meta":{"_acf_changed":false,"footnotes":""},"class_list":["post-16941","page","type-page","status-publish","hentry"],"acf":[],"_links":{"self":[{"href":"https:\/\/www.cca-acc.com\/fr\/wp-json\/wp\/v2\/pages\/16941","targetHints":{"allow":["GET"]}}],"collection":[{"href":"https:\/\/www.cca-acc.com\/fr\/wp-json\/wp\/v2\/pages"}],"about":[{"href":"https:\/\/www.cca-acc.com\/fr\/wp-json\/wp\/v2\/types\/page"}],"author":[{"embeddable":true,"href":"https:\/\/www.cca-acc.com\/fr\/wp-json\/wp\/v2\/users\/1"}],"replies":[{"embeddable":true,"href":"https:\/\/www.cca-acc.com\/fr\/wp-json\/wp\/v2\/comments?post=16941"}],"version-history":[{"count":1,"href":"https:\/\/www.cca-acc.com\/fr\/wp-json\/wp\/v2\/pages\/16941\/revisions"}],"predecessor-version":[{"id":66545,"href":"https:\/\/www.cca-acc.com\/fr\/wp-json\/wp\/v2\/pages\/16941\/revisions\/66545"}],"up":[{"embeddable":true,"href":"https:\/\/www.cca-acc.com\/fr\/wp-json\/wp\/v2\/pages\/16873"}],"wp:attachment":[{"href":"https:\/\/www.cca-acc.com\/fr\/wp-json\/wp\/v2\/media?parent=16941"}],"curies":[{"name":"wp","href":"https:\/\/api.w.org\/{rel}","templated":true}]}}