{"id":16943,"date":"2020-06-09T14:26:12","date_gmt":"2020-06-09T14:26:12","guid":{"rendered":"https:\/\/www.cca-acc.com\/services-axes-sur-les-pratiques-exemplaires\/documents-de-lacc\/standard-documents\/"},"modified":"2024-01-16T15:59:41","modified_gmt":"2024-01-16T20:59:41","slug":"standard-documents","status":"publish","type":"page","link":"https:\/\/www.cca-acc.com\/fr\/services-axes-sur-les-pratiques-exemplaires\/documents-de-lacc\/standard-documents\/","title":{"rendered":"Documents normalis\u00e9s de l\u2019ACC"},"content":{"rendered":"\n<p>\u00c9conomisez temps et argent en simplifiant vos relations d\u2019affaires. Con\u00e7us pour \u00eatre utilis\u00e9s par les entrepreneurs g\u00e9n\u00e9raux et sp\u00e9cialis\u00e9s, ces documents normalis\u00e9s et faciles \u00e0 comprendre aident toutes les parties \u00e0 un contrat de construction \u00e0 d\u00e9finir les r\u00f4les, les responsabilit\u00e9s et les livrables.&nbsp;<\/p>\n\n\n\n<p>Pour commander les documents de l\u2019ACC :<\/p>\n\n\n\n<ul class=\"wp-block-list\">\n<li>Contactez l\u2019une de nos <a href=\"https:\/\/www.cca-acc.com\/fr\/adhesion\/repertoire-des-associations-partenaires\/\">associations partenaires<\/a> (l\u2019ACC ne vend pas directement les documents normalis\u00e9s) et achetez un num\u00e9ro d\u2019inscription pour le document requis.&nbsp;<\/li>\n\n\n\n<li>Allez \u00e0 la page Web des documents normalis\u00e9s de l\u2019ACC.<\/li>\n\n\n\n<li>Assurez-vous que le site Web est dans la m\u00eame langue que le document que vous avez achet\u00e9 (vous pouvez modifier la langue dans le coin sup\u00e9rieur droit).<\/li>\n\n\n\n<li>Trouvez le document que vous avez achet\u00e9.<\/li>\n\n\n\n<li>Entrez votre num\u00e9ro d\u2019inscription pour t\u00e9l\u00e9charger votre document.<\/li>\n\n\n\n<li>Pour les contrats normalis\u00e9s, les sceaux de droit d\u2019auteur vous seront fournis par l\u2019association aupr\u00e8s de laquelle vous avez achet\u00e9 le document.<\/li>\n<\/ul>\n\n\n\n<p>Toutes les ventes sont d\u00e9finitives. Aucun remboursement ne sera effectu\u00e9.<\/p>\n\n\n\n<h3 class=\"wp-block-heading\"><strong>Liste des documents normalis\u00e9s de l\u2019ACC<\/strong><\/h3>\n","protected":false},"excerpt":{"rendered":"<p>\u00c9conomisez temps et argent en simplifiant vos relations d\u2019affaires. Con\u00e7us pour \u00eatre utilis\u00e9s par les entrepreneurs g\u00e9n\u00e9raux et sp\u00e9cialis\u00e9s, ces documents normalis\u00e9s et faciles \u00e0 comprendre aident toutes les parties \u00e0 un contrat de construction \u00e0 d\u00e9finir les r\u00f4les, les responsabilit\u00e9s et les livrables.&nbsp; Pour commander les documents de l\u2019ACC : Toutes les ventes sont [&hellip;]<\/p>\n","protected":false},"author":1,"featured_media":0,"parent":16941,"menu_order":0,"comment_status":"closed","ping_status":"closed","template":"templates\/template-documents-cca.php","meta":{"_acf_changed":false,"footnotes":""},"class_list":["post-16943","page","type-page","status-publish","hentry"],"acf":[],"_links":{"self":[{"href":"https:\/\/www.cca-acc.com\/fr\/wp-json\/wp\/v2\/pages\/16943","targetHints":{"allow":["GET"]}}],"collection":[{"href":"https:\/\/www.cca-acc.com\/fr\/wp-json\/wp\/v2\/pages"}],"about":[{"href":"https:\/\/www.cca-acc.com\/fr\/wp-json\/wp\/v2\/types\/page"}],"author":[{"embeddable":true,"href":"https:\/\/www.cca-acc.com\/fr\/wp-json\/wp\/v2\/users\/1"}],"replies":[{"embeddable":true,"href":"https:\/\/www.cca-acc.com\/fr\/wp-json\/wp\/v2\/comments?post=16943"}],"version-history":[{"count":7,"href":"https:\/\/www.cca-acc.com\/fr\/wp-json\/wp\/v2\/pages\/16943\/revisions"}],"predecessor-version":[{"id":48048,"href":"https:\/\/www.cca-acc.com\/fr\/wp-json\/wp\/v2\/pages\/16943\/revisions\/48048"}],"up":[{"embeddable":true,"href":"https:\/\/www.cca-acc.com\/fr\/wp-json\/wp\/v2\/pages\/16941"}],"wp:attachment":[{"href":"https:\/\/www.cca-acc.com\/fr\/wp-json\/wp\/v2\/media?parent=16943"}],"curies":[{"name":"wp","href":"https:\/\/api.w.org\/{rel}","templated":true}]}}