{"id":16945,"date":"2020-06-09T14:27:07","date_gmt":"2020-06-09T14:27:07","guid":{"rendered":"https:\/\/www.cca-acc.com\/services-axes-sur-les-pratiques-exemplaires\/documents-de-lacc\/general-publications\/"},"modified":"2024-01-16T14:39:56","modified_gmt":"2024-01-16T19:39:56","slug":"general-publications","status":"publish","type":"page","link":"https:\/\/www.cca-acc.com\/fr\/services-axes-sur-les-pratiques-exemplaires\/documents-de-lacc\/general-publications\/","title":{"rendered":"Publications g\u00e9n\u00e9rales"},"content":{"rendered":"\n<p>Acc\u00e9dez \u00e0 des ressources utiles et \u00e0 des guides de pratiques exemplaires pour vous aider \u00e0 appuyer les objectifs de votre entreprise et \u00e0 tracer la voie vers une industrie de la construction progressiste, innovatrice et durable qui agit toujours avec int\u00e9grit\u00e9. La plupart de ces documents peuvent \u00eatre t\u00e9l\u00e9charg\u00e9s gratuitement. D\u2019autres, comme la Bo\u00eete \u00e0 outils des ressources humaines de l\u2019ACC, sont vendus par le biais de nos associations partenaires et peuvent \u00eatre achet\u00e9s en visitant l\u2019un des <a href=\"https:\/\/www.cca-acc.com\/fr\/adhesion\/repertoire-des-associations-partenaires\/\" data-type=\"page\" data-id=\"17348\">points de vente des documents<\/a>.<\/p>\n","protected":false},"excerpt":{"rendered":"<p>Acc\u00e9dez \u00e0 des ressources utiles et \u00e0 des guides de pratiques exemplaires pour vous aider \u00e0 appuyer les objectifs de votre entreprise et \u00e0 tracer la voie vers une industrie de la construction progressiste, innovatrice et durable qui agit toujours avec int\u00e9grit\u00e9. La plupart de ces documents peuvent \u00eatre t\u00e9l\u00e9charg\u00e9s gratuitement. D\u2019autres, comme la Bo\u00eete [&hellip;]<\/p>\n","protected":false},"author":1,"featured_media":0,"parent":16941,"menu_order":1,"comment_status":"closed","ping_status":"closed","template":"templates\/template-directory-general-publication.php","meta":{"_acf_changed":false,"footnotes":""},"class_list":["post-16945","page","type-page","status-publish","hentry"],"acf":[],"_links":{"self":[{"href":"https:\/\/www.cca-acc.com\/fr\/wp-json\/wp\/v2\/pages\/16945","targetHints":{"allow":["GET"]}}],"collection":[{"href":"https:\/\/www.cca-acc.com\/fr\/wp-json\/wp\/v2\/pages"}],"about":[{"href":"https:\/\/www.cca-acc.com\/fr\/wp-json\/wp\/v2\/types\/page"}],"author":[{"embeddable":true,"href":"https:\/\/www.cca-acc.com\/fr\/wp-json\/wp\/v2\/users\/1"}],"replies":[{"embeddable":true,"href":"https:\/\/www.cca-acc.com\/fr\/wp-json\/wp\/v2\/comments?post=16945"}],"version-history":[{"count":3,"href":"https:\/\/www.cca-acc.com\/fr\/wp-json\/wp\/v2\/pages\/16945\/revisions"}],"predecessor-version":[{"id":48020,"href":"https:\/\/www.cca-acc.com\/fr\/wp-json\/wp\/v2\/pages\/16945\/revisions\/48020"}],"up":[{"embeddable":true,"href":"https:\/\/www.cca-acc.com\/fr\/wp-json\/wp\/v2\/pages\/16941"}],"wp:attachment":[{"href":"https:\/\/www.cca-acc.com\/fr\/wp-json\/wp\/v2\/media?parent=16945"}],"curies":[{"name":"wp","href":"https:\/\/api.w.org\/{rel}","templated":true}]}}