{"id":16952,"date":"2020-06-09T14:26:28","date_gmt":"2020-06-09T14:26:28","guid":{"rendered":"https:\/\/www.cca-acc.com\/services-axes-sur-les-pratiques-exemplaires\/documents-de-lacc\/documents-normalises\/no-seal-no-deal\/"},"modified":"2020-08-19T19:40:32","modified_gmt":"2020-08-19T19:40:32","slug":"sans-sceau-sans-valeur","status":"publish","type":"page","link":"https:\/\/www.cca-acc.com\/fr\/services-axes-sur-les-pratiques-exemplaires\/documents-de-lacc\/standard-documents\/sans-sceau-sans-valeur\/","title":{"rendered":"Sans sceau, sans valeur"},"content":{"rendered":"\n<div class=\"wp-block-image\"><figure class=\"aligncenter size-large\"><img loading=\"lazy\" decoding=\"async\" width=\"241\" height=\"101\" src=\"https:\/\/www.cca-acc.com\/wp-content\/uploads\/2020\/08\/SSSV4webFR.png\" alt=\"\" class=\"wp-image-16953\"\/><\/figure><\/div>\n\n\n\n<p class=\"has-text-align-center\">Les sceaux de droit d\u2019auteur doivent \u00eatre\u00a0appos\u00e9s sur tous les contrats de l\u2019ACC.<br>Si vous envisagez de signer un contrat de l\u2019ACC, assurez-vous de conna\u00eetre\u00a0<strong>TOUS LES FAITS<\/strong>.<\/p>\n\n\n\n<h3 class=\"wp-block-heading\">Qu\u2019est-ce qu\u2019un sceau de droit d\u2019auteur de l\u2019ACC?<\/h3>\n\n\n\n<p>Un sceau de droit d\u2019auteur est un d\u00e9calque en papier avec endos adh\u00e9sif de 1\u201d x 2\u00bd\u201d sur lequel se trouve un\u00a0message de droit d\u2019auteur, un num\u00e9ro de contrat ACC et l\u2019ann\u00e9e du contrat. Chaque contrat de l\u2019ACC\u00a0a son propre sceau de droit d\u2019auteur. La couleur du sceau correspond \u00e0 la couverture du contrat.<\/p>\n\n\n\n<h3 class=\"wp-block-heading\">Quand dois-je utiliser un sceau de droit d\u2019auteur de l\u2019ACC?<\/h3>\n\n\n\n<p>Un sceau de droit d\u2019auteur doit \u00eatre appos\u00e9 sur tous les contrats de l\u2019ACC qui sont ex\u00e9cut\u00e9s\/sign\u00e9s.\u00a0L\u2019absence d\u2019un sceau de droit d\u2019auteur constitue une utilisation ill\u00e9gale d\u2019un contrat de l\u2019ACC. Si\u00a0vous signez un contrat de l\u2019ACC ou du CCDC, assurez-vous qu\u2019un sceau de droit d\u2019auteur a \u00e9t\u00e9 appos\u00e9 sur la page\u00a0couverture.<\/p>\n\n\n\n<h3 class=\"wp-block-heading\">Combien de sceaux de droit d\u2019auteur dois-je acheter?<\/h3>\n\n\n\n<p>Chaque exemplaire de contrat sign\u00e9 doit porter un sceau de droit d\u2019auteur. Par exemple, si vous avez trois\u00a0exemplaires de contrat \u00e0 ex\u00e9cuter (un exemplaire pour l\u2019entrepreneur, un pour le ma\u00eetre de l\u2019ouvrage et un pour\u00a0le consultant), chacun des exemplaires doit porter un sceau de droit d\u2019auteur avant d\u2019\u00eatre sign\u00e9.<\/p>\n\n\n\n<h3 class=\"wp-block-heading\">Est-ce que je peux photocopier un contrat de l\u2019ACC pour le conserver dans mes dossiers sans utiliser un sceau de droit d\u2019auteur?<\/h3>\n\n\n\n<p>Oui.<\/p>\n\n\n\n<h3 class=\"wp-block-heading\">O\u00f9 dois-je apposer le sceau de droit d\u2019auteur?<\/h3>\n\n\n\n<p>Le sceau de droit d\u2019auteur doit \u00eatre appos\u00e9 sur la page couverture du contrat.<\/p>\n\n\n\n<h3 class=\"wp-block-heading\">Pourquoi dois-je utiliser un sceau de droit d\u2019auteur de l\u2019ACC?<\/h3>\n\n\n\n<p>Tous les revenus provenant de la vente des contrats et des sceaux de droit d\u2019auteur de l\u2019ACC sont\u00a0utilis\u00e9s pour \u00e9laborer de nouveaux documents et mettre \u00e0 jour les documents existants.<br>Le sceau de droit d\u2019auteur d\u00e9montre que le contrat de l\u2019ACC est authentique et exact et qu\u2019il n\u2019a pas\u00a0\u00e9t\u00e9 modifi\u00e9, \u00e0 l\u2019exception des modifications ou des ajouts pouvant \u00eatre apport\u00e9s aux conditions suppl\u00e9mentaires.<\/p>\n\n\n\n<h3 class=\"wp-block-heading\">O\u00f9 puis-je acheter des sceaux de droit d\u2019auteur de l\u2019ACC?<\/h3>\n\n\n\n<p>Visitez la page\u00a0<a href=\"\/fr\/services-axes-sur-les-pratiques-exemplaires\/documents-de-lacc\/pour-commander-les-documents-de-lacc\/\">O\u00f9 acheter des documents<\/a>.<\/p>\n","protected":false},"excerpt":{"rendered":"<p>Les sceaux de droit d\u2019auteur doivent \u00eatre\u00a0appos\u00e9s sur tous les contrats de l\u2019ACC.Si vous envisagez de signer un contrat de l\u2019ACC, assurez-vous de conna\u00eetre\u00a0TOUS LES FAITS. Qu\u2019est-ce qu\u2019un sceau de droit d\u2019auteur de l\u2019ACC? Un sceau de droit d\u2019auteur est un d\u00e9calque en papier avec endos adh\u00e9sif de 1\u201d x 2\u00bd\u201d sur lequel se trouve [&hellip;]<\/p>\n","protected":false},"author":1,"featured_media":0,"parent":16943,"menu_order":0,"comment_status":"closed","ping_status":"closed","template":"","meta":{"_acf_changed":false,"footnotes":""},"class_list":["post-16952","page","type-page","status-publish","hentry"],"acf":[],"_links":{"self":[{"href":"https:\/\/www.cca-acc.com\/fr\/wp-json\/wp\/v2\/pages\/16952","targetHints":{"allow":["GET"]}}],"collection":[{"href":"https:\/\/www.cca-acc.com\/fr\/wp-json\/wp\/v2\/pages"}],"about":[{"href":"https:\/\/www.cca-acc.com\/fr\/wp-json\/wp\/v2\/types\/page"}],"author":[{"embeddable":true,"href":"https:\/\/www.cca-acc.com\/fr\/wp-json\/wp\/v2\/users\/1"}],"replies":[{"embeddable":true,"href":"https:\/\/www.cca-acc.com\/fr\/wp-json\/wp\/v2\/comments?post=16952"}],"version-history":[{"count":0,"href":"https:\/\/www.cca-acc.com\/fr\/wp-json\/wp\/v2\/pages\/16952\/revisions"}],"up":[{"embeddable":true,"href":"https:\/\/www.cca-acc.com\/fr\/wp-json\/wp\/v2\/pages\/16943"}],"wp:attachment":[{"href":"https:\/\/www.cca-acc.com\/fr\/wp-json\/wp\/v2\/media?parent=16952"}],"curies":[{"name":"wp","href":"https:\/\/api.w.org\/{rel}","templated":true}]}}