{"id":17609,"date":"2020-09-16T15:07:22","date_gmt":"2020-09-16T15:07:22","guid":{"rendered":"https:\/\/www.cca-acc.com\/u15\/"},"modified":"2020-10-27T12:28:47","modified_gmt":"2020-10-27T12:28:47","slug":"constructionexplorer","status":"publish","type":"page","link":"https:\/\/www.cca-acc.com\/fr\/services-axes-sur-les-pratiques-exemplaires\/constructionexplorer\/","title":{"rendered":"Portail R&#038;D en construction"},"content":{"rendered":"\n<p>Le\u00a0<em>Portail R&amp;D en construction<\/em>\u00a0offre une visibilit\u00e9 sans pr\u00e9c\u00e9dent des chercheurs, des recherches, des installations et de la propri\u00e9t\u00e9 intellectuelle de classe mondiale qui existent dans les \u00e9tablissements postsecondaires du Canada.<\/p>\n\n\n\n<p>Tapez un sujet ou un mot cl\u00e9 pour trouver les chercheurs, les recherches, les installations et la propri\u00e9t\u00e9 intellectuelle les plus pertinents au Canada.<\/p>\n\n\n\n<div style=\"height:20px\" aria-hidden=\"true\" class=\"wp-block-spacer\"><\/div>\n","protected":false},"excerpt":{"rendered":"<p>Le\u00a0Portail R&amp;D en construction\u00a0offre une visibilit\u00e9 sans pr\u00e9c\u00e9dent des chercheurs, des recherches, des installations et de la propri\u00e9t\u00e9 intellectuelle de classe mondiale qui existent dans les \u00e9tablissements postsecondaires du Canada. Tapez un sujet ou un mot cl\u00e9 pour trouver les chercheurs, les recherches, les installations et la propri\u00e9t\u00e9 intellectuelle les plus pertinents au Canada.<\/p>\n","protected":false},"author":1,"featured_media":0,"parent":16873,"menu_order":0,"comment_status":"closed","ping_status":"closed","template":"templates\/template-u15.php","meta":{"_acf_changed":false,"footnotes":""},"class_list":["post-17609","page","type-page","status-publish","hentry"],"acf":[],"_links":{"self":[{"href":"https:\/\/www.cca-acc.com\/fr\/wp-json\/wp\/v2\/pages\/17609","targetHints":{"allow":["GET"]}}],"collection":[{"href":"https:\/\/www.cca-acc.com\/fr\/wp-json\/wp\/v2\/pages"}],"about":[{"href":"https:\/\/www.cca-acc.com\/fr\/wp-json\/wp\/v2\/types\/page"}],"author":[{"embeddable":true,"href":"https:\/\/www.cca-acc.com\/fr\/wp-json\/wp\/v2\/users\/1"}],"replies":[{"embeddable":true,"href":"https:\/\/www.cca-acc.com\/fr\/wp-json\/wp\/v2\/comments?post=17609"}],"version-history":[{"count":0,"href":"https:\/\/www.cca-acc.com\/fr\/wp-json\/wp\/v2\/pages\/17609\/revisions"}],"up":[{"embeddable":true,"href":"https:\/\/www.cca-acc.com\/fr\/wp-json\/wp\/v2\/pages\/16873"}],"wp:attachment":[{"href":"https:\/\/www.cca-acc.com\/fr\/wp-json\/wp\/v2\/media?parent=17609"}],"curies":[{"name":"wp","href":"https:\/\/api.w.org\/{rel}","templated":true}]}}